{"id":11092,"date":"2019-04-17T12:03:25","date_gmt":"2019-04-17T15:03:25","guid":{"rendered":"https:\/\/www.poli.usp.br\/?page_id=11092"},"modified":"2026-03-16T15:45:03","modified_gmt":"2026-03-16T18:45:03","slug":"premios","status":"publish","type":"page","link":"https:\/\/www.poli.usp.br\/en\/pesquisa\/premios\/","title":{"rendered":"Pr\u00eamios"},"content":{"rendered":"<div data-elementor-type=\"wp-page\" data-elementor-id=\"11092\" class=\"elementor elementor-11092\" data-elementor-post-type=\"page\">\n\t\t\t\t\t\t<section class=\"elementor-section elementor-top-section elementor-element elementor-element-539b4220 elementor-section-boxed elementor-section-height-default elementor-section-height-default\" data-id=\"539b4220\" data-element_type=\"section\" data-e-type=\"section\">\n\t\t\t\t\t\t<div class=\"elementor-container elementor-column-gap-default\">\n\t\t\t\t\t<div class=\"elementor-column elementor-col-100 elementor-top-column elementor-element elementor-element-3e25704a\" data-id=\"3e25704a\" data-element_type=\"column\" data-e-type=\"column\">\n\t\t\t<div class=\"elementor-widget-wrap elementor-element-populated\">\n\t\t\t\t\t\t<div class=\"elementor-element elementor-element-97c3e80 elementor-widget elementor-widget-heading\" data-id=\"97c3e80\" data-element_type=\"widget\" data-e-type=\"widget\" data-widget_type=\"heading.default\">\n\t\t\t\t<div class=\"elementor-widget-container\">\n\t\t\t\t\t<h1 class=\"elementor-heading-title elementor-size-default\">Pr\u00eamios <\/h1>\t\t\t\t<\/div>\n\t\t\t\t<\/div>\n\t\t\t\t<div class=\"elementor-element elementor-element-4ec5025 elementor-widget elementor-widget-spacer\" data-id=\"4ec5025\" data-element_type=\"widget\" data-e-type=\"widget\" data-widget_type=\"spacer.default\">\n\t\t\t\t<div class=\"elementor-widget-container\">\n\t\t\t\t\t\t\t<div class=\"elementor-spacer\">\n\t\t\t<div class=\"elementor-spacer-inner\"><\/div>\n\t\t<\/div>\n\t\t\t\t\t\t<\/div>\n\t\t\t\t<\/div>\n\t\t\t\t<section class=\"elementor-section elementor-inner-section elementor-element elementor-element-7d30bf5 elementor-section-boxed elementor-section-height-default elementor-section-height-default\" data-id=\"7d30bf5\" data-element_type=\"section\" data-e-type=\"section\">\n\t\t\t\t\t\t<div class=\"elementor-container elementor-column-gap-default\">\n\t\t\t\t\t<div class=\"elementor-column elementor-col-50 elementor-inner-column elementor-element elementor-element-5b10d18\" data-id=\"5b10d18\" data-element_type=\"column\" data-e-type=\"column\">\n\t\t\t<div class=\"elementor-widget-wrap elementor-element-populated\">\n\t\t\t\t\t\t<div class=\"elementor-element elementor-element-b65962d elementor-view-default elementor-widget elementor-widget-icon\" data-id=\"b65962d\" data-element_type=\"widget\" data-e-type=\"widget\" data-widget_type=\"icon.default\">\n\t\t\t\t<div class=\"elementor-widget-container\">\n\t\t\t\t\t\t\t<div class=\"elementor-icon-wrapper\">\n\t\t\t<div class=\"elementor-icon\">\n\t\t\t<i aria-hidden=\"true\" class=\"far fa-arrow-alt-circle-right\"><\/i>\t\t\t<\/div>\n\t\t<\/div>\n\t\t\t\t\t\t<\/div>\n\t\t\t\t<\/div>\n\t\t\t\t\t<\/div>\n\t\t<\/div>\n\t\t\t\t<div class=\"elementor-column elementor-col-50 elementor-inner-column elementor-element elementor-element-9d9d257\" data-id=\"9d9d257\" data-element_type=\"column\" data-e-type=\"column\">\n\t\t\t<div class=\"elementor-widget-wrap elementor-element-populated\">\n\t\t\t\t\t\t<div class=\"elementor-element elementor-element-8a61523 elementor-widget elementor-widget-heading\" data-id=\"8a61523\" data-element_type=\"widget\" data-e-type=\"widget\" data-widget_type=\"heading.default\">\n\t\t\t\t<div class=\"elementor-widget-container\">\n\t\t\t\t\t<h2 class=\"elementor-heading-title elementor-size-default\">Pr\u00f3-Reitoria de Pesquisa e Inova\u00e7\u00e3o<\/h2>\t\t\t\t<\/div>\n\t\t\t\t<\/div>\n\t\t\t\t\t<\/div>\n\t\t<\/div>\n\t\t\t\t\t<\/div>\n\t\t<\/section>\n\t\t\t\t<div class=\"elementor-element elementor-element-f53847d elementor-widget elementor-widget-spacer\" data-id=\"f53847d\" data-element_type=\"widget\" data-e-type=\"widget\" data-widget_type=\"spacer.default\">\n\t\t\t\t<div class=\"elementor-widget-container\">\n\t\t\t\t\t\t\t<div class=\"elementor-spacer\">\n\t\t\t<div class=\"elementor-spacer-inner\"><\/div>\n\t\t<\/div>\n\t\t\t\t\t\t<\/div>\n\t\t\t\t<\/div>\n\t\t\t\t<div class=\"elementor-element elementor-element-c728612 elementor-widget elementor-widget-toggle\" data-id=\"c728612\" data-element_type=\"widget\" data-e-type=\"widget\" data-widget_type=\"toggle.default\">\n\t\t\t\t<div class=\"elementor-widget-container\">\n\t\t\t\t\t\t\t<div class=\"elementor-toggle\">\n\t\t\t\t\t\t\t<div class=\"elementor-toggle-item\">\n\t\t\t\t\t<div id=\"elementor-tab-title-2081\" class=\"elementor-tab-title\" data-tab=\"1\" role=\"button\" aria-controls=\"elementor-tab-content-2081\" aria-expanded=\"false\">\n\t\t\t\t\t\t\t\t\t\t\t\t<span class=\"elementor-toggle-icon elementor-toggle-icon-left\" aria-hidden=\"true\">\n\t\t\t\t\t\t\t\t\t\t\t\t\t\t\t<span class=\"elementor-toggle-icon-closed\"><i class=\"fas fa-caret-down\"><\/i><\/span>\n\t\t\t\t\t\t\t\t<span class=\"elementor-toggle-icon-opened\"><i class=\"elementor-toggle-icon-opened fas fa-caret-up\"><\/i><\/span>\n\t\t\t\t\t\t\t\t\t\t\t\t\t<\/span>\n\t\t\t\t\t\t\t\t\t\t\t\t<a class=\"elementor-toggle-title\" tabindex=\"0\">Pr\u00eamio USP M\u00e3es Pesquisadoras - Edi\u00e7\u00e3o 2026 - Inscri\u00e7\u00f5es at\u00e9 31\/03\/2026<\/a>\n\t\t\t\t\t<\/div>\n\n\t\t\t\t\t<div id=\"elementor-tab-content-2081\" class=\"elementor-tab-content elementor-clearfix\" data-tab=\"1\" role=\"region\" aria-labelledby=\"elementor-tab-title-2081\"><p>A Pr\u00f3-Reitoria de Pesquisa e Inova\u00e7\u00e3o divulga as inscri\u00e7\u00f5es para o Pr\u00eamio USP M\u00e3es Pesquisadoras &#8211; Edi\u00e7\u00e3o 2026.<\/p><p>Este ano ser\u00e3o premiadas pesquisadoras das \u00e1reas de\u00a0<b>Ci\u00eancias Biol\u00f3gicas e da Sa\u00fade<\/b>. Ser\u00e3o concedidos at\u00e9 4 pr\u00eamios, nas categorias Docente (contratada ap\u00f3s 01.01.2014), P\u00f3s-Doutoranda, P\u00f3s-Graduanda e Graduanda.<\/p><p>As inscri\u00e7\u00f5es ser\u00e3o feitas no sistema Atena pelas candidatas ou pela Comiss\u00e3o de Pesquisa e Inova\u00e7\u00e3o (Editais&gt;Solicita\u00e7\u00f5es), preenchendo o formul\u00e1rio do sistema e inserindo a certid\u00e3o de nascimento ou ado\u00e7\u00e3o do(s) filho(s), at\u00e9<b> 31.03.2026.<\/b><\/p><div><img decoding=\"async\" class=\"an1\" draggable=\"false\" src=\"https:\/\/fonts.gstatic.com\/s\/e\/notoemoji\/17.0\/2757\/32.png\" alt=\"\u2757\" data-emoji=\"\u2757\" aria-label=\"\u2757\" \/><u>Gostar\u00edamos de lembrar que as alunas de gradua\u00e7\u00e3o e p\u00f3s-gradua\u00e7\u00e3o n\u00e3o t\u00eam acesso ao sistema Atena e que, portanto, as CPqIs dever\u00e3o fazer a inscri\u00e7\u00e3o delas no sistema<\/u>.\u00a0<\/div><div>\u00a0<\/div><div>As informa\u00e7\u00f5es solicitadas para a inscri\u00e7\u00e3o s\u00e3o:<\/div><div>\u00a0<\/div><div>1- Motiva\u00e7\u00e3o para a candidatura ao\u00a0Pr\u00eamio\u00a0(relate como a maternidade influenciou o desenvolvimento da pesquisa &#8211; m\u00e1ximo de 5.000 caracteres com espa\u00e7os);<\/div><div>2 &#8211; Refer\u00eancia Pessoal (at\u00e9 3 pessoas que possam dar refer\u00eancias sobre o trabalho da candidata &#8211; nome, e-mail e rela\u00e7\u00e3o com a candidata);<\/div><div>\u00a0<\/div><div>3 &#8211; Refer\u00eancias Bibliogr\u00e1ficas (at\u00e9 5 produ\u00e7\u00f5es da candidata que ela considere mais relevantes);<\/div><div>\u00a0<\/div><div>4 &#8211; Certid\u00e3o de nascimento do\/s(a\/s) filho\/s(a\/s);<\/div><div>\u00a0<\/div><div>5 &#8211; Hist\u00f3rico Escolar (<u>apenas para graduandas e p\u00f3s-graduandas<\/u>);<\/div><div>\u00a0<\/div><div>6 &#8211; Link para v\u00eddeo da candidata\u00a0de at\u00e9\u00a0<b>90 segundos<\/b>\u00a0explicando, em linguagem simples (sem termos t\u00e9cnicos), quais s\u00e3o os objetivos de sua pesquisa, os problemas que ela busca resolver e quais s\u00e3o as contribui\u00e7\u00f5es que ela pode trazer no futuro (pode ser link de Google Drive, YouTube, outros &#8211; orienta\u00e7\u00f5es para a grava\u00e7\u00e3o do v\u00eddeo no documento anexo).<\/div><div><img decoding=\"async\" class=\"an1\" draggable=\"false\" src=\"https:\/\/fonts.gstatic.com\/s\/e\/notoemoji\/17.0\/1f4cc\/32.png\" alt=\"\ud83d\udccc\" data-emoji=\"\ud83d\udccc\" aria-label=\"\ud83d\udccc\" \/>\u00a0Para mais informa\u00e7\u00f5es,\u00a0<a href=\"https:\/\/prpi.usp.br\/wp-content\/uploads\/sites\/1239\/2026\/03\/EDITAL-PREMIO-MAES-PESQUISADORAS_2026_2.pdf\" target=\"_blank\" rel=\"noopener\" data-saferedirecturl=\"https:\/\/www.google.com\/url?q=https:\/\/prpi.usp.br\/wp-content\/uploads\/sites\/1239\/2026\/03\/EDITAL-PREMIO-MAES-PESQUISADORAS_2026_2.pdf&amp;source=gmail&amp;ust=1773754766299000&amp;usg=AOvVaw3ewQj03YJeQ8ZXRfSA43hI\">consultem o edital.\u00a0<\/a><\/div><\/div>\n\t\t\t\t<\/div>\n\t\t\t\t\t\t\t<div class=\"elementor-toggle-item\">\n\t\t\t\t\t<div id=\"elementor-tab-title-2082\" class=\"elementor-tab-title\" data-tab=\"2\" role=\"button\" aria-controls=\"elementor-tab-content-2082\" aria-expanded=\"false\">\n\t\t\t\t\t\t\t\t\t\t\t\t<span class=\"elementor-toggle-icon elementor-toggle-icon-left\" aria-hidden=\"true\">\n\t\t\t\t\t\t\t\t\t\t\t\t\t\t\t<span class=\"elementor-toggle-icon-closed\"><i class=\"fas fa-caret-down\"><\/i><\/span>\n\t\t\t\t\t\t\t\t<span class=\"elementor-toggle-icon-opened\"><i class=\"elementor-toggle-icon-opened fas fa-caret-up\"><\/i><\/span>\n\t\t\t\t\t\t\t\t\t\t\t\t\t<\/span>\n\t\t\t\t\t\t\t\t\t\t\t\t<a class=\"elementor-toggle-title\" tabindex=\"0\">Pr\u00eamio USP M\u00e3es Pesquisadoras - 2024<\/a>\n\t\t\t\t\t<\/div>\n\n\t\t\t\t\t<div id=\"elementor-tab-content-2082\" class=\"elementor-tab-content elementor-clearfix\" data-tab=\"2\" role=\"region\" aria-labelledby=\"elementor-tab-title-2082\"><p>A Pr\u00f3-Reitoria de Pesquisa e Inova\u00e7\u00e3o divulga as inscri\u00e7\u00f5es para o Pr\u00eamio USP M\u00e3es Pesquisadoras &#8211; Edi\u00e7\u00e3o 2024.<\/p><p>Ser\u00e3o concedidos at\u00e9 4 pr\u00eamios para pesquisadoras das \u00e1reas de Ci\u00eancias Exatas e da Terra e Engenharias, nas categorias Docente (contratada ap\u00f3s 01.01.2012), P\u00f3s-Doutoranda, P\u00f3s-Graduanda e Graduanda.<\/p><p>As inscri\u00e7\u00f5es ser\u00e3o feitas no sistema Atena pelas candidatas ou pela Comiss\u00e3o de Pesquisa e Inova\u00e7\u00e3o (Editais&gt;Solicita\u00e7\u00f5es), preenchendo o formul\u00e1rio do sistema e inserindo a certid\u00e3o de nascimento ou ado\u00e7\u00e3o do(s) filho(s), <strong>at\u00e9 04\/03\/2024.\u00a0<\/strong><\/p><p><u>As alunas de gradua\u00e7\u00e3o e p\u00f3s-gradua\u00e7\u00e3o n\u00e3o t\u00eam acesso ao sistema Atena, portanto, dever\u00e3o encaminhar suas inscri\u00e7\u00f5es por e-mail \u00e0 CPqI (<span style=\"color: #0000ff;\"><b>pesquisa.poli@usp.br<\/b><\/span>) at\u00e9 <b>26\/02.<\/b><\/u><\/p><p>As informa\u00e7\u00f5es solicitadas para a inscri\u00e7\u00e3o s\u00e3o:<\/p><div>1- Motiva\u00e7\u00e3o para a candidatura ao Pr\u00eamio (relate como a maternidade influenciou o desenvolvimento da pesquisa &#8211; m\u00e1ximo de 5.000 caracteres com espa\u00e7os);<\/div><div>2 &#8211; Refer\u00eancia Pessoal (at\u00e9 3 pessoas que possam dar refer\u00eancias sobre o trabalho da candidata &#8211; nome, e-mail e rela\u00e7\u00e3o com a candidata);<\/div><div>3 &#8211; Refer\u00eancias Bibliogr\u00e1ficas (at\u00e9 5 produ\u00e7\u00f5es da candidata que ela considere mais relevantes);<\/div><div>4 &#8211; Certid\u00e3o de nascimento do\/s(a\/s) filho\/s(a\/s);<\/div><div>5 &#8211; Hist\u00f3rico Escolar (apenas para graduandas e p\u00f3s-graduandas).<\/div><div>\u00a0<\/div><div><strong>A divulga\u00e7\u00e3o do resultado ser\u00e1 em Abril\/2024.<\/strong><\/div><div><a href=\"https:\/\/prpi.usp.br\/wp-content\/uploads\/sites\/1239\/2024\/01\/EDITAL-PREMIO-MAES-PESQUISADORAS_2024.pdf\" target=\"_blank\" rel=\"noopener\" data-saferedirecturl=\"https:\/\/www.google.com\/url?q=https:\/\/prpi.usp.br\/wp-content\/uploads\/sites\/1239\/2024\/01\/EDITAL-PREMIO-MAES-PESQUISADORAS_2024.pdf&amp;source=gmail&amp;ust=1708603680377000&amp;usg=AOvVaw2mhZs6NoOk_GVgrnkHSyFV\">Leia o edital na \u00edntegra.<\/a><\/div><\/div>\n\t\t\t\t<\/div>\n\t\t\t\t\t\t\t<div class=\"elementor-toggle-item\">\n\t\t\t\t\t<div id=\"elementor-tab-title-2083\" class=\"elementor-tab-title\" data-tab=\"3\" role=\"button\" aria-controls=\"elementor-tab-content-2083\" aria-expanded=\"false\">\n\t\t\t\t\t\t\t\t\t\t\t\t<span class=\"elementor-toggle-icon elementor-toggle-icon-left\" aria-hidden=\"true\">\n\t\t\t\t\t\t\t\t\t\t\t\t\t\t\t<span class=\"elementor-toggle-icon-closed\"><i class=\"fas fa-caret-down\"><\/i><\/span>\n\t\t\t\t\t\t\t\t<span class=\"elementor-toggle-icon-opened\"><i class=\"elementor-toggle-icon-opened fas fa-caret-up\"><\/i><\/span>\n\t\t\t\t\t\t\t\t\t\t\t\t\t<\/span>\n\t\t\t\t\t\t\t\t\t\t\t\t<a class=\"elementor-toggle-title\" tabindex=\"0\">Pr\u00eamio USP M\u00e3es Pesquisadoras - 2022 <\/a>\n\t\t\t\t\t<\/div>\n\n\t\t\t\t\t<div id=\"elementor-tab-content-2083\" class=\"elementor-tab-content elementor-clearfix\" data-tab=\"3\" role=\"region\" aria-labelledby=\"elementor-tab-title-2083\"><p>A Pr\u00f3-Reitoria de Pesquisa e Inova\u00e7\u00e3o, em parceria com a Pr\u00f3-Reitoria de Inclus\u00e3o e Pertencimento, lan\u00e7a o Pr\u00eamio USP M\u00e3es Pesquisadoras com o objetivo de premiar pesquisadoras que desenvolvem produ\u00e7\u00f5es cient\u00edficas, culturais ou art\u00edsticas de excel\u00eancia e que tamb\u00e9m s\u00e3o m\u00e3es de crian\u00e7as de at\u00e9 12 anos ou de filho\/a(s) com defici\u00eancia sem limite de idade. Essa iniciativa reconhece o essencial trabalho de cuidados com a inf\u00e2ncia, que requer muitas horas de esfor\u00e7o e dedica\u00e7\u00e3o, na maioria das vezes realizado pelas m\u00e3es. Ser\u00e3o concedidos at\u00e9 4 pr\u00eamios por ano, nas categorias Docente (contratada ap\u00f3s 01.01.2010), P\u00f3s-Doutoranda, P\u00f3s-Graduanda e Graduanda, sendo uma \u00e1rea do conhecimento contemplada a cada ano. <strong>Em 2022, ser\u00e3o premiadas pesquisadoras de Ci\u00eancias Biol\u00f3gicas e Ci\u00eancias da Sa\u00fade<\/strong>. O Pr\u00eamio para a categoria Docente \u00e9 de R$ 20.000,00, P\u00f3s-Doutorandas R$ 15.000,00, P\u00f3s-Graduandas e Graduandas R$ 10.000,00 (brutos, sujeitos \u00e0 tributa\u00e7\u00e3o) e todas receber\u00e3o tamb\u00e9m um certificado de premia\u00e7\u00e3o.<\/p><p><span style=\"text-decoration: underline;\">Prazo para envio da documenta\u00e7\u00e3o pelo Sistema Atena: 27 de julho<\/span><\/p><p>Leia o <a href=\"https:\/\/drive.google.com\/file\/d\/1aBz024J1IAXOYTS6eDqn7dV62YgU0F4t\/view?usp=sharing\" target=\"_blank\" rel=\"noopener\" data-saferedirecturl=\"https:\/\/www.google.com\/url?q=https:\/\/prpi.usp.br\/wp-content\/uploads\/sites\/649\/2016\/05\/Edital-Premio-USP-Maes-Pesquisadoras.pdf&amp;source=gmail&amp;ust=1654262486206000&amp;usg=AOvVaw0udMdcXRBA3ViLOYo9-FBm\">edital<\/a> na \u00edntegra<\/p><p><a href=\"https:\/\/www.poli.usp.br\/wp-content\/uploads\/2022\/06\/Premio-USP-Maes_Formulario-de-Inscricao.docx\">Formul\u00e1rio de Inscri\u00e7\u00e3o<\/a><\/p><p>** Altera\u00e7\u00e3o no edital:\u00a0Foi publicado um aditivo ao Edital do Pr\u00eamio USP M\u00e3es Pesquisadoras:<\/p><div dir=\"ltr\"><span style=\"color: #000000;\">&#8220;2.1.3. As Pesquisadoras Colaboradoras com cadastro ativo poder\u00e3o concorrer na categoria P\u00f3s-Doutorandas.&#8221;<\/span><br \/><span style=\"color: #000000;\"><br \/><\/span><\/div><div dir=\"ltr\"><a href=\"https:\/\/prpi.usp.br\/wp-content\/uploads\/sites\/649\/2022\/10\/Resultado-Premio-Maes.pdf\" target=\"_blank\" rel=\"noopener\">RESULTADO<\/a><\/div><\/div>\n\t\t\t\t<\/div>\n\t\t\t\t\t\t\t<div class=\"elementor-toggle-item\">\n\t\t\t\t\t<div id=\"elementor-tab-title-2084\" class=\"elementor-tab-title\" data-tab=\"4\" role=\"button\" aria-controls=\"elementor-tab-content-2084\" aria-expanded=\"false\">\n\t\t\t\t\t\t\t\t\t\t\t\t<span class=\"elementor-toggle-icon elementor-toggle-icon-left\" aria-hidden=\"true\">\n\t\t\t\t\t\t\t\t\t\t\t\t\t\t\t<span class=\"elementor-toggle-icon-closed\"><i class=\"fas fa-caret-down\"><\/i><\/span>\n\t\t\t\t\t\t\t\t<span class=\"elementor-toggle-icon-opened\"><i class=\"elementor-toggle-icon-opened fas fa-caret-up\"><\/i><\/span>\n\t\t\t\t\t\t\t\t\t\t\t\t\t<\/span>\n\t\t\t\t\t\t\t\t\t\t\t\t<a class=\"elementor-toggle-title\" tabindex=\"0\">Pr\u00eamio Excel\u00eancia para Novas Lideran\u00e7as em Pesquisa na USP - 2022 <\/a>\n\t\t\t\t\t<\/div>\n\n\t\t\t\t\t<div id=\"elementor-tab-content-2084\" class=\"elementor-tab-content elementor-clearfix\" data-tab=\"4\" role=\"region\" aria-labelledby=\"elementor-tab-title-2084\"><div>Esta \u00e9 a segunda edi\u00e7\u00e3o do Pr\u00eamio lan\u00e7ado em 2019, que busca identificar, fomentar e reconhecer a excel\u00eancia para novas lideran\u00e7as em pesquisas cient\u00edficas entre o(a)s docentes da USP com at\u00e9 40 anos de idade. Ser\u00e3o concedidos at\u00e9 8 pr\u00eamios, um para cada grande \u00e1rea do conhecimento, que consistem em R$ 20.000,00 (brutos, sujeitos a tributa\u00e7\u00e3o) e um certificado de premia\u00e7\u00e3o. N\u00e3o h\u00e1 n\u00famero m\u00e1ximo de indica\u00e7\u00f5es por Unidade.\u00a0<\/div><div>\u00a0<\/div><div><span style=\"text-decoration: underline;\">Prazo para envio da documenta\u00e7\u00e3o pelo Sistema Atena: 27 de julho<\/span><\/div><div>Leia <a style=\"background-color: #ffffff; outline: 0px;\" href=\"https:\/\/prpi.usp.br\/wp-content\/uploads\/sites\/649\/2016\/05\/Edital-Premio-Excelencia-2022.pdf\" target=\"_blank\" rel=\"noopener\" data-saferedirecturl=\"https:\/\/www.google.com\/url?q=https:\/\/prpi.usp.br\/wp-content\/uploads\/sites\/649\/2016\/05\/Edital-Premio-Excelencia-2022.pdf&amp;source=gmail&amp;ust=1654262486206000&amp;usg=AOvVaw0pfoKMXRdVzjnrIQqLMXc0\">edital<\/a> na \u00edntegra<\/div><div><p><a href=\"https:\/\/www.poli.usp.br\/wp-content\/uploads\/2022\/06\/Premio-Excelencia_Formulario-de-Inscricao.docx\">Formul\u00e1rio de Inscri\u00e7\u00e3o<\/a>\u00a0<\/p><\/div><p>A EPUSP teve 4 inscri\u00e7\u00f5es<\/p><p><a href=\"https:\/\/prpi.usp.br\/wp-content\/uploads\/sites\/649\/2022\/10\/Resultado-Premio-Excelencia-2022-1.pdf\" target=\"_blank\" rel=\"noopener\">RESULTADO<\/a><\/p><\/div>\n\t\t\t\t<\/div>\n\t\t\t\t\t\t\t\t<\/div>\n\t\t\t\t\t\t<\/div>\n\t\t\t\t<\/div>\n\t\t\t\t\t<\/div>\n\t\t<\/div>\n\t\t\t\t\t<\/div>\n\t\t<\/section>\n\t\t\t\t<section class=\"elementor-section elementor-top-section elementor-element elementor-element-432cb1f elementor-section-boxed elementor-section-height-default elementor-section-height-default\" data-id=\"432cb1f\" data-element_type=\"section\" data-e-type=\"section\">\n\t\t\t\t\t\t<div class=\"elementor-container elementor-column-gap-default\">\n\t\t\t\t\t<div class=\"elementor-column elementor-col-100 elementor-top-column elementor-element elementor-element-84bbe01\" data-id=\"84bbe01\" data-element_type=\"column\" data-e-type=\"column\">\n\t\t\t<div class=\"elementor-widget-wrap elementor-element-populated\">\n\t\t\t\t\t\t<div class=\"elementor-element elementor-element-9cffeab elementor-alert-info elementor-widget elementor-widget-alert\" data-id=\"9cffeab\" data-element_type=\"widget\" data-e-type=\"widget\" data-widget_type=\"alert.default\">\n\t\t\t\t<div class=\"elementor-widget-container\">\n\t\t\t\t\t\t\t<div class=\"elementor-alert\" role=\"alert\">\n\n\t\t\t\t\t\t<span class=\"elementor-alert-title\">Esclarecimentos em rela\u00e7\u00e3o aos prazos<\/span>\n\t\t\t\n\t\t\t\t\t\t<span class=\"elementor-alert-description\">O prazo para envio da documenta\u00e7\u00e3o constante aqui \u00e9 diferente ao prazo do edital em fun\u00e7\u00e3o do tempo que a CPq necessita para tomar as  provid\u00eancias exigidas em cada edital.  Favor considerar sempre essa data.<\/span>\n\t\t\t\n\t\t\t\n\t\t<\/div>\n\t\t\t\t\t\t<\/div>\n\t\t\t\t<\/div>\n\t\t\t\t\t<\/div>\n\t\t<\/div>\n\t\t\t\t\t<\/div>\n\t\t<\/section>\n\t\t\t\t<section class=\"elementor-section elementor-top-section elementor-element elementor-element-d1af7de elementor-section-boxed elementor-section-height-default elementor-section-height-default\" data-id=\"d1af7de\" data-element_type=\"section\" data-e-type=\"section\">\n\t\t\t\t\t\t<div class=\"elementor-container elementor-column-gap-default\">\n\t\t\t\t\t<div class=\"elementor-column elementor-col-100 elementor-top-column elementor-element elementor-element-7ef176a\" data-id=\"7ef176a\" data-element_type=\"column\" data-e-type=\"column\">\n\t\t\t<div class=\"elementor-widget-wrap elementor-element-populated\">\n\t\t\t\t\t\t<div class=\"elementor-element elementor-element-9511cc7 elementor-widget elementor-widget-text-editor\" data-id=\"9511cc7\" data-element_type=\"widget\" data-e-type=\"widget\" data-widget_type=\"text-editor.default\">\n\t\t\t\t<div class=\"elementor-widget-container\">\n\t\t\t\t\t\t\t\t\t<h5>\u00daltima atualiza\u00e7\u00e3o: 05\/10\/2022<\/h5>\t\t\t\t\t\t\t\t<\/div>\n\t\t\t\t<\/div>\n\t\t\t\t\t<\/div>\n\t\t<\/div>\n\t\t\t\t\t<\/div>\n\t\t<\/section>\n\t\t\t\t<\/div>","protected":false},"excerpt":{"rendered":"<p>Pr\u00eamios Pr\u00f3-Reitoria de Pesquisa e Inova\u00e7\u00e3o Pr\u00eamio USP M\u00e3es Pesquisadoras &#8211; Edi\u00e7\u00e3o 2026 &#8211; Inscri\u00e7\u00f5es at\u00e9 31\/03\/2026 A Pr\u00f3-Reitoria de Pesquisa e Inova\u00e7\u00e3o divulga as inscri\u00e7\u00f5es para o Pr\u00eamio USP [&hellip;]<\/p>\n","protected":false},"author":15,"featured_media":0,"parent":3637,"menu_order":7,"comment_status":"closed","ping_status":"closed","template":"","meta":{"event_title":"","event_details":"","event_timezone":"","event_gmap":"","event_image":"","event_image_url":"","event_calendar_link":"","event_location":"","event_datetime_with_summary":"","event_datetime":"","event_date":"","event_time":"","event_date_type":"","event_rulesummary":"","event_ticket_rsvp":"","event_capacity":"","event_capacity_remaining":"","event_capacity_sold":"","event_sold_out":"","event_low_stock":"","event_ticket_count":"","event_ticket_summary":"","event_sales_start":"","event_sales_end":"","event_ticket_price_from":"","event_ticket_price_to":"","event_ticket_price_range":"","event_date_year":"","event_date_month":"","event_date_month_short":"","event_date_day":"","event_date_day_name":"","event_date_iso":"","event_rsvp_capacity":"","event_rsvp_remaining":"","event_rsvp_going":"","event_rsvp_full":"","footnotes":""},"coauthors":[237,1432],"class_list":["post-11092","page","type-page","status-publish","hentry"],"_links":{"self":[{"href":"https:\/\/www.poli.usp.br\/en\/wp-json\/wp\/v2\/pages\/11092","targetHints":{"allow":["GET"]}}],"collection":[{"href":"https:\/\/www.poli.usp.br\/en\/wp-json\/wp\/v2\/pages"}],"about":[{"href":"https:\/\/www.poli.usp.br\/en\/wp-json\/wp\/v2\/types\/page"}],"author":[{"embeddable":true,"href":"https:\/\/www.poli.usp.br\/en\/wp-json\/wp\/v2\/users\/15"}],"replies":[{"embeddable":true,"href":"https:\/\/www.poli.usp.br\/en\/wp-json\/wp\/v2\/comments?post=11092"}],"version-history":[{"count":92,"href":"https:\/\/www.poli.usp.br\/en\/wp-json\/wp\/v2\/pages\/11092\/revisions"}],"predecessor-version":[{"id":148509,"href":"https:\/\/www.poli.usp.br\/en\/wp-json\/wp\/v2\/pages\/11092\/revisions\/148509"}],"up":[{"embeddable":true,"href":"https:\/\/www.poli.usp.br\/en\/wp-json\/wp\/v2\/pages\/3637"}],"wp:attachment":[{"href":"https:\/\/www.poli.usp.br\/en\/wp-json\/wp\/v2\/media?parent=11092"}],"wp:term":[{"taxonomy":"author","embeddable":true,"href":"https:\/\/www.poli.usp.br\/en\/wp-json\/wp\/v2\/coauthors?post=11092"}],"curies":[{"name":"wp","href":"https:\/\/api.w.org\/{rel}","templated":true}]}}