{"id":112241,"date":"2024-08-26T13:42:45","date_gmt":"2024-08-26T16:42:45","guid":{"rendered":"http:\/\/www.poli.usp.br\/?page_id=112241"},"modified":"2025-05-27T09:43:36","modified_gmt":"2025-05-27T12:43:36","slug":"profissionais-e-empresas","status":"publish","type":"page","link":"https:\/\/www.poli.usp.br\/en\/profissionais-e-empresas\/","title":{"rendered":"Profissionais e Empresas"},"content":{"rendered":"\t\t<div data-elementor-type=\"wp-page\" data-elementor-id=\"112241\" class=\"elementor elementor-112241\" data-elementor-post-type=\"page\">\n\t\t\t\t<div class=\"elementor-element elementor-element-5d877a38 e-flex e-con-boxed e-con e-parent\" data-id=\"5d877a38\" data-element_type=\"container\" data-e-type=\"container\" data-settings=\"{&quot;background_background&quot;:&quot;classic&quot;}\">\n\t\t\t\t\t<div class=\"e-con-inner\">\n\t\t<div class=\"elementor-element elementor-element-2986514d e-con-full e-flex e-con e-child\" data-id=\"2986514d\" data-element_type=\"container\" data-e-type=\"container\">\n\t\t\t\t<div class=\"elementor-element elementor-element-60b94ec5 elementor-widget elementor-widget-spacer\" data-id=\"60b94ec5\" data-element_type=\"widget\" data-e-type=\"widget\" data-widget_type=\"spacer.default\">\n\t\t\t\t<div class=\"elementor-widget-container\">\n\t\t\t\t\t\t\t<div class=\"elementor-spacer\">\n\t\t\t<div class=\"elementor-spacer-inner\"><\/div>\n\t\t<\/div>\n\t\t\t\t\t\t<\/div>\n\t\t\t\t<\/div>\n\t\t\t\t<div class=\"elementor-element elementor-element-955449 elementor-widget elementor-widget-heading\" data-id=\"955449\" data-element_type=\"widget\" data-e-type=\"widget\" data-widget_type=\"heading.default\">\n\t\t\t\t<div class=\"elementor-widget-container\">\n\t\t\t\t\t<h2 class=\"elementor-heading-title elementor-size-default\">Profissionais e Empresas\n<\/h2>\t\t\t\t<\/div>\n\t\t\t\t<\/div>\n\t\t\t\t<div class=\"elementor-element elementor-element-46d9913c elementor-widget elementor-widget-spacer\" data-id=\"46d9913c\" data-element_type=\"widget\" data-e-type=\"widget\" data-widget_type=\"spacer.default\">\n\t\t\t\t<div class=\"elementor-widget-container\">\n\t\t\t\t\t\t\t<div class=\"elementor-spacer\">\n\t\t\t<div class=\"elementor-spacer-inner\"><\/div>\n\t\t<\/div>\n\t\t\t\t\t\t<\/div>\n\t\t\t\t<\/div>\n\t\t\t\t<\/div>\n\t\t<div class=\"elementor-element elementor-element-576a4fc9 e-con-full e-flex e-con e-child\" data-id=\"576a4fc9\" data-element_type=\"container\" data-e-type=\"container\" data-settings=\"{&quot;background_background&quot;:&quot;slideshow&quot;,&quot;background_slideshow_gallery&quot;:[{&quot;id&quot;:130042,&quot;url&quot;:&quot;https:\\\/\\\/www.poli.usp.br\\\/wp-content\\\/uploads\\\/2025\\\/05\\\/abstract-networking-concept-still-life-arrangement.jpg&quot;}],&quot;background_slideshow_loop&quot;:&quot;yes&quot;,&quot;background_slideshow_slide_duration&quot;:5000,&quot;background_slideshow_slide_transition&quot;:&quot;fade&quot;,&quot;background_slideshow_transition_duration&quot;:500}\">\n\t\t\t\t<\/div>\n\t\t\t\t\t<\/div>\n\t\t\t\t<\/div>\n\t\t<div class=\"elementor-element elementor-element-111c0086 e-flex e-con-boxed e-con e-parent\" data-id=\"111c0086\" data-element_type=\"container\" data-e-type=\"container\">\n\t\t\t\t\t<div class=\"e-con-inner\">\n\t\t\t\t<div class=\"elementor-element elementor-element-30f245f elementor-widget elementor-widget-text-editor\" data-id=\"30f245f\" data-element_type=\"widget\" data-e-type=\"widget\" data-widget_type=\"text-editor.default\">\n\t\t\t\t<div class=\"elementor-widget-container\">\n\t\t\t\t\t\t\t\t\t<header><h4>Divulgar uma vaga de est\u00e1gio<\/h4><\/header><div><p>Entre em contato com o Servi\u00e7o de Est\u00e1gios atrav\u00e9s de seu e-mail institucional. Escreva para nosso e-mail:\u00a0<a href=\"mailto:estagios.poli@usp.br\">estagios.poli@usp.br<\/a><\/p><div><h4 dir=\"auto\" role=\"heading\" aria-level=\"1\">Empresas com DNA USP<\/h4><\/div><div dir=\"auto\">Este\u00a0<a href=\"https:\/\/docs.google.com\/forms\/d\/e\/1FAIpQLSd18N4l-8w2vu_aIWfRaSETG3nP94ZyvhNbh-4QFmNltKRkQw\/viewform\">formul\u00e1rio<\/a>\u00a0tem como objetivo prospectar empresas fundadas por integrantes da comunidade USP, \u00a0a fim de dar visibilidade para as mesmas no Hub USP Inova\u00e7\u00e3o (<a href=\"https:\/\/hubusp.inovacao.usp.br\/empresas\">https:\/\/hubusp.inovacao.usp.br\/empresas<\/a>).<\/div><\/div>\t\t\t\t\t\t\t\t<\/div>\n\t\t\t\t<\/div>\n\t\t<div class=\"elementor-element elementor-element-00c67b0 elementor-hidden-tablet elementor-hidden-mobile e-con-full e-flex e-con e-child\" data-id=\"00c67b0\" data-element_type=\"container\" data-e-type=\"container\">\n\t\t<div class=\"elementor-element elementor-element-37951d9 e-con-full e-flex e-con e-child\" data-id=\"37951d9\" data-element_type=\"container\" data-e-type=\"container\" data-settings=\"{&quot;background_background&quot;:&quot;classic&quot;}\">\n\t\t\t\t<div class=\"elementor-element elementor-element-17dcf08 elementor-widget elementor-widget-heading\" data-id=\"17dcf08\" data-element_type=\"widget\" data-e-type=\"widget\" data-widget_type=\"heading.default\">\n\t\t\t\t<div class=\"elementor-widget-container\">\n\t\t\t\t\t<h2 class=\"elementor-heading-title elementor-size-default\">Conv\u00eanios e Parcerias<\/h2>\t\t\t\t<\/div>\n\t\t\t\t<\/div>\n\t\t\t\t<div class=\"elementor-element elementor-element-1e0b927 elementor-view-default elementor-widget elementor-widget-icon\" data-id=\"1e0b927\" data-element_type=\"widget\" data-e-type=\"widget\" data-widget_type=\"icon.default\">\n\t\t\t\t<div class=\"elementor-widget-container\">\n\t\t\t\t\t\t\t<div class=\"elementor-icon-wrapper\">\n\t\t\t<div class=\"elementor-icon\">\n\t\t\t<i aria-hidden=\"true\" class=\" las la-handshake\"><\/i>\t\t\t<\/div>\n\t\t<\/div>\n\t\t\t\t\t\t<\/div>\n\t\t\t\t<\/div>\n\t\t\t\t<\/div>\n\t\t<div class=\"elementor-element elementor-element-3af187c e-con-full e-flex e-con e-child\" data-id=\"3af187c\" data-element_type=\"container\" data-e-type=\"container\" data-settings=\"{&quot;background_background&quot;:&quot;classic&quot;}\">\n\t\t\t\t<div class=\"elementor-element elementor-element-4033c04 elementor-widget elementor-widget-heading\" data-id=\"4033c04\" data-element_type=\"widget\" data-e-type=\"widget\" data-widget_type=\"heading.default\">\n\t\t\t\t<div class=\"elementor-widget-container\">\n\t\t\t\t\t<h2 class=\"elementor-heading-title elementor-size-default\"><a href=\"https:\/\/www.poli.usp.br\/ensino\/graduacao\/estude-na-poli\">Est\u00e1gios: Divulgar vaga<\/a><\/h2>\t\t\t\t<\/div>\n\t\t\t\t<\/div>\n\t\t\t\t<div class=\"elementor-element elementor-element-5e154a4 elementor-view-default elementor-widget elementor-widget-icon\" data-id=\"5e154a4\" data-element_type=\"widget\" data-e-type=\"widget\" data-widget_type=\"icon.default\">\n\t\t\t\t<div class=\"elementor-widget-container\">\n\t\t\t\t\t\t\t<div class=\"elementor-icon-wrapper\">\n\t\t\t<a class=\"elementor-icon\" href=\"https:\/\/www.poli.usp.br\/ensino\/graduacao\/estude-na-poli\">\n\t\t\t<i aria-hidden=\"true\" class=\" las la-user-tie\"><\/i>\t\t\t<\/a>\n\t\t<\/div>\n\t\t\t\t\t\t<\/div>\n\t\t\t\t<\/div>\n\t\t\t\t<\/div>\n\t\t<div class=\"elementor-element elementor-element-5ddfeca e-con-full e-flex e-con e-child\" data-id=\"5ddfeca\" data-element_type=\"container\" data-e-type=\"container\" data-settings=\"{&quot;background_background&quot;:&quot;classic&quot;}\">\n\t\t\t\t<div class=\"elementor-element elementor-element-db5a0d3 elementor-widget elementor-widget-heading\" data-id=\"db5a0d3\" data-element_type=\"widget\" data-e-type=\"widget\" data-widget_type=\"heading.default\">\n\t\t\t\t<div class=\"elementor-widget-container\">\n\t\t\t\t\t<h2 class=\"elementor-heading-title elementor-size-default\"><a href=\"https:\/\/www.poli.usp.br\/ensino\/pos-graduacao\/contatosprogramasposgraduacaoescolapolitecnica\">mestrado e doutorado<\/a><\/h2>\t\t\t\t<\/div>\n\t\t\t\t<\/div>\n\t\t\t\t<div class=\"elementor-element elementor-element-d01500a elementor-view-default elementor-widget elementor-widget-icon\" data-id=\"d01500a\" data-element_type=\"widget\" data-e-type=\"widget\" data-widget_type=\"icon.default\">\n\t\t\t\t<div class=\"elementor-widget-container\">\n\t\t\t\t\t\t\t<div class=\"elementor-icon-wrapper\">\n\t\t\t<a class=\"elementor-icon\" href=\"https:\/\/www.poli.usp.br\/ensino\/pos-graduacao\/contatosprogramasposgraduacaoescolapolitecnica\">\n\t\t\t<i aria-hidden=\"true\" class=\" las la-chalkboard-teacher\"><\/i>\t\t\t<\/a>\n\t\t<\/div>\n\t\t\t\t\t\t<\/div>\n\t\t\t\t<\/div>\n\t\t\t\t<\/div>\n\t\t<div class=\"elementor-element elementor-element-ddaa9ba e-con-full e-flex e-con e-child\" data-id=\"ddaa9ba\" data-element_type=\"container\" data-e-type=\"container\" data-settings=\"{&quot;background_background&quot;:&quot;classic&quot;}\">\n\t\t\t\t<div class=\"elementor-element elementor-element-bbac456 elementor-widget__width-initial elementor-widget elementor-widget-heading\" data-id=\"bbac456\" data-element_type=\"widget\" data-e-type=\"widget\" data-widget_type=\"heading.default\">\n\t\t\t\t<div class=\"elementor-widget-container\">\n\t\t\t\t\t<h2 class=\"elementor-heading-title elementor-size-default\"><a href=\"https:\/\/www.poli.usp.br\/cultura-e-extensao\/cursos-extensao\">mba e especializa\u00e7\u00e3o<\/a><\/h2>\t\t\t\t<\/div>\n\t\t\t\t<\/div>\n\t\t\t\t<div class=\"elementor-element elementor-element-dbdd157 elementor-view-default elementor-widget elementor-widget-icon\" data-id=\"dbdd157\" data-element_type=\"widget\" data-e-type=\"widget\" data-widget_type=\"icon.default\">\n\t\t\t\t<div class=\"elementor-widget-container\">\n\t\t\t\t\t\t\t<div class=\"elementor-icon-wrapper\">\n\t\t\t<a class=\"elementor-icon\" href=\"https:\/\/www.poli.usp.br\/cultura-e-extensao\/cursos-extensao\">\n\t\t\t<i aria-hidden=\"true\" class=\"mdi mdi-image-filter-center-focus-weak\"><\/i>\t\t\t<\/a>\n\t\t<\/div>\n\t\t\t\t\t\t<\/div>\n\t\t\t\t<\/div>\n\t\t\t\t<\/div>\n\t\t\t\t<\/div>\n\t\t\t\t\t<\/div>\n\t\t\t\t<\/div>\n\t\t<div class=\"elementor-element elementor-element-e346a0e e-flex e-con-boxed e-con e-parent\" data-id=\"e346a0e\" data-element_type=\"container\" data-e-type=\"container\">\n\t\t\t\t\t<div class=\"e-con-inner\">\n\t\t\t\t\t<\/div>\n\t\t\t\t<\/div>\n\t\t\t\t<\/div>\n\t\t","protected":false},"excerpt":{"rendered":"<p>Profissionais e Empresas Divulgar uma vaga de est\u00e1gio Entre em contato com o Servi\u00e7o de Est\u00e1gios atrav\u00e9s de seu e-mail institucional. Escreva para nosso e-mail:\u00a0estagios.poli@usp.br Empresas com DNA USP Este\u00a0formul\u00e1rio\u00a0tem [&hellip;]<\/p>\n","protected":false},"author":4,"featured_media":130042,"parent":0,"menu_order":0,"comment_status":"closed","ping_status":"closed","template":"","meta":{"event_title":"","event_details":"","event_timezone":"","event_gmap":"","event_image":"","event_image_url":"","event_calendar_link":"","event_location":"","event_datetime_with_summary":"","event_datetime":"","event_date":"","event_time":"","event_date_type":"","event_rulesummary":"","event_ticket_rsvp":"","event_capacity":"","event_capacity_remaining":"","event_capacity_sold":"","event_sold_out":"","event_low_stock":"","event_ticket_count":"","event_ticket_summary":"","event_sales_start":"","event_sales_end":"","event_ticket_price_from":"","event_ticket_price_to":"","event_ticket_price_range":"","event_date_year":"","event_date_month":"","event_date_month_short":"","event_date_day":"","event_date_day_name":"","event_date_iso":"","event_rsvp_capacity":"","event_rsvp_remaining":"","event_rsvp_going":"","event_rsvp_full":"","footnotes":""},"coauthors":[204],"class_list":["post-112241","page","type-page","status-publish","has-post-thumbnail","hentry"],"_links":{"self":[{"href":"https:\/\/www.poli.usp.br\/en\/wp-json\/wp\/v2\/pages\/112241","targetHints":{"allow":["GET"]}}],"collection":[{"href":"https:\/\/www.poli.usp.br\/en\/wp-json\/wp\/v2\/pages"}],"about":[{"href":"https:\/\/www.poli.usp.br\/en\/wp-json\/wp\/v2\/types\/page"}],"author":[{"embeddable":true,"href":"https:\/\/www.poli.usp.br\/en\/wp-json\/wp\/v2\/users\/4"}],"replies":[{"embeddable":true,"href":"https:\/\/www.poli.usp.br\/en\/wp-json\/wp\/v2\/comments?post=112241"}],"version-history":[{"count":21,"href":"https:\/\/www.poli.usp.br\/en\/wp-json\/wp\/v2\/pages\/112241\/revisions"}],"predecessor-version":[{"id":130077,"href":"https:\/\/www.poli.usp.br\/en\/wp-json\/wp\/v2\/pages\/112241\/revisions\/130077"}],"wp:featuredmedia":[{"embeddable":true,"href":"https:\/\/www.poli.usp.br\/en\/wp-json\/wp\/v2\/media\/130042"}],"wp:attachment":[{"href":"https:\/\/www.poli.usp.br\/en\/wp-json\/wp\/v2\/media?parent=112241"}],"wp:term":[{"taxonomy":"author","embeddable":true,"href":"https:\/\/www.poli.usp.br\/en\/wp-json\/wp\/v2\/coauthors?post=112241"}],"curies":[{"name":"wp","href":"https:\/\/api.w.org\/{rel}","templated":true}]}}