{"id":1253,"date":"2012-01-27T14:20:29","date_gmt":"2012-01-27T16:20:29","guid":{"rendered":"https:\/\/www.poli.usp.br\/pesquisa\/paginas-de-estrutura-pesquisa\/1253-preic.html"},"modified":"2026-03-30T14:54:04","modified_gmt":"2026-03-30T17:54:04","slug":"preic","status":"publish","type":"page","link":"https:\/\/www.poli.usp.br\/en\/pesquisa\/preic\/","title":{"rendered":"Programa PIBIC-EM &#8211; Intera\u00e7\u00e3o com as Escolas P\u00fablicas de Ensino M\u00e9dio &#8211; Pr\u00e9-IC"},"content":{"rendered":"<div data-elementor-type=\"wp-page\" data-elementor-id=\"1253\" class=\"elementor elementor-1253\" data-elementor-post-type=\"page\">\n\t\t\t\t\t\t<section class=\"elementor-section elementor-top-section elementor-element elementor-element-7a0a31a2 elementor-section-boxed elementor-section-height-default elementor-section-height-default\" data-id=\"7a0a31a2\" data-element_type=\"section\" data-e-type=\"section\">\n\t\t\t\t\t\t<div class=\"elementor-container elementor-column-gap-default\">\n\t\t\t\t\t<div class=\"elementor-column elementor-col-100 elementor-top-column elementor-element elementor-element-414fba56\" data-id=\"414fba56\" data-element_type=\"column\" data-e-type=\"column\">\n\t\t\t<div class=\"elementor-widget-wrap elementor-element-populated\">\n\t\t\t\t\t\t<div class=\"elementor-element elementor-element-32479add elementor-widget elementor-widget-text-editor\" data-id=\"32479add\" data-element_type=\"widget\" data-e-type=\"widget\" data-widget_type=\"text-editor.default\">\n\t\t\t\t<div class=\"elementor-widget-container\">\n\t\t\t\t\t\t\t\t\t<h1 align=\"center\">Programa de Pr\u00e9-Inicia\u00e7\u00e3o Cient\u00edfica<\/h1><h2 align=\"center\">Intera\u00e7\u00e3o com as Escolas P\u00fablicas de Ensino M\u00e9dio<\/h2><h5>Conforme <a href=\"https:\/\/www.poli.usp.br\/wp-content\/uploads\/2019\/04\/RESOLU\u00c7\u00c3O-CoPq-N\u00ba-7235_2016.pdf\">Resolu\u00e7\u00e3o CoPq N\u00ba 7235_2016<\/a> ,\u00a0 alterada pela <a href=\"https:\/\/www.poli.usp.br\/wp-content\/uploads\/2019\/04\/RESOLU\u00c7\u00c3O-CoPq-N\u00ba-7311-DE-24-DE-FEVEREIRO-DE-2017.pdf\">Resolu\u00e7\u00e3o CoPq N\u00ba 7311, 2017<\/a> o objetivo do Programa \u00e9 promover a cultura cient\u00edfica e tecnol\u00f3gica em estudantes de Ensino Fundamental e de Ensino M\u00e9dio, mediante o desenvolvimento de projetos de pesquisa sob orienta\u00e7\u00e3o de docente da USP, e atrair esses estudantes para que se tornem alunos de gradua\u00e7\u00e3o da Universidade.<\/h5><h3>\u00a0<\/h3>\t\t\t\t\t\t\t\t<\/div>\n\t\t\t\t<\/div>\n\t\t\t\t\t<\/div>\n\t\t<\/div>\n\t\t\t\t\t<\/div>\n\t\t<\/section>\n\t\t\t\t<section class=\"elementor-section elementor-top-section elementor-element elementor-element-42c857f elementor-section-boxed elementor-section-height-default elementor-section-height-default\" data-id=\"42c857f\" data-element_type=\"section\" data-e-type=\"section\">\n\t\t\t\t\t\t<div class=\"elementor-container elementor-column-gap-default\">\n\t\t\t\t\t<div class=\"elementor-column elementor-col-100 elementor-top-column elementor-element elementor-element-23524b0\" data-id=\"23524b0\" data-element_type=\"column\" data-e-type=\"column\">\n\t\t\t<div class=\"elementor-widget-wrap elementor-element-populated\">\n\t\t\t\t\t\t<div class=\"elementor-element elementor-element-ceb1789 elementor-widget elementor-widget-heading\" data-id=\"ceb1789\" data-element_type=\"widget\" data-e-type=\"widget\" data-widget_type=\"heading.default\">\n\t\t\t\t<div class=\"elementor-widget-container\">\n\t\t\t\t\t<h2 class=\"elementor-heading-title elementor-size-default\">Informa\u00e7\u00f5es gerais<\/h2>\t\t\t\t<\/div>\n\t\t\t\t<\/div>\n\t\t\t\t<div class=\"elementor-element elementor-element-2759780 elementor-widget elementor-widget-spacer\" data-id=\"2759780\" data-element_type=\"widget\" data-e-type=\"widget\" data-widget_type=\"spacer.default\">\n\t\t\t\t<div class=\"elementor-widget-container\">\n\t\t\t\t\t\t\t<div class=\"elementor-spacer\">\n\t\t\t<div class=\"elementor-spacer-inner\"><\/div>\n\t\t<\/div>\n\t\t\t\t\t\t<\/div>\n\t\t\t\t<\/div>\n\t\t\t\t<section class=\"elementor-section elementor-inner-section elementor-element elementor-element-18dd887 elementor-section-boxed elementor-section-height-default elementor-section-height-default\" data-id=\"18dd887\" data-element_type=\"section\" data-e-type=\"section\">\n\t\t\t\t\t\t<div class=\"elementor-container elementor-column-gap-default\">\n\t\t\t\t\t<div class=\"elementor-column elementor-col-50 elementor-inner-column elementor-element elementor-element-599b36d\" data-id=\"599b36d\" data-element_type=\"column\" data-e-type=\"column\">\n\t\t\t<div class=\"elementor-widget-wrap elementor-element-populated\">\n\t\t\t\t\t\t<div class=\"elementor-element elementor-element-70be5c2 elementor-align-center elementor-widget__width-initial elementor-widget elementor-widget-button\" data-id=\"70be5c2\" data-element_type=\"widget\" data-e-type=\"widget\" data-widget_type=\"button.default\">\n\t\t\t\t<div class=\"elementor-widget-container\">\n\t\t\t\t\t\t\t\t\t<div class=\"elementor-button-wrapper\">\n\t\t\t\t\t<a class=\"elementor-button elementor-button-link elementor-size-md\" href=\"https:\/\/drive.google.com\/file\/d\/1qQoCPEhviG3VYdk6q1YuLnKhaK8yBlFL\/view?usp=sharing\" target=\"_blank\">\n\t\t\t\t\t\t<span class=\"elementor-button-content-wrapper\">\n\t\t\t\t\t\t\t\t\t<span class=\"elementor-button-text\">Condi\u00e7\u00f5es para participa\u00e7\u00e3o<\/span>\n\t\t\t\t\t<\/span>\n\t\t\t\t\t<\/a>\n\t\t\t\t<\/div>\n\t\t\t\t\t\t\t\t<\/div>\n\t\t\t\t<\/div>\n\t\t\t\t\t<\/div>\n\t\t<\/div>\n\t\t\t\t<div class=\"elementor-column elementor-col-50 elementor-inner-column elementor-element elementor-element-f141276\" data-id=\"f141276\" data-element_type=\"column\" data-e-type=\"column\">\n\t\t\t<div class=\"elementor-widget-wrap elementor-element-populated\">\n\t\t\t\t\t\t<div class=\"elementor-element elementor-element-921cb2a elementor-align-center elementor-widget__width-initial elementor-widget elementor-widget-button\" data-id=\"921cb2a\" data-element_type=\"widget\" data-e-type=\"widget\" data-widget_type=\"button.default\">\n\t\t\t\t<div class=\"elementor-widget-container\">\n\t\t\t\t\t\t\t\t\t<div class=\"elementor-button-wrapper\">\n\t\t\t\t\t<a class=\"elementor-button elementor-button-link elementor-size-md\" href=\"https:\/\/drive.google.com\/file\/d\/1bx-F8U-ZNMAxptBTGUQ7t900yIJlUD7H\/view?usp=sharing\" target=\"_blank\">\n\t\t\t\t\t\t<span class=\"elementor-button-content-wrapper\">\n\t\t\t\t\t\t\t\t\t<span class=\"elementor-button-text\">Documentos para cadastro de alunos e supervisor sem bolsa<\/span>\n\t\t\t\t\t<\/span>\n\t\t\t\t\t<\/a>\n\t\t\t\t<\/div>\n\t\t\t\t\t\t\t\t<\/div>\n\t\t\t\t<\/div>\n\t\t\t\t\t<\/div>\n\t\t<\/div>\n\t\t\t\t\t<\/div>\n\t\t<\/section>\n\t\t\t\t<section class=\"elementor-section elementor-inner-section elementor-element elementor-element-45817d4 elementor-section-boxed elementor-section-height-default elementor-section-height-default\" data-id=\"45817d4\" data-element_type=\"section\" data-e-type=\"section\">\n\t\t\t\t\t\t<div class=\"elementor-container elementor-column-gap-default\">\n\t\t\t\t\t<div class=\"elementor-column elementor-col-50 elementor-inner-column elementor-element elementor-element-f48cc4d\" data-id=\"f48cc4d\" data-element_type=\"column\" data-e-type=\"column\">\n\t\t\t<div class=\"elementor-widget-wrap elementor-element-populated\">\n\t\t\t\t\t\t<div class=\"elementor-element elementor-element-fd70b3c elementor-align-center elementor-widget__width-initial elementor-widget elementor-widget-button\" data-id=\"fd70b3c\" data-element_type=\"widget\" data-e-type=\"widget\" data-widget_type=\"button.default\">\n\t\t\t\t<div class=\"elementor-widget-container\">\n\t\t\t\t\t\t\t\t\t<div class=\"elementor-button-wrapper\">\n\t\t\t\t\t<a class=\"elementor-button elementor-button-link elementor-size-md\" href=\"https:\/\/forms.gle\/2kCd772uJYEMJRM68\" target=\"_blank\">\n\t\t\t\t\t\t<span class=\"elementor-button-content-wrapper\">\n\t\t\t\t\t\t\t\t\t<span class=\"elementor-button-text\">Cadastro de Alunos no  Programa<\/span>\n\t\t\t\t\t<\/span>\n\t\t\t\t\t<\/a>\n\t\t\t\t<\/div>\n\t\t\t\t\t\t\t\t<\/div>\n\t\t\t\t<\/div>\n\t\t\t\t\t<\/div>\n\t\t<\/div>\n\t\t\t\t<div class=\"elementor-column elementor-col-50 elementor-inner-column elementor-element elementor-element-4f97f5f\" data-id=\"4f97f5f\" data-element_type=\"column\" data-e-type=\"column\">\n\t\t\t<div class=\"elementor-widget-wrap\">\n\t\t\t\t\t\t\t<\/div>\n\t\t<\/div>\n\t\t\t\t\t<\/div>\n\t\t<\/section>\n\t\t\t\t<section class=\"elementor-section elementor-inner-section elementor-element elementor-element-5ce595d elementor-section-boxed elementor-section-height-default elementor-section-height-default\" data-id=\"5ce595d\" data-element_type=\"section\" data-e-type=\"section\">\n\t\t\t\t\t\t<div class=\"elementor-container elementor-column-gap-default\">\n\t\t\t\t\t<div class=\"elementor-column elementor-col-50 elementor-inner-column elementor-element elementor-element-eac1ece\" data-id=\"eac1ece\" data-element_type=\"column\" data-e-type=\"column\">\n\t\t\t<div class=\"elementor-widget-wrap elementor-element-populated\">\n\t\t\t\t\t\t<div class=\"elementor-element elementor-element-d3bd366 elementor-align-center elementor-widget__width-initial elementor-widget elementor-widget-button\" data-id=\"d3bd366\" data-element_type=\"widget\" data-e-type=\"widget\" data-widget_type=\"button.default\">\n\t\t\t\t<div class=\"elementor-widget-container\">\n\t\t\t\t\t\t\t\t\t<div class=\"elementor-button-wrapper\">\n\t\t\t\t\t<a class=\"elementor-button elementor-button-link elementor-size-md\" href=\"https:\/\/drive.google.com\/file\/d\/1qc_zZUl9lpDIK2aH_oNFggToaq7usUXp\/view?usp=sharing\" target=\"_blank\">\n\t\t\t\t\t\t<span class=\"elementor-button-content-wrapper\">\n\t\t\t\t\t\t\t\t\t<span class=\"elementor-button-text\">Exig\u00eancias para Declara\u00e7\u00e3o de Conclus\u00e3o <\/span>\n\t\t\t\t\t<\/span>\n\t\t\t\t\t<\/a>\n\t\t\t\t<\/div>\n\t\t\t\t\t\t\t\t<\/div>\n\t\t\t\t<\/div>\n\t\t\t\t\t<\/div>\n\t\t<\/div>\n\t\t\t\t<div class=\"elementor-column elementor-col-50 elementor-inner-column elementor-element elementor-element-c093bce\" data-id=\"c093bce\" data-element_type=\"column\" data-e-type=\"column\">\n\t\t\t<div class=\"elementor-widget-wrap elementor-element-populated\">\n\t\t\t\t\t\t<div class=\"elementor-element elementor-element-f3e7376 elementor-align-center elementor-widget__width-initial elementor-widget elementor-widget-button\" data-id=\"f3e7376\" data-element_type=\"widget\" data-e-type=\"widget\" data-widget_type=\"button.default\">\n\t\t\t\t<div class=\"elementor-widget-container\">\n\t\t\t\t\t\t\t\t\t<div class=\"elementor-button-wrapper\">\n\t\t\t\t\t<a class=\"elementor-button elementor-button-link elementor-size-md\" href=\"https:\/\/forms.gle\/grLTda7WWcZXuGhe6\" target=\"_blank\">\n\t\t\t\t\t\t<span class=\"elementor-button-content-wrapper\">\n\t\t\t\t\t\t\t\t\t<span class=\"elementor-button-text\">Cadastro do supervisor da Escola<\/span>\n\t\t\t\t\t<\/span>\n\t\t\t\t\t<\/a>\n\t\t\t\t<\/div>\n\t\t\t\t\t\t\t\t<\/div>\n\t\t\t\t<\/div>\n\t\t\t\t\t<\/div>\n\t\t<\/div>\n\t\t\t\t\t<\/div>\n\t\t<\/section>\n\t\t\t\t\t<\/div>\n\t\t<\/div>\n\t\t\t\t\t<\/div>\n\t\t<\/section>\n\t\t\t\t<section class=\"elementor-section elementor-top-section elementor-element elementor-element-2ac7f68 elementor-section-boxed elementor-section-height-default elementor-section-height-default\" data-id=\"2ac7f68\" data-element_type=\"section\" data-e-type=\"section\">\n\t\t\t\t\t\t<div class=\"elementor-container elementor-column-gap-default\">\n\t\t\t\t\t<div class=\"elementor-column elementor-col-100 elementor-top-column elementor-element elementor-element-9764f49\" data-id=\"9764f49\" data-element_type=\"column\" data-e-type=\"column\">\n\t\t\t<div class=\"elementor-widget-wrap elementor-element-populated\">\n\t\t\t\t\t\t<div class=\"elementor-element elementor-element-ee9bc8a elementor-widget elementor-widget-text-editor\" data-id=\"ee9bc8a\" data-element_type=\"widget\" data-e-type=\"widget\" data-widget_type=\"text-editor.default\">\n\t\t\t\t<div class=\"elementor-widget-container\">\n\t\t\t\t\t\t\t\t\t<p>O cadastro do projeto dever\u00e1 ser feito pelo orientador no sistema Atena.<\/p>\n<p><\/p>\t\t\t\t\t\t\t\t<\/div>\n\t\t\t\t<\/div>\n\t\t\t\t<div class=\"elementor-element elementor-element-fd9aadb elementor-widget-divider--view-line elementor-widget elementor-widget-divider\" data-id=\"fd9aadb\" data-element_type=\"widget\" data-e-type=\"widget\" data-widget_type=\"divider.default\">\n\t\t\t\t<div class=\"elementor-widget-container\">\n\t\t\t\t\t\t\t<div class=\"elementor-divider\">\n\t\t\t<span class=\"elementor-divider-separator\">\n\t\t\t\t\t\t<\/span>\n\t\t<\/div>\n\t\t\t\t\t\t<\/div>\n\t\t\t\t<\/div>\n\t\t\t\t\t<\/div>\n\t\t<\/div>\n\t\t\t\t\t<\/div>\n\t\t<\/section>\n\t\t\t\t<section class=\"elementor-section elementor-top-section elementor-element elementor-element-46fe721 elementor-section-boxed elementor-section-height-default elementor-section-height-default\" data-id=\"46fe721\" data-element_type=\"section\" data-e-type=\"section\">\n\t\t\t\t\t\t<div class=\"elementor-container elementor-column-gap-default\">\n\t\t\t\t\t<div class=\"elementor-column elementor-col-100 elementor-top-column elementor-element elementor-element-fc06a54\" data-id=\"fc06a54\" data-element_type=\"column\" data-e-type=\"column\">\n\t\t\t<div class=\"elementor-widget-wrap elementor-element-populated\">\n\t\t\t\t\t\t<div class=\"elementor-element elementor-element-49d9c3e elementor-widget elementor-widget-heading\" data-id=\"49d9c3e\" data-element_type=\"widget\" data-e-type=\"widget\" data-widget_type=\"heading.default\">\n\t\t\t\t<div class=\"elementor-widget-container\">\n\t\t\t\t\t<h2 class=\"elementor-heading-title elementor-size-default\">Edital de Bolsa PIBIC-EM 2025-2026 - Inscri\u00e7\u00f5es encerradas<\/h2>\t\t\t\t<\/div>\n\t\t\t\t<\/div>\n\t\t\t\t<div class=\"elementor-element elementor-element-bdf2c05 elementor-widget elementor-widget-spacer\" data-id=\"bdf2c05\" data-element_type=\"widget\" data-e-type=\"widget\" data-widget_type=\"spacer.default\">\n\t\t\t\t<div class=\"elementor-widget-container\">\n\t\t\t\t\t\t\t<div class=\"elementor-spacer\">\n\t\t\t<div class=\"elementor-spacer-inner\"><\/div>\n\t\t<\/div>\n\t\t\t\t\t\t<\/div>\n\t\t\t\t<\/div>\n\t\t\t\t<section class=\"elementor-section elementor-inner-section elementor-element elementor-element-a3930ce elementor-section-boxed elementor-section-height-default elementor-section-height-default\" data-id=\"a3930ce\" data-element_type=\"section\" data-e-type=\"section\">\n\t\t\t\t\t\t<div class=\"elementor-container elementor-column-gap-default\">\n\t\t\t\t\t<div class=\"elementor-column elementor-col-50 elementor-inner-column elementor-element elementor-element-ff93394\" data-id=\"ff93394\" data-element_type=\"column\" data-e-type=\"column\">\n\t\t\t<div class=\"elementor-widget-wrap elementor-element-populated\">\n\t\t\t\t\t\t<div class=\"elementor-element elementor-element-9e6a50c elementor-align-center elementor-widget__width-initial elementor-widget elementor-widget-button\" data-id=\"9e6a50c\" data-element_type=\"widget\" data-e-type=\"widget\" data-widget_type=\"button.default\">\n\t\t\t\t<div class=\"elementor-widget-container\">\n\t\t\t\t\t\t\t\t\t<div class=\"elementor-button-wrapper\">\n\t\t\t\t\t<a class=\"elementor-button elementor-button-link elementor-size-md\" href=\"https:\/\/drive.google.com\/file\/d\/1MI__LkCd50TfhAjnd7wogjzOut0W4h04\/view?usp=sharing\" target=\"_blank\">\n\t\t\t\t\t\t<span class=\"elementor-button-content-wrapper\">\n\t\t\t\t\t\t\t\t\t<span class=\"elementor-button-text\">Edital PIBIC EM 2025-2026<\/span>\n\t\t\t\t\t<\/span>\n\t\t\t\t\t<\/a>\n\t\t\t\t<\/div>\n\t\t\t\t\t\t\t\t<\/div>\n\t\t\t\t<\/div>\n\t\t\t\t<div class=\"elementor-element elementor-element-e517555 elementor-widget elementor-widget-spacer\" data-id=\"e517555\" data-element_type=\"widget\" data-e-type=\"widget\" data-widget_type=\"spacer.default\">\n\t\t\t\t<div class=\"elementor-widget-container\">\n\t\t\t\t\t\t\t<div class=\"elementor-spacer\">\n\t\t\t<div class=\"elementor-spacer-inner\"><\/div>\n\t\t<\/div>\n\t\t\t\t\t\t<\/div>\n\t\t\t\t<\/div>\n\t\t\t\t\t<\/div>\n\t\t<\/div>\n\t\t\t\t<div class=\"elementor-column elementor-col-50 elementor-inner-column elementor-element elementor-element-4911308\" data-id=\"4911308\" data-element_type=\"column\" data-e-type=\"column\">\n\t\t\t<div class=\"elementor-widget-wrap elementor-element-populated\">\n\t\t\t\t\t\t<div class=\"elementor-element elementor-element-09c6154 elementor-align-center elementor-widget__width-initial elementor-widget elementor-widget-button\" data-id=\"09c6154\" data-element_type=\"widget\" data-e-type=\"widget\" data-widget_type=\"button.default\">\n\t\t\t\t<div class=\"elementor-widget-container\">\n\t\t\t\t\t\t\t\t\t<div class=\"elementor-button-wrapper\">\n\t\t\t\t\t<a class=\"elementor-button elementor-button-link elementor-size-md\" href=\"https:\/\/drive.google.com\/file\/d\/1bzY5ei2DTmFx6FI4XHNqHJhDK2OMZXTt\/view?usp=sharing\" target=\"_blank\">\n\t\t\t\t\t\t<span class=\"elementor-button-content-wrapper\">\n\t\t\t\t\t\t\t\t\t<span class=\"elementor-button-text\">Procedimentos para formaliza\u00e7\u00e3o da bolsa pelo aluno<\/span>\n\t\t\t\t\t<\/span>\n\t\t\t\t\t<\/a>\n\t\t\t\t<\/div>\n\t\t\t\t\t\t\t\t<\/div>\n\t\t\t\t<\/div>\n\t\t\t\t\t<\/div>\n\t\t<\/div>\n\t\t\t\t\t<\/div>\n\t\t<\/section>\n\t\t\t\t<div class=\"elementor-element elementor-element-e9ec312 elementor-widget elementor-widget-spacer\" data-id=\"e9ec312\" data-element_type=\"widget\" data-e-type=\"widget\" data-widget_type=\"spacer.default\">\n\t\t\t\t<div class=\"elementor-widget-container\">\n\t\t\t\t\t\t\t<div class=\"elementor-spacer\">\n\t\t\t<div class=\"elementor-spacer-inner\"><\/div>\n\t\t<\/div>\n\t\t\t\t\t\t<\/div>\n\t\t\t\t<\/div>\n\t\t\t\t<div class=\"elementor-element elementor-element-ad658cc elementor-widget elementor-widget-spacer\" data-id=\"ad658cc\" data-element_type=\"widget\" data-e-type=\"widget\" data-widget_type=\"spacer.default\">\n\t\t\t\t<div class=\"elementor-widget-container\">\n\t\t\t\t\t\t\t<div class=\"elementor-spacer\">\n\t\t\t<div class=\"elementor-spacer-inner\"><\/div>\n\t\t<\/div>\n\t\t\t\t\t\t<\/div>\n\t\t\t\t<\/div>\n\t\t\t\t<div class=\"elementor-element elementor-element-a1ce08a elementor-widget-divider--view-line elementor-widget elementor-widget-divider\" data-id=\"a1ce08a\" data-element_type=\"widget\" data-e-type=\"widget\" data-widget_type=\"divider.default\">\n\t\t\t\t<div class=\"elementor-widget-container\">\n\t\t\t\t\t\t\t<div class=\"elementor-divider\">\n\t\t\t<span class=\"elementor-divider-separator\">\n\t\t\t\t\t\t<\/span>\n\t\t<\/div>\n\t\t\t\t\t\t<\/div>\n\t\t\t\t<\/div>\n\t\t\t\t<div class=\"elementor-element elementor-element-0ba2bbf elementor-widget elementor-widget-text-editor\" data-id=\"0ba2bbf\" data-element_type=\"widget\" data-e-type=\"widget\" data-widget_type=\"text-editor.default\">\n\t\t\t\t<div class=\"elementor-widget-container\">\n\t\t\t\t\t\t\t\t\t<h2>Evolu\u00e7\u00e3o Bolsas &#8211; N\u00famero de Inscritos X N\u00famero de Bolsas concedidas<\/h2>\t\t\t\t\t\t\t\t<\/div>\n\t\t\t\t<\/div>\n\t\t\t\t<div class=\"elementor-element elementor-element-8b5dec2 elementor-widget elementor-widget-spacer\" data-id=\"8b5dec2\" data-element_type=\"widget\" data-e-type=\"widget\" data-widget_type=\"spacer.default\">\n\t\t\t\t<div class=\"elementor-widget-container\">\n\t\t\t\t\t\t\t<div class=\"elementor-spacer\">\n\t\t\t<div class=\"elementor-spacer-inner\"><\/div>\n\t\t<\/div>\n\t\t\t\t\t\t<\/div>\n\t\t\t\t<\/div>\n\t\t\t\t<div class=\"elementor-element elementor-element-ac38f89 elementor-widget elementor-widget-image\" data-id=\"ac38f89\" data-element_type=\"widget\" data-e-type=\"widget\" data-widget_type=\"image.default\">\n\t\t\t\t<div class=\"elementor-widget-container\">\n\t\t\t\t\t\t\t\t\t\t\t\t\t\t\t<img fetchpriority=\"high\" decoding=\"async\" width=\"800\" height=\"450\" src=\"https:\/\/www.poli.usp.br\/wp-content\/uploads\/2026\/03\/PIBICEM-1024x576.jpg\" class=\"attachment-large size-large wp-image-149673\" alt=\"\" srcset=\"https:\/\/www.poli.usp.br\/wp-content\/uploads\/2026\/03\/PIBICEM-1024x576.jpg 1024w, https:\/\/www.poli.usp.br\/wp-content\/uploads\/2026\/03\/PIBICEM-300x169.jpg 300w, https:\/\/www.poli.usp.br\/wp-content\/uploads\/2026\/03\/PIBICEM-768x432.jpg 768w, https:\/\/www.poli.usp.br\/wp-content\/uploads\/2026\/03\/PIBICEM-500x281.jpg 500w, https:\/\/www.poli.usp.br\/wp-content\/uploads\/2026\/03\/PIBICEM-24x14.jpg 24w, https:\/\/www.poli.usp.br\/wp-content\/uploads\/2026\/03\/PIBICEM-36x20.jpg 36w, https:\/\/www.poli.usp.br\/wp-content\/uploads\/2026\/03\/PIBICEM-48x27.jpg 48w, https:\/\/www.poli.usp.br\/wp-content\/uploads\/2026\/03\/PIBICEM.jpg 1152w\" sizes=\"(max-width: 800px) 100vw, 800px\" \/>\t\t\t\t\t\t\t\t\t\t\t\t\t\t\t<\/div>\n\t\t\t\t<\/div>\n\t\t\t\t\t<\/div>\n\t\t<\/div>\n\t\t\t\t\t<\/div>\n\t\t<\/section>\n\t\t\t\t<\/div>","protected":false},"excerpt":{"rendered":"<p>Programa de Pr\u00e9-Inicia\u00e7\u00e3o Cient\u00edfica Intera\u00e7\u00e3o com as Escolas P\u00fablicas de Ensino M\u00e9dio Conforme Resolu\u00e7\u00e3o CoPq N\u00ba 7235_2016 ,\u00a0 alterada pela Resolu\u00e7\u00e3o CoPq N\u00ba 7311, 2017 o objetivo do Programa \u00e9 [&hellip;]<\/p>\n","protected":false},"author":14,"featured_media":0,"parent":3637,"menu_order":6,"comment_status":"closed","ping_status":"closed","template":"","meta":{"event_title":"","event_details":"","event_timezone":"","event_gmap":"","event_image":"","event_image_url":"","event_calendar_link":"","event_location":"","event_datetime_with_summary":"","event_datetime":"","event_date":"","event_time":"","event_date_type":"","event_rulesummary":"","event_ticket_rsvp":"","event_capacity":"","event_capacity_remaining":"","event_capacity_sold":"","event_sold_out":"","event_low_stock":"","event_ticket_count":"","event_ticket_summary":"","event_sales_start":"","event_sales_end":"","event_ticket_price_from":"","event_ticket_price_to":"","event_ticket_price_range":"","event_date_year":"","event_date_month":"","event_date_month_short":"","event_date_day":"","event_date_day_name":"","event_date_iso":"","event_rsvp_capacity":"","event_rsvp_remaining":"","event_rsvp_going":"","event_rsvp_full":"","footnotes":""},"coauthors":[205,237],"class_list":["post-1253","page","type-page","status-publish","hentry"],"_links":{"self":[{"href":"https:\/\/www.poli.usp.br\/en\/wp-json\/wp\/v2\/pages\/1253","targetHints":{"allow":["GET"]}}],"collection":[{"href":"https:\/\/www.poli.usp.br\/en\/wp-json\/wp\/v2\/pages"}],"about":[{"href":"https:\/\/www.poli.usp.br\/en\/wp-json\/wp\/v2\/types\/page"}],"author":[{"embeddable":true,"href":"https:\/\/www.poli.usp.br\/en\/wp-json\/wp\/v2\/users\/14"}],"replies":[{"embeddable":true,"href":"https:\/\/www.poli.usp.br\/en\/wp-json\/wp\/v2\/comments?post=1253"}],"version-history":[{"count":147,"href":"https:\/\/www.poli.usp.br\/en\/wp-json\/wp\/v2\/pages\/1253\/revisions"}],"predecessor-version":[{"id":149680,"href":"https:\/\/www.poli.usp.br\/en\/wp-json\/wp\/v2\/pages\/1253\/revisions\/149680"}],"up":[{"embeddable":true,"href":"https:\/\/www.poli.usp.br\/en\/wp-json\/wp\/v2\/pages\/3637"}],"wp:attachment":[{"href":"https:\/\/www.poli.usp.br\/en\/wp-json\/wp\/v2\/media?parent=1253"}],"wp:term":[{"taxonomy":"author","embeddable":true,"href":"https:\/\/www.poli.usp.br\/en\/wp-json\/wp\/v2\/coauthors?post=1253"}],"curies":[{"name":"wp","href":"https:\/\/api.w.org\/{rel}","templated":true}]}}