{"id":129658,"date":"2025-05-22T16:28:04","date_gmt":"2025-05-22T19:28:04","guid":{"rendered":"http:\/\/www.poli.usp.br\/?page_id=129658"},"modified":"2026-03-11T16:25:40","modified_gmt":"2026-03-11T19:25:40","slug":"powertrain-apresentacao","status":"publish","type":"page","link":"https:\/\/www.poli.usp.br\/en\/powertrain-apresentacao\/","title":{"rendered":"Apresenta\u00e7\u00e3o &#8211; Unidade Powertrain POLI USP"},"content":{"rendered":"\t\t<div data-elementor-type=\"wp-page\" data-elementor-id=\"129658\" class=\"elementor elementor-129658\" data-elementor-post-type=\"page\">\n\t\t\t\t<div class=\"elementor-element elementor-element-ffae3c1 e-con-full e-flex e-con e-parent\" data-id=\"ffae3c1\" data-element_type=\"container\" data-e-type=\"container\" data-settings=\"{&quot;background_background&quot;:&quot;classic&quot;}\">\n\t\t\t\t<\/div>\n\t\t<div class=\"elementor-element elementor-element-ab2a066 e-con-full e-flex e-con e-parent\" data-id=\"ab2a066\" data-element_type=\"container\" data-e-type=\"container\" data-settings=\"{&quot;background_background&quot;:&quot;classic&quot;,&quot;background_motion_fx_motion_fx_scrolling&quot;:&quot;yes&quot;,&quot;background_motion_fx_opacity_effect&quot;:&quot;yes&quot;,&quot;background_motion_fx_opacity_direction&quot;:&quot;in-out&quot;,&quot;background_motion_fx_opacity_level&quot;:{&quot;unit&quot;:&quot;px&quot;,&quot;size&quot;:3.6,&quot;sizes&quot;:[]},&quot;background_motion_fx_opacity_range&quot;:{&quot;unit&quot;:&quot;%&quot;,&quot;size&quot;:&quot;&quot;,&quot;sizes&quot;:{&quot;start&quot;:10,&quot;end&quot;:98}},&quot;background_motion_fx_range&quot;:&quot;viewport&quot;,&quot;motion_fx_motion_fx_scrolling&quot;:&quot;yes&quot;,&quot;animation&quot;:&quot;none&quot;,&quot;background_motion_fx_devices&quot;:[&quot;desktop&quot;,&quot;tablet&quot;,&quot;mobile&quot;],&quot;motion_fx_devices&quot;:[&quot;desktop&quot;,&quot;tablet&quot;,&quot;mobile&quot;]}\">\n\t\t\t\t<div class=\"elementor-element elementor-element-ec446e3 elementor-icon-list--layout-inline elementor-align-center elementor-widget__width-inherit elementor-list-item-link-full_width elementor-widget elementor-widget-icon-list\" data-id=\"ec446e3\" data-element_type=\"widget\" data-e-type=\"widget\" data-widget_type=\"icon-list.default\">\n\t\t\t\t<div class=\"elementor-widget-container\">\n\t\t\t\t\t\t\t<ul class=\"elementor-icon-list-items elementor-inline-items\">\n\t\t\t\t\t\t\t<li class=\"elementor-icon-list-item elementor-inline-item\">\n\t\t\t\t\t\t\t\t\t\t\t<a href=\"https:\/\/www.poli.usp.br\/poli-usp-powertrain\">\n\n\t\t\t\t\t\t\t\t\t\t\t<span class=\"elementor-icon-list-text\">Inicio - Site powertrain<\/span>\n\t\t\t\t\t\t\t\t\t\t\t<\/a>\n\t\t\t\t\t\t\t\t\t<\/li>\n\t\t\t\t\t\t\t\t<li class=\"elementor-icon-list-item elementor-inline-item\">\n\t\t\t\t\t\t\t\t\t\t\t<a href=\"https:\/\/www.poli.usp.br\/poli-usp-powertrain\/poli-usp-powertrain-english-version\/\">\n\n\t\t\t\t\t\t\t\t\t\t\t<span class=\"elementor-icon-list-text\">english version<\/span>\n\t\t\t\t\t\t\t\t\t\t\t<\/a>\n\t\t\t\t\t\t\t\t\t<\/li>\n\t\t\t\t\t\t<\/ul>\n\t\t\t\t\t\t<\/div>\n\t\t\t\t<\/div>\n\t\t\t\t<\/div>\n\t\t<div class=\"elementor-element elementor-element-66348d0 e-con-full e-flex e-con e-parent\" data-id=\"66348d0\" data-element_type=\"container\" data-e-type=\"container\" data-settings=\"{&quot;background_background&quot;:&quot;classic&quot;}\">\n\t\t<div class=\"elementor-element elementor-element-e164a8d e-con-full e-flex e-con e-child\" data-id=\"e164a8d\" data-element_type=\"container\" data-e-type=\"container\" data-settings=\"{&quot;background_background&quot;:&quot;classic&quot;}\">\n\t\t\t\t<div class=\"elementor-element elementor-element-10f8565 elementor-widget elementor-widget-text-editor\" data-id=\"10f8565\" data-element_type=\"widget\" data-e-type=\"widget\" data-widget_type=\"text-editor.default\">\n\t\t\t\t<div class=\"elementor-widget-container\">\n\t\t\t\t\t\t\t\t\t<h1 style=\"text-align: center;\" data-start=\"707\" data-end=\"774\">Poli-USP Powertrain: Pesquisa e Inova\u00e7\u00e3o em Engenharia Automotiva<\/h1>\n<p>No cen\u00e1rio atual, que aponta grandes mudan\u00e7as na Engenharia Automotiva mundial e, por decorr\u00eancia, no Brasil, a Escola Polit\u00e9cnica da USP (Poli-USP) apresenta sua nova Unidade EMBRAPII<span style=\"font-weight: 400;\">, que visa lidar com a parte mais sens\u00edvel dessas transforma\u00e7\u00f5es: o <\/span><b>Trem de For\u00e7as Veicular (Powertrain)<\/b><span style=\"font-weight: 400;\">.<\/span><\/p>\n<p><span style=\"font-weight: 400;\">Denominada <\/span><b>Poli-USP Powertrain<\/b><span style=\"font-weight: 400;\">, essa nova Unidade coloca \u00e0 disposi\u00e7\u00e3o da <\/span>ind\u00fastria automotiva brasileira uma equipe de pesquisadores com larga experi\u00eancia e equipamentos de \u00faltima gera\u00e7\u00e3o, voltados ao desenvolvimento de pesquisas conjuntas que promovam solu\u00e7\u00f5es inovadoras em powertrain, seguindo o modelo de gest\u00e3o e financiamento <strong>EMBRAPII<\/strong>, reconhecido nacionalmente por seus resultados.<\/p>\n<h2><b>Linhas de Pesquisa da Unidade EMBRAPII Poli-USP Powertrain<\/b><\/h2>\n<p><span style=\"font-weight: 400;\">&nbsp;A <\/span><b>Poli-USP Powertrain<\/b><span style=\"font-weight: 400;\"> se assenta em <\/span>tr\u00eas linhas estrat\u00e9gicas, nas quais a Poli-USP vem desenvolvendo projetos de grande relev\u00e2ncia em <strong>engenharia automotiva <\/strong>nos \u00faltimos anos:<\/p>\n<h3><b>Motores e Sistemas de Propuls\u00e3o Veicular<\/b><\/h3>\n<ul>\n<li><b>Motores<\/b><span style=\"font-weight: 400;\">, principalmente de <\/span><b>Combust\u00e3o Interna<\/b> movidos a combust\u00edveis renov\u00e1veis, como etanol, biog\u00e1s e biodiesel, sem deixar de lado aqueles movidos a fontes energ\u00e9ticas estrat\u00e9gicas para o Brasil, como Motores a G\u00e1s Natural, al\u00e9m de Motores El\u00e9tricos e Sistemas de Propuls\u00e3o H\u00edbrida El\u00e9trica.<\/li>\n<\/ul>\n<h3><b>Aumento da Efici\u00eancia de Trens de For\u00e7a Veicular<\/b><\/h3>\n<ul>\n<li><b>Aumento da efici\u00eancia de trens de for\u00e7a<\/b><span style=\"font-weight: 400;\">, por meio da <\/span>redu\u00e7\u00e3o de perdas energ\u00e9ticas, desde as partes internas do motor at\u00e9 a entrega de pot\u00eancia \u00e0s rodas, seja pela redu\u00e7\u00e3o de atritos, seja pela otimiza\u00e7\u00e3o de componentes, desenvolvimento de novos projetos mec\u00e2nicos ou por altera\u00e7\u00f5es em processos de manufatura.<\/li>\n<\/ul>\n<h3><b>Sistemas Inteligentes Aplicados ao Powertrain<\/b><\/h3>\n<ul>\n<li><b>Sistemas Inteligentes aplicados ao powertrain<\/b><span style=\"font-weight: 400;\">, abrangendo os novos <\/span>sistemas de gerenciamento do trem de for\u00e7a, desenvolvidos para alcan\u00e7ar melhores resultados de desempenho, efici\u00eancia e controle, como sistemas de gerenciamento do motor (ECU), sistemas avan\u00e7ados de assist\u00eancia ao condutor (ADAS), implementa\u00e7\u00e3o de hardwares in the loop, entre outros.<\/li>\n<\/ul>\n<h2><b>Projetos de Destaque em Engenharia Automotiva e Powertrain<\/b><\/h2>\n<p>A Unidade EMBRAPII Poli-USP Powertrain chega na sequ\u00eancia de importantes projetos desenvolvidos ou em desenvolvimento, sob lideran\u00e7a da Poli-USP, com participa\u00e7\u00e3o decisiva de empresas do setor automotivo, por meio de financiamento pr\u00f3prio ou financiamento p\u00fablico-privado.<\/p>\n<p>Para destacar apenas alguns exemplos relevantes:<\/p>\n<ul>\n<li>\u2013 O projeto \u201cDesenvolvimento de Motor a Biog\u00e1s de Alta Efici\u00eancia para Ve\u00edculos de Transporte de Carga\u201d, desenvolvido em conjunto com UFSM, UnB e IPT, com empresas parceiras AVL, CAOA e Bosch, suportado pelo Programa Rota 2030, dentro da linha de Motores;<\/li>\n<li>O projeto \u201cDesafios tribol\u00f3gicos de motores flex-fuel\u201d, que contou com a participa\u00e7\u00e3o de seis empresas do setor automotivo, incluindo tr\u00eas montadoras, inserido na linha de Aumento da Efici\u00eancia de Trens de For\u00e7a;<\/li>\n<li>O desenvolvimento de unidades de gerenciamento eletr\u00f4nico (ECUs) projetadas na Poli-USP, que j\u00e1 apresentam resultados compat\u00edveis com a faixa de motores TSI. Parte significativa desses esfor\u00e7os vem sendo desenvolvida em parceria com a Bosch.<\/li>\n<\/ul>\n<h2><b>Infraestrutura, Laborat\u00f3rios e Equipe Especializada<\/b><\/h2>\n<p>Tais projetos n\u00e3o poderiam ser realizados sem contar com uma infraestrutura moderna de laborat\u00f3rios, softwares avan\u00e7ados de projeto, simula\u00e7\u00e3o e an\u00e1lise, continuamente atualizados e renovados e, mais do que isso, sem contar com uma equipe altamente qualificada em engenharia automotiva e powertrain.<\/p>\n<p>A Unidade \u00e9 liderada por professores pesquisadores da Poli-USP, com apoio de uma ampla rede de consultores, alunos de gradua\u00e7\u00e3o e p\u00f3s-gradua\u00e7\u00e3o, p\u00f3s-doutores e demais colaboradores, garantindo excel\u00eancia t\u00e9cnica, cient\u00edfica e tecnol\u00f3gica.<\/p>\n<h2><b>Unidade EMBRAPII Poli-USP Powertrain e a Ind\u00fastria Automotiva Brasileira<\/b><\/h2>\n<p><span style=\"font-weight: 400;\">Com esses atributos, a <\/span><b>Unidade EMBRAPII Poli-USP Powertrain<\/b><span style=\"font-weight: 400;\"> se apresenta \u00e0 <\/span><b>comunidade automotiva brasileira<\/b><span style=\"font-weight: 400;\"> com a convic\u00e7\u00e3o de que <\/span><b>novos projetos inovadores<\/b><span style=\"font-weight: 400;\">, de alto impacto tecnol\u00f3gico, nascer\u00e3o de <\/span><b>novas parcerias estrat\u00e9gicas<\/b><span style=\"font-weight: 400;\"> a partir de agora.<\/span><\/p>\n<h2 style=\"text-align: center;\"><b>Contato e Parcerias<\/b><\/h2>\n<p style=\"text-align: center;\">Entre em contato para tirar suas d\u00favidas, encaminhar sugest\u00f5es ou colaborar com o projeto.<\/p>\t\t\t\t\t\t\t\t<\/div>\n\t\t\t\t<\/div>\n\t\t\t\t<div class=\"elementor-element elementor-element-3ac76dc elementor-button-info elementor-align-center elementor-mobile-align-center elementor-widget elementor-widget-button\" data-id=\"3ac76dc\" data-element_type=\"widget\" data-e-type=\"widget\" data-widget_type=\"button.default\">\n\t\t\t\t<div class=\"elementor-widget-container\">\n\t\t\t\t\t\t\t\t\t<div class=\"elementor-button-wrapper\">\n\t\t\t\t\t<a class=\"elementor-button elementor-button-link elementor-size-sm\" href=\"https:\/\/www.poli.usp.br\/poli-usp-powertrain\/#contato\" target=\"_blank\">\n\t\t\t\t\t\t<span class=\"elementor-button-content-wrapper\">\n\t\t\t\t\t\t\t\t\t<span class=\"elementor-button-text\">Clique aqui<\/span>\n\t\t\t\t\t<\/span>\n\t\t\t\t\t<\/a>\n\t\t\t\t<\/div>\n\t\t\t\t\t\t\t\t<\/div>\n\t\t\t\t<\/div>\n\t\t\t\t<\/div>\n\t\t\t\t<\/div>\n\t\t<div class=\"elementor-element elementor-element-ac81de4 e-flex e-con-boxed e-con e-parent\" data-id=\"ac81de4\" data-element_type=\"container\" data-e-type=\"container\">\n\t\t\t\t\t<div class=\"e-con-inner\">\n\t\t<div class=\"elementor-element elementor-element-03473d0 e-con-full e-flex e-con e-child\" data-id=\"03473d0\" data-element_type=\"container\" data-e-type=\"container\">\n\t\t\t\t<div class=\"elementor-element elementor-element-a6563d3 elementor-widget__width-initial elementor-widget elementor-widget-text-editor\" data-id=\"a6563d3\" data-element_type=\"widget\" data-e-type=\"widget\" data-widget_type=\"text-editor.default\">\n\t\t\t\t<div class=\"elementor-widget-container\">\n\t\t\t\t\t\t\t\t\t<h4>A Escola Polit\u00e9cnica da USP e a Embrapii (Empresa Brasileira de Pesquisa e Inova\u00e7\u00e3o Industrial) realizam, no dia 2 de junho, \u00e0s 10h, a apresenta\u00e7\u00e3o de uma nova unidade, a Embrapii Poli-USP Powertrain. Os pesquisadores da Poli e representantes da Embrapii apresentar\u00e3o o projeto que prev\u00ea parcerias entre empresas e a Poli para buscar novas solu\u00e7\u00f5es para trens de pot\u00eancia de ve\u00edculos leves, pesados, agr\u00edcolas ou outros.<\/h4>\t\t\t\t\t\t\t\t<\/div>\n\t\t\t\t<\/div>\n\t\t\t\t<div class=\"elementor-element elementor-element-a2936be elementor-widget__width-initial elementor-widget elementor-widget-video\" data-id=\"a2936be\" data-element_type=\"widget\" data-e-type=\"widget\" data-settings=\"{&quot;youtube_url&quot;:&quot;youtube.com\\\/watch?v=-Hzaz6736uw&amp;embeds_widget_referrer=https%3A%2F%2Fwww.poli.usp.br%2Fwp-admin%2Fpost.php%3Fpost%3D50557%26action%3Delementor&amp;embeds_referring_euri=https%3A%2F%2Fwww.poli.usp.br%2F&amp;embeds_referring_origin=https%3A%2F%2Fwww.poli.usp.br&amp;source_ve_path=MjM4NTE&quot;,&quot;video_type&quot;:&quot;youtube&quot;,&quot;controls&quot;:&quot;yes&quot;}\" data-widget_type=\"video.default\">\n\t\t\t\t<div class=\"elementor-widget-container\">\n\t\t\t\t\t\t\t<div class=\"elementor-wrapper elementor-open-inline\">\n\t\t\t<div class=\"elementor-video\"><\/div>\t\t<\/div>\n\t\t\t\t\t\t<\/div>\n\t\t\t\t<\/div>\n\t\t\t\t<\/div>\n\t\t\t\t\t<\/div>\n\t\t\t\t<\/div>\n\t\t\t\t<\/div>\n\t\t","protected":false},"excerpt":{"rendered":"<p>Inicio &#8211; Site powertrain english version Poli-USP Powertrain: Pesquisa e Inova\u00e7\u00e3o em Engenharia Automotiva No cen\u00e1rio atual, que aponta grandes mudan\u00e7as na Engenharia Automotiva mundial e, por decorr\u00eancia, no Brasil, [&hellip;]<\/p>\n","protected":false},"author":4459,"featured_media":0,"parent":0,"menu_order":0,"comment_status":"closed","ping_status":"closed","template":"elementor_theme","meta":{"event_title":"","event_details":"","event_timezone":"","event_gmap":"","event_image":"","event_image_url":"","event_calendar_link":"","event_location":"","event_datetime_with_summary":"","event_datetime":"","event_date":"","event_time":"","event_date_type":"","event_rulesummary":"","event_ticket_rsvp":"","event_capacity":"","event_capacity_remaining":"","event_capacity_sold":"","event_sold_out":"","event_low_stock":"","event_ticket_count":"","event_ticket_summary":"","event_sales_start":"","event_sales_end":"","event_ticket_price_from":"","event_ticket_price_to":"","event_ticket_price_range":"","event_date_year":"","event_date_month":"","event_date_month_short":"","event_date_day":"","event_date_day_name":"","event_date_iso":"","event_rsvp_capacity":"","event_rsvp_remaining":"","event_rsvp_going":"","event_rsvp_full":"","footnotes":""},"coauthors":[1505],"class_list":["post-129658","page","type-page","status-publish","hentry"],"_links":{"self":[{"href":"https:\/\/www.poli.usp.br\/en\/wp-json\/wp\/v2\/pages\/129658","targetHints":{"allow":["GET"]}}],"collection":[{"href":"https:\/\/www.poli.usp.br\/en\/wp-json\/wp\/v2\/pages"}],"about":[{"href":"https:\/\/www.poli.usp.br\/en\/wp-json\/wp\/v2\/types\/page"}],"author":[{"embeddable":true,"href":"https:\/\/www.poli.usp.br\/en\/wp-json\/wp\/v2\/users\/4459"}],"replies":[{"embeddable":true,"href":"https:\/\/www.poli.usp.br\/en\/wp-json\/wp\/v2\/comments?post=129658"}],"version-history":[{"count":288,"href":"https:\/\/www.poli.usp.br\/en\/wp-json\/wp\/v2\/pages\/129658\/revisions"}],"predecessor-version":[{"id":148332,"href":"https:\/\/www.poli.usp.br\/en\/wp-json\/wp\/v2\/pages\/129658\/revisions\/148332"}],"wp:attachment":[{"href":"https:\/\/www.poli.usp.br\/en\/wp-json\/wp\/v2\/media?parent=129658"}],"wp:term":[{"taxonomy":"author","embeddable":true,"href":"https:\/\/www.poli.usp.br\/en\/wp-json\/wp\/v2\/coauthors?post=129658"}],"curies":[{"name":"wp","href":"https:\/\/api.w.org\/{rel}","templated":true}]}}