{"id":20,"date":"2010-01-26T12:14:03","date_gmt":"2010-01-26T14:14:03","guid":{"rendered":"https:\/\/www.poli.usp.br\/bibliotecas\/como\/20-usar-o-acervo.html"},"modified":"2023-10-09T09:50:01","modified_gmt":"2023-10-09T12:50:01","slug":"usar-o-acervo","status":"publish","type":"page","link":"https:\/\/www.poli.usp.br\/en\/bibliotecas\/ajuda\/usar-o-acervo\/","title":{"rendered":"Usar o acervo"},"content":{"rendered":"<p><span style=\"color: #000000;\">As cole\u00e7\u00f5es das bibliotecas da Poli est\u00e3o registradas no <strong><a href=\"https:\/\/www.abcd.usp.br\/bibliotecas\/digitais-sistemicas\/catalogo-dedalus\/\" target=\"_blank\" rel=\"noopener\">Banco de Dados Bibliogr\u00e1ficos da USP<\/a><\/strong><\/span><span style=\"color: #000000;\">, que integra o Portif\u00f3lio da <\/span><strong><a href=\"https:\/\/www.abcd.usp.br\/\" target=\"_blank\" rel=\"noopener\">ABCD\/USP &#8211; Ag\u00eancia de Bibliotecas e Cole\u00e7\u00f5es Digitais da Universidade de S\u00e3o Paulo<\/a><\/strong><\/p>\n<p><span style=\"color: #000000;\">O banco de dados indica a biblioteca em que os documentos est\u00e3o dispon\u00edveis e inclui links para documentos em formato eletr\u00f4nico.<\/span><\/p>\n<p><span style=\"color: #000000;\">Os registros est\u00e3o distribu\u00eddos em cinco bases de dados, que abrangem os diferentes tipos de materiais e podem ser consultados de forma simult\u00e2nea ou separadamente:<\/span><\/p>\n<ul>\n<li><span style=\"color: #000000;\">Livros e outros materiais;<\/span><\/li>\n<li><span style=\"color: #000000;\">Seriados (t\u00edtulos e cole\u00e7\u00f5es de publica\u00e7\u00f5es peri\u00f3dicas);<\/span><\/li>\n<li><span style=\"color: #000000;\">Teses (disserta\u00e7\u00f5es\/teses apresentadas \u00e0 USP, desde 1934);<\/span><\/li>\n<li><span style=\"color: #000000;\">Produ\u00e7\u00e3o docente (gerada na USP, a partir de 1985)<\/span><\/li>\n<li><span style=\"color: #000000;\">Trabalhos Acad\u00eamicos<\/span><\/li>\n<\/ul>\n<p><span style=\"color: #000000;\">Para encontrar a publica\u00e7\u00e3o desejada pesquise <\/span><strong><a href=\"http:\/\/dedalus.usp.br\" target=\"_blank\" rel=\"noopener\">nosso cat\u00e1logo DEDALUS<\/a>.<\/strong><\/p>","protected":false},"excerpt":{"rendered":"<p>As cole\u00e7\u00f5es das bibliotecas da Poli est\u00e3o registradas no Banco de Dados Bibliogr\u00e1ficos da USP, que integra o Portif\u00f3lio da ABCD\/USP &#8211; Ag\u00eancia de Bibliotecas e Cole\u00e7\u00f5es Digitais da Universidade [&hellip;]<\/p>\n","protected":false},"author":19,"featured_media":0,"parent":6374,"menu_order":22,"comment_status":"closed","ping_status":"closed","template":"","meta":{"event_title":"","event_details":"","event_timezone":"","event_gmap":"","event_image":"","event_image_url":"","event_calendar_link":"","event_location":"","event_datetime_with_summary":"","event_datetime":"","event_date":"","event_time":"","event_date_type":"","event_rulesummary":"","event_ticket_rsvp":"","event_capacity":"","event_capacity_remaining":"","event_capacity_sold":"","event_sold_out":"","event_low_stock":"","event_ticket_count":"","event_ticket_summary":"","event_sales_start":"","event_sales_end":"","event_ticket_price_from":"","event_ticket_price_to":"","event_ticket_price_range":"","event_date_year":"","event_date_month":"","event_date_month_short":"","event_date_day":"","event_date_day_name":"","event_date_iso":"","event_rsvp_capacity":"","event_rsvp_remaining":"","event_rsvp_going":"","event_rsvp_full":"","footnotes":""},"coauthors":[201,200,218],"class_list":["post-20","page","type-page","status-publish","hentry"],"_links":{"self":[{"href":"https:\/\/www.poli.usp.br\/en\/wp-json\/wp\/v2\/pages\/20","targetHints":{"allow":["GET"]}}],"collection":[{"href":"https:\/\/www.poli.usp.br\/en\/wp-json\/wp\/v2\/pages"}],"about":[{"href":"https:\/\/www.poli.usp.br\/en\/wp-json\/wp\/v2\/types\/page"}],"author":[{"embeddable":true,"href":"https:\/\/www.poli.usp.br\/en\/wp-json\/wp\/v2\/users\/19"}],"replies":[{"embeddable":true,"href":"https:\/\/www.poli.usp.br\/en\/wp-json\/wp\/v2\/comments?post=20"}],"version-history":[{"count":18,"href":"https:\/\/www.poli.usp.br\/en\/wp-json\/wp\/v2\/pages\/20\/revisions"}],"predecessor-version":[{"id":92368,"href":"https:\/\/www.poli.usp.br\/en\/wp-json\/wp\/v2\/pages\/20\/revisions\/92368"}],"up":[{"embeddable":true,"href":"https:\/\/www.poli.usp.br\/en\/wp-json\/wp\/v2\/pages\/6374"}],"wp:attachment":[{"href":"https:\/\/www.poli.usp.br\/en\/wp-json\/wp\/v2\/media?parent=20"}],"wp:term":[{"taxonomy":"author","embeddable":true,"href":"https:\/\/www.poli.usp.br\/en\/wp-json\/wp\/v2\/coauthors?post=20"}],"curies":[{"name":"wp","href":"https:\/\/api.w.org\/{rel}","templated":true}]}}