{"id":2291,"date":"2016-02-26T20:06:50","date_gmt":"2016-02-26T23:06:50","guid":{"rendered":"https:\/\/www.poli.usp.br\/relacoes-internacionais\/atendimento-ao-aluno\/2291-convenios-internacionais.html"},"modified":"2026-02-20T09:22:08","modified_gmt":"2026-02-20T12:22:08","slug":"convenios-internacionais","status":"publish","type":"page","link":"https:\/\/www.poli.usp.br\/en\/internacional\/convenios-internacionais\/","title":{"rendered":"Conv\u00eanios Internacionais"},"content":{"rendered":"<div data-elementor-type=\"wp-page\" data-elementor-id=\"2291\" class=\"elementor elementor-2291\" data-elementor-post-type=\"page\">\n\t\t\t\t<div class=\"elementor-element elementor-element-c92b0d0 e-flex e-con-boxed e-con e-parent\" data-id=\"c92b0d0\" data-element_type=\"container\" data-e-type=\"container\" data-settings=\"{&quot;background_background&quot;:&quot;classic&quot;}\">\n\t\t\t\t\t<div class=\"e-con-inner\">\n\t\t\t\t<div class=\"elementor-element elementor-element-7f94ee4 elementor-widget elementor-widget-spacer\" data-id=\"7f94ee4\" data-element_type=\"widget\" data-e-type=\"widget\" data-widget_type=\"spacer.default\">\n\t\t\t\t<div class=\"elementor-widget-container\">\n\t\t\t\t\t\t\t<div class=\"elementor-spacer\">\n\t\t\t<div class=\"elementor-spacer-inner\"><\/div>\n\t\t<\/div>\n\t\t\t\t\t\t<\/div>\n\t\t\t\t<\/div>\n\t\t\t\t<div class=\"elementor-element elementor-element-6ac7d9b elementor-widget__width-inherit elementor-widget elementor-widget-heading\" data-id=\"6ac7d9b\" data-element_type=\"widget\" data-e-type=\"widget\" data-widget_type=\"heading.default\">\n\t\t\t\t<div class=\"elementor-widget-container\">\n\t\t\t\t\t<h2 class=\"elementor-heading-title elementor-size-default\"><a href=\"https:\/\/www.poli.usp.br\/en\/internacional\/\">CONV\u00caNIOS INTERNACIONAIS<\/a><\/h2>\t\t\t\t<\/div>\n\t\t\t\t<\/div>\n\t\t\t\t<div class=\"elementor-element elementor-element-d664618 elementor-widget elementor-widget-spacer\" data-id=\"d664618\" data-element_type=\"widget\" data-e-type=\"widget\" data-widget_type=\"spacer.default\">\n\t\t\t\t<div class=\"elementor-widget-container\">\n\t\t\t\t\t\t\t<div class=\"elementor-spacer\">\n\t\t\t<div class=\"elementor-spacer-inner\"><\/div>\n\t\t<\/div>\n\t\t\t\t\t\t<\/div>\n\t\t\t\t<\/div>\n\t\t\t\t\t<\/div>\n\t\t\t\t<\/div>\n\t\t<div class=\"elementor-element elementor-element-10bcd15 e-flex e-con-boxed e-con e-parent\" data-id=\"10bcd15\" data-element_type=\"container\" data-e-type=\"container\">\n\t\t\t\t\t<div class=\"e-con-inner\">\n\t\t\t\t<div class=\"elementor-element elementor-element-d0ec96a elementor-widget elementor-widget-spacer\" data-id=\"d0ec96a\" data-element_type=\"widget\" data-e-type=\"widget\" data-widget_type=\"spacer.default\">\n\t\t\t\t<div class=\"elementor-widget-container\">\n\t\t\t\t\t\t\t<div class=\"elementor-spacer\">\n\t\t\t<div class=\"elementor-spacer-inner\"><\/div>\n\t\t<\/div>\n\t\t\t\t\t\t<\/div>\n\t\t\t\t<\/div>\n\t\t\t\t<div class=\"elementor-element elementor-element-6b59602 elementor-widget__width-initial elementor-widget elementor-widget-text-editor\" data-id=\"6b59602\" data-element_type=\"widget\" data-e-type=\"widget\" data-widget_type=\"text-editor.default\">\n\t\t\t\t<div class=\"elementor-widget-container\">\n\t\t\t\t\t\t\t\t\t<p style=\"text-align: justify;\">O Servi\u00e7o de Rela\u00e7\u00f5es Internacionais da Poli \u00e9 respons\u00e1vel pelo encaminhamento e tramita\u00e7\u00e3o de Acordos de Coopera\u00e7\u00e3o Acad\u00eamica e Conv\u00eanios Acad\u00eamicos Internacionais para Interc\u00e2mbio de Docentes, Pesquisadores, Estudantes e Membros da Equipe T\u00e9cnico Administrativa em n\u00edvel de gradua\u00e7\u00e3o, p\u00f3s-gradua\u00e7\u00e3o, entre a EPUSP e as IES estrangeiras. Quantos aos acordos de duplo Titula\u00e7\u00e3o, damos suporte quanto ao conte\u00fado e direcionamento, mas estes s\u00e3o tramitados exclusivamente nas inst\u00e2ncias da p\u00f3s-gradua\u00e7\u00e3o.\u00a0<\/p>\t\t\t\t\t\t\t\t<\/div>\n\t\t\t\t<\/div>\n\t\t\t\t\t<\/div>\n\t\t\t\t<\/div>\n\t\t<div class=\"elementor-element elementor-element-6dfdcfa e-flex e-con-boxed e-con e-parent\" data-id=\"6dfdcfa\" data-element_type=\"container\" data-e-type=\"container\">\n\t\t\t\t\t<div class=\"e-con-inner\">\n\t\t\t\t<div class=\"elementor-element elementor-element-5589042 elementor-widget elementor-widget-spacer\" data-id=\"5589042\" data-element_type=\"widget\" data-e-type=\"widget\" data-widget_type=\"spacer.default\">\n\t\t\t\t<div class=\"elementor-widget-container\">\n\t\t\t\t\t\t\t<div class=\"elementor-spacer\">\n\t\t\t<div class=\"elementor-spacer-inner\"><\/div>\n\t\t<\/div>\n\t\t\t\t\t\t<\/div>\n\t\t\t\t<\/div>\n\t\t\t\t\t<\/div>\n\t\t\t\t<\/div>\n\t\t<div class=\"elementor-element elementor-element-46eca0c e-flex e-con-boxed e-con e-parent\" data-id=\"46eca0c\" data-element_type=\"container\" data-e-type=\"container\" data-settings=\"{&quot;background_background&quot;:&quot;classic&quot;}\">\n\t\t\t\t\t<div class=\"e-con-inner\">\n\t\t\t\t<div class=\"elementor-element elementor-element-81a07f2 elementor-widget__width-initial elementor-widget elementor-widget-text-editor\" data-id=\"81a07f2\" data-element_type=\"widget\" data-e-type=\"widget\" data-widget_type=\"text-editor.default\">\n\t\t\t\t<div class=\"elementor-widget-container\">\n\t\t\t\t\t\t\t\t\t<p>Clique no link abaixo para verificar quais as institui\u00e7\u00f5es internacionais com as quais a Poli tem conv\u00eanios, acordos e protocolos de inten\u00e7\u00e3o.<\/p>\t\t\t\t\t\t\t\t<\/div>\n\t\t\t\t<\/div>\n\t\t\t\t<div class=\"elementor-element elementor-element-f200a29 elementor-align-justify elementor-widget__width-initial elementor-widget elementor-widget-button\" data-id=\"f200a29\" data-element_type=\"widget\" data-e-type=\"widget\" data-widget_type=\"button.default\">\n\t\t\t\t<div class=\"elementor-widget-container\">\n\t\t\t\t\t\t\t\t\t<div class=\"elementor-button-wrapper\">\n\t\t\t\t\t<a class=\"elementor-button elementor-button-link elementor-size-sm elementor-animation-bounce-in\" href=\"https:\/\/www.poli.usp.br\/en\/internacional\/convenios-internacionais\/instituicoes-conveniadas\/\">\n\t\t\t\t\t\t<span class=\"elementor-button-content-wrapper\">\n\t\t\t\t\t\t\t\t\t<span class=\"elementor-button-text\">Institui\u00e7\u00f5es Conveniadas - POLI<\/span>\n\t\t\t\t\t<\/span>\n\t\t\t\t\t<\/a>\n\t\t\t\t<\/div>\n\t\t\t\t\t\t\t\t<\/div>\n\t\t\t\t<\/div>\n\t\t\t\t<div class=\"elementor-element elementor-element-4163006 elementor-widget elementor-widget-spacer\" data-id=\"4163006\" data-element_type=\"widget\" data-e-type=\"widget\" data-widget_type=\"spacer.default\">\n\t\t\t\t<div class=\"elementor-widget-container\">\n\t\t\t\t\t\t\t<div class=\"elementor-spacer\">\n\t\t\t<div class=\"elementor-spacer-inner\"><\/div>\n\t\t<\/div>\n\t\t\t\t\t\t<\/div>\n\t\t\t\t<\/div>\n\t\t\t\t\t<\/div>\n\t\t\t\t<\/div>\n\t\t<div class=\"elementor-element elementor-element-5210db7 e-flex e-con-boxed e-con e-parent\" data-id=\"5210db7\" data-element_type=\"container\" data-e-type=\"container\" data-settings=\"{&quot;background_background&quot;:&quot;classic&quot;}\">\n\t\t\t\t\t<div class=\"e-con-inner\">\n\t\t\t\t<div class=\"elementor-element elementor-element-89560b8 elementor-widget__width-initial elementor-widget elementor-widget-text-editor\" data-id=\"89560b8\" data-element_type=\"widget\" data-e-type=\"widget\" data-widget_type=\"text-editor.default\">\n\t\t\t\t<div class=\"elementor-widget-container\">\n\t\t\t\t\t\t\t\t\t<p>Tamb\u00e9m \u00e9 poss\u00edvel verificar os acordos da Poli e da USP, obtendo mais informa\u00e7\u00e3o ao acessar a p\u00e1gina da AUCANI: <a href=\"https:\/\/internationaloffice.usp.br\/index.php\/convenios\/instituicoes-conveniadas\/\"><span style=\"text-decoration: underline;\"><span style=\"color: #0000ff; text-decoration: underline;\">CONV\u00caNIOS<\/span><\/span><\/a><\/p>\t\t\t\t\t\t\t\t<\/div>\n\t\t\t\t<\/div>\n\t\t\t\t\t<\/div>\n\t\t\t\t<\/div>\n\t\t<div class=\"elementor-element elementor-element-21c17e5 e-flex e-con-boxed e-con e-parent\" data-id=\"21c17e5\" data-element_type=\"container\" data-e-type=\"container\">\n\t\t\t\t\t<div class=\"e-con-inner\">\n\t\t\t\t<div class=\"elementor-element elementor-element-d5e8cb0 elementor-widget elementor-widget-spacer\" data-id=\"d5e8cb0\" data-element_type=\"widget\" data-e-type=\"widget\" data-widget_type=\"spacer.default\">\n\t\t\t\t<div class=\"elementor-widget-container\">\n\t\t\t\t\t\t\t<div class=\"elementor-spacer\">\n\t\t\t<div class=\"elementor-spacer-inner\"><\/div>\n\t\t<\/div>\n\t\t\t\t\t\t<\/div>\n\t\t\t\t<\/div>\n\t\t\t\t<div class=\"elementor-element elementor-element-d7a0fa4 elementor-widget__width-initial elementor-widget elementor-widget-text-editor\" data-id=\"d7a0fa4\" data-element_type=\"widget\" data-e-type=\"widget\" data-widget_type=\"text-editor.default\">\n\t\t\t\t<div class=\"elementor-widget-container\">\n\t\t\t\t\t\t\t\t\t<p style=\"text-align: justify;\">Abaixo temos modelos de acordos e conv\u00eanios e procedimentos para a tramita\u00e7\u00e3o dos mesmos:<\/p>\t\t\t\t\t\t\t\t<\/div>\n\t\t\t\t<\/div>\n\t\t\t\t\t<\/div>\n\t\t\t\t<\/div>\n\t\t<div class=\"elementor-element elementor-element-6722eb50 e-flex e-con-boxed e-con e-parent\" data-id=\"6722eb50\" data-element_type=\"container\" data-e-type=\"container\">\n\t\t\t\t\t<div class=\"e-con-inner\">\n\t\t\t\t<div class=\"elementor-element elementor-element-565c24bf elementor-widget elementor-widget-spacer\" data-id=\"565c24bf\" data-element_type=\"widget\" data-e-type=\"widget\" data-widget_type=\"spacer.default\">\n\t\t\t\t<div class=\"elementor-widget-container\">\n\t\t\t\t\t\t\t<div class=\"elementor-spacer\">\n\t\t\t<div class=\"elementor-spacer-inner\"><\/div>\n\t\t<\/div>\n\t\t\t\t\t\t<\/div>\n\t\t\t\t<\/div>\n\t\t\t\t\t<\/div>\n\t\t\t\t<\/div>\n\t\t<div class=\"elementor-element elementor-element-590c8060 e-con-full e-flex e-con e-parent\" data-id=\"590c8060\" data-element_type=\"container\" data-e-type=\"container\">\n\t\t\t\t<div class=\"elementor-element elementor-element-6ab84dfa e-n-tabs-mobile elementor-widget elementor-widget-n-tabs\" data-id=\"6ab84dfa\" data-element_type=\"widget\" data-e-type=\"widget\" data-settings=\"{&quot;tabs_justify_horizontal&quot;:&quot;stretch&quot;,&quot;horizontal_scroll&quot;:&quot;disable&quot;}\" data-widget_type=\"nested-tabs.default\">\n\t\t\t\t<div class=\"elementor-widget-container\">\n\t\t\t\t\t\t\t<div class=\"e-n-tabs\" data-widget-number=\"1790463482\" aria-label=\"Abas. Abra itens com &quot;Enter&quot; ou &quot;Espa\u00e7o&quot;, feche com &quot;Escape&quot; e navegue usando as teclas de &quot;Seta&quot;.\">\n\t\t\t<div class=\"e-n-tabs-heading\" role=\"tablist\">\n\t\t\t\t\t<button id=\"e-n-tab-title-17904634821\" data-tab-title-id=\"e-n-tab-title-17904634821\" class=\"e-n-tab-title\" aria-selected=\"true\" data-tab-index=\"1\" role=\"tab\" tabindex=\"0\" aria-controls=\"e-n-tab-content-17904634821\" style=\"--n-tabs-title-order: 1;\">\n\t\t\t\t\t\t<span class=\"e-n-tab-title-text\">\n\t\t\t\tConv\u00eanios \/ Gradua\u00e7\u00e3o\t\t\t<\/span>\n\t\t<\/button>\n\t\t\t\t<button id=\"e-n-tab-title-17904634822\" data-tab-title-id=\"e-n-tab-title-17904634822\" class=\"e-n-tab-title\" aria-selected=\"false\" data-tab-index=\"2\" role=\"tab\" tabindex=\"-1\" aria-controls=\"e-n-tab-content-17904634822\" style=\"--n-tabs-title-order: 2;\">\n\t\t\t\t\t\t<span class=\"e-n-tab-title-text\">\n\t\t\t\tConv\u00eanios \/ P\u00f3s-Gradua\u00e7\u00e3o\t\t\t<\/span>\n\t\t<\/button>\n\t\t\t\t\t<\/div>\n\t\t\t<div class=\"e-n-tabs-content\">\n\t\t\t\t<div id=\"e-n-tab-content-17904634821\" role=\"tabpanel\" aria-labelledby=\"e-n-tab-title-17904634821\" data-tab-index=\"1\" style=\"--n-tabs-title-order: 1;\" class=\"e-active elementor-element elementor-element-15cdf82e e-con-full e-flex e-con e-child\" data-id=\"15cdf82e\" data-element_type=\"container\" data-e-type=\"container\">\n\t\t<div class=\"elementor-element elementor-element-2f3fe419 e-con-full e-flex e-con e-child\" data-id=\"2f3fe419\" data-element_type=\"container\" data-e-type=\"container\" data-settings=\"{&quot;background_background&quot;:&quot;classic&quot;}\">\n\t\t<div class=\"elementor-element elementor-element-67b44418 e-con-full e-flex e-con e-child\" data-id=\"67b44418\" data-element_type=\"container\" data-e-type=\"container\">\n\t\t\t\t<div class=\"elementor-element elementor-element-1bd33b15 elementor-widget elementor-widget-heading\" data-id=\"1bd33b15\" data-element_type=\"widget\" data-e-type=\"widget\" data-widget_type=\"heading.default\">\n\t\t\t\t<div class=\"elementor-widget-container\">\n\t\t\t\t\t<h2 class=\"elementor-heading-title elementor-size-default\">Modelos de Minutas de Conv\u00eanios (Modelo EPUSP):\n<\/h2>\t\t\t\t<\/div>\n\t\t\t\t<\/div>\n\t\t\t\t<div class=\"elementor-element elementor-element-4c13566d elementor-widget elementor-widget-text-editor\" data-id=\"4c13566d\" data-element_type=\"widget\" data-e-type=\"widget\" data-widget_type=\"text-editor.default\">\n\t\t\t\t<div class=\"elementor-widget-container\">\n\t\t\t\t\t\t\t\t\t<h5>(Atualizados em 18\/11\/2022)<\/h5><p><a href=\"https:\/\/www.poli.usp.br\/wp-content\/uploads\/2025\/Convenio-Academico-Internacional-Portugues-e-Espanhol_20_01_2026.docx\">Conv\u00eanio Acad\u00eamico Internacional &#8211; Portugu\u00eas e Espanhol<\/a><\/p><p><a href=\"https:\/\/www.poli.usp.br\/wp-content\/uploads\/2025\/Convenio-Academico-Internacional-Portugues-e-Frances_20_01_2026.docx\">Conv\u00eanio Acad\u00eamico Internaciona Portugu\u00eas e Franc\u00eas<\/a><\/p><p><a href=\"https:\/\/www.poli.usp.br\/wp-content\/uploads\/2025\/Convenio-Academico-Internacional-Portugues-e-Ingles_20_01_2026.docx\">Conv\u00eanio Acad\u00eamico Internacional &#8211; Portugu\u00eas e Ingl\u00eas<\/a><\/p><p><strong>Modelos de Minutas de Conv\u00eanios (Modelo AUCANI):\u00a0<a href=\"https:\/\/uspdigital.usp.br\/mundus\/conveniosinternacionaismodelos?codmnu=2058\">link<\/a><\/strong><\/p><p><strong>Guia para a Implementa\u00e7\u00e3o de Conv\u00eanio de Duplo Diploma \u2013 Gradua\u00e7\u00e3o:\u00a0<a href=\"http:\/\/www.usp.br\/internationaloffice\/wp-content\/uploads\/Guia-para-a-implementa%C3%A7%C3%A3o-de-Duplo-Diploma-Gradua%C3%A7%C3%A3o.pdf\">link<\/a><\/strong><\/p>\t\t\t\t\t\t\t\t<\/div>\n\t\t\t\t<\/div>\n\t\t\t\t<div class=\"elementor-element elementor-element-7bf6d800 elementor-widget elementor-widget-spacer\" data-id=\"7bf6d800\" data-element_type=\"widget\" data-e-type=\"widget\" data-widget_type=\"spacer.default\">\n\t\t\t\t<div class=\"elementor-widget-container\">\n\t\t\t\t\t\t\t<div class=\"elementor-spacer\">\n\t\t\t<div class=\"elementor-spacer-inner\"><\/div>\n\t\t<\/div>\n\t\t\t\t\t\t<\/div>\n\t\t\t\t<\/div>\n\t\t<div class=\"elementor-element elementor-element-5e5e6e22 e-con-full e-flex e-con e-child\" data-id=\"5e5e6e22\" data-element_type=\"container\" data-e-type=\"container\">\n\t\t\t\t<div class=\"elementor-element elementor-element-204fa2fd elementor-widget elementor-widget-heading\" data-id=\"204fa2fd\" data-element_type=\"widget\" data-e-type=\"widget\" data-widget_type=\"heading.default\">\n\t\t\t\t<div class=\"elementor-widget-container\">\n\t\t\t\t\t<h2 class=\"elementor-heading-title elementor-size-default\">Procedimento na Poli para tramita\u00e7\u00e3o de Conv\u00eanios Acad\u00eamicos Internacionais<\/h2>\t\t\t\t<\/div>\n\t\t\t\t<\/div>\n\t\t\t\t<div class=\"elementor-element elementor-element-e80bc87 elementor-widget elementor-widget-text-editor\" data-id=\"e80bc87\" data-element_type=\"widget\" data-e-type=\"widget\" data-widget_type=\"text-editor.default\">\n\t\t\t\t<div class=\"elementor-widget-container\">\n\t\t\t\t\t\t\t\t\t<p>No intuito de padronizarmos a tramita\u00e7\u00e3o de conv\u00eanios internacionais, elaboramos o seguinte documento.<\/p><p><strong>Para a tramita\u00e7\u00e3o de conv\u00eanios,\u00a0<span style=\"color: #ff0000;\">os docentes devem apresentar (minuta + of\u00edcio de encaminhamento + parecer):\u00a0 \u00a0 \u00a0 \u00a0 \u00a0 \u00a0 \u00a0<\/span><\/strong><\/p><p>1)\u00a0<strong>Minuta de conv\u00eanio:<\/strong><\/p><ul><li>em 4 vias sendo 2 em portugu\u00eas e 2 na l\u00edngua do pa\u00eds da Institui\u00e7\u00e3o de Ensino Superior no exterior ou em ingl\u00eas; ou<\/li><li>2 vias sendo o acordo que tem ambas as l\u00ednguas lado a lado, conforme nossos modelos (mais recomendado).<\/li><li>Na minuta, no(s) espa\u00e7o(s) apropriado(s), dever\u00e1 constar:<\/li><\/ul><p><span style=\"color: #000000;\">\u00a0 \u00a0 \u00a0 \u00a0 \u00a0 \u00a0 \u00a0\u00a0 \u00a0 \u00a0 \u00a0<\/span>(a) nome completo e endere\u00e7o da IES no exterior;<\/p><p><span style=\"color: #000000;\">\u00a0 \u00a0 \u00a0 \u00a0 \u00a0 \u00a0 \u00a0\u00a0 \u00a0 \u00a0 \u00a0<\/span>(b) o nome completo do coordenador brasileiro e estrangeiro do conv\u00eanio, e-mail e telefone;<\/p><p><span style=\"color: #000000;\">\u00a0 \u00a0 \u00a0 \u00a0 \u00a0 \u00a0 \u00a0\u00a0 \u00a0 \u00a0 \u00a0<\/span>(c) nome da(s) pessoa(s) de contato no Servi\u00e7o de Rela\u00e7\u00f5es Internacionais da Poli, a saber: Sra Mariana Caires Nunes, e-mail: <a href=\"mailto:crint.poli@usp.br\">crint.poli@usp.br<\/a> e telefone do Servi\u00e7o de Rela\u00e7\u00f5es Internacionais da Poli;<\/p><p><span style=\"color: #000000;\">\u00a0 \u00a0 \u00a0 \u00a0 \u00a0 \u00a0 \u00a0\u00a0 \u00a0 \u00a0 \u00a0<\/span>(d) nome completo da pessoa de contato no Escrit\u00f3rio Internacional da IES no exterior; e-mail e telefone.<\/p><p>2)\u00a0<strong>Of\u00edcio (papel timbrado) de ci\u00eancia da Chefia do Departamento ao qual o coordenador EPUSP pertence &#8211;\u00a0<\/strong><a href=\"https:\/\/www.poli.usp.br\/wp-content\/uploads\/2019\/05\/Carta-de-Encaminhamento-Modelo.doc\">Modelo de Of\u00edcio de encaminhamento<\/a><\/p><p>3)\u00a0<strong>Parecer &#8211;\u00a0<\/strong>\u00a0No Parecer sobre o Conv\u00eanio deve constar: (a) breve hist\u00f3rico da IES no exterior, dados estat\u00edsticos; (b) considera\u00e7\u00f5es sobre a import\u00e2ncia do conv\u00eanio para a EPUSP; (c) considera\u00e7\u00f5es finais sobre a aprova\u00e7\u00e3o quanto ao estabelecimento do conv\u00eanio.\u00a0<em>O Parecerista\u00a0n\u00e3o\u00a0pode ser o Coordenador do Conv\u00eanio.<\/em><\/p><p>\u00a0<\/p><p><span style=\"color: #fbbc04;\"><strong>Encaminhamento<\/strong><\/span><\/p><p>\u2022\u00a0A\u00a0<strong>Minuta<\/strong>\u00a0devidamente preenchida dever\u00e1 ser enviada para o e-mail\u00a0<a href=\"mailto:crint.poli@usp.br\">crint.poli@usp.br<\/a>\u00a0no formato\u00a0<strong>Word<\/strong>.<\/p><p>\u2022\u00a0O\u00a0<strong>Parecer<\/strong>\u00a0(em papel timbrado, devidamente assinado e datado) +\u00a0<strong>o of\u00edcio de ci\u00eancia da chefia do Departamento<\/strong>, dever\u00e3o ser enviados, no formato\u00a0<strong>PDF<\/strong>, para o e-mail:\u00a0<a href=\"mailto:crint.poli@usp.br\">crint.poli@usp.br<\/a>.<\/p><p>\u00a0<\/p><p><strong><span style=\"color: #fbbc04;\">Tramita\u00e7\u00e3o<\/span><\/strong><\/p><p>\u2022 O SVREInt-Poli abrir\u00e1 um Processo e incluir\u00e1 a Minuta + toda a documenta\u00e7\u00e3o solicitada, no Sistema Merc\u00fario.<\/p><p>\u2022 Conforme o conte\u00fado, a minuta ser\u00e1 tramitada nas seguintes Comiss\u00f5es da EPUSP:\u00a0 (1) Comiss\u00e3o de Rela\u00e7\u00f5es Internacionais; (2) Comiss\u00e3o de Gradua\u00e7\u00e3o ou Comiss\u00e3o de Pesquisa e finalmente CTA.<\/p><p>\u2022 Ap\u00f3s an\u00e1lise e aprova\u00e7\u00e3o pelas Comiss\u00f5es acima citadas, segue-se a tramita\u00e7\u00e3o na Reitoria: (1) Conselho Jur\u00eddico; (2) Conselho de Gradua\u00e7\u00e3o ou\u00a0 Conselho de Pesquisa.<\/p><p>\u2022 Ap\u00f3s todas as aprova\u00e7\u00f5es acima citadas, o SVREInt-Poli encaminha a minuta aprovada para assinatura na diretoria da EPUSP e depois na IES no exterior (o coordenador da EPUSP deve informar o endere\u00e7o da escola do exterior para envio das minutas).<\/p>\t\t\t\t\t\t\t\t<\/div>\n\t\t\t\t<\/div>\n\t\t\t\t<\/div>\n\t\t\t\t<\/div>\n\t\t\t\t<\/div>\n\t\t\t\t<\/div>\n\t\t<div id=\"e-n-tab-content-17904634822\" role=\"tabpanel\" aria-labelledby=\"e-n-tab-title-17904634822\" data-tab-index=\"2\" style=\"--n-tabs-title-order: 2;\" class=\"elementor-element elementor-element-27832b43 e-con-full e-flex e-con e-child\" data-id=\"27832b43\" data-element_type=\"container\" data-e-type=\"container\">\n\t\t<div class=\"elementor-element elementor-element-7aa48ddb e-con-full e-flex e-con e-child\" data-id=\"7aa48ddb\" data-element_type=\"container\" data-e-type=\"container\">\n\t\t\t\t<div class=\"elementor-element elementor-element-229052c7 elementor-widget elementor-widget-heading\" data-id=\"229052c7\" data-element_type=\"widget\" data-e-type=\"widget\" data-widget_type=\"heading.default\">\n\t\t\t\t<div class=\"elementor-widget-container\">\n\t\t\t\t\t<h2 class=\"elementor-heading-title elementor-size-default\">Procedimento na Poli para tramita\u00e7\u00e3o de Dupla Titula\u00e7\u00e3o na P\u00f3s-Gradua\u00e7\u00e3o<\/h2>\t\t\t\t<\/div>\n\t\t\t\t<\/div>\n\t\t\t\t<div class=\"elementor-element elementor-element-4dbfaf93 elementor-widget elementor-widget-text-editor\" data-id=\"4dbfaf93\" data-element_type=\"widget\" data-e-type=\"widget\" data-widget_type=\"text-editor.default\">\n\t\t\t\t<div class=\"elementor-widget-container\">\n\t\t\t\t\t\t\t\t\t<p><strong>1)<\/strong>\u00a0As\u00a0<strong>orienta\u00e7\u00f5es para o estabelecimento de Conv\u00eanio<\/strong>\u00a0de Dupla Titula\u00e7\u00e3o est\u00e3o descritas no site da Pr\u00f3-Reitoria de P\u00f3s-Gradua\u00e7\u00e3o e podem ser encontradas no link abaixo:<\/p><p><a href=\"http:\/\/www.prpg.usp.br\/index.php\/pt-br\/internacionalizacao\/dupla-multipla-titulacao\">http:\/\/www.prpg.usp.br\/index.php\/pt-br\/internacionalizacao\/dupla-multipla-titulacao<\/a><\/p><p><strong>2)<\/strong>\u00a0<strong>Modelos de Minutas\u00a0 e Termos de Compromisso<\/strong>\u00a0da Pr\u00f3-Reitoria de P\u00f3s-Gradua\u00e7\u00e3o (est\u00e3o na tabela ao final da p\u00e1gina):<\/p><p><a href=\"http:\/\/www.prpg.usp.br\/index.php\/pt-br\/apoio-administrativo\/editais\">http:\/\/www.prpg.usp.br\/index.php\/pt-br\/apoio-administrativo\/editais<\/a><\/p><p>3) Segue abaixo um\u00a0<strong>material de apoio e contato<\/strong>\u00a0dos respons\u00e1veis na Pr\u00f3-Reitoria para eventuais d\u00favidas quanto ao conteudo do acordo:<\/p><p><a href=\"http:\/\/www.prpg.usp.br\/attachments\/article\/43\/OficinaDTabril2019.pdf\">http:\/\/www.prpg.usp.br\/attachments\/article\/43\/OficinaDTabril2019.pdf<\/a><\/p>\t\t\t\t\t\t\t\t<\/div>\n\t\t\t\t<\/div>\n\t\t\t\t<\/div>\n\t\t\t\t<\/div>\n\t\t\t\t\t<\/div>\n\t\t<\/div>\n\t\t\t\t\t\t<\/div>\n\t\t\t\t<\/div>\n\t\t\t\t<\/div>\n\t\t\t\t<\/div>","protected":false},"excerpt":{"rendered":"<p>CONV\u00caNIOS INTERNACIONAIS O Servi\u00e7o de Rela\u00e7\u00f5es Internacionais da Poli \u00e9 respons\u00e1vel pelo encaminhamento e tramita\u00e7\u00e3o de Acordos de Coopera\u00e7\u00e3o Acad\u00eamica e Conv\u00eanios Acad\u00eamicos Internacionais para Interc\u00e2mbio de Docentes, Pesquisadores, Estudantes [&hellip;]<\/p>\n","protected":false},"author":10,"featured_media":0,"parent":3646,"menu_order":3,"comment_status":"closed","ping_status":"closed","template":"","meta":{"event_title":"","event_details":"","event_timezone":"","event_gmap":"","event_image":"","event_image_url":"","event_calendar_link":"","event_location":"","event_datetime_with_summary":"","event_datetime":"","event_date":"","event_time":"","event_date_type":"","event_rulesummary":"","event_ticket_rsvp":"","event_capacity":"","event_capacity_remaining":"","event_capacity_sold":"","event_sold_out":"","event_low_stock":"","event_ticket_count":"","event_ticket_summary":"","event_sales_start":"","event_sales_end":"","event_ticket_price_from":"","event_ticket_price_to":"","event_ticket_price_range":"","event_date_year":"","event_date_month":"","event_date_month_short":"","event_date_day":"","event_date_day_name":"","event_date_iso":"","event_rsvp_capacity":"","event_rsvp_remaining":"","event_rsvp_going":"","event_rsvp_full":"","footnotes":""},"coauthors":[211,1590],"class_list":["post-2291","page","type-page","status-publish","hentry"],"_links":{"self":[{"href":"https:\/\/www.poli.usp.br\/en\/wp-json\/wp\/v2\/pages\/2291","targetHints":{"allow":["GET"]}}],"collection":[{"href":"https:\/\/www.poli.usp.br\/en\/wp-json\/wp\/v2\/pages"}],"about":[{"href":"https:\/\/www.poli.usp.br\/en\/wp-json\/wp\/v2\/types\/page"}],"author":[{"embeddable":true,"href":"https:\/\/www.poli.usp.br\/en\/wp-json\/wp\/v2\/users\/10"}],"replies":[{"embeddable":true,"href":"https:\/\/www.poli.usp.br\/en\/wp-json\/wp\/v2\/comments?post=2291"}],"version-history":[{"count":47,"href":"https:\/\/www.poli.usp.br\/en\/wp-json\/wp\/v2\/pages\/2291\/revisions"}],"predecessor-version":[{"id":147475,"href":"https:\/\/www.poli.usp.br\/en\/wp-json\/wp\/v2\/pages\/2291\/revisions\/147475"}],"up":[{"embeddable":true,"href":"https:\/\/www.poli.usp.br\/en\/wp-json\/wp\/v2\/pages\/3646"}],"wp:attachment":[{"href":"https:\/\/www.poli.usp.br\/en\/wp-json\/wp\/v2\/media?parent=2291"}],"wp:term":[{"taxonomy":"author","embeddable":true,"href":"https:\/\/www.poli.usp.br\/en\/wp-json\/wp\/v2\/coauthors?post=2291"}],"curies":[{"name":"wp","href":"https:\/\/api.w.org\/{rel}","templated":true}]}}