{"id":346,"date":"2010-03-15T12:13:51","date_gmt":"2010-03-15T15:13:51","guid":{"rendered":"https:\/\/www.poli.usp.br\/relacoes-internacionais\/atendimento-ao-aluno\/346-contato-2.html"},"modified":"2026-01-06T15:28:46","modified_gmt":"2026-01-06T18:28:46","slug":"contato-2","status":"publish","type":"page","link":"https:\/\/www.poli.usp.br\/en\/internacional\/intercambios-e-procedimentos\/contato-2\/","title":{"rendered":"Quem Somos e Contato"},"content":{"rendered":"\t\t<div data-elementor-type=\"wp-page\" data-elementor-id=\"346\" class=\"elementor elementor-346\" data-elementor-post-type=\"page\">\n\t\t\t\t<div class=\"elementor-element elementor-element-378fc9e e-flex e-con-boxed e-con e-parent\" data-id=\"378fc9e\" data-element_type=\"container\" data-e-type=\"container\" data-settings=\"{&quot;background_background&quot;:&quot;classic&quot;}\">\n\t\t\t\t\t<div class=\"e-con-inner\">\n\t\t<div class=\"elementor-element elementor-element-49f47fd6 e-con-full e-flex e-con e-child\" data-id=\"49f47fd6\" data-element_type=\"container\" data-e-type=\"container\">\n\t\t\t\t<div class=\"elementor-element elementor-element-79d19e36 elementor-widget elementor-widget-spacer\" data-id=\"79d19e36\" data-element_type=\"widget\" data-e-type=\"widget\" data-widget_type=\"spacer.default\">\n\t\t\t\t<div class=\"elementor-widget-container\">\n\t\t\t\t\t\t\t<div class=\"elementor-spacer\">\n\t\t\t<div class=\"elementor-spacer-inner\"><\/div>\n\t\t<\/div>\n\t\t\t\t\t\t<\/div>\n\t\t\t\t<\/div>\n\t\t\t\t<div class=\"elementor-element elementor-element-227fccc4 elementor-widget elementor-widget-heading\" data-id=\"227fccc4\" data-element_type=\"widget\" data-e-type=\"widget\" data-widget_type=\"heading.default\">\n\t\t\t\t<div class=\"elementor-widget-container\">\n\t\t\t\t\t<h2 class=\"elementor-heading-title elementor-size-default\">Servi\u00e7o de Rela\u00e7\u00f5es Internacionais<\/h2>\t\t\t\t<\/div>\n\t\t\t\t<\/div>\n\t\t\t\t<div class=\"elementor-element elementor-element-41a8b0b5 elementor-widget elementor-widget-spacer\" data-id=\"41a8b0b5\" data-element_type=\"widget\" data-e-type=\"widget\" data-widget_type=\"spacer.default\">\n\t\t\t\t<div class=\"elementor-widget-container\">\n\t\t\t\t\t\t\t<div class=\"elementor-spacer\">\n\t\t\t<div class=\"elementor-spacer-inner\"><\/div>\n\t\t<\/div>\n\t\t\t\t\t\t<\/div>\n\t\t\t\t<\/div>\n\t\t\t\t<div class=\"elementor-element elementor-element-6bb1bafa elementor-widget elementor-widget-text-editor\" data-id=\"6bb1bafa\" data-element_type=\"widget\" data-e-type=\"widget\" data-widget_type=\"text-editor.default\">\n\t\t\t\t<div class=\"elementor-widget-container\">\n\t\t\t\t\t\t\t\t\t<p>Al\u00e9m de assessorar a Diretoria da Escola Polit\u00e9cnica da USP em rela\u00e7\u00e3o a internacionaliza\u00e7\u00e3o, \u00e9 respons\u00e1vel pela log\u00edstica dos programas de mobilidade internacionais de alunos de gradua\u00e7\u00e3o, majoritariamente, e\u00a0 orienta\u00e7\u00e3o de alunos de p\u00f3s-gradua\u00e7\u00e3o, professores e pesquisadores. O principal objetivo do setor \u00e9 estabelecer parcerias internacionais com renomadas Institui\u00e7\u00f5es de Ensino Superior (IES) no exterior proporcionando uma maior mobilidade, fazendo com que os alunos, membros do corpo docente e funcion\u00e1rios possam conviver com pessoas de diferentes origens e vivenciar ambientes multiculturais.<\/p>\t\t\t\t\t\t\t\t<\/div>\n\t\t\t\t<\/div>\n\t\t\t\t<\/div>\n\t\t<div class=\"elementor-element elementor-element-467b97ba e-con-full e-flex e-con e-child\" data-id=\"467b97ba\" data-element_type=\"container\" data-e-type=\"container\" data-settings=\"{&quot;background_background&quot;:&quot;slideshow&quot;,&quot;background_slideshow_gallery&quot;:[{&quot;id&quot;:3,&quot;url&quot;:&quot;https:\\\/\\\/www.poli.usp.br\\\/wp-content\\\/uploads\\\/1970\\\/01\\\/media_download_crint_poli-io-flags-2.jpg&quot;}],&quot;background_slideshow_loop&quot;:&quot;yes&quot;,&quot;background_slideshow_slide_duration&quot;:5000,&quot;background_slideshow_slide_transition&quot;:&quot;fade&quot;,&quot;background_slideshow_transition_duration&quot;:500}\">\n\t\t\t\t<\/div>\n\t\t\t\t\t<\/div>\n\t\t\t\t<\/div>\n\t\t<div class=\"elementor-element elementor-element-ba95e84 e-flex e-con-boxed e-con e-parent\" data-id=\"ba95e84\" data-element_type=\"container\" data-e-type=\"container\" data-settings=\"{&quot;background_background&quot;:&quot;classic&quot;}\">\n\t\t\t\t\t<div class=\"e-con-inner\">\n\t\t<div class=\"elementor-element elementor-element-f365733 e-con-full e-flex e-con e-child\" data-id=\"f365733\" data-element_type=\"container\" data-e-type=\"container\">\n\t\t<div class=\"elementor-element elementor-element-abe9cd3 e-con-full e-flex e-con e-child\" data-id=\"abe9cd3\" data-element_type=\"container\" data-e-type=\"container\">\n\t\t\t\t<div class=\"elementor-element elementor-element-a165c40 elementor-widget__width-inherit elementor-alert-info elementor-widget elementor-widget-alert\" data-id=\"a165c40\" data-element_type=\"widget\" data-e-type=\"widget\" data-widget_type=\"alert.default\">\n\t\t\t\t<div class=\"elementor-widget-container\">\n\t\t\t\t\t\t\t<div class=\"elementor-alert\" role=\"alert\">\n\n\t\t\t\t\t\t<span class=\"elementor-alert-title\">Hor\u00e1rio de Atendimento Presencial:<\/span>\n\t\t\t\n\t\t\t\t\t\t<span class=\"elementor-alert-description\">Alunos:\u00a02\u00aa a 6\u00aa feiras, das 9h \u00e0s 12h\n<bR>\nProfessores e Parcerias:\u00a02\u00aa a 6\u00aa feiras, das 8h \u00e0s 17h<\/span>\n\t\t\t\n\t\t\t\n\t\t<\/div>\n\t\t\t\t\t\t<\/div>\n\t\t\t\t<\/div>\n\t\t\t\t<\/div>\n\t\t\t\t<\/div>\n\t\t\t\t\t<\/div>\n\t\t\t\t<\/div>\n\t\t<div class=\"elementor-element elementor-element-802422a e-con-full e-flex e-con e-child\" data-id=\"802422a\" data-element_type=\"container\" data-e-type=\"container\" data-settings=\"{&quot;background_background&quot;:&quot;classic&quot;}\">\n\t\t\t\t<div class=\"elementor-element elementor-element-2419593 elementor-widget elementor-widget-spacer\" data-id=\"2419593\" data-element_type=\"widget\" data-e-type=\"widget\" data-widget_type=\"spacer.default\">\n\t\t\t\t<div class=\"elementor-widget-container\">\n\t\t\t\t\t\t\t<div class=\"elementor-spacer\">\n\t\t\t<div class=\"elementor-spacer-inner\"><\/div>\n\t\t<\/div>\n\t\t\t\t\t\t<\/div>\n\t\t\t\t<\/div>\n\t\t\t\t<\/div>\n\t\t<div class=\"elementor-element elementor-element-3413d18 e-flex e-con-boxed e-con e-parent\" data-id=\"3413d18\" data-element_type=\"container\" data-e-type=\"container\">\n\t\t\t\t\t<div class=\"e-con-inner\">\n\t\t\t\t<div class=\"elementor-element elementor-element-224953c elementor-widget elementor-widget-heading\" data-id=\"224953c\" data-element_type=\"widget\" data-e-type=\"widget\" data-widget_type=\"heading.default\">\n\t\t\t\t<div class=\"elementor-widget-container\">\n\t\t\t\t\t<h2 class=\"elementor-heading-title elementor-size-default\">Comiss\u00e3o de Rela\u00e7\u00f5es Internacionais<\/h2>\t\t\t\t<\/div>\n\t\t\t\t<\/div>\n\t\t\t\t<div class=\"elementor-element elementor-element-46738bd elementor-widget__width-initial elementor-widget elementor-widget-text-editor\" data-id=\"46738bd\" data-element_type=\"widget\" data-e-type=\"widget\" data-widget_type=\"text-editor.default\">\n\t\t\t\t<div class=\"elementor-widget-container\">\n\t\t\t\t\t\t\t\t\t<p style=\"text-align: justify;\">A Comiss\u00e3o de Rela\u00e7\u00f5es Internacionais (CRInt-Poli) \u00e9 composta por professores da Poli e tem como principal fun\u00e7\u00e3o assessorar a Diretoria em assuntos ligados a internacionaliza\u00e7\u00e3o. Os membros da CRInt-Poli s\u00e3o designados pelo Diretor da Poli atrav\u00e9s de Portaria. A CRInt-Poli \u00e9 formada por um presidente, um vice-presidente e por docentes dos diversos departamentos de ensino e pesquisa da Poli.<\/p>\t\t\t\t\t\t\t\t<\/div>\n\t\t\t\t<\/div>\n\t\t\t\t\t<\/div>\n\t\t\t\t<\/div>\n\t\t<div class=\"elementor-element elementor-element-8da34c8 e-flex e-con-boxed e-con e-parent\" data-id=\"8da34c8\" data-element_type=\"container\" data-e-type=\"container\">\n\t\t\t\t\t<div class=\"e-con-inner\">\n\t\t\t\t<div class=\"elementor-element elementor-element-970889d elementor-widget elementor-widget-heading\" data-id=\"970889d\" data-element_type=\"widget\" data-e-type=\"widget\" data-widget_type=\"heading.default\">\n\t\t\t\t<div class=\"elementor-widget-container\">\n\t\t\t\t\t<h2 class=\"elementor-heading-title elementor-size-default\">Membros<\/h2>\t\t\t\t<\/div>\n\t\t\t\t<\/div>\n\t\t\t\t<div class=\"elementor-element elementor-element-0b211e2 elementor-widget__width-initial elementor-widget elementor-widget-text-editor\" data-id=\"0b211e2\" data-element_type=\"widget\" data-e-type=\"widget\" data-widget_type=\"text-editor.default\">\n\t\t\t\t<div class=\"elementor-widget-container\">\n\t\t\t\t\t\t\t\t\t<p style=\"text-align: justify;\">Prof. Dr. M\u00e1rcio Lobo Netto \u2013 Presidente \u2013 PSI<\/p><p style=\"text-align: justify;\">Prof. Dr. Fernando Josepetti Fonseca \u2013 Vice-Presidente \u2013 PSI<\/p><p style=\"text-align: justify;\">Prof. Dr. Arturo Forner Cordeiro \u2013 PMR<\/p><p style=\"text-align: justify;\">Prof. Dr. Cl\u00f3vis Alvarenga Netto \u2013 PRO<\/p><p style=\"text-align: justify;\">Prof. Dr. Davi Noburo Nakano \u2013 PRO<\/p><p style=\"text-align: justify;\">Prof. Dr. Jos\u00e9 Rodolfo Scarati Martins \u2013 PHA<\/p><p style=\"text-align: justify;\">Prof. Dr. Liang-Yee Cheng \u2013 PCC<\/p><p style=\"text-align: justify;\">Prof. Dr. Marcelo Augusto Leal Alves \u2013 PME<\/p><p style=\"text-align: justify;\">Prof. Dr. Nelson Kagan \u2013 PEA<\/p><p style=\"text-align: justify;\">Profa. Dra. Patr\u00edcia Schmid Calv\u00e3o \u2013 PMT<\/p><p style=\"text-align: justify;\">Portaria DIR 2973\/2022\u00a0\u2013 Comiss\u00e3o de Rela\u00e7\u00e3o Internacionais<\/p>\t\t\t\t\t\t\t\t<\/div>\n\t\t\t\t<\/div>\n\t\t\t\t\t<\/div>\n\t\t\t\t<\/div>\n\t\t<div class=\"elementor-element elementor-element-9b910cd e-flex e-con-boxed e-con e-parent\" data-id=\"9b910cd\" data-element_type=\"container\" data-e-type=\"container\">\n\t\t\t\t\t<div class=\"e-con-inner\">\n\t\t\t\t<div class=\"elementor-element elementor-element-9123cab elementor-widget elementor-widget-spacer\" data-id=\"9123cab\" data-element_type=\"widget\" data-e-type=\"widget\" data-widget_type=\"spacer.default\">\n\t\t\t\t<div class=\"elementor-widget-container\">\n\t\t\t\t\t\t\t<div class=\"elementor-spacer\">\n\t\t\t<div class=\"elementor-spacer-inner\"><\/div>\n\t\t<\/div>\n\t\t\t\t\t\t<\/div>\n\t\t\t\t<\/div>\n\t\t\t\t\t<\/div>\n\t\t\t\t<\/div>\n\t\t<div class=\"elementor-element elementor-element-53c58f6 e-flex e-con-boxed e-con e-parent\" data-id=\"53c58f6\" data-element_type=\"container\" data-e-type=\"container\" data-settings=\"{&quot;background_background&quot;:&quot;classic&quot;}\">\n\t\t\t\t\t<div class=\"e-con-inner\">\n\t\t<div class=\"elementor-element elementor-element-c954401 e-con-full e-flex e-con e-child\" data-id=\"c954401\" data-element_type=\"container\" data-e-type=\"container\">\n\t\t<div class=\"elementor-element elementor-element-27b1cb3 e-con-full e-flex e-con e-child\" data-id=\"27b1cb3\" data-element_type=\"container\" data-e-type=\"container\">\n\t\t\t\t<div class=\"elementor-element elementor-element-7eb1365 elementor-widget elementor-widget-heading\" data-id=\"7eb1365\" data-element_type=\"widget\" data-e-type=\"widget\" data-widget_type=\"heading.default\">\n\t\t\t\t<div class=\"elementor-widget-container\">\n\t\t\t\t\t<h2 class=\"elementor-heading-title elementor-size-default\">Contato<\/h2>\t\t\t\t<\/div>\n\t\t\t\t<\/div>\n\t\t\t\t<\/div>\n\t\t<div class=\"elementor-element elementor-element-0a430c5 e-con-full e-flex e-con e-child\" data-id=\"0a430c5\" data-element_type=\"container\" data-e-type=\"container\">\n\t\t\t\t<div class=\"elementor-element elementor-element-c93433d elementor-widget elementor-widget-text-editor\" data-id=\"c93433d\" data-element_type=\"widget\" data-e-type=\"widget\" data-widget_type=\"text-editor.default\">\n\t\t\t\t<div class=\"elementor-widget-container\">\n\t\t\t\t\t\t\t\t\t<p><strong>Telefones:<\/strong><\/p><p>+55 11 3091-1828 \/ +55 11 3091-1868 \/\u00a0+55 11 3091-5751<\/p><p><strong>E-mail:\u00a0<\/strong><a href=\"mailto:crint.poli@usp.br\" target=\"_blank\" rel=\"noopener noreferrer\">crint.poli@usp.br<\/a><\/p>\t\t\t\t\t\t\t\t<\/div>\n\t\t\t\t<\/div>\n\t\t\t\t<\/div>\n\t\t<div class=\"elementor-element elementor-element-965dbc8 e-con-full e-flex e-con e-child\" data-id=\"965dbc8\" data-element_type=\"container\" data-e-type=\"container\">\n\t\t\t\t<div class=\"elementor-element elementor-element-b10cab4 elementor-widget__width-initial elementor-widget elementor-widget-text-editor\" data-id=\"b10cab4\" data-element_type=\"widget\" data-e-type=\"widget\" data-widget_type=\"text-editor.default\">\n\t\t\t\t<div class=\"elementor-widget-container\">\n\t\t\t\t\t\t\t\t\t<p><strong>Endere\u00e7o:<\/strong><br \/>Servi\u00e7o de Rela\u00e7\u00f5es Internacionais &#8211; Escola Polit\u00e9cnica da USP Av. Prof. Luciano Gualberto, Trav. do Polit\u00e9cnico, n\u00ba 380 05508-010 &#8211; S\u00e3o Paulo &#8211; SP &#8211; Brasil<\/p>\t\t\t\t\t\t\t\t<\/div>\n\t\t\t\t<\/div>\n\t\t\t\t<div class=\"elementor-element elementor-element-e7f2b78 elementor-widget elementor-widget-n-accordion\" data-id=\"e7f2b78\" data-element_type=\"widget\" data-e-type=\"widget\" data-settings=\"{&quot;default_state&quot;:&quot;all_collapsed&quot;,&quot;max_items_expended&quot;:&quot;one&quot;,&quot;n_accordion_animation_duration&quot;:{&quot;unit&quot;:&quot;ms&quot;,&quot;size&quot;:400,&quot;sizes&quot;:[]}}\" data-widget_type=\"nested-accordion.default\">\n\t\t\t\t<div class=\"elementor-widget-container\">\n\t\t\t\t\t\t\t<div class=\"e-n-accordion\" aria-label=\"Accordion. Open links with Enter or Space, close with Escape, and navigate with Arrow Keys\">\n\t\t\t\t\t\t<details id=\"e-n-accordion-item-2430\" class=\"e-n-accordion-item\" >\n\t\t\t\t<summary class=\"e-n-accordion-item-title\" data-accordion-index=\"1\" tabindex=\"0\" aria-expanded=\"false\" aria-controls=\"e-n-accordion-item-2430\" >\n\t\t\t\t\t<span class='e-n-accordion-item-title-header'><div class=\"e-n-accordion-item-title-text\"> Mapa <\/div><\/span>\n\t\t\t\t\t\t\t<span class='e-n-accordion-item-title-icon'>\n\t\t\t<span class='e-opened' ><i aria-hidden=\"true\" class=\"fas fa-minus\"><\/i><\/span>\n\t\t\t<span class='e-closed'><i aria-hidden=\"true\" class=\"fas fa-plus\"><\/i><\/span>\n\t\t<\/span>\n\n\t\t\t\t\t\t<\/summary>\n\t\t\t\t<div role=\"region\" aria-labelledby=\"e-n-accordion-item-2430\" class=\"elementor-element elementor-element-3015bbd e-con-full e-flex e-con e-child\" data-id=\"3015bbd\" data-element_type=\"container\" data-e-type=\"container\">\n\t\t\t\t<div class=\"elementor-element elementor-element-b97ebb7 elementor-widget elementor-widget-google_maps\" data-id=\"b97ebb7\" data-element_type=\"widget\" data-e-type=\"widget\" data-widget_type=\"google_maps.default\">\n\t\t\t\t<div class=\"elementor-widget-container\">\n\t\t\t\t\t\t\t<div class=\"elementor-custom-embed\">\n\t\t\t<iframe loading=\"lazy\"\n\t\t\t\t\tsrc=\"https:\/\/maps.google.com\/maps?q=Escola%20Polit%C3%A9cnica%20da%20USP%20Av.%20Prof.%20Luciano%20Gualberto%2C%20Trav.%20do%20Polit%C3%A9cnico%2C%20n%C2%BA%20380%2005508-010%20-%20S%C3%A3o%20Paulo%20-%20SP%20-%20Brasil&#038;t=m&#038;z=15&#038;output=embed&#038;iwloc=near\"\n\t\t\t\t\ttitle=\"Escola Polit\u00e9cnica da USP Av. Prof. Luciano Gualberto, Trav. do Polit\u00e9cnico, n\u00ba 380 05508-010 - S\u00e3o Paulo - SP - Brasil\"\n\t\t\t\t\taria-label=\"Escola Polit\u00e9cnica da USP Av. Prof. Luciano Gualberto, Trav. do Polit\u00e9cnico, n\u00ba 380 05508-010 - S\u00e3o Paulo - SP - Brasil\"\n\t\t\t><\/iframe>\n\t\t<\/div>\n\t\t\t\t\t\t<\/div>\n\t\t\t\t<\/div>\n\t\t\t\t<\/div>\n\t\t\t\t\t<\/details>\n\t\t\t\t\t<\/div>\n\t\t\t\t\t\t<\/div>\n\t\t\t\t<\/div>\n\t\t\t\t<\/div>\n\t\t\t\t<\/div>\n\t\t\t\t\t<\/div>\n\t\t\t\t<\/div>\n\t\t<div class=\"elementor-element elementor-element-5d21b40 e-flex e-con-boxed e-con e-parent\" data-id=\"5d21b40\" data-element_type=\"container\" data-e-type=\"container\">\n\t\t\t\t\t<div class=\"e-con-inner\">\n\t\t\t\t<div class=\"elementor-element elementor-element-a6a849f elementor-widget elementor-widget-spacer\" data-id=\"a6a849f\" data-element_type=\"widget\" data-e-type=\"widget\" data-widget_type=\"spacer.default\">\n\t\t\t\t<div class=\"elementor-widget-container\">\n\t\t\t\t\t\t\t<div class=\"elementor-spacer\">\n\t\t\t<div class=\"elementor-spacer-inner\"><\/div>\n\t\t<\/div>\n\t\t\t\t\t\t<\/div>\n\t\t\t\t<\/div>\n\t\t\t\t\t<\/div>\n\t\t\t\t<\/div>\n\t\t<div class=\"elementor-element elementor-element-7e18535 e-flex e-con-boxed e-con e-parent\" data-id=\"7e18535\" data-element_type=\"container\" data-e-type=\"container\" data-settings=\"{&quot;background_background&quot;:&quot;classic&quot;}\">\n\t\t\t\t\t<div class=\"e-con-inner\">\n\t\t<div class=\"elementor-element elementor-element-1632e91 e-con-full e-flex e-con e-child\" data-id=\"1632e91\" data-element_type=\"container\" data-e-type=\"container\">\n\t\t\t\t<div class=\"elementor-element elementor-element-ce64854 elementor-widget elementor-widget-heading\" data-id=\"ce64854\" data-element_type=\"widget\" data-e-type=\"widget\" data-widget_type=\"heading.default\">\n\t\t\t\t<div class=\"elementor-widget-container\">\n\t\t\t\t\t<h2 class=\"elementor-heading-title elementor-size-default\">Equipe<\/h2>\t\t\t\t<\/div>\n\t\t\t\t<\/div>\n\t\t\t\t<div class=\"elementor-element elementor-element-2d4273e elementor-view-default elementor-widget elementor-widget-icon\" data-id=\"2d4273e\" data-element_type=\"widget\" data-e-type=\"widget\" data-widget_type=\"icon.default\">\n\t\t\t\t<div class=\"elementor-widget-container\">\n\t\t\t\t\t\t\t<div class=\"elementor-icon-wrapper\">\n\t\t\t<div class=\"elementor-icon\">\n\t\t\t<i aria-hidden=\"true\" class=\"icofont icofont-people\"><\/i>\t\t\t<\/div>\n\t\t<\/div>\n\t\t\t\t\t\t<\/div>\n\t\t\t\t<\/div>\n\t\t\t\t<\/div>\n\t\t<div class=\"elementor-element elementor-element-cc247e5 e-con-full e-flex e-con e-child\" data-id=\"cc247e5\" data-element_type=\"container\" data-e-type=\"container\">\n\t\t\t\t<div class=\"elementor-element elementor-element-7cdb353 elementor-widget elementor-widget-text-editor\" data-id=\"7cdb353\" data-element_type=\"widget\" data-e-type=\"widget\" data-widget_type=\"text-editor.default\">\n\t\t\t\t<div class=\"elementor-widget-container\">\n\t\t\t\t\t\t\t\t\t<p><strong>Respons\u00e1vel \/ Exchange Coordinator and Head of the office<\/strong><\/p><p>Mariana C. Nunes<\/p><p><b>Recep\u00e7\u00e3o de Alunos Estrangeiros \/ Incoming and Outgoing Students<\/b><\/p><p><span style=\"color: var( --e-global-color-text );\">Beleza Matsuoka<\/span><\/p><p><span style=\"color: var( --e-global-color-text );\"><b>Conv\u00eanios e Vi<\/b><\/span><b style=\"color: var( --e-global-color-text );\">sitas de Delega\u00e7\u00f5es Estrangeiras \/ International Affairs and Visits<\/b><\/p><p><span style=\"color: var( --e-global-color-text );\">Anita de Souza Lazarim<\/span><\/p><p>Henrique Valiente da Silva<\/p>\t\t\t\t\t\t\t\t<\/div>\n\t\t\t\t<\/div>\n\t\t\t\t<\/div>\n\t\t<div class=\"elementor-element elementor-element-0a043bf e-con-full e-flex e-con e-child\" data-id=\"0a043bf\" data-element_type=\"container\" data-e-type=\"container\">\n\t\t\t\t<div class=\"elementor-element elementor-element-9106730 elementor-widget elementor-widget-text-editor\" data-id=\"9106730\" data-element_type=\"widget\" data-e-type=\"widget\" data-widget_type=\"text-editor.default\">\n\t\t\t\t<div class=\"elementor-widget-container\">\n\t\t\t\t\t\t\t\t\t<p><strong>Colaboradora \/ Collaborator<\/strong><\/p><p>Camila Mascarenhas<\/p><p><strong><span style=\"color: var( --e-global-color-text );\">Estagi\u00e1rio \/ Intern<\/span><\/strong><\/p><p>Pedro Henrique Valiente da Silva<\/p>\t\t\t\t\t\t\t\t<\/div>\n\t\t\t\t<\/div>\n\t\t\t\t<\/div>\n\t\t\t\t\t<\/div>\n\t\t\t\t<\/div>\n\t\t\t\t<\/div>\n\t\t","protected":false},"excerpt":{"rendered":"<p>Servi\u00e7o de Rela\u00e7\u00f5es Internacionais Al\u00e9m de assessorar a Diretoria da Escola Polit\u00e9cnica da USP em rela\u00e7\u00e3o a internacionaliza\u00e7\u00e3o, \u00e9 respons\u00e1vel pela log\u00edstica dos programas de mobilidade internacionais de alunos de [&hellip;]<\/p>\n","protected":false},"author":10,"featured_media":78685,"parent":5923,"menu_order":9,"comment_status":"closed","ping_status":"closed","template":"","meta":{"event_title":"","event_details":"","event_timezone":"","event_gmap":"","event_image":"","event_image_url":"","event_calendar_link":"","event_location":"","event_datetime_with_summary":"","event_datetime":"","event_date":"","event_time":"","event_date_type":"","event_rulesummary":"","event_ticket_rsvp":"","event_capacity":"","event_capacity_remaining":"","event_capacity_sold":"","event_sold_out":"","event_low_stock":"","event_ticket_count":"","event_ticket_summary":"","event_sales_start":"","event_sales_end":"","event_ticket_price_from":"","event_ticket_price_to":"","event_ticket_price_range":"","event_date_year":"","event_date_month":"","event_date_month_short":"","event_date_day":"","event_date_day_name":"","event_date_iso":"","event_rsvp_capacity":"","event_rsvp_remaining":"","event_rsvp_going":"","event_rsvp_full":"","footnotes":""},"coauthors":[211,233,210],"class_list":["post-346","page","type-page","status-publish","has-post-thumbnail","hentry"],"_links":{"self":[{"href":"https:\/\/www.poli.usp.br\/en\/wp-json\/wp\/v2\/pages\/346","targetHints":{"allow":["GET"]}}],"collection":[{"href":"https:\/\/www.poli.usp.br\/en\/wp-json\/wp\/v2\/pages"}],"about":[{"href":"https:\/\/www.poli.usp.br\/en\/wp-json\/wp\/v2\/types\/page"}],"author":[{"embeddable":true,"href":"https:\/\/www.poli.usp.br\/en\/wp-json\/wp\/v2\/users\/10"}],"replies":[{"embeddable":true,"href":"https:\/\/www.poli.usp.br\/en\/wp-json\/wp\/v2\/comments?post=346"}],"version-history":[{"count":86,"href":"https:\/\/www.poli.usp.br\/en\/wp-json\/wp\/v2\/pages\/346\/revisions"}],"predecessor-version":[{"id":145691,"href":"https:\/\/www.poli.usp.br\/en\/wp-json\/wp\/v2\/pages\/346\/revisions\/145691"}],"up":[{"embeddable":true,"href":"https:\/\/www.poli.usp.br\/en\/wp-json\/wp\/v2\/pages\/5923"}],"wp:featuredmedia":[{"embeddable":true,"href":"https:\/\/www.poli.usp.br\/en\/wp-json\/wp\/v2\/media\/78685"}],"wp:attachment":[{"href":"https:\/\/www.poli.usp.br\/en\/wp-json\/wp\/v2\/media?parent=346"}],"wp:term":[{"taxonomy":"author","embeddable":true,"href":"https:\/\/www.poli.usp.br\/en\/wp-json\/wp\/v2\/coauthors?post=346"}],"curies":[{"name":"wp","href":"https:\/\/api.w.org\/{rel}","templated":true}]}}