{"id":356,"date":"2010-03-15T13:27:30","date_gmt":"2010-03-15T16:27:30","guid":{"rendered":"https:\/\/www.poli.usp.br\/cultura-e-extensao\/programas-e-projetos\/356-programa-poli-cidada.html"},"modified":"2023-06-21T13:52:43","modified_gmt":"2023-06-21T16:52:43","slug":"programa-poli-cidada","status":"publish","type":"page","link":"https:\/\/www.poli.usp.br\/en\/cultura-e-extensao\/programa-poli-cidada\/","title":{"rendered":"Programa Poli Cidad\u00e3"},"content":{"rendered":"<div data-elementor-type=\"wp-page\" data-elementor-id=\"356\" class=\"elementor elementor-356\" data-elementor-post-type=\"page\">\n\t\t\t\t\t\t<section class=\"elementor-section elementor-top-section elementor-element elementor-element-299c0fb4 elementor-section-boxed elementor-section-height-default elementor-section-height-default\" data-id=\"299c0fb4\" data-element_type=\"section\" data-e-type=\"section\">\n\t\t\t\t\t\t<div class=\"elementor-container elementor-column-gap-default\">\n\t\t\t\t\t<div class=\"elementor-column elementor-col-100 elementor-top-column elementor-element elementor-element-1d6a8eba\" data-id=\"1d6a8eba\" data-element_type=\"column\" data-e-type=\"column\">\n\t\t\t<div class=\"elementor-widget-wrap elementor-element-populated\">\n\t\t\t\t\t\t<div class=\"elementor-element elementor-element-db62175 elementor-widget elementor-widget-heading\" data-id=\"db62175\" data-element_type=\"widget\" data-e-type=\"widget\" data-widget_type=\"heading.default\">\n\t\t\t\t<div class=\"elementor-widget-container\">\n\t\t\t\t\t<h2 class=\"elementor-heading-title elementor-size-default\">Programa Poli Cidad\u00e3<\/h2>\t\t\t\t<\/div>\n\t\t\t\t<\/div>\n\t\t\t\t\t<\/div>\n\t\t<\/div>\n\t\t\t\t\t<\/div>\n\t\t<\/section>\n\t\t\t\t<section class=\"elementor-section elementor-top-section elementor-element elementor-element-39ea434 elementor-section-boxed elementor-section-height-default elementor-section-height-default\" data-id=\"39ea434\" data-element_type=\"section\" data-e-type=\"section\">\n\t\t\t\t\t\t<div class=\"elementor-container elementor-column-gap-default\">\n\t\t\t\t\t<div class=\"elementor-column elementor-col-100 elementor-top-column elementor-element elementor-element-f633f7f\" data-id=\"f633f7f\" data-element_type=\"column\" data-e-type=\"column\">\n\t\t\t<div class=\"elementor-widget-wrap elementor-element-populated\">\n\t\t\t\t\t\t<div class=\"elementor-element elementor-element-7957ccf elementor-widget elementor-widget-text-editor\" data-id=\"7957ccf\" data-element_type=\"widget\" data-e-type=\"widget\" data-widget_type=\"text-editor.default\">\n\t\t\t\t<div class=\"elementor-widget-container\">\n\t\t\t\t\t\t\t\t\t<p><i>Implantado em 2004, o Programa Poli Cidad\u00e3 tem como objetivo estimular alunos e professores a realizar projetos sociais e estreitar a rela\u00e7\u00e3o da Universidade com a sociedade<\/i><\/p>\t\t\t\t\t\t\t\t<\/div>\n\t\t\t\t<\/div>\n\t\t\t\t\t<\/div>\n\t\t<\/div>\n\t\t\t\t\t<\/div>\n\t\t<\/section>\n\t\t\t\t<section class=\"elementor-section elementor-top-section elementor-element elementor-element-0663681 elementor-section-boxed elementor-section-height-default elementor-section-height-default\" data-id=\"0663681\" data-element_type=\"section\" data-e-type=\"section\">\n\t\t\t\t\t\t<div class=\"elementor-container elementor-column-gap-default\">\n\t\t\t\t\t<div class=\"elementor-column elementor-col-50 elementor-top-column elementor-element elementor-element-d2f97d5\" data-id=\"d2f97d5\" data-element_type=\"column\" data-e-type=\"column\">\n\t\t\t<div class=\"elementor-widget-wrap elementor-element-populated\">\n\t\t\t\t\t\t<div class=\"elementor-element elementor-element-41a657d elementor-widget__width-initial elementor-widget elementor-widget-text-editor\" data-id=\"41a657d\" data-element_type=\"widget\" data-e-type=\"widget\" data-widget_type=\"text-editor.default\">\n\t\t\t\t<div class=\"elementor-widget-container\">\n\t\t\t\t\t\t\t\t\t<p><b>&nbsp;O que \u00e9 o programa Poli Cidad\u00e3?<\/b><\/p>\n<p>O Programa Poli Cidad\u00e3 \u00e9 um Programa institu\u00eddo na Escola Polit\u00e9cnica (Poli) da USP e tem seus projetos e atividades realizados prioritariamente por estudantes de gradua\u00e7\u00e3o e de p\u00f3s-gradua\u00e7\u00e3o dos diferentes cursos de engenharia, sempre com orienta\u00e7\u00e3o dos professores. A Comiss\u00e3o gestora do Programa \u00e9 composta por docentes, funcion\u00e1rios e alunos da Poli, que participam em car\u00e1ter volunt\u00e1rio.<\/p>\n<p><\/p>\n<p><b>Como foi criado?<\/b><\/p>\n<p>O Programa Poli Cidad\u00e3 foi criado em 2004 por uma portaria da Diretoria da Escola Polit\u00e9cnica, que instituiu a Comiss\u00e3o de Projetos com Responsabilidade Social. A Comiss\u00e3o faz a gest\u00e3o, define e operacionaliza a\u00e7\u00f5es e atividades do Programa. Sua composi\u00e7\u00e3o contou com docentes que representavam as quatro grandes \u00e1reas das habilita\u00e7\u00f5es de engenharia oferecidas na gradua\u00e7\u00e3o, somados \u00e0 participa\u00e7\u00e3o de funcion\u00e1rios e discentes.<\/p>\n<p><\/p>\n<p><b>Quais os objetivos e metas do programa?<\/b><\/p>\n<p>O Programa Poli Cidad\u00e3 tem como objetivo central participar da forma\u00e7\u00e3o dos estudantes de Engenharia da Poli, ampliando sua sensibilidade para demandas sociais, especialmente aquelas relacionadas \u00e0 realidade do Brasil. Ele tem uma a\u00e7\u00e3o central educativa, que busca a transforma\u00e7\u00e3o dos estudantes por meio do processo de desenvolvimento de projetos e\/ou atividades que envolvem tecnologia e que possibilitem os alunos tamb\u00e9m a colocarem em pr\u00e1tica suas habilidades pessoais aplicadas \u00e0s demandas sociais.<\/p>\n<p><\/p>\n<p><b>Qual a sua import\u00e2ncia para a Poli?<\/b><\/p>\n<p>O Programa pretende colaborar na forma\u00e7\u00e3o da dimens\u00e3o social dos alunos por meio da realiza\u00e7\u00e3o de projetos e atividades. O poli cidad\u00e3 incentiva processos educativos com a amplia\u00e7\u00e3o do senso de solidariedade e de responsabilidade social, e desta forma aproximando Universidade e sociedade.<\/p>\n<p><br><\/p>\t\t\t\t\t\t\t\t<\/div>\n\t\t\t\t<\/div>\n\t\t\t\t<div class=\"elementor-element elementor-element-556351a elementor-widget elementor-widget-image\" data-id=\"556351a\" data-element_type=\"widget\" data-e-type=\"widget\" data-widget_type=\"image.default\">\n\t\t\t\t<div class=\"elementor-widget-container\">\n\t\t\t\t\t\t\t\t\t\t\t\t\t\t\t<img decoding=\"async\" width=\"265\" height=\"111\" src=\"https:\/\/www.poli.usp.br\/wp-content\/uploads\/2023\/06\/poli-cidada_transparent-secpolicidada-USP.png\" class=\"attachment-large size-large wp-image-85976\" alt=\"\" srcset=\"https:\/\/www.poli.usp.br\/wp-content\/uploads\/2023\/06\/poli-cidada_transparent-secpolicidada-USP.png 265w, https:\/\/www.poli.usp.br\/wp-content\/uploads\/2023\/06\/poli-cidada_transparent-secpolicidada-USP-24x10.png 24w, https:\/\/www.poli.usp.br\/wp-content\/uploads\/2023\/06\/poli-cidada_transparent-secpolicidada-USP-36x15.png 36w, https:\/\/www.poli.usp.br\/wp-content\/uploads\/2023\/06\/poli-cidada_transparent-secpolicidada-USP-48x20.png 48w\" sizes=\"(max-width: 265px) 100vw, 265px\" \/>\t\t\t\t\t\t\t\t\t\t\t\t\t\t\t<\/div>\n\t\t\t\t<\/div>\n\t\t\t\t\t<\/div>\n\t\t<\/div>\n\t\t\t\t<div class=\"elementor-column elementor-col-50 elementor-top-column elementor-element elementor-element-6a9f577\" data-id=\"6a9f577\" data-element_type=\"column\" data-e-type=\"column\">\n\t\t\t<div class=\"elementor-widget-wrap elementor-element-populated\">\n\t\t\t\t\t\t<div class=\"elementor-element elementor-element-8a09685 elementor-grid-2 elementor-grid-tablet-2 elementor-grid-mobile-1 elementor-posts--thumbnail-top elementor-widget elementor-widget-posts\" data-id=\"8a09685\" data-element_type=\"widget\" data-e-type=\"widget\" data-settings=\"{&quot;classic_columns&quot;:&quot;2&quot;,&quot;classic_columns_tablet&quot;:&quot;2&quot;,&quot;classic_columns_mobile&quot;:&quot;1&quot;,&quot;classic_row_gap&quot;:{&quot;unit&quot;:&quot;px&quot;,&quot;size&quot;:35,&quot;sizes&quot;:[]},&quot;classic_row_gap_tablet&quot;:{&quot;unit&quot;:&quot;px&quot;,&quot;size&quot;:&quot;&quot;,&quot;sizes&quot;:[]},&quot;classic_row_gap_mobile&quot;:{&quot;unit&quot;:&quot;px&quot;,&quot;size&quot;:&quot;&quot;,&quot;sizes&quot;:[]}}\" data-widget_type=\"posts.classic\">\n\t\t\t\t<div class=\"elementor-widget-container\">\n\t\t\t\t\t\t\t<div class=\"elementor-posts-container elementor-posts elementor-posts--skin-classic elementor-grid\" role=\"list\">\n\t\t\t\t<article class=\"elementor-post elementor-grid-item post-105499 post type-post status-publish format-standard has-post-thumbnail hentry category-oportunidades-comunidadepolitecnica category-policidada tag-poli-cidada\" role=\"listitem\">\n\t\t\t\t<a class=\"elementor-post__thumbnail__link\" href=\"https:\/\/www.poli.usp.br\/en\/noticias\/oportunidades\/oportunidades-comunidadepolitecnica\/oficina-de-brinquedos-atividade-da-poli-usp-oferecida-para-criancas-recebe-inscricoes-para-monitores-na-edicao-de-2024\/\" tabindex=\"-1\" >\n\t\t\t<div class=\"elementor-post__thumbnail\"><img fetchpriority=\"high\" decoding=\"async\" width=\"300\" height=\"200\" src=\"https:\/\/www.poli.usp.br\/wp-content\/uploads\/2024\/04\/52443780051_2eeeffc9b3_k-1-300x200.jpg\" class=\"attachment-medium size-medium wp-image-105502\" alt=\"\" srcset=\"https:\/\/www.poli.usp.br\/wp-content\/uploads\/2024\/04\/52443780051_2eeeffc9b3_k-1-300x200.jpg 300w, https:\/\/www.poli.usp.br\/wp-content\/uploads\/2024\/04\/52443780051_2eeeffc9b3_k-1-1024x681.jpg 1024w, https:\/\/www.poli.usp.br\/wp-content\/uploads\/2024\/04\/52443780051_2eeeffc9b3_k-1-768x511.jpg 768w, https:\/\/www.poli.usp.br\/wp-content\/uploads\/2024\/04\/52443780051_2eeeffc9b3_k-1-1536x1022.jpg 1536w, https:\/\/www.poli.usp.br\/wp-content\/uploads\/2024\/04\/52443780051_2eeeffc9b3_k-1-1320x878.jpg 1320w, https:\/\/www.poli.usp.br\/wp-content\/uploads\/2024\/04\/52443780051_2eeeffc9b3_k-1-24x16.jpg 24w, https:\/\/www.poli.usp.br\/wp-content\/uploads\/2024\/04\/52443780051_2eeeffc9b3_k-1-36x24.jpg 36w, https:\/\/www.poli.usp.br\/wp-content\/uploads\/2024\/04\/52443780051_2eeeffc9b3_k-1-48x32.jpg 48w, https:\/\/www.poli.usp.br\/wp-content\/uploads\/2024\/04\/52443780051_2eeeffc9b3_k-1.jpg 2048w\" sizes=\"(max-width: 300px) 100vw, 300px\" \/><\/div>\n\t\t<\/a>\n\t\t\t\t<div class=\"elementor-post__text\">\n\t\t\t\t<h3 class=\"elementor-post__title\">\n\t\t\t<a href=\"https:\/\/www.poli.usp.br\/en\/noticias\/oportunidades\/oportunidades-comunidadepolitecnica\/oficina-de-brinquedos-atividade-da-poli-usp-oferecida-para-criancas-recebe-inscricoes-para-monitores-na-edicao-de-2024\/\" >\n\t\t\t\tOficina de Brinquedos, atividade da Poli-USP oferecida para crian\u00e7as, recebe inscri\u00e7\u00f5es para monitores na edi\u00e7\u00e3o de 2024\t\t\t<\/a>\n\t\t<\/h3>\n\t\t\n\t\t<a class=\"elementor-post__read-more\" href=\"https:\/\/www.poli.usp.br\/en\/noticias\/oportunidades\/oportunidades-comunidadepolitecnica\/oficina-de-brinquedos-atividade-da-poli-usp-oferecida-para-criancas-recebe-inscricoes-para-monitores-na-edicao-de-2024\/\" aria-label=\"Read more about Oficina de Brinquedos, atividade da Poli-USP oferecida para crian\u00e7as, recebe inscri\u00e7\u00f5es para monitores na edi\u00e7\u00e3o de 2024\" tabindex=\"-1\" >\n\t\t\tLeia mais \u00bb\t\t<\/a>\n\n\t\t\t\t<\/div>\n\t\t\t\t<\/article>\n\t\t\t\t<article class=\"elementor-post elementor-grid-item post-105258 post type-post status-publish format-standard has-post-thumbnail hentry category-dia-a-dia-na-poli tag-antonio-luis-de-campos-mariani-81 tag-poli-cidada tag-reinaldo-giudici-05\" role=\"listitem\">\n\t\t\t\t<a class=\"elementor-post__thumbnail__link\" href=\"https:\/\/www.poli.usp.br\/en\/noticias\/dia-a-dia-na-poli\/voluntarios-da-6a-oficina-de-brinquedos-da-poli-usp-recebem-certificado\/\" tabindex=\"-1\" >\n\t\t\t<div class=\"elementor-post__thumbnail\"><img decoding=\"async\" width=\"300\" height=\"201\" src=\"https:\/\/www.poli.usp.br\/wp-content\/uploads\/2024\/04\/53676441665_29207f2646_k-300x201.jpg\" class=\"attachment-medium size-medium wp-image-105262\" alt=\"\" srcset=\"https:\/\/www.poli.usp.br\/wp-content\/uploads\/2024\/04\/53676441665_29207f2646_k-300x201.jpg 300w, https:\/\/www.poli.usp.br\/wp-content\/uploads\/2024\/04\/53676441665_29207f2646_k-1024x686.jpg 1024w, https:\/\/www.poli.usp.br\/wp-content\/uploads\/2024\/04\/53676441665_29207f2646_k-768x514.jpg 768w, https:\/\/www.poli.usp.br\/wp-content\/uploads\/2024\/04\/53676441665_29207f2646_k-1536x1029.jpg 1536w, https:\/\/www.poli.usp.br\/wp-content\/uploads\/2024\/04\/53676441665_29207f2646_k-24x16.jpg 24w, https:\/\/www.poli.usp.br\/wp-content\/uploads\/2024\/04\/53676441665_29207f2646_k-36x24.jpg 36w, https:\/\/www.poli.usp.br\/wp-content\/uploads\/2024\/04\/53676441665_29207f2646_k-48x32.jpg 48w, https:\/\/www.poli.usp.br\/wp-content\/uploads\/2024\/04\/53676441665_29207f2646_k.jpg 1660w\" sizes=\"(max-width: 300px) 100vw, 300px\" \/><\/div>\n\t\t<\/a>\n\t\t\t\t<div class=\"elementor-post__text\">\n\t\t\t\t<h3 class=\"elementor-post__title\">\n\t\t\t<a href=\"https:\/\/www.poli.usp.br\/en\/noticias\/dia-a-dia-na-poli\/voluntarios-da-6a-oficina-de-brinquedos-da-poli-usp-recebem-certificado\/\" >\n\t\t\t\tVolunt\u00e1rios da 6\u00aa Oficina de Brinquedos da Poli-USP recebem certificado\t\t\t<\/a>\n\t\t<\/h3>\n\t\t\n\t\t<a class=\"elementor-post__read-more\" href=\"https:\/\/www.poli.usp.br\/en\/noticias\/dia-a-dia-na-poli\/voluntarios-da-6a-oficina-de-brinquedos-da-poli-usp-recebem-certificado\/\" aria-label=\"Read more about Volunt\u00e1rios da 6\u00aa Oficina de Brinquedos da Poli-USP recebem certificado\" tabindex=\"-1\" >\n\t\t\tLeia mais \u00bb\t\t<\/a>\n\n\t\t\t\t<\/div>\n\t\t\t\t<\/article>\n\t\t\t\t<article class=\"elementor-post elementor-grid-item post-105218 post type-post status-publish format-standard has-post-thumbnail hentry category-noticiasdapoliusp tag-antonio-luis-de-campos-mariani-81 tag-poli-cidada tag-vahan-agopyan-96\" role=\"listitem\">\n\t\t\t\t<a class=\"elementor-post__thumbnail__link\" href=\"https:\/\/www.poli.usp.br\/en\/noticias\/noticiasdapoliusp\/conheca-o-poli-cidada-projeto-da-poli-usp-que-valoriza-vies-social-de-projetos-de-engenharia\/\" tabindex=\"-1\" >\n\t\t\t<div class=\"elementor-post__thumbnail\"><img loading=\"lazy\" decoding=\"async\" width=\"300\" height=\"200\" src=\"https:\/\/www.poli.usp.br\/wp-content\/uploads\/2024\/04\/DSC01852-scaled-1-300x200.jpg\" class=\"attachment-medium size-medium wp-image-105220\" alt=\"\" srcset=\"https:\/\/www.poli.usp.br\/wp-content\/uploads\/2024\/04\/DSC01852-scaled-1-300x200.jpg 300w, https:\/\/www.poli.usp.br\/wp-content\/uploads\/2024\/04\/DSC01852-scaled-1-1024x683.jpg 1024w, https:\/\/www.poli.usp.br\/wp-content\/uploads\/2024\/04\/DSC01852-scaled-1-768x512.jpg 768w, https:\/\/www.poli.usp.br\/wp-content\/uploads\/2024\/04\/DSC01852-scaled-1-1536x1024.jpg 1536w, https:\/\/www.poli.usp.br\/wp-content\/uploads\/2024\/04\/DSC01852-scaled-1-2048x1366.jpg 2048w, https:\/\/www.poli.usp.br\/wp-content\/uploads\/2024\/04\/DSC01852-scaled-1-24x16.jpg 24w, https:\/\/www.poli.usp.br\/wp-content\/uploads\/2024\/04\/DSC01852-scaled-1-36x24.jpg 36w, https:\/\/www.poli.usp.br\/wp-content\/uploads\/2024\/04\/DSC01852-scaled-1-48x32.jpg 48w\" sizes=\"(max-width: 300px) 100vw, 300px\" \/><\/div>\n\t\t<\/a>\n\t\t\t\t<div class=\"elementor-post__text\">\n\t\t\t\t<h3 class=\"elementor-post__title\">\n\t\t\t<a href=\"https:\/\/www.poli.usp.br\/en\/noticias\/noticiasdapoliusp\/conheca-o-poli-cidada-projeto-da-poli-usp-que-valoriza-vies-social-de-projetos-de-engenharia\/\" >\n\t\t\t\tConhe\u00e7a o Poli Cidad\u00e3, projeto da Poli-USP que valoriza vi\u00e9s social de projetos de engenharia\t\t\t<\/a>\n\t\t<\/h3>\n\t\t\n\t\t<a class=\"elementor-post__read-more\" href=\"https:\/\/www.poli.usp.br\/en\/noticias\/noticiasdapoliusp\/conheca-o-poli-cidada-projeto-da-poli-usp-que-valoriza-vies-social-de-projetos-de-engenharia\/\" aria-label=\"Read more about Conhe\u00e7a o Poli Cidad\u00e3, projeto da Poli-USP que valoriza vi\u00e9s social de projetos de engenharia\" tabindex=\"-1\" >\n\t\t\tLeia mais \u00bb\t\t<\/a>\n\n\t\t\t\t<\/div>\n\t\t\t\t<\/article>\n\t\t\t\t<article class=\"elementor-post elementor-grid-item post-105202 post type-post status-publish format-standard has-post-thumbnail hentry category-noticiasdapoliusp tag-antonio-luis-de-campos-mariani-81 tag-poli-cidada\" role=\"listitem\">\n\t\t\t\t<a class=\"elementor-post__thumbnail__link\" href=\"https:\/\/www.poli.usp.br\/en\/noticias\/noticiasdapoliusp\/alunos-da-poli-usp-desenvolvem-jaqueta-feita-com-tecido-de-guarda-chuva-para-pessoas-em-situacao-de-rua-em-parceria-com-a-puc-campinas\/\" tabindex=\"-1\" >\n\t\t\t<div class=\"elementor-post__thumbnail\"><img loading=\"lazy\" decoding=\"async\" width=\"300\" height=\"200\" src=\"https:\/\/www.poli.usp.br\/wp-content\/uploads\/2024\/04\/top-shot-unrecognizable-person-standing-umbrella-pavement-300x200.jpg\" class=\"attachment-medium size-medium wp-image-105205\" alt=\"Alunos da Poli-USP desenvolvem jaqueta feita com tecido de guarda-chuva para pessoas em situa\u00e7\u00e3o de rua em parceria com a PUC Campinas\" srcset=\"https:\/\/www.poli.usp.br\/wp-content\/uploads\/2024\/04\/top-shot-unrecognizable-person-standing-umbrella-pavement-300x200.jpg 300w, https:\/\/www.poli.usp.br\/wp-content\/uploads\/2024\/04\/top-shot-unrecognizable-person-standing-umbrella-pavement-1024x684.jpg 1024w, https:\/\/www.poli.usp.br\/wp-content\/uploads\/2024\/04\/top-shot-unrecognizable-person-standing-umbrella-pavement-768x513.jpg 768w, https:\/\/www.poli.usp.br\/wp-content\/uploads\/2024\/04\/top-shot-unrecognizable-person-standing-umbrella-pavement-1536x1025.jpg 1536w, https:\/\/www.poli.usp.br\/wp-content\/uploads\/2024\/04\/top-shot-unrecognizable-person-standing-umbrella-pavement-2048x1367.jpg 2048w, https:\/\/www.poli.usp.br\/wp-content\/uploads\/2024\/04\/top-shot-unrecognizable-person-standing-umbrella-pavement-24x16.jpg 24w, https:\/\/www.poli.usp.br\/wp-content\/uploads\/2024\/04\/top-shot-unrecognizable-person-standing-umbrella-pavement-36x24.jpg 36w, https:\/\/www.poli.usp.br\/wp-content\/uploads\/2024\/04\/top-shot-unrecognizable-person-standing-umbrella-pavement-48x32.jpg 48w\" sizes=\"(max-width: 300px) 100vw, 300px\" \/><\/div>\n\t\t<\/a>\n\t\t\t\t<div class=\"elementor-post__text\">\n\t\t\t\t<h3 class=\"elementor-post__title\">\n\t\t\t<a href=\"https:\/\/www.poli.usp.br\/en\/noticias\/noticiasdapoliusp\/alunos-da-poli-usp-desenvolvem-jaqueta-feita-com-tecido-de-guarda-chuva-para-pessoas-em-situacao-de-rua-em-parceria-com-a-puc-campinas\/\" >\n\t\t\t\tAlunos da Poli-USP desenvolvem jaqueta feita com tecido de guarda-chuva para pessoas em situa\u00e7\u00e3o de rua em parceria com a PUC Campinas\t\t\t<\/a>\n\t\t<\/h3>\n\t\t\n\t\t<a class=\"elementor-post__read-more\" href=\"https:\/\/www.poli.usp.br\/en\/noticias\/noticiasdapoliusp\/alunos-da-poli-usp-desenvolvem-jaqueta-feita-com-tecido-de-guarda-chuva-para-pessoas-em-situacao-de-rua-em-parceria-com-a-puc-campinas\/\" aria-label=\"Read more about Alunos da Poli-USP desenvolvem jaqueta feita com tecido de guarda-chuva para pessoas em situa\u00e7\u00e3o de rua em parceria com a PUC Campinas\" tabindex=\"-1\" >\n\t\t\tLeia mais \u00bb\t\t<\/a>\n\n\t\t\t\t<\/div>\n\t\t\t\t<\/article>\n\t\t\t\t<\/div>\n\t\t\n\t\t\t\t\t\t<\/div>\n\t\t\t\t<\/div>\n\t\t\t\t\t<\/div>\n\t\t<\/div>\n\t\t\t\t\t<\/div>\n\t\t<\/section>\n\t\t\t\t<\/div>","protected":false},"excerpt":{"rendered":"<p>Programa Poli Cidad\u00e3 Implantado em 2004, o Programa Poli Cidad\u00e3 tem como objetivo estimular alunos e professores a realizar projetos sociais e estreitar a rela\u00e7\u00e3o da Universidade com a sociedade<\/p>","protected":false},"author":2,"featured_media":0,"parent":3640,"menu_order":8,"comment_status":"closed","ping_status":"open","template":"elementor_header_footer","meta":{"event_title":"","event_details":"","event_timezone":"","event_gmap":"","event_image":"","event_image_url":"","event_calendar_link":"","event_location":"","event_datetime_with_summary":"","event_datetime":"","event_date":"","event_time":"","event_date_type":"","event_rulesummary":"","event_ticket_rsvp":"","event_capacity":"","event_capacity_remaining":"","event_capacity_sold":"","event_sold_out":"","event_low_stock":"","event_ticket_count":"","event_ticket_summary":"","event_sales_start":"","event_sales_end":"","event_ticket_price_from":"","event_ticket_price_to":"","event_ticket_price_range":"","event_date_year":"","event_date_month":"","event_date_month_short":"","event_date_day":"","event_date_day_name":"","event_date_iso":"","event_rsvp_capacity":"","event_rsvp_remaining":"","event_rsvp_going":"","event_rsvp_full":"","footnotes":""},"coauthors":[],"class_list":["post-356","page","type-page","status-publish","hentry"],"_links":{"self":[{"href":"https:\/\/www.poli.usp.br\/en\/wp-json\/wp\/v2\/pages\/356","targetHints":{"allow":["GET"]}}],"collection":[{"href":"https:\/\/www.poli.usp.br\/en\/wp-json\/wp\/v2\/pages"}],"about":[{"href":"https:\/\/www.poli.usp.br\/en\/wp-json\/wp\/v2\/types\/page"}],"author":[{"embeddable":true,"href":"https:\/\/www.poli.usp.br\/en\/wp-json\/wp\/v2\/users\/2"}],"replies":[{"embeddable":true,"href":"https:\/\/www.poli.usp.br\/en\/wp-json\/wp\/v2\/comments?post=356"}],"version-history":[{"count":12,"href":"https:\/\/www.poli.usp.br\/en\/wp-json\/wp\/v2\/pages\/356\/revisions"}],"predecessor-version":[{"id":85985,"href":"https:\/\/www.poli.usp.br\/en\/wp-json\/wp\/v2\/pages\/356\/revisions\/85985"}],"up":[{"embeddable":true,"href":"https:\/\/www.poli.usp.br\/en\/wp-json\/wp\/v2\/pages\/3640"}],"wp:attachment":[{"href":"https:\/\/www.poli.usp.br\/en\/wp-json\/wp\/v2\/media?parent=356"}],"wp:term":[{"taxonomy":"author","embeddable":true,"href":"https:\/\/www.poli.usp.br\/en\/wp-json\/wp\/v2\/coauthors?post=356"}],"curies":[{"name":"wp","href":"https:\/\/api.w.org\/{rel}","templated":true}]}}