{"id":3631,"date":"2018-09-07T00:38:02","date_gmt":"2018-09-07T03:38:02","guid":{"rendered":"https:\/\/www.poli.usp.br\/?page_id=3631"},"modified":"2024-03-05T17:06:30","modified_gmt":"2024-03-05T20:06:30","slug":"institucional","status":"publish","type":"page","link":"https:\/\/www.poli.usp.br\/en\/institucional\/","title":{"rendered":"Institucional"},"content":{"rendered":"<div>\n<h1 class=\"entry-title\">Formando engenheiros e l\u00edderes<\/h1>\n<\/div>\n<div>[su_carousel source=&#8221;media: 5642,5697,5687,5668,5667,5594&#8243; width=&#8221;480&#8243; height=&#8221;200&#8243; responsive=&#8221;no&#8221; items=&#8221;1&#8243; title=&#8221;no&#8221; arrows=&#8221;no&#8221; mousewheel=&#8221;no&#8221; autoplay=&#8221;7000&#8243;]<\/div>\n<p>H\u00e1 mais de um s\u00e9culo, a Escola Polit\u00e9cnica da Universidade de S\u00e3o Paulo (Poli\/USP) vem formando gera\u00e7\u00f5es de engenheiros que t\u00eam se destacado n\u00e3o s\u00f3 em suas especialidades profissionais, mas tamb\u00e9m na vida pol\u00edtica do Pa\u00eds e na administra\u00e7\u00e3o de empresas e de \u00f3rg\u00e3os p\u00fablicos. Fundada em 1893, Poli oferece 17 cursos de gradua\u00e7\u00e3o, e possui o maior centro de p\u00f3s-gradua\u00e7\u00e3o do Pa\u00eds na \u00e1rea de Engenharia. Tamb\u00e9m se destaca na realiza\u00e7\u00e3o de pesquisas cient\u00edficas e tecnol\u00f3gicas, com as quais contribui para o progresso social e econ\u00f4mico do Brasil e para a moderniza\u00e7\u00e3o, competitividade e qualidade dos produtos e processos das empresas.<\/p>\n<p>&nbsp;<\/p>\n","protected":false},"excerpt":{"rendered":"<p>Formando engenheiros e l\u00edderes [su_carousel source=&#8221;media: 5642,5697,5687,5668,5667,5594&#8243; width=&#8221;480&#8243; height=&#8221;200&#8243; responsive=&#8221;no&#8221; items=&#8221;1&#8243; title=&#8221;no&#8221; arrows=&#8221;no&#8221; mousewheel=&#8221;no&#8221; autoplay=&#8221;7000&#8243;] H\u00e1 mais de um s\u00e9culo, a Escola Polit\u00e9cnica da Universidade de S\u00e3o Paulo (Poli\/USP) vem [&hellip;]<\/p>\n","protected":false},"author":2,"featured_media":0,"parent":0,"menu_order":0,"comment_status":"closed","ping_status":"closed","template":"","meta":{"event_title":"","event_details":"","event_timezone":"","event_gmap":"","event_image":"","event_image_url":"","event_calendar_link":"","event_location":"","event_datetime_with_summary":"","event_datetime":"","event_date":"","event_time":"","event_date_type":"","event_rulesummary":"","event_ticket_rsvp":"","event_capacity":"","event_capacity_remaining":"","event_capacity_sold":"","event_sold_out":"","event_low_stock":"","event_ticket_count":"","event_ticket_summary":"","event_sales_start":"","event_sales_end":"","event_ticket_price_from":"","event_ticket_price_to":"","event_ticket_price_range":"","event_date_year":"","event_date_month":"","event_date_month_short":"","event_date_day":"","event_date_day_name":"","event_date_iso":"","event_rsvp_capacity":"","event_rsvp_remaining":"","event_rsvp_going":"","event_rsvp_full":"","footnotes":""},"coauthors":[206],"class_list":["post-3631","page","type-page","status-publish","hentry"],"_links":{"self":[{"href":"https:\/\/www.poli.usp.br\/en\/wp-json\/wp\/v2\/pages\/3631","targetHints":{"allow":["GET"]}}],"collection":[{"href":"https:\/\/www.poli.usp.br\/en\/wp-json\/wp\/v2\/pages"}],"about":[{"href":"https:\/\/www.poli.usp.br\/en\/wp-json\/wp\/v2\/types\/page"}],"author":[{"embeddable":true,"href":"https:\/\/www.poli.usp.br\/en\/wp-json\/wp\/v2\/users\/2"}],"replies":[{"embeddable":true,"href":"https:\/\/www.poli.usp.br\/en\/wp-json\/wp\/v2\/comments?post=3631"}],"version-history":[{"count":20,"href":"https:\/\/www.poli.usp.br\/en\/wp-json\/wp\/v2\/pages\/3631\/revisions"}],"predecessor-version":[{"id":99033,"href":"https:\/\/www.poli.usp.br\/en\/wp-json\/wp\/v2\/pages\/3631\/revisions\/99033"}],"wp:attachment":[{"href":"https:\/\/www.poli.usp.br\/en\/wp-json\/wp\/v2\/media?parent=3631"}],"wp:term":[{"taxonomy":"author","embeddable":true,"href":"https:\/\/www.poli.usp.br\/en\/wp-json\/wp\/v2\/coauthors?post=3631"}],"curies":[{"name":"wp","href":"https:\/\/api.w.org\/{rel}","templated":true}]}}