{"id":3637,"date":"2018-09-07T00:41:01","date_gmt":"2018-09-07T03:41:01","guid":{"rendered":"https:\/\/www.poli.usp.br\/?page_id=3637"},"modified":"2025-05-29T12:39:19","modified_gmt":"2025-05-29T15:39:19","slug":"pesquisa","status":"publish","type":"page","link":"https:\/\/www.poli.usp.br\/en\/pesquisa\/","title":{"rendered":"Pesquisa"},"content":{"rendered":"\t\t<div data-elementor-type=\"wp-page\" data-elementor-id=\"3637\" class=\"elementor elementor-3637\" data-elementor-post-type=\"page\">\n\t\t\t\t<div class=\"elementor-element elementor-element-2ea7f1dd e-flex e-con-boxed e-con e-parent\" data-id=\"2ea7f1dd\" data-element_type=\"container\" data-e-type=\"container\" data-settings=\"{&quot;background_background&quot;:&quot;classic&quot;}\">\n\t\t\t\t\t<div class=\"e-con-inner\">\n\t\t<div class=\"elementor-element elementor-element-57ddb4ab e-con-full e-flex e-con e-child\" data-id=\"57ddb4ab\" data-element_type=\"container\" data-e-type=\"container\">\n\t\t\t\t<div class=\"elementor-element elementor-element-7f4c4da7 elementor-widget elementor-widget-spacer\" data-id=\"7f4c4da7\" data-element_type=\"widget\" data-e-type=\"widget\" data-widget_type=\"spacer.default\">\n\t\t\t\t<div class=\"elementor-widget-container\">\n\t\t\t\t\t\t\t<div class=\"elementor-spacer\">\n\t\t\t<div class=\"elementor-spacer-inner\"><\/div>\n\t\t<\/div>\n\t\t\t\t\t\t<\/div>\n\t\t\t\t<\/div>\n\t\t\t\t<div class=\"elementor-element elementor-element-2bd8e5b2 elementor-widget elementor-widget-heading\" data-id=\"2bd8e5b2\" data-element_type=\"widget\" data-e-type=\"widget\" data-widget_type=\"heading.default\">\n\t\t\t\t<div class=\"elementor-widget-container\">\n\t\t\t\t\t<h2 class=\"elementor-heading-title elementor-size-default\">Pesquisa<\/h2>\t\t\t\t<\/div>\n\t\t\t\t<\/div>\n\t\t\t\t<div class=\"elementor-element elementor-element-7e97b45b elementor-widget elementor-widget-spacer\" data-id=\"7e97b45b\" data-element_type=\"widget\" data-e-type=\"widget\" data-widget_type=\"spacer.default\">\n\t\t\t\t<div class=\"elementor-widget-container\">\n\t\t\t\t\t\t\t<div class=\"elementor-spacer\">\n\t\t\t<div class=\"elementor-spacer-inner\"><\/div>\n\t\t<\/div>\n\t\t\t\t\t\t<\/div>\n\t\t\t\t<\/div>\n\t\t\t\t<div class=\"elementor-element elementor-element-34b052db elementor-widget elementor-widget-text-editor\" data-id=\"34b052db\" data-element_type=\"widget\" data-e-type=\"widget\" data-widget_type=\"text-editor.default\">\n\t\t\t\t<div class=\"elementor-widget-container\">\n\t\t\t\t\t\t\t\t\t<p>Desde sua funda\u00e7\u00e3o, em 1893, o saber cient\u00edfico e tecnol\u00f3gico gerado na Escola Polit\u00e9cnica da Universidade de S\u00e3o Paulo (Poli-USP) foi direcionado para atender as demandas da sociedade. Ao longo desses anos, a Poli vem desempenhando um papel de lideran\u00e7a na pesquisa brasileira por realizar investiga\u00e7\u00f5es e experimenta\u00e7\u00f5es fundamentais para o avan\u00e7o do conhecimento em todos os campos da Engenharia.<\/p>\t\t\t\t\t\t\t\t<\/div>\n\t\t\t\t<\/div>\n\t\t\t\t<\/div>\n\t\t<div class=\"elementor-element elementor-element-4b6eda8f e-con-full e-flex e-con e-child\" data-id=\"4b6eda8f\" data-element_type=\"container\" data-e-type=\"container\" data-settings=\"{&quot;background_background&quot;:&quot;slideshow&quot;,&quot;background_slideshow_gallery&quot;:[{&quot;id&quot;:106798,&quot;url&quot;:&quot;https:\\\/\\\/www.poli.usp.br\\\/wp-content\\\/uploads\\\/2024\\\/05\\\/50427272838_b6d17a6d81_o-e1716322913971.jpg&quot;},{&quot;id&quot;:98770,&quot;url&quot;:&quot;https:\\\/\\\/www.poli.usp.br\\\/wp-content\\\/uploads\\\/2024\\\/02\\\/50428141047_4f394e60d6_o.jpg&quot;},{&quot;id&quot;:98473,&quot;url&quot;:&quot;https:\\\/\\\/www.poli.usp.br\\\/wp-content\\\/uploads\\\/2024\\\/01\\\/pesquisador-de-perto-trabalhando-com-microscopio_2.jpg&quot;}],&quot;background_slideshow_loop&quot;:&quot;yes&quot;,&quot;background_slideshow_slide_duration&quot;:5000,&quot;background_slideshow_slide_transition&quot;:&quot;fade&quot;,&quot;background_slideshow_transition_duration&quot;:500}\">\n\t\t\t\t<\/div>\n\t\t\t\t\t<\/div>\n\t\t\t\t<\/div>\n\t\t<div class=\"elementor-element elementor-element-58b8e3b4 e-flex e-con-boxed e-con e-parent\" data-id=\"58b8e3b4\" data-element_type=\"container\" data-e-type=\"container\">\n\t\t\t\t\t<div class=\"e-con-inner\">\n\t\t\t\t<div class=\"elementor-element elementor-element-dae1d7b elementor-widget elementor-widget-spacer\" data-id=\"dae1d7b\" data-element_type=\"widget\" data-e-type=\"widget\" data-widget_type=\"spacer.default\">\n\t\t\t\t<div class=\"elementor-widget-container\">\n\t\t\t\t\t\t\t<div class=\"elementor-spacer\">\n\t\t\t<div class=\"elementor-spacer-inner\"><\/div>\n\t\t<\/div>\n\t\t\t\t\t\t<\/div>\n\t\t\t\t<\/div>\n\t\t\t\t\t<\/div>\n\t\t\t\t<\/div>\n\t\t<div class=\"elementor-element elementor-element-82963d3 e-flex e-con-boxed e-con e-parent\" data-id=\"82963d3\" data-element_type=\"container\" data-e-type=\"container\">\n\t\t\t\t\t<div class=\"e-con-inner\">\n\t\t\t\t<div class=\"elementor-element elementor-element-2804922 elementor-widget elementor-widget-spacer\" data-id=\"2804922\" data-element_type=\"widget\" data-e-type=\"widget\" data-widget_type=\"spacer.default\">\n\t\t\t\t<div class=\"elementor-widget-container\">\n\t\t\t\t\t\t\t<div class=\"elementor-spacer\">\n\t\t\t<div class=\"elementor-spacer-inner\"><\/div>\n\t\t<\/div>\n\t\t\t\t\t\t<\/div>\n\t\t\t\t<\/div>\n\t\t\t\t\t<\/div>\n\t\t\t\t<\/div>\n\t\t<div class=\"elementor-element elementor-element-2b2b94d1 e-flex e-con-boxed e-con e-parent\" data-id=\"2b2b94d1\" data-element_type=\"container\" data-e-type=\"container\">\n\t\t\t\t\t<div class=\"e-con-inner\">\n\t\t<div class=\"elementor-element elementor-element-43cd49a4 e-con-full e-flex e-con e-child\" data-id=\"43cd49a4\" data-element_type=\"container\" data-e-type=\"container\">\n\t\t\t\t<div class=\"elementor-element elementor-element-19adf8c1 elementor-nav-menu--dropdown-tablet elementor-nav-menu__text-align-aside elementor-nav-menu--toggle elementor-nav-menu--burger elementor-widget elementor-widget-nav-menu\" data-id=\"19adf8c1\" data-element_type=\"widget\" data-e-type=\"widget\" data-settings=\"{&quot;layout&quot;:&quot;vertical&quot;,&quot;submenu_icon&quot;:{&quot;value&quot;:&quot;&lt;i class=\\&quot;fas fa-caret-down\\&quot; aria-hidden=\\&quot;true\\&quot;&gt;&lt;\\\/i&gt;&quot;,&quot;library&quot;:&quot;fa-solid&quot;},&quot;toggle&quot;:&quot;burger&quot;}\" data-widget_type=\"nav-menu.default\">\n\t\t\t\t<div class=\"elementor-widget-container\">\n\t\t\t\t\t\t\t\t<nav aria-label=\"Menu\" class=\"elementor-nav-menu--main elementor-nav-menu__container elementor-nav-menu--layout-vertical e--pointer-underline e--animation-fade\">\n\t\t\t\t<ul id=\"menu-1-19adf8c1\" class=\"elementor-nav-menu sm-vertical\"><li class=\"menu-item menu-item-type-custom menu-item-object-custom menu-item-120269\"><a href=\"https:\/\/www.poli.usp.br\/cultura-e-extensao\/atividades-academicas-complementares\" class=\"elementor-item\">Atividades Acad\u00eamicas Complementares<\/a><\/li>\n<li class=\"menu-item menu-item-type-custom menu-item-object-custom menu-item-120136\"><a href=\"https:\/\/www.poli.usp.br\/pesquisa\/cadastro-de-colaborador-academ\" class=\"elementor-item\">Cadastro de Colaborador Acad\u00eamico<\/a><\/li>\n<li class=\"menu-item menu-item-type-custom menu-item-object-custom menu-item-149702\"><a href=\"https:\/\/prpi.usp.br\/pesquisa\/apoio\/comissoes-de-etica-na-pesquisa\/\" class=\"elementor-item\">Comiss\u00f5es de \u00c9tica na Pesquisa<\/a><\/li>\n<li class=\"menu-item menu-item-type-post_type menu-item-object-page menu-item-101520\"><a href=\"https:\/\/www.poli.usp.br\/en\/institucional\/comissoes-centrais\/comissao-de-pesquisa\/\" class=\"elementor-item\">Comiss\u00e3o de Pesquisa<\/a><\/li>\n<li class=\"menu-item menu-item-type-custom menu-item-object-custom menu-item-113219\"><a href=\"https:\/\/www.poli.usp.br\/pesquisa\/editais-e-chamadas-publicas\" class=\"elementor-item\">Editais e Chamadas P\u00fablicas<\/a><\/li>\n<li class=\"menu-item menu-item-type-post_type menu-item-object-page menu-item-98996\"><a href=\"https:\/\/www.poli.usp.br\/en\/pesquisa\/equipamentos-multiusuarios\/\" class=\"elementor-item\">Equipamentos Multiusu\u00e1rios<\/a><\/li>\n<li class=\"menu-item menu-item-type-post_type menu-item-object-page menu-item-127057\"><a href=\"https:\/\/www.poli.usp.br\/en\/pesquisa\/embrapii-poli-usp\/\" class=\"elementor-item\">EMBRAPII Poli-USP<\/a><\/li>\n<li class=\"menu-item menu-item-type-post_type menu-item-object-page menu-item-98993\"><a href=\"https:\/\/www.poli.usp.br\/en\/pesquisa\/grupos-de-pesquisa\/\" class=\"elementor-item\">Grupos de Pesquisa<\/a><\/li>\n<li class=\"menu-item menu-item-type-post_type menu-item-object-page menu-item-98997\"><a href=\"https:\/\/www.poli.usp.br\/en\/pesquisa\/nucleos-de-apoio-a-pesquisa-naps\/\" class=\"elementor-item\">N\u00facleos de Apoio \u00e0 Pesquisa (NAPs)<\/a><\/li>\n<li class=\"menu-item menu-item-type-custom menu-item-object-custom menu-item-120295\"><a href=\"https:\/\/www.poli.usp.br\/gestao-e-administracao\/parcerias-e-convenios\" class=\"elementor-item\">Parcerias e Conv\u00eanios<\/a><\/li>\n<li class=\"menu-item menu-item-type-post_type menu-item-object-page menu-item-126008\"><a href=\"https:\/\/www.poli.usp.br\/en\/pesquisa\/premios\/\" class=\"elementor-item\">Pr\u00eamios<\/a><\/li>\n<li class=\"menu-item menu-item-type-post_type menu-item-object-page menu-item-99001\"><a href=\"https:\/\/www.poli.usp.br\/en\/pesquisa-na-poli\/programa-de-atracao-e-retencao-de-talentos-part-novo\/\" class=\"elementor-item\">Programa de Atra\u00e7\u00e3o e Reten\u00e7\u00e3o de Talentos (PART)<\/a><\/li>\n<li class=\"menu-item menu-item-type-post_type menu-item-object-page menu-item-99004\"><a href=\"https:\/\/www.poli.usp.br\/en\/pesquisa-na-poli\/programa-de-concessao-de-servidor-tecnico-de-nivel-superior-procontes\/\" class=\"elementor-item\">Programa de Concess\u00e3o de Servidor T\u00e9cnico de N\u00edvel Superior  \u2013 PROCONTES<\/a><\/li>\n<li class=\"menu-item menu-item-type-post_type menu-item-object-page menu-item-99000\"><a href=\"https:\/\/www.poli.usp.br\/en\/pesquisa\/programa-de-iniciacao-cientifica-pic-2\/\" class=\"elementor-item\">Programa de Inicia\u00e7\u00e3o Cient\u00edfica (PIC)<\/a><\/li>\n<li class=\"menu-item menu-item-type-post_type menu-item-object-page menu-item-99003\"><a href=\"https:\/\/www.poli.usp.br\/en\/pesquisa\/programa-pesquisador-colaborador\/\" class=\"elementor-item\">Programa Pesquisador Colaborador<\/a><\/li>\n<li class=\"menu-item menu-item-type-post_type menu-item-object-page menu-item-99002\"><a href=\"https:\/\/www.poli.usp.br\/en\/pesquisa\/programa-de-pos-doutorado\/\" class=\"elementor-item\">Programa de P\u00f3s-doutorado<\/a><\/li>\n<li class=\"menu-item menu-item-type-post_type menu-item-object-page menu-item-98999\"><a href=\"https:\/\/www.poli.usp.br\/en\/pesquisa\/preic\/\" class=\"elementor-item\">Programa PIBIC \u2013 EM- Intera\u00e7\u00e3o com as Escolas P\u00fablicas de Ensino M\u00e9dio<\/a><\/li>\n<li class=\"menu-item menu-item-type-post_type menu-item-object-page menu-item-99005\"><a href=\"https:\/\/www.poli.usp.br\/en\/gestao-e-administracao\/assistencia-tecnica-de-pesquisa-cultura-e-extensao\/servico-de-pesquisa\/\" class=\"elementor-item\">Servi\u00e7o de Pesquisa<\/a><\/li>\n<li class=\"menu-item menu-item-type-post_type menu-item-object-page menu-item-99006\"><a href=\"https:\/\/www.poli.usp.br\/en\/pesquisa\/siicusp\/\" class=\"elementor-item\">SIICUSP \u2013 Simp\u00f3sio Internacional de Inicia\u00e7\u00e3o Cient\u00edfica e Tecnol\u00f3gica da USP<\/a><\/li>\n<li class=\"menu-item menu-item-type-post_type menu-item-object-page menu-item-130875\"><a href=\"https:\/\/www.poli.usp.br\/en\/pesquisa\/siicusp\/siicusp2025\/\" class=\"elementor-item\">SIICUSP 2025<\/a><\/li>\n<\/ul>\t\t\t<\/nav>\n\t\t\t\t\t<div class=\"elementor-menu-toggle\" role=\"button\" tabindex=\"0\" aria-label=\"Menu Toggle\" aria-expanded=\"false\">\n\t\t\t<i aria-hidden=\"true\" role=\"presentation\" class=\"elementor-menu-toggle__icon--open eicon-menu-bar\"><\/i><i aria-hidden=\"true\" role=\"presentation\" class=\"elementor-menu-toggle__icon--close eicon-close\"><\/i>\t\t<\/div>\n\t\t\t\t\t<nav class=\"elementor-nav-menu--dropdown elementor-nav-menu__container\" aria-hidden=\"true\">\n\t\t\t\t<ul id=\"menu-2-19adf8c1\" class=\"elementor-nav-menu sm-vertical\"><li class=\"menu-item menu-item-type-custom menu-item-object-custom menu-item-120269\"><a href=\"https:\/\/www.poli.usp.br\/cultura-e-extensao\/atividades-academicas-complementares\" class=\"elementor-item\" tabindex=\"-1\">Atividades Acad\u00eamicas Complementares<\/a><\/li>\n<li class=\"menu-item menu-item-type-custom menu-item-object-custom menu-item-120136\"><a href=\"https:\/\/www.poli.usp.br\/pesquisa\/cadastro-de-colaborador-academ\" class=\"elementor-item\" tabindex=\"-1\">Cadastro de Colaborador Acad\u00eamico<\/a><\/li>\n<li class=\"menu-item menu-item-type-custom menu-item-object-custom menu-item-149702\"><a href=\"https:\/\/prpi.usp.br\/pesquisa\/apoio\/comissoes-de-etica-na-pesquisa\/\" class=\"elementor-item\" tabindex=\"-1\">Comiss\u00f5es de \u00c9tica na Pesquisa<\/a><\/li>\n<li class=\"menu-item menu-item-type-post_type menu-item-object-page menu-item-101520\"><a href=\"https:\/\/www.poli.usp.br\/en\/institucional\/comissoes-centrais\/comissao-de-pesquisa\/\" class=\"elementor-item\" tabindex=\"-1\">Comiss\u00e3o de Pesquisa<\/a><\/li>\n<li class=\"menu-item menu-item-type-custom menu-item-object-custom menu-item-113219\"><a href=\"https:\/\/www.poli.usp.br\/pesquisa\/editais-e-chamadas-publicas\" class=\"elementor-item\" tabindex=\"-1\">Editais e Chamadas P\u00fablicas<\/a><\/li>\n<li class=\"menu-item menu-item-type-post_type menu-item-object-page menu-item-98996\"><a href=\"https:\/\/www.poli.usp.br\/en\/pesquisa\/equipamentos-multiusuarios\/\" class=\"elementor-item\" tabindex=\"-1\">Equipamentos Multiusu\u00e1rios<\/a><\/li>\n<li class=\"menu-item menu-item-type-post_type menu-item-object-page menu-item-127057\"><a href=\"https:\/\/www.poli.usp.br\/en\/pesquisa\/embrapii-poli-usp\/\" class=\"elementor-item\" tabindex=\"-1\">EMBRAPII Poli-USP<\/a><\/li>\n<li class=\"menu-item menu-item-type-post_type menu-item-object-page menu-item-98993\"><a href=\"https:\/\/www.poli.usp.br\/en\/pesquisa\/grupos-de-pesquisa\/\" class=\"elementor-item\" tabindex=\"-1\">Grupos de Pesquisa<\/a><\/li>\n<li class=\"menu-item menu-item-type-post_type menu-item-object-page menu-item-98997\"><a href=\"https:\/\/www.poli.usp.br\/en\/pesquisa\/nucleos-de-apoio-a-pesquisa-naps\/\" class=\"elementor-item\" tabindex=\"-1\">N\u00facleos de Apoio \u00e0 Pesquisa (NAPs)<\/a><\/li>\n<li class=\"menu-item menu-item-type-custom menu-item-object-custom menu-item-120295\"><a href=\"https:\/\/www.poli.usp.br\/gestao-e-administracao\/parcerias-e-convenios\" class=\"elementor-item\" tabindex=\"-1\">Parcerias e Conv\u00eanios<\/a><\/li>\n<li class=\"menu-item menu-item-type-post_type menu-item-object-page menu-item-126008\"><a href=\"https:\/\/www.poli.usp.br\/en\/pesquisa\/premios\/\" class=\"elementor-item\" tabindex=\"-1\">Pr\u00eamios<\/a><\/li>\n<li class=\"menu-item menu-item-type-post_type menu-item-object-page menu-item-99001\"><a href=\"https:\/\/www.poli.usp.br\/en\/pesquisa-na-poli\/programa-de-atracao-e-retencao-de-talentos-part-novo\/\" class=\"elementor-item\" tabindex=\"-1\">Programa de Atra\u00e7\u00e3o e Reten\u00e7\u00e3o de Talentos (PART)<\/a><\/li>\n<li class=\"menu-item menu-item-type-post_type menu-item-object-page menu-item-99004\"><a href=\"https:\/\/www.poli.usp.br\/en\/pesquisa-na-poli\/programa-de-concessao-de-servidor-tecnico-de-nivel-superior-procontes\/\" class=\"elementor-item\" tabindex=\"-1\">Programa de Concess\u00e3o de Servidor T\u00e9cnico de N\u00edvel Superior  \u2013 PROCONTES<\/a><\/li>\n<li class=\"menu-item menu-item-type-post_type menu-item-object-page menu-item-99000\"><a href=\"https:\/\/www.poli.usp.br\/en\/pesquisa\/programa-de-iniciacao-cientifica-pic-2\/\" class=\"elementor-item\" tabindex=\"-1\">Programa de Inicia\u00e7\u00e3o Cient\u00edfica (PIC)<\/a><\/li>\n<li class=\"menu-item menu-item-type-post_type menu-item-object-page menu-item-99003\"><a href=\"https:\/\/www.poli.usp.br\/en\/pesquisa\/programa-pesquisador-colaborador\/\" class=\"elementor-item\" tabindex=\"-1\">Programa Pesquisador Colaborador<\/a><\/li>\n<li class=\"menu-item menu-item-type-post_type menu-item-object-page menu-item-99002\"><a href=\"https:\/\/www.poli.usp.br\/en\/pesquisa\/programa-de-pos-doutorado\/\" class=\"elementor-item\" tabindex=\"-1\">Programa de P\u00f3s-doutorado<\/a><\/li>\n<li class=\"menu-item menu-item-type-post_type menu-item-object-page menu-item-98999\"><a href=\"https:\/\/www.poli.usp.br\/en\/pesquisa\/preic\/\" class=\"elementor-item\" tabindex=\"-1\">Programa PIBIC \u2013 EM- Intera\u00e7\u00e3o com as Escolas P\u00fablicas de Ensino M\u00e9dio<\/a><\/li>\n<li class=\"menu-item menu-item-type-post_type menu-item-object-page menu-item-99005\"><a href=\"https:\/\/www.poli.usp.br\/en\/gestao-e-administracao\/assistencia-tecnica-de-pesquisa-cultura-e-extensao\/servico-de-pesquisa\/\" class=\"elementor-item\" tabindex=\"-1\">Servi\u00e7o de Pesquisa<\/a><\/li>\n<li class=\"menu-item menu-item-type-post_type menu-item-object-page menu-item-99006\"><a href=\"https:\/\/www.poli.usp.br\/en\/pesquisa\/siicusp\/\" class=\"elementor-item\" tabindex=\"-1\">SIICUSP \u2013 Simp\u00f3sio Internacional de Inicia\u00e7\u00e3o Cient\u00edfica e Tecnol\u00f3gica da USP<\/a><\/li>\n<li class=\"menu-item menu-item-type-post_type menu-item-object-page menu-item-130875\"><a href=\"https:\/\/www.poli.usp.br\/en\/pesquisa\/siicusp\/siicusp2025\/\" class=\"elementor-item\" tabindex=\"-1\">SIICUSP 2025<\/a><\/li>\n<\/ul>\t\t\t<\/nav>\n\t\t\t\t\t\t<\/div>\n\t\t\t\t<\/div>\n\t\t\t\t<\/div>\n\t\t<div class=\"elementor-element elementor-element-5628d9ab e-con-full e-flex e-con e-child\" data-id=\"5628d9ab\" data-element_type=\"container\" data-e-type=\"container\">\n\t\t\t\t<div class=\"elementor-element elementor-element-45f6ef7 elementor-widget elementor-widget-text-editor\" data-id=\"45f6ef7\" data-element_type=\"widget\" data-e-type=\"widget\" data-widget_type=\"text-editor.default\">\n\t\t\t\t<div class=\"elementor-widget-container\">\n\t\t\t\t\t\t\t\t\t<p>A investiga\u00e7\u00e3o cient\u00edfica na Poli envolve diversas \u00e1reas do conhecimento e abrange desde a pesquisa b\u00e1sica ou fundamental, aplicada ou tecnol\u00f3gica, at\u00e9 as pesquisas com forte intera\u00e7\u00e3o com o setor produtivo, das quatro grandes \u00e1reas das engenharias: civil, el\u00e9trica, mec\u00e2nica e qu\u00edmica. \u00c9 realizada por meio de grupos de pesquisa, programas de p\u00f3s-doutoramento e cursos de p\u00f3s-gradua\u00e7\u00e3o nos n\u00edveis de mestrado acad\u00eamico, mestrado profissionalizante, doutorado e p\u00f3s-doutorado.<\/p><p>S\u00e3o centenas de professores, pesquisadores e alunos de p\u00f3s-gradua\u00e7\u00e3o e gradua\u00e7\u00e3o, gerando conhecimento e inova\u00e7\u00e3o em Engenharia. Atualmente a p\u00f3s-gradua\u00e7\u00e3o conta com aproximadamente 4.000 alunos matriculados em 11 programas, al\u00e9m dos 13 cursos de especializa\u00e7\u00e3o e 12 de MBAs (Master of Business Administration, na sigla em ingl\u00eas). A Poli j\u00e1 concedeu cerca de 7 mil<strong>\u00a0<\/strong>t\u00edtulos de mestres e doutores em Engenharia, o que a caracteriza como um dos maiores centros de pesquisa da Am\u00e9rica Latina.<\/p><p><a href=\"https:\/\/uspdigital.usp.br\/especialistas\/especialistaBuscar\"><strong>BASE DE ESPECIALISTAS DA USP<\/strong><\/a><\/p>\t\t\t\t\t\t\t\t<\/div>\n\t\t\t\t<\/div>\n\t\t\t\t<\/div>\n\t\t\t\t\t<\/div>\n\t\t\t\t<\/div>\n\t\t\t\t<\/div>\n\t\t","protected":false},"excerpt":{"rendered":"<p>Pesquisa Desde sua funda\u00e7\u00e3o, em 1893, o saber cient\u00edfico e tecnol\u00f3gico gerado na Escola Polit\u00e9cnica da Universidade de S\u00e3o Paulo (Poli-USP) foi direcionado para atender as demandas da sociedade. Ao [&hellip;]<\/p>\n","protected":false},"author":14,"featured_media":0,"parent":0,"menu_order":0,"comment_status":"closed","ping_status":"closed","template":"","meta":{"event_title":"","event_details":"","event_timezone":"","event_gmap":"","event_image":"","event_image_url":"","event_calendar_link":"","event_location":"","event_datetime_with_summary":"","event_datetime":"","event_date":"","event_time":"","event_date_type":"","event_rulesummary":"","event_ticket_rsvp":"","event_capacity":"","event_capacity_remaining":"","event_capacity_sold":"","event_sold_out":"","event_low_stock":"","event_ticket_count":"","event_ticket_summary":"","event_sales_start":"","event_sales_end":"","event_ticket_price_from":"","event_ticket_price_to":"","event_ticket_price_range":"","event_date_year":"","event_date_month":"","event_date_month_short":"","event_date_day":"","event_date_day_name":"","event_date_iso":"","event_rsvp_capacity":"","event_rsvp_remaining":"","event_rsvp_going":"","event_rsvp_full":"","footnotes":""},"coauthors":[205,237],"class_list":["post-3637","page","type-page","status-publish","hentry"],"_links":{"self":[{"href":"https:\/\/www.poli.usp.br\/en\/wp-json\/wp\/v2\/pages\/3637","targetHints":{"allow":["GET"]}}],"collection":[{"href":"https:\/\/www.poli.usp.br\/en\/wp-json\/wp\/v2\/pages"}],"about":[{"href":"https:\/\/www.poli.usp.br\/en\/wp-json\/wp\/v2\/types\/page"}],"author":[{"embeddable":true,"href":"https:\/\/www.poli.usp.br\/en\/wp-json\/wp\/v2\/users\/14"}],"replies":[{"embeddable":true,"href":"https:\/\/www.poli.usp.br\/en\/wp-json\/wp\/v2\/comments?post=3637"}],"version-history":[{"count":17,"href":"https:\/\/www.poli.usp.br\/en\/wp-json\/wp\/v2\/pages\/3637\/revisions"}],"predecessor-version":[{"id":130316,"href":"https:\/\/www.poli.usp.br\/en\/wp-json\/wp\/v2\/pages\/3637\/revisions\/130316"}],"wp:attachment":[{"href":"https:\/\/www.poli.usp.br\/en\/wp-json\/wp\/v2\/media?parent=3637"}],"wp:term":[{"taxonomy":"author","embeddable":true,"href":"https:\/\/www.poli.usp.br\/en\/wp-json\/wp\/v2\/coauthors?post=3637"}],"curies":[{"name":"wp","href":"https:\/\/api.w.org\/{rel}","templated":true}]}}