{"id":3646,"date":"2018-09-07T00:43:51","date_gmt":"2018-09-07T03:43:51","guid":{"rendered":"https:\/\/www.poli.usp.br\/?page_id=3646"},"modified":"2026-02-02T15:52:01","modified_gmt":"2026-02-02T18:52:01","slug":"internacional","status":"publish","type":"page","link":"https:\/\/www.poli.usp.br\/en\/internacional\/","title":{"rendered":"Internacional"},"content":{"rendered":"\t\t<div data-elementor-type=\"wp-page\" data-elementor-id=\"3646\" class=\"elementor elementor-3646\" data-elementor-post-type=\"page\">\n\t\t\t\t<div class=\"elementor-element elementor-element-46a7b08 e-flex e-con-boxed e-con e-parent\" data-id=\"46a7b08\" data-element_type=\"container\" data-e-type=\"container\">\n\t\t\t\t\t<div class=\"e-con-inner\">\n\t\t\t\t\t<\/div>\n\t\t\t\t<\/div>\n\t\t<div class=\"elementor-element elementor-element-6fc6e952 e-flex e-con-boxed e-con e-parent\" data-id=\"6fc6e952\" data-element_type=\"container\" data-e-type=\"container\" data-settings=\"{&quot;background_background&quot;:&quot;classic&quot;}\">\n\t\t\t\t\t<div class=\"e-con-inner\">\n\t\t\t\t<div class=\"elementor-element elementor-element-4a652d95 elementor-widget elementor-widget-spacer\" data-id=\"4a652d95\" data-element_type=\"widget\" data-e-type=\"widget\" data-widget_type=\"spacer.default\">\n\t\t\t\t<div class=\"elementor-widget-container\">\n\t\t\t\t\t\t\t<div class=\"elementor-spacer\">\n\t\t\t<div class=\"elementor-spacer-inner\"><\/div>\n\t\t<\/div>\n\t\t\t\t\t\t<\/div>\n\t\t\t\t<\/div>\n\t\t\t\t<div class=\"elementor-element elementor-element-508849fb elementor-widget__width-initial elementor-widget elementor-widget-heading\" data-id=\"508849fb\" data-element_type=\"widget\" data-e-type=\"widget\" data-widget_type=\"heading.default\">\n\t\t\t\t<div class=\"elementor-widget-container\">\n\t\t\t\t\t<h2 class=\"elementor-heading-title elementor-size-default\">INTERNACIONAL<\/h2>\t\t\t\t<\/div>\n\t\t\t\t<\/div>\n\t\t\t\t<div class=\"elementor-element elementor-element-63494368 elementor-widget elementor-widget-spacer\" data-id=\"63494368\" data-element_type=\"widget\" data-e-type=\"widget\" data-widget_type=\"spacer.default\">\n\t\t\t\t<div class=\"elementor-widget-container\">\n\t\t\t\t\t\t\t<div class=\"elementor-spacer\">\n\t\t\t<div class=\"elementor-spacer-inner\"><\/div>\n\t\t<\/div>\n\t\t\t\t\t\t<\/div>\n\t\t\t\t<\/div>\n\t\t\t\t\t<\/div>\n\t\t\t\t<\/div>\n\t\t<div class=\"elementor-element elementor-element-ecc2eb1 e-flex e-con-boxed e-con e-parent\" data-id=\"ecc2eb1\" data-element_type=\"container\" data-e-type=\"container\">\n\t\t\t\t\t<div class=\"e-con-inner\">\n\t\t\t\t<div class=\"elementor-element elementor-element-c5436eb elementor-widget elementor-widget-spacer\" data-id=\"c5436eb\" data-element_type=\"widget\" data-e-type=\"widget\" data-widget_type=\"spacer.default\">\n\t\t\t\t<div class=\"elementor-widget-container\">\n\t\t\t\t\t\t\t<div class=\"elementor-spacer\">\n\t\t\t<div class=\"elementor-spacer-inner\"><\/div>\n\t\t<\/div>\n\t\t\t\t\t\t<\/div>\n\t\t\t\t<\/div>\n\t\t\t\t\t<\/div>\n\t\t\t\t<\/div>\n\t\t<div class=\"elementor-element elementor-element-eeb3fcc e-flex e-con-boxed e-con e-parent\" data-id=\"eeb3fcc\" data-element_type=\"container\" data-e-type=\"container\">\n\t\t\t\t\t<div class=\"e-con-inner\">\n\t\t<div class=\"elementor-element elementor-element-a042edf e-con-full e-flex e-con e-child\" data-id=\"a042edf\" data-element_type=\"container\" data-e-type=\"container\">\n\t\t\t\t<div class=\"elementor-element elementor-element-87d84ee elementor-widget elementor-widget-image\" data-id=\"87d84ee\" data-element_type=\"widget\" data-e-type=\"widget\" data-widget_type=\"image.default\">\n\t\t\t\t<div class=\"elementor-widget-container\">\n\t\t\t\t\t\t\t\t\t\t\t\t\t\t\t<img fetchpriority=\"high\" decoding=\"async\" width=\"300\" height=\"300\" src=\"https:\/\/www.poli.usp.br\/wp-content\/uploads\/2024\/02\/LOGO-CRINT-GLOBO-FUNDO-AMARELO-2-300x300.png\" class=\"attachment-medium size-medium wp-image-100038\" alt=\"\" srcset=\"https:\/\/www.poli.usp.br\/wp-content\/uploads\/2024\/02\/LOGO-CRINT-GLOBO-FUNDO-AMARELO-2-300x300.png 300w, https:\/\/www.poli.usp.br\/wp-content\/uploads\/2024\/02\/LOGO-CRINT-GLOBO-FUNDO-AMARELO-2-1024x1024.png 1024w, https:\/\/www.poli.usp.br\/wp-content\/uploads\/2024\/02\/LOGO-CRINT-GLOBO-FUNDO-AMARELO-2-150x150.png 150w, https:\/\/www.poli.usp.br\/wp-content\/uploads\/2024\/02\/LOGO-CRINT-GLOBO-FUNDO-AMARELO-2-768x768.png 768w, https:\/\/www.poli.usp.br\/wp-content\/uploads\/2024\/02\/LOGO-CRINT-GLOBO-FUNDO-AMARELO-2-24x24.png 24w, https:\/\/www.poli.usp.br\/wp-content\/uploads\/2024\/02\/LOGO-CRINT-GLOBO-FUNDO-AMARELO-2-36x36.png 36w, https:\/\/www.poli.usp.br\/wp-content\/uploads\/2024\/02\/LOGO-CRINT-GLOBO-FUNDO-AMARELO-2-48x48.png 48w, https:\/\/www.poli.usp.br\/wp-content\/uploads\/2024\/02\/LOGO-CRINT-GLOBO-FUNDO-AMARELO-2.png 1181w\" sizes=\"(max-width: 300px) 100vw, 300px\" \/>\t\t\t\t\t\t\t\t\t\t\t\t\t\t\t<\/div>\n\t\t\t\t<\/div>\n\t\t\t\t<\/div>\n\t\t<div class=\"elementor-element elementor-element-8aebe58 e-con-full e-flex e-con e-child\" data-id=\"8aebe58\" data-element_type=\"container\" data-e-type=\"container\">\n\t\t\t\t<div class=\"elementor-element elementor-element-1b893ce elementor-widget elementor-widget-heading\" data-id=\"1b893ce\" data-element_type=\"widget\" data-e-type=\"widget\" data-widget_type=\"heading.default\">\n\t\t\t\t<div class=\"elementor-widget-container\">\n\t\t\t\t\t<h2 class=\"elementor-heading-title elementor-size-default\">Uma Institui\u00e7\u00e3o de Ensino Superior Globalizada - \nEscola Polit\u00e9cnica da USP<\/h2>\t\t\t\t<\/div>\n\t\t\t\t<\/div>\n\t\t\t\t<\/div>\n\t\t\t\t\t<\/div>\n\t\t\t\t<\/div>\n\t\t<div class=\"elementor-element elementor-element-0709cc2 e-flex e-con-boxed e-con e-parent\" data-id=\"0709cc2\" data-element_type=\"container\" data-e-type=\"container\">\n\t\t\t\t\t<div class=\"e-con-inner\">\n\t\t<div class=\"elementor-element elementor-element-763d8be e-con-full e-flex e-con e-child\" data-id=\"763d8be\" data-element_type=\"container\" data-e-type=\"container\">\n\t\t\t\t<div class=\"elementor-element elementor-element-d365133 elementor-widget elementor-widget-text-editor\" data-id=\"d365133\" data-element_type=\"widget\" data-e-type=\"widget\" data-widget_type=\"text-editor.default\">\n\t\t\t\t<div class=\"elementor-widget-container\">\n\t\t\t\t\t\t\t\t\t<p>\u00a0 \u00a0 \u00a0Muito al\u00e9m de formar engenheiros tecnicamente capacitados para o exerc\u00edcio de sua profiss\u00e3o, a Escola Polit\u00e9cnica da USP possui uma filosofia e uma estrutura voltadas para a internacionaliza\u00e7\u00e3o. Desde 1998, a Poli passou a oferecer oportunidades para os alunos poderem realizar parte de seu curso no exterior. O grande n\u00famero de conv\u00eanios com Institui\u00e7\u00f5es de Ensino Superior e de Pesquisa em diversos pa\u00edses e a participa\u00e7\u00e3o em redes como o T.I.M.E., Cluster e Magalh\u00e3es garante a excel\u00eancia dos programas de interc\u00e2mbio que a Poli possui.<\/p><p>\u00a0 \u00a0 \u00a0H\u00e1 mais de um s\u00e9culo, a Escola Polit\u00e9cnica da Universidade de S\u00e3o Paulo (Poli\/USP) vem formando gera\u00e7\u00f5es de engenheiros que t\u00eam se destacado n\u00e3o s\u00f3 em suas especialidades profissionais, mas tamb\u00e9m na vida pol\u00edtica do Pa\u00eds e na administra\u00e7\u00e3o de empresas e de \u00f3rg\u00e3os p\u00fablicos. Fundada em 1893, Poli oferece 17 cursos de gradua\u00e7\u00e3o, e possui o maior centro de p\u00f3s-gradua\u00e7\u00e3o do Pa\u00eds na \u00e1rea de Engenharia. Tamb\u00e9m se destaca na realiza\u00e7\u00e3o de pesquisas cient\u00edficas e tecnol\u00f3gicas, com as quais contribui para o progresso social e econ\u00f4mico do Brasil e para a moderniza\u00e7\u00e3o, competitividade e qualidade dos produtos e processos das empresas.<\/p>\t\t\t\t\t\t\t\t<\/div>\n\t\t\t\t<\/div>\n\t\t\t\t<div class=\"elementor-element elementor-element-3e45c5a elementor-widget-divider--view-line elementor-widget elementor-widget-divider\" data-id=\"3e45c5a\" data-element_type=\"widget\" data-e-type=\"widget\" data-widget_type=\"divider.default\">\n\t\t\t\t<div class=\"elementor-widget-container\">\n\t\t\t\t\t\t\t<div class=\"elementor-divider\">\n\t\t\t<span class=\"elementor-divider-separator\">\n\t\t\t\t\t\t<\/span>\n\t\t<\/div>\n\t\t\t\t\t\t<\/div>\n\t\t\t\t<\/div>\n\t\t\t\t<div class=\"elementor-element elementor-element-383047a elementor-widget__width-initial elementor-widget elementor-widget-heading\" data-id=\"383047a\" data-element_type=\"widget\" data-e-type=\"widget\" data-widget_type=\"heading.default\">\n\t\t\t\t<div class=\"elementor-widget-container\">\n\t\t\t\t\t<h2 class=\"elementor-heading-title elementor-size-default\">Informa\u00e7\u00f5es sobre os programas de interc\u00e2mbio:<\/h2>\t\t\t\t<\/div>\n\t\t\t\t<\/div>\n\t\t\t\t<div class=\"elementor-element elementor-element-331dee6 elementor-align-center elementor-widget__width-inherit elementor-widget elementor-widget-button\" data-id=\"331dee6\" data-element_type=\"widget\" data-e-type=\"widget\" data-widget_type=\"button.default\">\n\t\t\t\t<div class=\"elementor-widget-container\">\n\t\t\t\t\t\t\t\t\t<div class=\"elementor-button-wrapper\">\n\t\t\t\t\t<a class=\"elementor-button elementor-button-link elementor-size-lg\" href=\"https:\/\/www.poli.usp.br\/internacional\/intercambios-e-procedimentos\">\n\t\t\t\t\t\t<span class=\"elementor-button-content-wrapper\">\n\t\t\t\t\t\t\t\t\t<span class=\"elementor-button-text\">Interc\u00e2mbios no Exterior para alunos Poli<\/span>\n\t\t\t\t\t<\/span>\n\t\t\t\t\t<\/a>\n\t\t\t\t<\/div>\n\t\t\t\t\t\t\t\t<\/div>\n\t\t\t\t<\/div>\n\t\t\t\t<div class=\"elementor-element elementor-element-e7740fd elementor-widget elementor-widget-spacer\" data-id=\"e7740fd\" data-element_type=\"widget\" data-e-type=\"widget\" data-widget_type=\"spacer.default\">\n\t\t\t\t<div class=\"elementor-widget-container\">\n\t\t\t\t\t\t\t<div class=\"elementor-spacer\">\n\t\t\t<div class=\"elementor-spacer-inner\"><\/div>\n\t\t<\/div>\n\t\t\t\t\t\t<\/div>\n\t\t\t\t<\/div>\n\t\t\t\t<div class=\"elementor-element elementor-element-711a294 elementor-align-center elementor-widget__width-inherit elementor-widget elementor-widget-button\" data-id=\"711a294\" data-element_type=\"widget\" data-e-type=\"widget\" data-widget_type=\"button.default\">\n\t\t\t\t<div class=\"elementor-widget-container\">\n\t\t\t\t\t\t\t\t\t<div class=\"elementor-button-wrapper\">\n\t\t\t\t\t<a class=\"elementor-button elementor-button-link elementor-size-lg\" href=\"https:\/\/www.poli.usp.br\/internacional\/exchange-student-study-at-poli\">\n\t\t\t\t\t\t<span class=\"elementor-button-content-wrapper\">\n\t\t\t\t\t\t\t\t\t<span class=\"elementor-button-text\">Incoming - International Students       <\/span>\n\t\t\t\t\t<\/span>\n\t\t\t\t\t<\/a>\n\t\t\t\t<\/div>\n\t\t\t\t\t\t\t\t<\/div>\n\t\t\t\t<\/div>\n\t\t\t\t<\/div>\n\t\t\t\t\t<\/div>\n\t\t\t\t<\/div>\n\t\t\t\t<section class=\"elementor-section elementor-top-section elementor-element elementor-element-2541233d elementor-section-boxed elementor-section-height-default elementor-section-height-default\" data-id=\"2541233d\" data-element_type=\"section\" data-e-type=\"section\" data-settings=\"{&quot;background_background&quot;:&quot;classic&quot;}\">\n\t\t\t\t\t\t<div class=\"elementor-container elementor-column-gap-default\">\n\t\t\t\t\t<div class=\"elementor-column elementor-col-50 elementor-top-column elementor-element elementor-element-342589b1\" data-id=\"342589b1\" data-element_type=\"column\" data-e-type=\"column\" data-settings=\"{&quot;background_background&quot;:&quot;slideshow&quot;,&quot;background_slideshow_gallery&quot;:[{&quot;id&quot;:73683,&quot;url&quot;:&quot;https:\\\/\\\/www.poli.usp.br\\\/wp-content\\\/uploads\\\/2022\\\/02\\\/Leticia-Rubinstein-p9cfshm7sssbb5upxx8lh3s24eeg7wjfxa2z2anim8.png&quot;}],&quot;background_slideshow_loop&quot;:&quot;yes&quot;,&quot;background_slideshow_slide_duration&quot;:5000,&quot;background_slideshow_slide_transition&quot;:&quot;fade&quot;,&quot;background_slideshow_transition_duration&quot;:500}\">\n\t\t\t<div class=\"elementor-widget-wrap elementor-element-populated\">\n\t\t\t\t\t\t<div class=\"elementor-element elementor-element-41a37353 elementor-widget elementor-widget-spacer\" data-id=\"41a37353\" data-element_type=\"widget\" data-e-type=\"widget\" data-widget_type=\"spacer.default\">\n\t\t\t\t<div class=\"elementor-widget-container\">\n\t\t\t\t\t\t\t<div class=\"elementor-spacer\">\n\t\t\t<div class=\"elementor-spacer-inner\"><\/div>\n\t\t<\/div>\n\t\t\t\t\t\t<\/div>\n\t\t\t\t<\/div>\n\t\t\t\t<div class=\"elementor-element elementor-element-7232e09 elementor-absolute elementor-widget elementor-widget-heading\" data-id=\"7232e09\" data-element_type=\"widget\" data-e-type=\"widget\" data-settings=\"{&quot;_position&quot;:&quot;absolute&quot;}\" data-widget_type=\"heading.default\">\n\t\t\t\t<div class=\"elementor-widget-container\">\n\t\t\t\t\t<h2 class=\"elementor-heading-title elementor-size-default\"><a href=\"https:\/\/www.poli.usp.br\/20yearsdoubledegree\">20 anos de Programas de Duplo Diploma<\/a><\/h2>\t\t\t\t<\/div>\n\t\t\t\t<\/div>\n\t\t\t\t\t<\/div>\n\t\t<\/div>\n\t\t\t\t<div class=\"elementor-column elementor-col-50 elementor-top-column elementor-element elementor-element-16ac5321\" data-id=\"16ac5321\" data-element_type=\"column\" data-e-type=\"column\">\n\t\t\t<div class=\"elementor-widget-wrap elementor-element-populated\">\n\t\t\t\t\t\t<div class=\"elementor-element elementor-element-7ed095e2 elementor-pagination-position-outside elementor--h-position-center elementor--v-position-middle elementor-arrows-position-inside elementor-widget elementor-widget-slides\" data-id=\"7ed095e2\" data-element_type=\"widget\" data-e-type=\"widget\" data-settings=\"{&quot;navigation&quot;:&quot;both&quot;,&quot;autoplay&quot;:&quot;yes&quot;,&quot;pause_on_hover&quot;:&quot;yes&quot;,&quot;pause_on_interaction&quot;:&quot;yes&quot;,&quot;autoplay_speed&quot;:5000,&quot;infinite&quot;:&quot;yes&quot;,&quot;transition&quot;:&quot;slide&quot;,&quot;transition_speed&quot;:500}\" data-widget_type=\"slides.default\">\n\t\t\t\t<div class=\"elementor-widget-container\">\n\t\t\t\t\t\t\t\t\t<div class=\"elementor-swiper\">\n\t\t\t\t\t<div class=\"elementor-slides-wrapper elementor-main-swiper swiper\" role=\"region\" aria-roledescription=\"carousel\" aria-label=\"Slides\" dir=\"ltr\" data-animation=\"fadeInUp\">\n\t\t\t\t<div class=\"swiper-wrapper elementor-slides\">\n\t\t\t\t\t\t\t\t\t\t<div class=\"elementor-repeater-item-962750d swiper-slide\" role=\"group\" aria-roledescription=\"slide\"><div class=\"swiper-slide-bg\"><\/div><div class=\"swiper-slide-inner\" ><div class=\"swiper-slide-contents\"><div class=\"elementor-slide-heading\">112<\/div><div class=\"elementor-slide-description\">acordos e conv\u00eanios internacionais vigentes<\/div><\/div><\/div><\/div><div class=\"elementor-repeater-item-ec023a0 swiper-slide\" role=\"group\" aria-roledescription=\"slide\"><div class=\"swiper-slide-bg\"><\/div><div class=\"swiper-slide-inner\" ><div class=\"swiper-slide-contents\"><div class=\"elementor-slide-heading\">21<\/div><div class=\"elementor-slide-description\">Acordos acad\u00eamicos internacionais\nna gradua\u00e7\u00e3o e p\u00f3s-gradua\u00e7\u00e3o<\/div><\/div><\/div><\/div><div class=\"elementor-repeater-item-8cc120b swiper-slide\" role=\"group\" aria-roledescription=\"slide\"><div class=\"swiper-slide-bg\"><\/div><div class=\"swiper-slide-inner\" ><div class=\"swiper-slide-contents\"><div class=\"elementor-slide-heading\">46<\/div><div class=\"elementor-slide-description\">Acordos internacionais de interc\u00e2mbio<\/div><\/div><\/div><\/div><div class=\"elementor-repeater-item-b6c4924 swiper-slide\" role=\"group\" aria-roledescription=\"slide\"><div class=\"swiper-slide-bg\"><\/div><div class=\"swiper-slide-inner\" ><div class=\"swiper-slide-contents\"><div class=\"elementor-slide-heading\">29<\/div><div class=\"elementor-slide-description\">Conv\u00eanios de dupla-forma\u00e7\u00e3o na Gradua\u00e7\u00e3o<\/div><\/div><\/div><\/div><div class=\"elementor-repeater-item-cf642be swiper-slide\" role=\"group\" aria-roledescription=\"slide\"><div class=\"swiper-slide-bg\"><\/div><div class=\"swiper-slide-inner\" ><div class=\"swiper-slide-contents\"><div class=\"elementor-slide-heading\">16<\/div><div class=\"elementor-slide-description\">Conv\u00eanios de dupla-titula\u00e7\u00e3o<\/div><\/div><\/div><\/div><div class=\"elementor-repeater-item-fe3ffac swiper-slide\" role=\"group\" aria-roledescription=\"slide\"><div class=\"swiper-slide-bg\"><\/div><div class=\"swiper-slide-inner\" ><div class=\"swiper-slide-contents\"><div class=\"elementor-slide-heading\">202<\/div><div class=\"elementor-slide-description\">Alunos  da Poli iniciando uma experi\u00eancia de interc\u00e2mbio<\/div><\/div><\/div><\/div>\t\t\t\t<\/div>\n\t\t\t\t\t\t\t\t\t\t\t\t\t\t\t<div class=\"elementor-swiper-button elementor-swiper-button-prev\" role=\"button\" tabindex=\"0\" aria-label=\"Slide anterior\">\n\t\t\t\t\t\t\t<i aria-hidden=\"true\" class=\"eicon-chevron-left\"><\/i>\t\t\t\t\t\t<\/div>\n\t\t\t\t\t\t<div class=\"elementor-swiper-button elementor-swiper-button-next\" role=\"button\" tabindex=\"0\" aria-label=\"Pr\u00f3ximo slide\">\n\t\t\t\t\t\t\t<i aria-hidden=\"true\" class=\"eicon-chevron-right\"><\/i>\t\t\t\t\t\t<\/div>\n\t\t\t\t\t\t\t\t\t\t\t\t\t\t\t\t<div class=\"swiper-pagination\"><\/div>\n\t\t\t\t\t\t\t\t\t\t\t\t<\/div>\n\t\t\t\t<\/div>\n\t\t\t\t\t\t\t\t<\/div>\n\t\t\t\t<\/div>\n\t\t\t\t\t<\/div>\n\t\t<\/div>\n\t\t\t\t\t<\/div>\n\t\t<\/section>\n\t\t<div class=\"elementor-element elementor-element-89d91cb e-flex e-con-boxed e-con e-parent\" data-id=\"89d91cb\" data-element_type=\"container\" data-e-type=\"container\">\n\t\t\t\t\t<div class=\"e-con-inner\">\n\t\t\t\t<div class=\"elementor-element elementor-element-12f0d5c elementor-widget elementor-widget-spacer\" data-id=\"12f0d5c\" data-element_type=\"widget\" data-e-type=\"widget\" data-widget_type=\"spacer.default\">\n\t\t\t\t<div class=\"elementor-widget-container\">\n\t\t\t\t\t\t\t<div class=\"elementor-spacer\">\n\t\t\t<div class=\"elementor-spacer-inner\"><\/div>\n\t\t<\/div>\n\t\t\t\t\t\t<\/div>\n\t\t\t\t<\/div>\n\t\t\t\t\t<\/div>\n\t\t\t\t<\/div>\n\t\t<div class=\"elementor-element elementor-element-2589b4c e-flex e-con-boxed e-con e-parent\" data-id=\"2589b4c\" data-element_type=\"container\" data-e-type=\"container\">\n\t\t\t\t\t<div class=\"e-con-inner\">\n\t\t\t\t<div class=\"elementor-element elementor-element-7eaf756 elementor-widget elementor-widget-image\" data-id=\"7eaf756\" data-element_type=\"widget\" data-e-type=\"widget\" data-widget_type=\"image.default\">\n\t\t\t\t<div class=\"elementor-widget-container\">\n\t\t\t\t\t\t\t\t\t\t\t\t\t\t\t<img decoding=\"async\" width=\"750\" height=\"750\" src=\"https:\/\/www.poli.usp.br\/wp-content\/uploads\/2026\/02\/canal-whatsapp-crint.jpg\" class=\"attachment-medium_large size-medium_large wp-image-146756\" alt=\"\" srcset=\"https:\/\/www.poli.usp.br\/wp-content\/uploads\/2026\/02\/canal-whatsapp-crint.jpg 750w, https:\/\/www.poli.usp.br\/wp-content\/uploads\/2026\/02\/canal-whatsapp-crint-300x300.jpg 300w, https:\/\/www.poli.usp.br\/wp-content\/uploads\/2026\/02\/canal-whatsapp-crint-180x180.jpg 180w, https:\/\/www.poli.usp.br\/wp-content\/uploads\/2026\/02\/canal-whatsapp-crint-250x250.jpg 250w, https:\/\/www.poli.usp.br\/wp-content\/uploads\/2026\/02\/canal-whatsapp-crint-500x500.jpg 500w, https:\/\/www.poli.usp.br\/wp-content\/uploads\/2026\/02\/canal-whatsapp-crint-24x24.jpg 24w, https:\/\/www.poli.usp.br\/wp-content\/uploads\/2026\/02\/canal-whatsapp-crint-36x36.jpg 36w, https:\/\/www.poli.usp.br\/wp-content\/uploads\/2026\/02\/canal-whatsapp-crint-48x48.jpg 48w\" sizes=\"(max-width: 750px) 100vw, 750px\" \/>\t\t\t\t\t\t\t\t\t\t\t\t\t\t\t<\/div>\n\t\t\t\t<\/div>\n\t\t\t\t\t<\/div>\n\t\t\t\t<\/div>\n\t\t\t\t<\/div>\n\t\t","protected":false},"excerpt":{"rendered":"<p>INTERNACIONAL Uma Institui\u00e7\u00e3o de Ensino Superior Globalizada &#8211; Escola Polit\u00e9cnica da USP \u00a0 \u00a0 \u00a0Muito al\u00e9m de formar engenheiros tecnicamente capacitados para o exerc\u00edcio de sua profiss\u00e3o, a Escola Polit\u00e9cnica [&hellip;]<\/p>\n","protected":false},"author":10,"featured_media":0,"parent":0,"menu_order":0,"comment_status":"closed","ping_status":"closed","template":"","meta":{"event_title":"","event_details":"","event_timezone":"","event_gmap":"","event_image":"","event_image_url":"","event_calendar_link":"","event_location":"","event_datetime_with_summary":"","event_datetime":"","event_date":"","event_time":"","event_date_type":"","event_rulesummary":"","event_ticket_rsvp":"","event_capacity":"","event_capacity_remaining":"","event_capacity_sold":"","event_sold_out":"","event_low_stock":"","event_ticket_count":"","event_ticket_summary":"","event_sales_start":"","event_sales_end":"","event_ticket_price_from":"","event_ticket_price_to":"","event_ticket_price_range":"","event_date_year":"","event_date_month":"","event_date_month_short":"","event_date_day":"","event_date_day_name":"","event_date_iso":"","event_rsvp_capacity":"","event_rsvp_remaining":"","event_rsvp_going":"","event_rsvp_full":"","footnotes":""},"coauthors":[211,233,1320,1431,1590],"class_list":["post-3646","page","type-page","status-publish","hentry"],"_links":{"self":[{"href":"https:\/\/www.poli.usp.br\/en\/wp-json\/wp\/v2\/pages\/3646","targetHints":{"allow":["GET"]}}],"collection":[{"href":"https:\/\/www.poli.usp.br\/en\/wp-json\/wp\/v2\/pages"}],"about":[{"href":"https:\/\/www.poli.usp.br\/en\/wp-json\/wp\/v2\/types\/page"}],"author":[{"embeddable":true,"href":"https:\/\/www.poli.usp.br\/en\/wp-json\/wp\/v2\/users\/10"}],"replies":[{"embeddable":true,"href":"https:\/\/www.poli.usp.br\/en\/wp-json\/wp\/v2\/comments?post=3646"}],"version-history":[{"count":62,"href":"https:\/\/www.poli.usp.br\/en\/wp-json\/wp\/v2\/pages\/3646\/revisions"}],"predecessor-version":[{"id":146759,"href":"https:\/\/www.poli.usp.br\/en\/wp-json\/wp\/v2\/pages\/3646\/revisions\/146759"}],"wp:attachment":[{"href":"https:\/\/www.poli.usp.br\/en\/wp-json\/wp\/v2\/media?parent=3646"}],"wp:term":[{"taxonomy":"author","embeddable":true,"href":"https:\/\/www.poli.usp.br\/en\/wp-json\/wp\/v2\/coauthors?post=3646"}],"curies":[{"name":"wp","href":"https:\/\/api.w.org\/{rel}","templated":true}]}}