{"id":41380,"date":"2020-08-13T10:07:57","date_gmt":"2020-08-13T13:07:57","guid":{"rendered":"http:\/\/www.poli.usp.br\/?page_id=41380"},"modified":"2022-08-12T07:52:16","modified_gmt":"2022-08-12T10:52:16","slug":"poliinforma","status":"publish","type":"page","link":"https:\/\/www.poli.usp.br\/en\/comunicacao\/poliinforma\/","title":{"rendered":"PoliInforma"},"content":{"rendered":"<div data-elementor-type=\"wp-page\" data-elementor-id=\"41380\" class=\"elementor elementor-41380\" data-elementor-post-type=\"page\">\n\t\t\t\t\t\t<section class=\"elementor-section elementor-top-section elementor-element elementor-element-54bf63ca elementor-section-boxed elementor-section-height-default elementor-section-height-default\" data-id=\"54bf63ca\" data-element_type=\"section\" data-e-type=\"section\">\n\t\t\t\t\t\t<div class=\"elementor-container elementor-column-gap-default\">\n\t\t\t\t\t<div class=\"elementor-column elementor-col-100 elementor-top-column elementor-element elementor-element-214ef0c6\" data-id=\"214ef0c6\" data-element_type=\"column\" data-e-type=\"column\">\n\t\t\t<div class=\"elementor-widget-wrap elementor-element-populated\">\n\t\t\t\t\t\t<div class=\"elementor-element elementor-element-3ad1897 elementor-widget elementor-widget-image\" data-id=\"3ad1897\" data-element_type=\"widget\" data-e-type=\"widget\" data-widget_type=\"image.default\">\n\t\t\t\t<div class=\"elementor-widget-container\">\n\t\t\t\t\t\t\t\t\t\t\t\t\t\t\t<img fetchpriority=\"high\" decoding=\"async\" width=\"710\" height=\"178\" src=\"https:\/\/www.poli.usp.br\/wp-content\/uploads\/2020\/08\/cabe\u00e7alho-poliinforma-julho2020.jpg\" class=\"attachment-large size-large wp-image-41382\" alt=\"\" srcset=\"https:\/\/www.poli.usp.br\/wp-content\/uploads\/2020\/08\/cabe\u00e7alho-poliinforma-julho2020.jpg 710w, https:\/\/www.poli.usp.br\/wp-content\/uploads\/2020\/08\/cabe\u00e7alho-poliinforma-julho2020-300x75.jpg 300w\" sizes=\"(max-width: 710px) 100vw, 710px\" \/>\t\t\t\t\t\t\t\t\t\t\t\t\t\t\t<\/div>\n\t\t\t\t<\/div>\n\t\t\t\t<div class=\"elementor-element elementor-element-426ab690 elementor-widget elementor-widget-text-editor\" data-id=\"426ab690\" data-element_type=\"widget\" data-e-type=\"widget\" data-widget_type=\"text-editor.default\">\n\t\t\t\t<div class=\"elementor-widget-container\">\n\t\t\t\t\t\t\t\t\t<p>\u00a0<\/p><p>O PoliInforma \u00e9 uma publica\u00e7\u00e3o semanal, produzida e editada pela\u00a0Comunica\u00e7\u00e3o Institucional da Poli-USP. Se destina a divulgar not\u00edcias da Poli e demais unidades da USP para seus docentes, alunos e funcion\u00e1rios.<\/p>\t\t\t\t\t\t\t\t<\/div>\n\t\t\t\t<\/div>\n\t\t\t\t<div class=\"elementor-element elementor-element-73e11ed elementor-grid-2 elementor-grid-tablet-2 elementor-grid-mobile-1 elementor-posts--thumbnail-top elementor-widget elementor-widget-posts\" data-id=\"73e11ed\" data-element_type=\"widget\" data-e-type=\"widget\" data-settings=\"{&quot;classic_columns&quot;:&quot;2&quot;,&quot;classic_columns_tablet&quot;:&quot;2&quot;,&quot;classic_columns_mobile&quot;:&quot;1&quot;,&quot;classic_row_gap&quot;:{&quot;unit&quot;:&quot;px&quot;,&quot;size&quot;:35,&quot;sizes&quot;:[]},&quot;classic_row_gap_tablet&quot;:{&quot;unit&quot;:&quot;px&quot;,&quot;size&quot;:&quot;&quot;,&quot;sizes&quot;:[]},&quot;classic_row_gap_mobile&quot;:{&quot;unit&quot;:&quot;px&quot;,&quot;size&quot;:&quot;&quot;,&quot;sizes&quot;:[]}}\" data-widget_type=\"posts.classic\">\n\t\t\t\t<div class=\"elementor-widget-container\">\n\t\t\t\t\t\t\t<div class=\"elementor-posts-container elementor-posts elementor-posts--skin-classic elementor-grid\" role=\"list\">\n\t\t\t\t<article class=\"elementor-post elementor-grid-item post-95603 post type-post status-publish format-standard hentry category-poliinforma category-publicacoes-poli-usp\" role=\"listitem\">\n\t\t\t\t<div class=\"elementor-post__text\">\n\t\t\t\t<h3 class=\"elementor-post__title\">\n\t\t\t<a href=\"https:\/\/www.poli.usp.br\/en\/noticias\/publicacoes-poli-usp\/edicoes-semanais-dos-informativos-da-escola-politecnica-da-usp-de-2023-poli-informa-poli-noticias-e-poli-eventos\/\" >\n\t\t\t\tEdi\u00e7\u00f5es Semanais dos Informativos da Escola Polit\u00e9cnica da USP de 2023 (Poli Informa, Poli Not\u00edcias e Poli Eventos)\t\t\t<\/a>\n\t\t<\/h3>\n\t\t\t\t<div class=\"elementor-post__excerpt\">\n\t\t\t<p>PoliInforma Janeiro: Polinforma &#8211; 6 de janeiro de 2023 PoliInforma &#8211; 13 de janeiro de 2023 Polinforma &#8211; 20 de janeiro de 2023 Poli Informa &#8211; 27 de janeiro de<\/p>\n\t\t<\/div>\n\t\t\n\t\t<a class=\"elementor-post__read-more\" href=\"https:\/\/www.poli.usp.br\/en\/noticias\/publicacoes-poli-usp\/edicoes-semanais-dos-informativos-da-escola-politecnica-da-usp-de-2023-poli-informa-poli-noticias-e-poli-eventos\/\" aria-label=\"Read more about Edi\u00e7\u00f5es Semanais dos Informativos da Escola Polit\u00e9cnica da USP de 2023 (Poli Informa, Poli Not\u00edcias e Poli Eventos)\" tabindex=\"-1\" >\n\t\t\tAcesse aqui\t\t<\/a>\n\n\t\t\t\t<\/div>\n\t\t\t\t<\/article>\n\t\t\t\t<article class=\"elementor-post elementor-grid-item post-68921 post type-post status-publish format-standard has-post-thumbnail hentry category-poliinforma category-publicacoes-poli-usp\" role=\"listitem\">\n\t\t\t\t<a class=\"elementor-post__thumbnail__link\" href=\"https:\/\/www.poli.usp.br\/en\/noticias\/publicacoes-poli-usp\/edicoes-semanais-do-poliinforma-e-poli-eventos-2021-2\/\" tabindex=\"-1\" >\n\t\t\t<div class=\"elementor-post__thumbnail\"><img decoding=\"async\" width=\"300\" height=\"106\" src=\"https:\/\/www.poli.usp.br\/wp-content\/uploads\/2022\/06\/unnamed-4-300x106.png\" class=\"attachment-medium size-medium wp-image-68922\" alt=\"\" srcset=\"https:\/\/www.poli.usp.br\/wp-content\/uploads\/2022\/06\/unnamed-4-300x106.png 300w, https:\/\/www.poli.usp.br\/wp-content\/uploads\/2022\/06\/unnamed-4.png 600w\" sizes=\"(max-width: 300px) 100vw, 300px\" \/><\/div>\n\t\t<\/a>\n\t\t\t\t<div class=\"elementor-post__text\">\n\t\t\t\t<h3 class=\"elementor-post__title\">\n\t\t\t<a href=\"https:\/\/www.poli.usp.br\/en\/noticias\/publicacoes-poli-usp\/edicoes-semanais-do-poliinforma-e-poli-eventos-2021-2\/\" >\n\t\t\t\tEdi\u00e7\u00f5es Semanais do PoliInforma e Poli Eventos 2022\t\t\t<\/a>\n\t\t<\/h3>\n\t\t\t\t<div class=\"elementor-post__excerpt\">\n\t\t\t<p>PoliInforma Edi\u00e7\u00e3o Semanal do PoliInforma &#8211; n\u00ba1 &#8211; 14 de janeiro de 2022 Edi\u00e7\u00e3o Semanal do PoliInforma &#8211; n\u00ba2 &#8211; 21 de janeiro de 2022 Edi\u00e7\u00e3o Semanal do PoliInforma &#8211;<\/p>\n\t\t<\/div>\n\t\t\n\t\t<a class=\"elementor-post__read-more\" href=\"https:\/\/www.poli.usp.br\/en\/noticias\/publicacoes-poli-usp\/edicoes-semanais-do-poliinforma-e-poli-eventos-2021-2\/\" aria-label=\"Read more about Edi\u00e7\u00f5es Semanais do PoliInforma e Poli Eventos 2022\" tabindex=\"-1\" >\n\t\t\tAcesse aqui\t\t<\/a>\n\n\t\t\t\t<\/div>\n\t\t\t\t<\/article>\n\t\t\t\t<article class=\"elementor-post elementor-grid-item post-68904 post type-post status-publish format-standard has-post-thumbnail hentry category-poliinforma category-publicacoes-poli-usp\" role=\"listitem\">\n\t\t\t\t<a class=\"elementor-post__thumbnail__link\" href=\"https:\/\/www.poli.usp.br\/en\/noticias\/publicacoes-poli-usp\/edicoes-semanais-do-poliinforma-e-poli-eventos-2021\/\" tabindex=\"-1\" >\n\t\t\t<div class=\"elementor-post__thumbnail\"><img decoding=\"async\" width=\"300\" height=\"79\" src=\"https:\/\/www.poli.usp.br\/wp-content\/uploads\/2022\/06\/unnamed-2-300x79.jpg\" class=\"attachment-medium size-medium wp-image-68906\" alt=\"\" srcset=\"https:\/\/www.poli.usp.br\/wp-content\/uploads\/2022\/06\/unnamed-2-300x79.jpg 300w, https:\/\/www.poli.usp.br\/wp-content\/uploads\/2022\/06\/unnamed-2-768x202.jpg 768w, https:\/\/www.poli.usp.br\/wp-content\/uploads\/2022\/06\/unnamed-2-936x250.jpg 936w, https:\/\/www.poli.usp.br\/wp-content\/uploads\/2022\/06\/unnamed-2.jpg 950w\" sizes=\"(max-width: 300px) 100vw, 300px\" \/><\/div>\n\t\t<\/a>\n\t\t\t\t<div class=\"elementor-post__text\">\n\t\t\t\t<h3 class=\"elementor-post__title\">\n\t\t\t<a href=\"https:\/\/www.poli.usp.br\/en\/noticias\/publicacoes-poli-usp\/edicoes-semanais-do-poliinforma-e-poli-eventos-2021\/\" >\n\t\t\t\tEdi\u00e7\u00f5es Semanais do PoliInforma e Poli Eventos 2021\t\t\t<\/a>\n\t\t<\/h3>\n\t\t\t\t<div class=\"elementor-post__excerpt\">\n\t\t\t<p>Edi\u00e7\u00f5es Semanais do PoliInforma e Poli Eventos 2021 O PoliInforma \u00e9 uma publica\u00e7\u00e3o semanal, produzida e editada pela\u00a0Comunica\u00e7\u00e3o Institucional da Poli-USP. Se destina a divulgar not\u00edcias da Poli e demais<\/p>\n\t\t<\/div>\n\t\t\n\t\t<a class=\"elementor-post__read-more\" href=\"https:\/\/www.poli.usp.br\/en\/noticias\/publicacoes-poli-usp\/edicoes-semanais-do-poliinforma-e-poli-eventos-2021\/\" aria-label=\"Read more about Edi\u00e7\u00f5es Semanais do PoliInforma e Poli Eventos 2021\" tabindex=\"-1\" >\n\t\t\tAcesse aqui\t\t<\/a>\n\n\t\t\t\t<\/div>\n\t\t\t\t<\/article>\n\t\t\t\t<article class=\"elementor-post elementor-grid-item post-41381 post type-post status-publish format-standard has-post-thumbnail hentry category-poliinforma category-publicacoes-poli-usp\" role=\"listitem\">\n\t\t\t\t<a class=\"elementor-post__thumbnail__link\" href=\"https:\/\/www.poli.usp.br\/en\/noticias\/publicacoes-poli-usp\/edicoes-semanais-do-poliinforma-2020\/\" tabindex=\"-1\" >\n\t\t\t<div class=\"elementor-post__thumbnail\"><img loading=\"lazy\" decoding=\"async\" width=\"300\" height=\"75\" src=\"https:\/\/www.poli.usp.br\/wp-content\/uploads\/2020\/08\/cabe\u00e7alho-poliinforma-julho2020-300x75.jpg\" class=\"attachment-medium size-medium wp-image-41382\" alt=\"\" srcset=\"https:\/\/www.poli.usp.br\/wp-content\/uploads\/2020\/08\/cabe\u00e7alho-poliinforma-julho2020-300x75.jpg 300w, https:\/\/www.poli.usp.br\/wp-content\/uploads\/2020\/08\/cabe\u00e7alho-poliinforma-julho2020.jpg 710w\" sizes=\"(max-width: 300px) 100vw, 300px\" \/><\/div>\n\t\t<\/a>\n\t\t\t\t<div class=\"elementor-post__text\">\n\t\t\t\t<h3 class=\"elementor-post__title\">\n\t\t\t<a href=\"https:\/\/www.poli.usp.br\/en\/noticias\/publicacoes-poli-usp\/edicoes-semanais-do-poliinforma-2020\/\" >\n\t\t\t\tEdi\u00e7\u00f5es Semanais do PoliInforma e Poli-Eventos de 2020\t\t\t<\/a>\n\t\t<\/h3>\n\t\t\t\t<div class=\"elementor-post__excerpt\">\n\t\t\t<p>O PoliInforma \u00e9 uma publica\u00e7\u00e3o semanal, produzida e editada pela\u00a0Comunica\u00e7\u00e3o Institucional da Poli-USP. Se destina a divulgar not\u00edcias da Poli e demais unidades da USP para seus docentes, alunos e<\/p>\n\t\t<\/div>\n\t\t\n\t\t<a class=\"elementor-post__read-more\" href=\"https:\/\/www.poli.usp.br\/en\/noticias\/publicacoes-poli-usp\/edicoes-semanais-do-poliinforma-2020\/\" aria-label=\"Read more about Edi\u00e7\u00f5es Semanais do PoliInforma e Poli-Eventos de 2020\" tabindex=\"-1\" >\n\t\t\tAcesse aqui\t\t<\/a>\n\n\t\t\t\t<\/div>\n\t\t\t\t<\/article>\n\t\t\t\t<article class=\"elementor-post elementor-grid-item post-11775 post type-post status-publish format-standard has-post-thumbnail hentry category-poliinforma category-publicacoes-poli-usp\" role=\"listitem\">\n\t\t\t\t<a class=\"elementor-post__thumbnail__link\" href=\"https:\/\/www.poli.usp.br\/en\/noticias\/publicacoes-poli-usp\/edicoes-semanais-do-poliinforma-2019\/\" tabindex=\"-1\" >\n\t\t\t<div class=\"elementor-post__thumbnail\"><img loading=\"lazy\" decoding=\"async\" width=\"300\" height=\"300\" src=\"https:\/\/www.poli.usp.br\/wp-content\/uploads\/2018\/10\/ImagemPoliInforma-para-o-site-300x300.jpg\" class=\"attachment-medium size-medium wp-image-7961\" alt=\"\" \/><\/div>\n\t\t<\/a>\n\t\t\t\t<div class=\"elementor-post__text\">\n\t\t\t\t<h3 class=\"elementor-post__title\">\n\t\t\t<a href=\"https:\/\/www.poli.usp.br\/en\/noticias\/publicacoes-poli-usp\/edicoes-semanais-do-poliinforma-2019\/\" >\n\t\t\t\tEdi\u00e7\u00f5es Semanais do PoliInforma 2019\t\t\t<\/a>\n\t\t<\/h3>\n\t\t\t\t<div class=\"elementor-post__excerpt\">\n\t\t\t<p>Edi\u00e7\u00f5es Semanais do PoliInforma 2019 Edi\u00e7\u00e3o Semanal do PoliInforma &#8211; n\u00ba1 &#8211; 7 de janeiro de 2019 &#8211; Rob\u00f3tica \u00e9 ferramenta para aproximar estudantes da rede p\u00fablica da ci\u00eancia Edi\u00e7\u00e3o<\/p>\n\t\t<\/div>\n\t\t\n\t\t<a class=\"elementor-post__read-more\" href=\"https:\/\/www.poli.usp.br\/en\/noticias\/publicacoes-poli-usp\/edicoes-semanais-do-poliinforma-2019\/\" aria-label=\"Read more about Edi\u00e7\u00f5es Semanais do PoliInforma 2019\" tabindex=\"-1\" >\n\t\t\tAcesse aqui\t\t<\/a>\n\n\t\t\t\t<\/div>\n\t\t\t\t<\/article>\n\t\t\t\t<article class=\"elementor-post elementor-grid-item post-10334 post type-post status-publish format-standard has-post-thumbnail hentry category-poliinforma category-publicacoes-poli-usp\" role=\"listitem\">\n\t\t\t\t<a class=\"elementor-post__thumbnail__link\" href=\"https:\/\/www.poli.usp.br\/en\/noticias\/publicacoes-poli-usp\/confira-aqui-todas-as-edicoes-do-poliinforma-de-2018\/\" tabindex=\"-1\" >\n\t\t\t<div class=\"elementor-post__thumbnail\"><img loading=\"lazy\" decoding=\"async\" width=\"300\" height=\"300\" src=\"https:\/\/www.poli.usp.br\/wp-content\/uploads\/2018\/08\/ImagemPoliInforma-para-o-site-300x300.jpg\" class=\"attachment-medium size-medium wp-image-6589\" alt=\"\" \/><\/div>\n\t\t<\/a>\n\t\t\t\t<div class=\"elementor-post__text\">\n\t\t\t\t<h3 class=\"elementor-post__title\">\n\t\t\t<a href=\"https:\/\/www.poli.usp.br\/en\/noticias\/publicacoes-poli-usp\/confira-aqui-todas-as-edicoes-do-poliinforma-de-2018\/\" >\n\t\t\t\tConfira aqui todas as edi\u00e7\u00f5es do PoliInforma de 2018\t\t\t<\/a>\n\t\t<\/h3>\n\t\t\t\t<div class=\"elementor-post__excerpt\">\n\t\t\t<p>Janeiro 3 de janeiro &#8211; http:\/\/newsletter.poli.usp.br\/?wysija-page=1&amp;controller=email&amp;action=view&amp;email_id=165&amp;user_id=0&amp;wysijap=subscriptions 8 de janeiro &#8211; http:\/\/newsletter.poli.usp.br\/?wysija-page=1&amp;controller=email&amp;action=view&amp;email_id=166&amp;user_id=0&amp;wysijap=subscriptions 15 de janeiro &#8211; http:\/\/newsletter.poli.usp.br\/?wysija-page=1&amp;controller=email&amp;action=view&amp;email_id=167&amp;user_id=0&amp;wysijap=subscriptions 22 de janeiro &#8211; http:\/\/newsletter.poli.usp.br\/?wysija-page=1&amp;controller=email&amp;action=view&amp;email_id=168&amp;user_id=0&amp;wysijap=subscriptions 29 de janeiro &#8211; http:\/\/newsletter.poli.usp.br\/?wysija-page=1&amp;controller=email&amp;action=view&amp;email_id=169&amp;user_id=0&amp;wysijap=subscriptions Fevereiro 5 de fevereiro<\/p>\n\t\t<\/div>\n\t\t\n\t\t<a class=\"elementor-post__read-more\" href=\"https:\/\/www.poli.usp.br\/en\/noticias\/publicacoes-poli-usp\/confira-aqui-todas-as-edicoes-do-poliinforma-de-2018\/\" aria-label=\"Read more about Confira aqui todas as edi\u00e7\u00f5es do PoliInforma de 2018\" tabindex=\"-1\" >\n\t\t\tAcesse aqui\t\t<\/a>\n\n\t\t\t\t<\/div>\n\t\t\t\t<\/article>\n\t\t\t\t<\/div>\n\t\t\n\t\t\t\t\t\t<\/div>\n\t\t\t\t<\/div>\n\t\t\t\t\t<\/div>\n\t\t<\/div>\n\t\t\t\t\t<\/div>\n\t\t<\/section>\n\t\t\t\t<section class=\"elementor-section elementor-top-section elementor-element elementor-element-1306f2c2 elementor-section-boxed elementor-section-height-default elementor-section-height-default\" data-id=\"1306f2c2\" data-element_type=\"section\" data-e-type=\"section\">\n\t\t\t\t\t\t<div class=\"elementor-container elementor-column-gap-default\">\n\t\t\t\t\t<div class=\"elementor-column elementor-col-100 elementor-top-column elementor-element elementor-element-5db9c1b\" data-id=\"5db9c1b\" data-element_type=\"column\" data-e-type=\"column\">\n\t\t\t<div class=\"elementor-widget-wrap elementor-element-populated\">\n\t\t\t\t\t\t<div class=\"elementor-element elementor-element-1370d6e5 elementor-widget elementor-widget-text-editor\" data-id=\"1370d6e5\" data-element_type=\"widget\" data-e-type=\"widget\" data-widget_type=\"text-editor.default\">\n\t\t\t\t<div class=\"elementor-widget-container\">\n\t\t\t\t\t\t\t\t\t<p style=\"text-align: center;\">Acompanhe a Poli nas redes sociais!<\/p>\t\t\t\t\t\t\t\t<\/div>\n\t\t\t\t<\/div>\n\t\t\t\t<div class=\"elementor-element elementor-element-491a4d70 elementor-shape-rounded elementor-grid-0 e-grid-align-center elementor-widget elementor-widget-social-icons\" data-id=\"491a4d70\" data-element_type=\"widget\" data-e-type=\"widget\" data-widget_type=\"social-icons.default\">\n\t\t\t\t<div class=\"elementor-widget-container\">\n\t\t\t\t\t\t\t<div class=\"elementor-social-icons-wrapper elementor-grid\" role=\"list\">\n\t\t\t\t\t\t\t<span class=\"elementor-grid-item\" role=\"listitem\">\n\t\t\t\t\t<a class=\"elementor-icon elementor-social-icon elementor-social-icon-facebook elementor-repeater-item-29ca9fa\" href=\"https:\/\/www.facebook.com\/politecnicausp\/\" target=\"_blank\">\n\t\t\t\t\t\t<span class=\"elementor-screen-only\">Facebook<\/span>\n\t\t\t\t\t\t<i aria-hidden=\"true\" class=\"fab fa-facebook\"><\/i>\t\t\t\t\t<\/a>\n\t\t\t\t<\/span>\n\t\t\t\t\t\t\t<span class=\"elementor-grid-item\" role=\"listitem\">\n\t\t\t\t\t<a class=\"elementor-icon elementor-social-icon elementor-social-icon-twitter elementor-repeater-item-81fe5c2\" href=\"https:\/\/twitter.com\/EPUSP\" target=\"_blank\">\n\t\t\t\t\t\t<span class=\"elementor-screen-only\">Twitter<\/span>\n\t\t\t\t\t\t<i aria-hidden=\"true\" class=\"fab fa-twitter\"><\/i>\t\t\t\t\t<\/a>\n\t\t\t\t<\/span>\n\t\t\t\t\t\t\t<span class=\"elementor-grid-item\" role=\"listitem\">\n\t\t\t\t\t<a class=\"elementor-icon elementor-social-icon elementor-social-icon-youtube elementor-repeater-item-96bfa47\" href=\"https:\/\/www.youtube.com\/user\/escolapolitecnica\" target=\"_blank\">\n\t\t\t\t\t\t<span class=\"elementor-screen-only\">Youtube<\/span>\n\t\t\t\t\t\t<i aria-hidden=\"true\" class=\"fab fa-youtube\"><\/i>\t\t\t\t\t<\/a>\n\t\t\t\t<\/span>\n\t\t\t\t\t\t\t<span class=\"elementor-grid-item\" role=\"listitem\">\n\t\t\t\t\t<a class=\"elementor-icon elementor-social-icon elementor-social-icon-instagram elementor-repeater-item-44b425b\" href=\"https:\/\/www.instagram.com\/poliusp\/\" target=\"_blank\">\n\t\t\t\t\t\t<span class=\"elementor-screen-only\">Instagram<\/span>\n\t\t\t\t\t\t<i aria-hidden=\"true\" class=\"fab fa-instagram\"><\/i>\t\t\t\t\t<\/a>\n\t\t\t\t<\/span>\n\t\t\t\t\t\t\t<span class=\"elementor-grid-item\" role=\"listitem\">\n\t\t\t\t\t<a class=\"elementor-icon elementor-social-icon elementor-social-icon-flickr elementor-repeater-item-3c4f23a\" href=\"https:\/\/www.flickr.com\/photos\/poliusp\/albums\" target=\"_blank\">\n\t\t\t\t\t\t<span class=\"elementor-screen-only\">Flickr<\/span>\n\t\t\t\t\t\t<i aria-hidden=\"true\" class=\"fab fa-flickr\"><\/i>\t\t\t\t\t<\/a>\n\t\t\t\t<\/span>\n\t\t\t\t\t\t\t<span class=\"elementor-grid-item\" role=\"listitem\">\n\t\t\t\t\t<a class=\"elementor-icon elementor-social-icon elementor-social-icon-linkedin elementor-repeater-item-47895f7\" href=\"https:\/\/www.linkedin.com\/school\/escola-polit%C3%A9cnica-da-usp\/\" target=\"_blank\">\n\t\t\t\t\t\t<span class=\"elementor-screen-only\">Linkedin<\/span>\n\t\t\t\t\t\t<i aria-hidden=\"true\" class=\"fab fa-linkedin\"><\/i>\t\t\t\t\t<\/a>\n\t\t\t\t<\/span>\n\t\t\t\t\t<\/div>\n\t\t\t\t\t\t<\/div>\n\t\t\t\t<\/div>\n\t\t\t\t\t<\/div>\n\t\t<\/div>\n\t\t\t\t\t<\/div>\n\t\t<\/section>\n\t\t\t\t<\/div>","protected":false},"excerpt":{"rendered":"<p>O PoliInforma \u00e9 uma publica\u00e7\u00e3o semanal, produzida e editada pela Comunica\u00e7\u00e3o Institucional da Poli-USP. Se destina a divulgar not\u00edcias da Poli e demais unidades da USP para seus docentes, alunos e funcion\u00e1rios.<\/p>","protected":false},"author":4,"featured_media":41382,"parent":3842,"menu_order":0,"comment_status":"closed","ping_status":"closed","template":"elementor_header_footer","meta":{"event_title":"","event_details":"","event_timezone":"","event_gmap":"","event_image":"","event_image_url":"","event_calendar_link":"","event_location":"","event_datetime_with_summary":"","event_datetime":"","event_date":"","event_time":"","event_date_type":"","event_rulesummary":"","event_ticket_rsvp":"","event_capacity":"","event_capacity_remaining":"","event_capacity_sold":"","event_sold_out":"","event_low_stock":"","event_ticket_count":"","event_ticket_summary":"","event_sales_start":"","event_sales_end":"","event_ticket_price_from":"","event_ticket_price_to":"","event_ticket_price_range":"","event_date_year":"","event_date_month":"","event_date_month_short":"","event_date_day":"","event_date_day_name":"","event_date_iso":"","event_rsvp_capacity":"","event_rsvp_remaining":"","event_rsvp_going":"","event_rsvp_full":"","footnotes":""},"coauthors":[204],"class_list":["post-41380","page","type-page","status-publish","has-post-thumbnail","hentry"],"_links":{"self":[{"href":"https:\/\/www.poli.usp.br\/en\/wp-json\/wp\/v2\/pages\/41380","targetHints":{"allow":["GET"]}}],"collection":[{"href":"https:\/\/www.poli.usp.br\/en\/wp-json\/wp\/v2\/pages"}],"about":[{"href":"https:\/\/www.poli.usp.br\/en\/wp-json\/wp\/v2\/types\/page"}],"author":[{"embeddable":true,"href":"https:\/\/www.poli.usp.br\/en\/wp-json\/wp\/v2\/users\/4"}],"replies":[{"embeddable":true,"href":"https:\/\/www.poli.usp.br\/en\/wp-json\/wp\/v2\/comments?post=41380"}],"version-history":[{"count":17,"href":"https:\/\/www.poli.usp.br\/en\/wp-json\/wp\/v2\/pages\/41380\/revisions"}],"predecessor-version":[{"id":72941,"href":"https:\/\/www.poli.usp.br\/en\/wp-json\/wp\/v2\/pages\/41380\/revisions\/72941"}],"up":[{"embeddable":true,"href":"https:\/\/www.poli.usp.br\/en\/wp-json\/wp\/v2\/pages\/3842"}],"wp:featuredmedia":[{"embeddable":true,"href":"https:\/\/www.poli.usp.br\/en\/wp-json\/wp\/v2\/media\/41382"}],"wp:attachment":[{"href":"https:\/\/www.poli.usp.br\/en\/wp-json\/wp\/v2\/media?parent=41380"}],"wp:term":[{"taxonomy":"author","embeddable":true,"href":"https:\/\/www.poli.usp.br\/en\/wp-json\/wp\/v2\/coauthors?post=41380"}],"curies":[{"name":"wp","href":"https:\/\/api.w.org\/{rel}","templated":true}]}}