{"id":44036,"date":"2020-10-28T14:01:50","date_gmt":"2020-10-28T17:01:50","guid":{"rendered":"http:\/\/www.poli.usp.br\/?page_id=44036"},"modified":"2024-08-16T13:15:13","modified_gmt":"2024-08-16T16:15:13","slug":"revista-polytechnica-springer","status":"publish","type":"page","link":"https:\/\/www.poli.usp.br\/en\/comunicacao\/revista-polytechnica-springer\/","title":{"rendered":"Revista Polytechnica &#8211; Springer"},"content":{"rendered":"<div data-elementor-type=\"wp-page\" data-elementor-id=\"44036\" class=\"elementor elementor-44036\" data-elementor-post-type=\"page\">\n\t\t\t\t\t\t<section class=\"elementor-section elementor-top-section elementor-element elementor-element-4a3abadd elementor-section-boxed elementor-section-height-default elementor-section-height-default\" data-id=\"4a3abadd\" data-element_type=\"section\" data-e-type=\"section\">\n\t\t\t\t\t\t<div class=\"elementor-container elementor-column-gap-default\">\n\t\t\t\t\t<div class=\"elementor-column elementor-col-100 elementor-top-column elementor-element elementor-element-525b8b31\" data-id=\"525b8b31\" data-element_type=\"column\" data-e-type=\"column\">\n\t\t\t<div class=\"elementor-widget-wrap elementor-element-populated\">\n\t\t\t\t\t\t<div class=\"elementor-element elementor-element-9b2a598 elementor-widget elementor-widget-heading\" data-id=\"9b2a598\" data-element_type=\"widget\" data-e-type=\"widget\" data-widget_type=\"heading.default\">\n\t\t\t\t<div class=\"elementor-widget-container\">\n\t\t\t\t\t<h2 class=\"elementor-heading-title elementor-size-default\">Revista Polytechnica - Springer<\/h2>\t\t\t\t<\/div>\n\t\t\t\t<\/div>\n\t\t\t\t<section class=\"elementor-section elementor-inner-section elementor-element elementor-element-aabf9fe elementor-section-boxed elementor-section-height-default elementor-section-height-default\" data-id=\"aabf9fe\" data-element_type=\"section\" data-e-type=\"section\">\n\t\t\t\t\t\t<div class=\"elementor-container elementor-column-gap-default\">\n\t\t\t\t\t<div class=\"elementor-column elementor-col-50 elementor-inner-column elementor-element elementor-element-391da38\" data-id=\"391da38\" data-element_type=\"column\" data-e-type=\"column\">\n\t\t\t<div class=\"elementor-widget-wrap elementor-element-populated\">\n\t\t\t\t\t\t<div class=\"elementor-element elementor-element-b6c7e08 elementor-widget elementor-widget-text-editor\" data-id=\"b6c7e08\" data-element_type=\"widget\" data-e-type=\"widget\" data-widget_type=\"text-editor.default\">\n\t\t\t\t<div class=\"elementor-widget-container\">\n\t\t\t\t\t\t\t\t\t<p><span style=\"font-weight: 400;\">Em 2018, professores da Escola Polit\u00e9cnica (Poli) da USP criaram a Revista Polytechnica, pela editora Springer, um <\/span><i><span style=\"font-weight: 400;\">journal <\/span><\/i><span style=\"font-weight: 400;\">internacional inspirado pela Escola Polit\u00e9cnica. A publica\u00e7\u00e3o surge a partir da participa\u00e7\u00e3o de professores da Escola Polit\u00e9cnica no debate geral para a cria\u00e7\u00e3o de &#8220;journals&#8221; com inspira\u00e7\u00e3o em sociedades acad\u00eamicas e institui\u00e7\u00f5es brasileiras para fazer jus ao est\u00e1gio da pesquisa feita no Brasil.<\/span><\/p><p>O acesso \u00e0 publica\u00e7\u00e3o \u00e9 aberto, e pode ser feito por meio deste <a href=\"http:\/\/link.springer.com\/journal\/41050\/volumes-and-issues\">link<\/a>.<\/p><p>J\u00e1 o link para a p\u00e1gina da Revista pode ser acessado <a href=\"https:\/\/link.springer.com\/journal\/41050\/volumes-and-issues\">aqui<\/a>.<\/p><p>O editor-chefe da Revista \u00e9 o professor Em\u00edlio Carlos Nelli Silva, do Departamento de Engenharia Mecatr\u00f4nica e de Sistemas Mec\u00e2nicos, e o vice editor-chefe o professor Jos\u00e9 Roberto Castilho Piqueira, ex-diretor da Escola e docente do Departamento de Engenharia de Telecomunica\u00e7\u00f5es e Controle.<\/p><p>O professor Jos\u00e9 Reinaldo Silva conta que os professores da Poli participaram ativamente na cria\u00e7\u00e3o de journals de sociedades de Engenharia, especial Qu\u00edmica, Automa\u00e7\u00e3o, e indiretamente na revista da Matem\u00e1tica, ABCM e SBMAC. Mas, surgiu a id\u00e9ia de criar um ve\u00edculo que tratasse de modo diferente a pesquisa multidisciplinar emergente, e que, al\u00e9m disso pudesse direcionar o seu\u00a0 conte\u00fado para desafios acad\u00eamicos futuros que demandem uma solu\u00e7\u00e3o que re\u00fana mais de um campo da Engenharia, e at\u00e9 o relacionamento da Engenharia com a Medicina (vol 3, no. 1-2), com a explora\u00e7\u00e3o e uso do g\u00e1s como alternativa intermedi\u00e1ria (vol. 2, no 1-2), ou no tratamento geral destes desafios, (vol.1, no. 1-2).\u00a0<\/p><p>Os n\u00fameros da revista s\u00e3o h\u00edbridos, isto \u00e9, a Revista n\u00e3o \u00e9 inteiramente tem\u00e1tica como um &#8220;special issue&#8221;, mas tem cerca de metade dos seus artigos sobre um tema e os demais sobre qualquer assunto, desde que seja na dire\u00e7\u00e3o da inova\u00e7\u00e3o e dos grandes desafios que se colocam para a Engenharia, mesmo que apresentem pesquisas com resultados concretos mas ainda em andamento. A revista tem somente dois anos de funcionamento, e foi lan\u00e7ada em Agosto de 2018 com um evento que marcou de convidados de peso no cen\u00e1rio internacional, como Andrew Alleyne, Univ. of Illinois Urbana-Champagne, J. N. Reddy, Univ. of Texas A&amp;M, Lucio Sobelman, Univ. of South California, e Shimon Y. Nof, Univ. of Purdue, e foi aberto pelo Prof. Jos\u00e9 Goldemberg, ent\u00e3o presidente da FAPESP. O evento contou com a promo\u00e7\u00e3o da Escola Polit\u00e9cnica e da Pr\u00f3-Reitoria de Pesquisa da USP.\u00a0<\/p><p><span style=\"background-color: var( --e-global-color-78ad7a8 );\">A editoria da revista espera poder ampliar o debate do posicionamento multidisciplinar da Engenharia frente aos grandes desafios e inserir no leque de publica\u00e7\u00f5es existentes uma proposta nova, que se some \u00e0s atuais revistas dedicadas a \u00e1reas espec\u00edficas para compor o leque de publica\u00e7\u00f5es dispon\u00edveis com qualidade e apuro acad\u00eamico.\u00a0<\/span><\/p><p><span style=\"background-color: var( --e-global-color-78ad7a8 );\">Com informa\u00e7\u00f5es cedidas pelo professor da Poli, Jos\u00e9 Reinaldo Silva, docente do Departamento de Engenharia Mecatr\u00f4nica e de Sistemas Mec\u00e2nicos.<\/span><\/p><p><span style=\"background-color: var( --e-global-color-78ad7a8 );\">Outras informa\u00e7\u00f5es:<\/span><\/p><p><span style=\"background-color: var( --e-global-color-78ad7a8 );\">Journal da USP: <a href=\"https:\/\/jornal.usp.br\/tag\/usp-strategic-workshops-on-engineering-grand-challenges-workshop\">https:\/\/jornal.usp.br\/tag\/usp-strategic-workshops-on-engineering-grand-challenges-workshop<\/a><\/span><\/p><p><span style=\"background-color: var( --e-global-color-78ad7a8 );\">AUSPIN: <a href=\"http:\/\/www.inovacao.usp.br\/escola-politecnica-discute-os-grandes-desafios-da-engenharia-em-workshop\/\">http:\/\/www.inovacao.usp.br\/escola-politecnica-discute-os-grandes-desafios-da-engenharia-em-workshop\/<\/a><\/span><\/p><p><span style=\"background-color: var( --e-global-color-78ad7a8 );\">YouTube:\u00a0<\/span><\/p>\t\t\t\t\t\t\t\t<\/div>\n\t\t\t\t<\/div>\n\t\t\t\t<div class=\"elementor-element elementor-element-89386ea elementor-widget elementor-widget-video\" data-id=\"89386ea\" data-element_type=\"widget\" data-e-type=\"widget\" data-settings=\"{&quot;youtube_url&quot;:&quot;https:\\\/\\\/www.youtube.com\\\/watch?v=jQNfdcX-oCQ&quot;,&quot;video_type&quot;:&quot;youtube&quot;,&quot;controls&quot;:&quot;yes&quot;}\" data-widget_type=\"video.default\">\n\t\t\t\t<div class=\"elementor-widget-container\">\n\t\t\t\t\t\t\t<div class=\"elementor-wrapper elementor-open-inline\">\n\t\t\t<div class=\"elementor-video\"><\/div>\t\t<\/div>\n\t\t\t\t\t\t<\/div>\n\t\t\t\t<\/div>\n\t\t\t\t\t<\/div>\n\t\t<\/div>\n\t\t\t\t<div class=\"elementor-column elementor-col-50 elementor-inner-column elementor-element elementor-element-1be6f11\" data-id=\"1be6f11\" data-element_type=\"column\" data-e-type=\"column\">\n\t\t\t<div class=\"elementor-widget-wrap elementor-element-populated\">\n\t\t\t\t\t\t<div class=\"elementor-element elementor-element-d24252c elementor-widget elementor-widget-image\" data-id=\"d24252c\" data-element_type=\"widget\" data-e-type=\"widget\" data-widget_type=\"image.default\">\n\t\t\t\t<div class=\"elementor-widget-container\">\n\t\t\t\t\t\t\t\t\t\t\t\t\t\t\t\t<a href=\"http:\/\/link.springer.com\/journal\/41050\/volumes-and-issues\">\n\t\t\t\t\t\t\t<img fetchpriority=\"high\" decoding=\"async\" width=\"770\" height=\"1024\" src=\"https:\/\/www.poli.usp.br\/wp-content\/uploads\/2020\/10\/capa-polytechnica-770x1024.jpg\" class=\"attachment-large size-large wp-image-44040\" alt=\"\" srcset=\"https:\/\/www.poli.usp.br\/wp-content\/uploads\/2020\/10\/capa-polytechnica-770x1024.jpg 770w, https:\/\/www.poli.usp.br\/wp-content\/uploads\/2020\/10\/capa-polytechnica-226x300.jpg 226w, https:\/\/www.poli.usp.br\/wp-content\/uploads\/2020\/10\/capa-polytechnica-768x1022.jpg 768w, https:\/\/www.poli.usp.br\/wp-content\/uploads\/2020\/10\/capa-polytechnica.jpg 827w\" sizes=\"(max-width: 770px) 100vw, 770px\" \/>\t\t\t\t\t\t\t\t<\/a>\n\t\t\t\t\t\t\t\t\t\t\t\t\t\t\t<\/div>\n\t\t\t\t<\/div>\n\t\t\t\t\t<\/div>\n\t\t<\/div>\n\t\t\t\t\t<\/div>\n\t\t<\/section>\n\t\t\t\t\t<\/div>\n\t\t<\/div>\n\t\t\t\t\t<\/div>\n\t\t<\/section>\n\t\t\t\t<\/div>","protected":false},"excerpt":{"rendered":"<p>Revista Polytechnica &#8211; Springer Em 2018, professores da Escola Polit\u00e9cnica (Poli) da USP criaram a Revista Polytechnica, pela editora Springer, um journal internacional inspirado pela Escola Polit\u00e9cnica. A publica\u00e7\u00e3o surge [&hellip;]<\/p>\n","protected":false},"author":4,"featured_media":44041,"parent":3842,"menu_order":0,"comment_status":"closed","ping_status":"closed","template":"elementor_header_footer","meta":{"event_title":"","event_details":"","event_timezone":"","event_gmap":"","event_image":"","event_image_url":"","event_calendar_link":"","event_location":"","event_datetime_with_summary":"","event_datetime":"","event_date":"","event_time":"","event_date_type":"","event_rulesummary":"","event_ticket_rsvp":"","event_capacity":"","event_capacity_remaining":"","event_capacity_sold":"","event_sold_out":"","event_low_stock":"","event_ticket_count":"","event_ticket_summary":"","event_sales_start":"","event_sales_end":"","event_ticket_price_from":"","event_ticket_price_to":"","event_ticket_price_range":"","event_date_year":"","event_date_month":"","event_date_month_short":"","event_date_day":"","event_date_day_name":"","event_date_iso":"","event_rsvp_capacity":"","event_rsvp_remaining":"","event_rsvp_going":"","event_rsvp_full":"","footnotes":""},"coauthors":[204],"class_list":["post-44036","page","type-page","status-publish","has-post-thumbnail","hentry"],"_links":{"self":[{"href":"https:\/\/www.poli.usp.br\/en\/wp-json\/wp\/v2\/pages\/44036","targetHints":{"allow":["GET"]}}],"collection":[{"href":"https:\/\/www.poli.usp.br\/en\/wp-json\/wp\/v2\/pages"}],"about":[{"href":"https:\/\/www.poli.usp.br\/en\/wp-json\/wp\/v2\/types\/page"}],"author":[{"embeddable":true,"href":"https:\/\/www.poli.usp.br\/en\/wp-json\/wp\/v2\/users\/4"}],"replies":[{"embeddable":true,"href":"https:\/\/www.poli.usp.br\/en\/wp-json\/wp\/v2\/comments?post=44036"}],"version-history":[{"count":12,"href":"https:\/\/www.poli.usp.br\/en\/wp-json\/wp\/v2\/pages\/44036\/revisions"}],"predecessor-version":[{"id":111602,"href":"https:\/\/www.poli.usp.br\/en\/wp-json\/wp\/v2\/pages\/44036\/revisions\/111602"}],"up":[{"embeddable":true,"href":"https:\/\/www.poli.usp.br\/en\/wp-json\/wp\/v2\/pages\/3842"}],"wp:featuredmedia":[{"embeddable":true,"href":"https:\/\/www.poli.usp.br\/en\/wp-json\/wp\/v2\/media\/44041"}],"wp:attachment":[{"href":"https:\/\/www.poli.usp.br\/en\/wp-json\/wp\/v2\/media?parent=44036"}],"wp:term":[{"taxonomy":"author","embeddable":true,"href":"https:\/\/www.poli.usp.br\/en\/wp-json\/wp\/v2\/coauthors?post=44036"}],"curies":[{"name":"wp","href":"https:\/\/api.w.org\/{rel}","templated":true}]}}