{"id":55,"date":"2010-01-28T18:21:04","date_gmt":"2010-01-28T20:21:04","guid":{"rendered":"https:\/\/www.poli.usp.br\/relacoes-internacionais\/atendimento-ao-aluno\/55-intercambio.html"},"modified":"2025-06-06T15:51:36","modified_gmt":"2025-06-06T18:51:36","slug":"programas-de-intercambio","status":"publish","type":"page","link":"https:\/\/www.poli.usp.br\/en\/internacional\/intercambios-e-procedimentos\/programas-de-intercambio\/","title":{"rendered":"Programas de Interc\u00e2mbio"},"content":{"rendered":"<div data-elementor-type=\"wp-page\" data-elementor-id=\"55\" class=\"elementor elementor-55\" data-elementor-post-type=\"page\">\n\t\t\t\t<div class=\"elementor-element elementor-element-7bdadd7e e-flex e-con-boxed e-con e-parent\" data-id=\"7bdadd7e\" data-element_type=\"container\" data-e-type=\"container\" data-settings=\"{&quot;background_background&quot;:&quot;classic&quot;}\">\n\t\t\t\t\t<div class=\"e-con-inner\">\n\t\t\t\t<div class=\"elementor-element elementor-element-59b8ddc7 elementor-widget elementor-widget-spacer\" data-id=\"59b8ddc7\" data-element_type=\"widget\" data-e-type=\"widget\" data-widget_type=\"spacer.default\">\n\t\t\t\t<div class=\"elementor-widget-container\">\n\t\t\t\t\t\t\t<div class=\"elementor-spacer\">\n\t\t\t<div class=\"elementor-spacer-inner\"><\/div>\n\t\t<\/div>\n\t\t\t\t\t\t<\/div>\n\t\t\t\t<\/div>\n\t\t\t\t<div class=\"elementor-element elementor-element-25cf0dc elementor-widget elementor-widget-heading\" data-id=\"25cf0dc\" data-element_type=\"widget\" data-e-type=\"widget\" data-widget_type=\"heading.default\">\n\t\t\t\t<div class=\"elementor-widget-container\">\n\t\t\t\t\t<h2 class=\"elementor-heading-title elementor-size-default\"><a href=\"https:\/\/www.poli.usp.br\/en\/internacional\/\">TIPOS DE INTERC\u00c2MBIO<\/a><\/h2>\t\t\t\t<\/div>\n\t\t\t\t<\/div>\n\t\t\t\t<div class=\"elementor-element elementor-element-557dfd1d elementor-widget elementor-widget-spacer\" data-id=\"557dfd1d\" data-element_type=\"widget\" data-e-type=\"widget\" data-widget_type=\"spacer.default\">\n\t\t\t\t<div class=\"elementor-widget-container\">\n\t\t\t\t\t\t\t<div class=\"elementor-spacer\">\n\t\t\t<div class=\"elementor-spacer-inner\"><\/div>\n\t\t<\/div>\n\t\t\t\t\t\t<\/div>\n\t\t\t\t<\/div>\n\t\t\t\t\t<\/div>\n\t\t\t\t<\/div>\n\t\t<div class=\"elementor-element elementor-element-2f965d46 e-flex e-con-boxed e-con e-parent\" data-id=\"2f965d46\" data-element_type=\"container\" data-e-type=\"container\">\n\t\t\t\t\t<div class=\"e-con-inner\">\n\t\t\t\t<div class=\"elementor-element elementor-element-45e159bc elementor-widget elementor-widget-spacer\" data-id=\"45e159bc\" data-element_type=\"widget\" data-e-type=\"widget\" data-widget_type=\"spacer.default\">\n\t\t\t\t<div class=\"elementor-widget-container\">\n\t\t\t\t\t\t\t<div class=\"elementor-spacer\">\n\t\t\t<div class=\"elementor-spacer-inner\"><\/div>\n\t\t<\/div>\n\t\t\t\t\t\t<\/div>\n\t\t\t\t<\/div>\n\t\t\t\t\t<\/div>\n\t\t\t\t<\/div>\n\t\t<div class=\"elementor-element elementor-element-2233072c e-flex e-con-boxed e-con e-parent\" data-id=\"2233072c\" data-element_type=\"container\" data-e-type=\"container\">\n\t\t\t\t\t<div class=\"e-con-inner\">\n\t\t\t\t<div class=\"elementor-element elementor-element-5fcc1b74 elementor-widget__width-initial elementor-widget elementor-widget-text-editor\" data-id=\"5fcc1b74\" data-element_type=\"widget\" data-e-type=\"widget\" data-widget_type=\"text-editor.default\">\n\t\t\t\t<div class=\"elementor-widget-container\">\n\t\t\t\t\t\t\t\t\t<p style=\"text-align: justify;\">A Escola Polit\u00e9cnica da USP oferece programa de interc\u00e2mbio de\u00a0Duplo Diploma,\u00a0Aproveitamento de Estudos (Interc\u00e2mbio convencional)\u00a0e esporadicamente oportunidades de Pesquisa ou Est\u00e1gio no Exterior. A USP tem suas pr\u00f3prias vagas de interc\u00e2mbio, que incluem vagas para os alunos de engenharia, e as oferece atrav\u00e9s dos editais divulgados no Sistema Mundus.<\/p><p style=\"text-align: justify;\">Todos os conv\u00eanios acad\u00eamicos assinados pela EPUSP com as IES no exterior oferecem somente a<strong>\u00a0isen\u00e7\u00e3o do pagamento das taxas universit\u00e1rias.<\/strong>\u00a0Despesas com passagens a\u00e9reas, manuten\u00e7\u00e3o e eventuais taxas administrativas s\u00e3o de responsabilidade do candidato. Os conv\u00eanios acad\u00eamicos assinados pela EPUSP com as IES no exterior\u00a0<strong>contemplam somente as \u00e1reas da engenharia.<\/strong><\/p><p style=\"text-align: justify;\">O aluno que deseja ir para interc\u00e2mbio em uma institui\u00e7\u00e3o n\u00e3o conveniada com a EPUSP ou com a USP, pode fazer um interc\u00e2mbio aberto.<\/p>\t\t\t\t\t\t\t\t<\/div>\n\t\t\t\t<\/div>\n\t\t\t\t\t<\/div>\n\t\t\t\t<\/div>\n\t\t<div class=\"elementor-element elementor-element-3565fc25 e-flex e-con-boxed e-con e-parent\" data-id=\"3565fc25\" data-element_type=\"container\" data-e-type=\"container\">\n\t\t\t\t\t<div class=\"e-con-inner\">\n\t\t\t\t<div class=\"elementor-element elementor-element-3716d48d elementor-widget elementor-widget-spacer\" data-id=\"3716d48d\" data-element_type=\"widget\" data-e-type=\"widget\" data-widget_type=\"spacer.default\">\n\t\t\t\t<div class=\"elementor-widget-container\">\n\t\t\t\t\t\t\t<div class=\"elementor-spacer\">\n\t\t\t<div class=\"elementor-spacer-inner\"><\/div>\n\t\t<\/div>\n\t\t\t\t\t\t<\/div>\n\t\t\t\t<\/div>\n\t\t\t\t<div class=\"elementor-element elementor-element-46b693de e-n-tabs-mobile elementor-widget elementor-widget-n-tabs\" data-id=\"46b693de\" data-element_type=\"widget\" data-e-type=\"widget\" data-settings=\"{&quot;tabs_justify_horizontal&quot;:&quot;stretch&quot;,&quot;horizontal_scroll&quot;:&quot;disable&quot;}\" data-widget_type=\"nested-tabs.default\">\n\t\t\t\t<div class=\"elementor-widget-container\">\n\t\t\t\t\t\t\t<div class=\"e-n-tabs\" data-widget-number=\"1186370526\" aria-label=\"Abas. Abra itens com &quot;Enter&quot; ou &quot;Espa\u00e7o&quot;, feche com &quot;Escape&quot; e navegue usando as teclas de &quot;Seta&quot;.\">\n\t\t\t<div class=\"e-n-tabs-heading\" role=\"tablist\">\n\t\t\t\t\t<button id=\"e-n-tab-title-11863705261\" data-tab-title-id=\"e-n-tab-title-11863705261\" class=\"e-n-tab-title\" aria-selected=\"true\" data-tab-index=\"1\" role=\"tab\" tabindex=\"0\" aria-controls=\"e-n-tab-content-11863705261\" style=\"--n-tabs-title-order: 1;\">\n\t\t\t\t\t\t<span class=\"e-n-tab-title-text\">\n\t\t\t\tDuplo Diploma\t\t\t<\/span>\n\t\t<\/button>\n\t\t\t\t<button id=\"e-n-tab-title-11863705262\" data-tab-title-id=\"e-n-tab-title-11863705262\" class=\"e-n-tab-title\" aria-selected=\"false\" data-tab-index=\"2\" role=\"tab\" tabindex=\"-1\" aria-controls=\"e-n-tab-content-11863705262\" style=\"--n-tabs-title-order: 2;\">\n\t\t\t\t\t\t<span class=\"e-n-tab-title-text\">\n\t\t\t\tInterc\u00e2mbio Poli - Aproveitamento de Estudos\t\t\t<\/span>\n\t\t<\/button>\n\t\t\t\t<button id=\"e-n-tab-title-11863705263\" data-tab-title-id=\"e-n-tab-title-11863705263\" class=\"e-n-tab-title\" aria-selected=\"false\" data-tab-index=\"3\" role=\"tab\" tabindex=\"-1\" aria-controls=\"e-n-tab-content-11863705263\" style=\"--n-tabs-title-order: 3;\">\n\t\t\t\t\t\t<span class=\"e-n-tab-title-text\">\n\t\t\t\tInterc\u00e2mbio Aberto\t\t\t<\/span>\n\t\t<\/button>\n\t\t\t\t\t<\/div>\n\t\t\t<div class=\"e-n-tabs-content\">\n\t\t\t\t<div id=\"e-n-tab-content-11863705261\" role=\"tabpanel\" aria-labelledby=\"e-n-tab-title-11863705261\" data-tab-index=\"1\" style=\"--n-tabs-title-order: 1;\" class=\"e-active elementor-element elementor-element-53b69e47 e-con-full e-flex e-con e-child\" data-id=\"53b69e47\" data-element_type=\"container\" data-e-type=\"container\">\n\t\t<div class=\"elementor-element elementor-element-6da86b81 e-con-full e-flex e-con e-child\" data-id=\"6da86b81\" data-element_type=\"container\" data-e-type=\"container\">\n\t\t\t\t<div class=\"elementor-element elementor-element-1c72b589 elementor-widget elementor-widget-heading\" data-id=\"1c72b589\" data-element_type=\"widget\" data-e-type=\"widget\" data-widget_type=\"heading.default\">\n\t\t\t\t<div class=\"elementor-widget-container\">\n\t\t\t\t\t<h2 class=\"elementor-heading-title elementor-size-default\">Duplo Diploma<\/h2>\t\t\t\t<\/div>\n\t\t\t\t<\/div>\n\t\t\t\t<div class=\"elementor-element elementor-element-76e78446 elementor-widget elementor-widget-text-editor\" data-id=\"76e78446\" data-element_type=\"widget\" data-e-type=\"widget\" data-widget_type=\"text-editor.default\">\n\t\t\t\t<div class=\"elementor-widget-container\">\n\t\t\t\t\t\t\t\t\t<p>O aluno interessado neste tipo de interc\u00e2mbio deve realizar processo seletivo feito pela Escola Polit\u00e9cnica iniciado em meados de Julho\/Agosto\/.<\/p><p>Os interc\u00e2mbios de Duplo Diploma s\u00e3o geralmente realizados pelo per\u00edodo de<strong>\u00a024 meses.<\/strong>\u00a0De acordo com os conv\u00eanios assinados pela Poli, em algumas IES francesas o per\u00edodo do interc\u00e2mbio\u00a0<strong>varia de 2 anos e meio a 3 anos.<\/strong><\/p><p>No programa de Duplo Diploma\u00a0<strong>h\u00e1 pouca flexibilidade na escolha das disciplinas<\/strong>\u00a0que ser\u00e3o cursadas no exterior, por\u00e9m,\u00a0<strong>o aluno se forma obtendo dois diplomas:<\/strong>\u00a0o certificado da Escola Polit\u00e9cnica e o da IES no exterior em que realizou parte de seus estudos.<\/p><p>O programa \u00e9 v\u00e1lido para as IES que mant\u00e9m conv\u00eanio com a Poli.<\/p><p>A emiss\u00e3o do diploma pela IES conveniada no exterior se d\u00e1 somente quando o aluno recebe o Certificado de Conclus\u00e3o de Curso na Poli.<\/p><p>Se tiver interesse em participar do processo seletivo de duplo diploma da Poli, acompanhar atrav\u00e9s desse link:\u00a0<a href=\"https:\/\/www.poli.usp.br\/en\/internacional\/intercambios-e-procedimentos\/processo-seletivo\/duplo-diploma-epusp\/\">Processo Seletivo de Duplo Diploma<\/a><\/p>\t\t\t\t\t\t\t\t<\/div>\n\t\t\t\t<\/div>\n\t\t\t\t<\/div>\n\t\t<div class=\"elementor-element elementor-element-6ea4f3ae e-con-full e-flex e-con e-child\" data-id=\"6ea4f3ae\" data-element_type=\"container\" data-e-type=\"container\" data-settings=\"{&quot;background_background&quot;:&quot;classic&quot;}\">\n\t\t\t\t<\/div>\n\t\t\t\t<\/div>\n\t\t<div id=\"e-n-tab-content-11863705262\" role=\"tabpanel\" aria-labelledby=\"e-n-tab-title-11863705262\" data-tab-index=\"2\" style=\"--n-tabs-title-order: 2;\" class=\"elementor-element elementor-element-4133b377 e-con-full e-flex e-con e-child\" data-id=\"4133b377\" data-element_type=\"container\" data-e-type=\"container\">\n\t\t<div class=\"elementor-element elementor-element-64c5bf92 e-con-full e-flex e-con e-child\" data-id=\"64c5bf92\" data-element_type=\"container\" data-e-type=\"container\">\n\t\t\t\t<div class=\"elementor-element elementor-element-6e456cf0 elementor-widget elementor-widget-heading\" data-id=\"6e456cf0\" data-element_type=\"widget\" data-e-type=\"widget\" data-widget_type=\"heading.default\">\n\t\t\t\t<div class=\"elementor-widget-container\">\n\t\t\t\t\t<h2 class=\"elementor-heading-title elementor-size-default\">Interc\u00e2mbio Poli - Aproveitamento de Estudos<\/h2>\t\t\t\t<\/div>\n\t\t\t\t<\/div>\n\t\t\t\t<div class=\"elementor-element elementor-element-2ad19003 elementor-widget__width-initial elementor-widget elementor-widget-text-editor\" data-id=\"2ad19003\" data-element_type=\"widget\" data-e-type=\"widget\" data-widget_type=\"text-editor.default\">\n\t\t\t\t<div class=\"elementor-widget-container\">\n\t\t\t\t\t\t\t\t\t<p>O aluno interessado neste tipo de interc\u00e2mbio deve realizar processo seletivo realizado pela Escola Polit\u00e9cnica com in\u00edcio em meados de Fevereiro\/Mar\u00e7o ou pelos editais da AUCANI\/USP disponibilizados no Sistema Mundus. Os interc\u00e2mbios de Aproveitamento de Estudos s\u00e3o realizados, em sua maioria, pelo per\u00edodo de\u00a0<strong>12 meses (dois semestres) dentro da EPUSP e de 6 meses (1 semestre) pela AUCANI\/USP.<\/strong><\/p><p>H\u00e1 flexibilidade de escolha das disciplinas a serem cursadas no exterior nessa mobilidade de interc\u00e2mbio. No entanto, algumas regras precisam ser seguidas:<\/p><ul><li>O Plano de Estudos\/Learning Agreement (lista com o c\u00f3digo e\/ou titulo das disciplinas que o aluno deseja cursar na IES do exterior deve ter no <strong>m\u00ednimo 12 cr\u00e9ditos Poli \/ 15 ECTS por semestre<\/strong>.<\/li><li>Este Plano de Estudos \/ Learning Agreement deve ser\u00a0<strong>aprovado e assinado pelo Coordenador<\/strong>\u00a0de Curso na POLI.\u00a0<strong>O aproveitamento e\/ou a equival\u00eancia dos cr\u00e9ditos<\/strong>\u00a0cursados no exterior deve ser solicitado diretamente no Servi\u00e7o de Gradua\u00e7\u00e3o, pelo pr\u00f3prio aluno, somente ap\u00f3s a finaliza\u00e7\u00e3o do seu per\u00edodo de interc\u00e2mbio e mediante a apresenta\u00e7\u00e3o do\u00a0<strong>Hist\u00f3rico Escolar<\/strong>\u00a0oficial emitido pela IES no exterior.<\/li><li style=\"list-style-type: none;\">\u00a0<\/li><\/ul><p>O programa de aproveitamento de estudos\u00a0<strong>n\u00e3o d\u00e1 direito ao diploma da IES no exterior<\/strong>.<\/p><p>Se tiver interesse em participar do processo seletivo de aproveitamento de estudos da Poli, acompanhar atrav\u00e9s desse link:\u00a0<a href=\"https:\/\/www.poli.usp.br\/en\/internacional\/intercambios-e-procedimentos\/processo-seletivo\/aproveitamento-de-estudos-epusp\/\">Processo Seletivo de Aproveitamento de Estudos<\/a><\/p>\t\t\t\t\t\t\t\t<\/div>\n\t\t\t\t<\/div>\n\t\t\t\t<\/div>\n\t\t<div class=\"elementor-element elementor-element-41eb2ebc e-con-full e-flex e-con e-child\" data-id=\"41eb2ebc\" data-element_type=\"container\" data-e-type=\"container\" data-settings=\"{&quot;background_background&quot;:&quot;classic&quot;}\">\n\t\t\t\t<\/div>\n\t\t\t\t<\/div>\n\t\t<div id=\"e-n-tab-content-11863705263\" role=\"tabpanel\" aria-labelledby=\"e-n-tab-title-11863705263\" data-tab-index=\"3\" style=\"--n-tabs-title-order: 3;\" class=\"elementor-element elementor-element-18e6117e e-con-full e-flex e-con e-child\" data-id=\"18e6117e\" data-element_type=\"container\" data-e-type=\"container\">\n\t\t<div class=\"elementor-element elementor-element-3a235a09 e-con-full e-flex e-con e-child\" data-id=\"3a235a09\" data-element_type=\"container\" data-e-type=\"container\">\n\t\t<div class=\"elementor-element elementor-element-5322d03e e-con-full e-flex e-con e-child\" data-id=\"5322d03e\" data-element_type=\"container\" data-e-type=\"container\">\n\t\t\t\t<div class=\"elementor-element elementor-element-40e38faf elementor-widget elementor-widget-heading\" data-id=\"40e38faf\" data-element_type=\"widget\" data-e-type=\"widget\" data-widget_type=\"heading.default\">\n\t\t\t\t<div class=\"elementor-widget-container\">\n\t\t\t\t\t<h2 class=\"elementor-heading-title elementor-size-default\">Interc\u00e2mbio Aberto<\/h2>\t\t\t\t<\/div>\n\t\t\t\t<\/div>\n\t\t\t\t<div class=\"elementor-element elementor-element-5b72165e elementor-widget__width-initial elementor-widget elementor-widget-text-editor\" data-id=\"5b72165e\" data-element_type=\"widget\" data-e-type=\"widget\" data-widget_type=\"text-editor.default\">\n\t\t\t\t<div class=\"elementor-widget-container\">\n\t\t\t\t\t\t\t\t\t<p>O aluno interessado em realizar um Interc\u00e2mbio Aberto n\u00e3o realiza processo seletivo, por\u00e9m n\u00e3o pode escolher institui\u00e7\u00f5es estrangeiras que possuem conv\u00eanio com a Poli ou com a USP. N\u00e3o existe a garantia de isen\u00e7\u00e3o do pagamento das taxas universit\u00e1rias. O envio de documenta\u00e7\u00e3o e contato com as IES (institui\u00e7\u00f5es de ensino superior) no exterior \u00e9 de responsabilidade do aluno.<\/p><p>Ap\u00f3s escolher a IES no exterior onde deseja realizar o interc\u00e2mbio o aluno dever\u00e1 escolher as disciplinas que gostaria de cursar e submeter o Learning Agreement ao coordenador do seu curso na POLI para an\u00e1lise e aprova\u00e7\u00e3o. Ap\u00f3s a aprova\u00e7\u00e3o do coordenador de curso o aluno dever\u00e1 entregar na CRINT uma c\u00f3pia da carta de aceite emitida pela IES estrangeira juntamente com a c\u00f3pia do Learning Agreement aprovado e assinado pelo coordenador de curso na POLI para podermos gerar a mobilidade no sistema Mundus. A informa\u00e7\u00e3o no resumo escolar \u201ccursando disciplinas no exterior\u201d no JupiterWeb \u00e9 de responsabilidade do Servi\u00e7o de Gradua\u00e7\u00e3o e somente poder\u00e1 ser inserida ap\u00f3s a mobilidade do aluno ser gerada no sistema Mundus.<\/p><p>O aproveitamento e\/ou a equival\u00eancia dos cr\u00e9ditos cursados no exterior dever\u00e1 ser solicitado diretamente no Servi\u00e7o de Gradua\u00e7\u00e3o da Poli, pelo pr\u00f3prio aluno, somente ap\u00f3s a finaliza\u00e7\u00e3o do seu per\u00edodo de interc\u00e2mbio e mediante a apresenta\u00e7\u00e3o do Hist\u00f3rico Escolar oficial emitido pela IES no exterior. O programa de aproveitamento de estudos n\u00e3o d\u00e1 direito ao diploma da IES no exterior.<\/p><p>N\u00e3o h\u00e1 um per\u00edodo especifico para se inscrever no interc\u00e2mbio aberto, no entanto, deve-se levar em considera\u00e7\u00e3o o ano acad\u00eamico na POLI e na IES estrangeira.<\/p><p><strong>Para saber quais IES possuem conv\u00eanio com a USP favor utilizar a seguinte ferramenta para consulta no link:<\/strong><\/p><p><strong>Poli:<\/strong>\u00a0<a href=\"https:\/\/www.poli.usp.br\/en\/internacional\/convenios-internacionais\/instituicoes-conveniadas\/\">https:\/\/www.poli.usp.br\/internacional\/convenios-internacionais\/instituicoes-conveniadas<\/a><\/p><p><strong>USP:<\/strong>\u00a0<a href=\"http:\/\/internationaloffice.usp.br\/index.php\/convenios\/instituicoes-conveniadas\/\">http:\/\/internationaloffice.usp.br\/index.php\/convenios\/instituicoes-conveniadas\/<\/a><\/p>\t\t\t\t\t\t\t\t<\/div>\n\t\t\t\t<\/div>\n\t\t\t\t<\/div>\n\t\t\t\t<\/div>\n\t\t<div class=\"elementor-element elementor-element-2c644f3c e-con-full e-flex e-con e-child\" data-id=\"2c644f3c\" data-element_type=\"container\" data-e-type=\"container\" data-settings=\"{&quot;background_background&quot;:&quot;classic&quot;}\">\n\t\t\t\t<\/div>\n\t\t\t\t<\/div>\n\t\t\t\t\t<\/div>\n\t\t<\/div>\n\t\t\t\t\t\t<\/div>\n\t\t\t\t<\/div>\n\t\t\t\t\t<\/div>\n\t\t\t\t<\/div>\n\t\t\t\t<\/div>","protected":false},"excerpt":{"rendered":"<p>TIPOS DE INTERC\u00c2MBIO A Escola Polit\u00e9cnica da USP oferece programa de interc\u00e2mbio de\u00a0Duplo Diploma,\u00a0Aproveitamento de Estudos (Interc\u00e2mbio convencional)\u00a0e esporadicamente oportunidades de Pesquisa ou Est\u00e1gio no Exterior. A USP tem suas [&hellip;]<\/p>\n","protected":false},"author":10,"featured_media":0,"parent":5923,"menu_order":1,"comment_status":"closed","ping_status":"closed","template":"","meta":{"event_title":"","event_details":"","event_timezone":"","event_gmap":"","event_image":"","event_image_url":"","event_calendar_link":"","event_location":"","event_datetime_with_summary":"","event_datetime":"","event_date":"","event_time":"","event_date_type":"","event_rulesummary":"","event_ticket_rsvp":"","event_capacity":"","event_capacity_remaining":"","event_capacity_sold":"","event_sold_out":"","event_low_stock":"","event_ticket_count":"","event_ticket_summary":"","event_sales_start":"","event_sales_end":"","event_ticket_price_from":"","event_ticket_price_to":"","event_ticket_price_range":"","event_date_year":"","event_date_month":"","event_date_month_short":"","event_date_day":"","event_date_day_name":"","event_date_iso":"","event_rsvp_capacity":"","event_rsvp_remaining":"","event_rsvp_going":"","event_rsvp_full":"","footnotes":""},"coauthors":[211,233,210],"class_list":["post-55","page","type-page","status-publish","hentry"],"_links":{"self":[{"href":"https:\/\/www.poli.usp.br\/en\/wp-json\/wp\/v2\/pages\/55","targetHints":{"allow":["GET"]}}],"collection":[{"href":"https:\/\/www.poli.usp.br\/en\/wp-json\/wp\/v2\/pages"}],"about":[{"href":"https:\/\/www.poli.usp.br\/en\/wp-json\/wp\/v2\/types\/page"}],"author":[{"embeddable":true,"href":"https:\/\/www.poli.usp.br\/en\/wp-json\/wp\/v2\/users\/10"}],"replies":[{"embeddable":true,"href":"https:\/\/www.poli.usp.br\/en\/wp-json\/wp\/v2\/comments?post=55"}],"version-history":[{"count":36,"href":"https:\/\/www.poli.usp.br\/en\/wp-json\/wp\/v2\/pages\/55\/revisions"}],"predecessor-version":[{"id":131134,"href":"https:\/\/www.poli.usp.br\/en\/wp-json\/wp\/v2\/pages\/55\/revisions\/131134"}],"up":[{"embeddable":true,"href":"https:\/\/www.poli.usp.br\/en\/wp-json\/wp\/v2\/pages\/5923"}],"wp:attachment":[{"href":"https:\/\/www.poli.usp.br\/en\/wp-json\/wp\/v2\/media?parent=55"}],"wp:term":[{"taxonomy":"author","embeddable":true,"href":"https:\/\/www.poli.usp.br\/en\/wp-json\/wp\/v2\/coauthors?post=55"}],"curies":[{"name":"wp","href":"https:\/\/api.w.org\/{rel}","templated":true}]}}