{"id":6129,"date":"2018-09-25T12:35:48","date_gmt":"2018-09-25T15:35:48","guid":{"rendered":"https:\/\/www.poli.usp.br\/?page_id=6129"},"modified":"2020-08-13T11:58:18","modified_gmt":"2020-08-13T14:58:18","slug":"banco-de-imagens","status":"publish","type":"page","link":"https:\/\/www.poli.usp.br\/en\/comunicacao\/banco-de-imagens\/","title":{"rendered":"Banco de imagens da Poli-USP"},"content":{"rendered":"<div data-elementor-type=\"wp-page\" data-elementor-id=\"6129\" class=\"elementor elementor-6129\" data-elementor-post-type=\"page\">\n\t\t\t\t\t\t<section class=\"elementor-section elementor-top-section elementor-element elementor-element-7b594fb8 elementor-section-boxed elementor-section-height-default elementor-section-height-default\" data-id=\"7b594fb8\" data-element_type=\"section\" data-e-type=\"section\">\n\t\t\t\t\t\t<div class=\"elementor-container elementor-column-gap-default\">\n\t\t\t\t\t<div class=\"elementor-column elementor-col-100 elementor-top-column elementor-element elementor-element-558ebd61\" data-id=\"558ebd61\" data-element_type=\"column\" data-e-type=\"column\">\n\t\t\t<div class=\"elementor-widget-wrap elementor-element-populated\">\n\t\t\t\t\t\t<div class=\"elementor-element elementor-element-2f9722c elementor-widget elementor-widget-heading\" data-id=\"2f9722c\" data-element_type=\"widget\" data-e-type=\"widget\" data-widget_type=\"heading.default\">\n\t\t\t\t<div class=\"elementor-widget-container\">\n\t\t\t\t\t<h2 class=\"elementor-heading-title elementor-size-default\">Banco de imagens da Poli-USP<\/h2>\t\t\t\t<\/div>\n\t\t\t\t<\/div>\n\t\t\t\t<div class=\"elementor-element elementor-element-4beaf73d elementor-widget elementor-widget-text-editor\" data-id=\"4beaf73d\" data-element_type=\"widget\" data-e-type=\"widget\" data-widget_type=\"text-editor.default\">\n\t\t\t\t<div class=\"elementor-widget-container\">\n\t\t\t\t\t\t\t\t\t<p>As fotos tiradas pela equipe de comunica\u00e7\u00e3o da Poli-USP s\u00e3o postadas no Flickr.<\/p><p>Acesse aqui o <a href=\"https:\/\/www.flickr.com\/photos\/poliusp\/\">banco de imagens da Escola Polit\u00e9cnica da USP<\/a>.<\/p>\t\t\t\t\t\t\t\t<\/div>\n\t\t\t\t<\/div>\n\t\t\t\t<div class=\"elementor-element elementor-element-49f6ed5 elementor-widget elementor-widget-image\" data-id=\"49f6ed5\" data-element_type=\"widget\" data-e-type=\"widget\" data-widget_type=\"image.default\">\n\t\t\t\t<div class=\"elementor-widget-container\">\n\t\t\t\t\t\t\t\t\t\t\t\t\t\t\t<img decoding=\"async\" src=\"https:\/\/www.poli.usp.br\/wp-content\/uploads\/2020\/08\/flickr-da-poli-print.jpg\" title=\"flickr da poli print\" alt=\"flickr da poli print\" loading=\"lazy\" \/>\t\t\t\t\t\t\t\t\t\t\t\t\t\t\t<\/div>\n\t\t\t\t<\/div>\n\t\t\t\t<div class=\"elementor-element elementor-element-c31cc26 elementor-widget elementor-widget-text-editor\" data-id=\"c31cc26\" data-element_type=\"widget\" data-e-type=\"widget\" data-widget_type=\"text-editor.default\">\n\t\t\t\t<div class=\"elementor-widget-container\">\n\t\t\t\t\t\t\t\t\t<p>Veja tamb\u00e9m o Banco de Imagens da USP:\u00a0<a style=\"background-color: #f5f5f5; font-size: 1rem;\" href=\"http:\/\/imagens.usp.br\/\" target=\"_blank\" rel=\"noopener\">http:\/\/imagens.usp.br\/<\/a><\/p>\t\t\t\t\t\t\t\t<\/div>\n\t\t\t\t<\/div>\n\t\t\t\t\t<\/div>\n\t\t<\/div>\n\t\t\t\t\t<\/div>\n\t\t<\/section>\n\t\t\t\t<\/div>","protected":false},"excerpt":{"rendered":"<p>Banco de imagens da Poli-USP As fotos tiradas pela equipe de comunica\u00e7\u00e3o da Poli-USP s\u00e3o postadas no Flickr. Acesse aqui o banco de imagens da Escola Polit\u00e9cnica da USP. Veja [&hellip;]<\/p>\n","protected":false},"author":4,"featured_media":0,"parent":3842,"menu_order":0,"comment_status":"closed","ping_status":"closed","template":"elementor_header_footer","meta":{"event_title":"","event_details":"","event_timezone":"","event_gmap":"","event_image":"","event_image_url":"","event_calendar_link":"","event_location":"","event_datetime_with_summary":"","event_datetime":"","event_date":"","event_time":"","event_date_type":"","event_rulesummary":"","event_ticket_rsvp":"","event_capacity":"","event_capacity_remaining":"","event_capacity_sold":"","event_sold_out":"","event_low_stock":"","event_ticket_count":"","event_ticket_summary":"","event_sales_start":"","event_sales_end":"","event_ticket_price_from":"","event_ticket_price_to":"","event_ticket_price_range":"","event_date_year":"","event_date_month":"","event_date_month_short":"","event_date_day":"","event_date_day_name":"","event_date_iso":"","event_rsvp_capacity":"","event_rsvp_remaining":"","event_rsvp_going":"","event_rsvp_full":"","footnotes":""},"coauthors":[],"class_list":["post-6129","page","type-page","status-publish","hentry"],"_links":{"self":[{"href":"https:\/\/www.poli.usp.br\/en\/wp-json\/wp\/v2\/pages\/6129","targetHints":{"allow":["GET"]}}],"collection":[{"href":"https:\/\/www.poli.usp.br\/en\/wp-json\/wp\/v2\/pages"}],"about":[{"href":"https:\/\/www.poli.usp.br\/en\/wp-json\/wp\/v2\/types\/page"}],"author":[{"embeddable":true,"href":"https:\/\/www.poli.usp.br\/en\/wp-json\/wp\/v2\/users\/4"}],"replies":[{"embeddable":true,"href":"https:\/\/www.poli.usp.br\/en\/wp-json\/wp\/v2\/comments?post=6129"}],"version-history":[{"count":5,"href":"https:\/\/www.poli.usp.br\/en\/wp-json\/wp\/v2\/pages\/6129\/revisions"}],"predecessor-version":[{"id":41449,"href":"https:\/\/www.poli.usp.br\/en\/wp-json\/wp\/v2\/pages\/6129\/revisions\/41449"}],"up":[{"embeddable":true,"href":"https:\/\/www.poli.usp.br\/en\/wp-json\/wp\/v2\/pages\/3842"}],"wp:attachment":[{"href":"https:\/\/www.poli.usp.br\/en\/wp-json\/wp\/v2\/media?parent=6129"}],"wp:term":[{"taxonomy":"author","embeddable":true,"href":"https:\/\/www.poli.usp.br\/en\/wp-json\/wp\/v2\/coauthors?post=6129"}],"curies":[{"name":"wp","href":"https:\/\/api.w.org\/{rel}","templated":true}]}}