{"id":6374,"date":"2018-10-08T17:44:56","date_gmt":"2018-10-08T20:44:56","guid":{"rendered":"https:\/\/www.poli.usp.br\/?page_id=6374"},"modified":"2026-01-27T10:46:15","modified_gmt":"2026-01-27T13:46:15","slug":"ajuda","status":"publish","type":"page","link":"https:\/\/www.poli.usp.br\/en\/bibliotecas\/ajuda\/","title":{"rendered":"Ajuda"},"content":{"rendered":"<div data-elementor-type=\"wp-page\" data-elementor-id=\"6374\" class=\"elementor elementor-6374\" data-elementor-post-type=\"page\">\n\t\t\t\t<div class=\"elementor-element elementor-element-28719be1 e-flex e-con-boxed e-con e-parent\" data-id=\"28719be1\" data-element_type=\"container\" data-e-type=\"container\" data-settings=\"{&quot;background_background&quot;:&quot;classic&quot;}\">\n\t\t\t\t\t<div class=\"e-con-inner\">\n\t\t\t\t\t<\/div>\n\t\t\t\t<\/div>\n\t\t<div class=\"elementor-element elementor-element-6fd8c4e e-con-full e-flex e-con e-parent\" data-id=\"6fd8c4e\" data-element_type=\"container\" data-e-type=\"container\" data-settings=\"{&quot;background_background&quot;:&quot;classic&quot;}\">\n\t\t<div class=\"elementor-element elementor-element-7e3245d e-flex e-con-boxed e-con e-child\" data-id=\"7e3245d\" data-element_type=\"container\" data-e-type=\"container\">\n\t\t\t\t\t<div class=\"e-con-inner\">\n\t\t\t\t<div class=\"elementor-element elementor-element-629d963 elementor-widget elementor-widget-spacer\" data-id=\"629d963\" data-element_type=\"widget\" data-e-type=\"widget\" data-widget_type=\"spacer.default\">\n\t\t\t\t<div class=\"elementor-widget-container\">\n\t\t\t\t\t\t\t<div class=\"elementor-spacer\">\n\t\t\t<div class=\"elementor-spacer-inner\"><\/div>\n\t\t<\/div>\n\t\t\t\t\t\t<\/div>\n\t\t\t\t<\/div>\n\t\t\t\t<div class=\"elementor-element elementor-element-0cf8b9a elementor-widget__width-initial elementor-widget-tablet__width-initial elementor-widget-mobile__width-initial e-transform elementor-widget elementor-widget-text-editor\" data-id=\"0cf8b9a\" data-element_type=\"widget\" data-e-type=\"widget\" data-settings=\"{&quot;_transform_translateX_effect&quot;:{&quot;unit&quot;:&quot;px&quot;,&quot;size&quot;:100,&quot;sizes&quot;:[]},&quot;_transform_translateY_effect&quot;:{&quot;unit&quot;:&quot;px&quot;,&quot;size&quot;:0,&quot;sizes&quot;:[]},&quot;_transform_translateX_effect_tablet&quot;:{&quot;unit&quot;:&quot;px&quot;,&quot;size&quot;:0,&quot;sizes&quot;:[]},&quot;_transform_translateX_effect_mobile&quot;:{&quot;unit&quot;:&quot;px&quot;,&quot;size&quot;:&quot;&quot;,&quot;sizes&quot;:[]},&quot;_transform_translateY_effect_tablet&quot;:{&quot;unit&quot;:&quot;px&quot;,&quot;size&quot;:&quot;&quot;,&quot;sizes&quot;:[]},&quot;_transform_translateY_effect_mobile&quot;:{&quot;unit&quot;:&quot;px&quot;,&quot;size&quot;:&quot;&quot;,&quot;sizes&quot;:[]}}\" data-widget_type=\"text-editor.default\">\n\t\t\t\t<div class=\"elementor-widget-container\">\n\t\t\t\t\t\t\t\t\t<p style=\"text-align: left;\">aqui voc\u00ea encontra orienta\u00e7\u00f5es para usar o acervo, localizar revistas cient\u00edficas, livros e disserta\u00e7\u00f5es\/teses, al\u00e9m de instru\u00e7\u00f5es para solicitar obras fora da USP. Tamb\u00e9m h\u00e1 informa\u00e7\u00f5es sobre doa\u00e7\u00f5es de livros e peri\u00f3dicos, conex\u00e3o fora do campus, uso da rede sem fio e acesso a tutoriais que facilitam a navega\u00e7\u00e3o e o aproveitamento dos servi\u00e7os dispon\u00edveis.<\/p>\t\t\t\t\t\t\t\t<\/div>\n\t\t\t\t<\/div>\n\t\t\t\t\t<\/div>\n\t\t\t\t<\/div>\n\t\t<div class=\"elementor-element elementor-element-a81e1b1 e-con-full e-flex e-con e-child\" data-id=\"a81e1b1\" data-element_type=\"container\" data-e-type=\"container\" data-settings=\"{&quot;background_background&quot;:&quot;classic&quot;}\">\n\t\t\t\t<div class=\"elementor-element elementor-element-d2f7326 e-transform elementor-widget elementor-widget-image\" data-id=\"d2f7326\" data-element_type=\"widget\" data-e-type=\"widget\" data-settings=\"{&quot;_transform_translateX_effect&quot;:{&quot;unit&quot;:&quot;px&quot;,&quot;size&quot;:-56,&quot;sizes&quot;:[]},&quot;_transform_translateX_effect_tablet&quot;:{&quot;unit&quot;:&quot;px&quot;,&quot;size&quot;:0,&quot;sizes&quot;:[]},&quot;_transform_translateY_effect_tablet&quot;:{&quot;unit&quot;:&quot;px&quot;,&quot;size&quot;:93,&quot;sizes&quot;:[]},&quot;_transform_translateY_effect_mobile&quot;:{&quot;unit&quot;:&quot;px&quot;,&quot;size&quot;:0,&quot;sizes&quot;:[]},&quot;_transform_translateX_effect_mobile&quot;:{&quot;unit&quot;:&quot;px&quot;,&quot;size&quot;:&quot;&quot;,&quot;sizes&quot;:[]},&quot;_transform_translateY_effect&quot;:{&quot;unit&quot;:&quot;px&quot;,&quot;size&quot;:&quot;&quot;,&quot;sizes&quot;:[]}}\" data-widget_type=\"image.default\">\n\t\t\t\t<div class=\"elementor-widget-container\">\n\t\t\t\t\t\t\t\t\t\t\t\t\t\t\t<img decoding=\"async\" src=\"https:\/\/www.poli.usp.br\/wp-content\/uploads\/elementor\/thumbs\/instrutor-ajudando-os-alunos-na-aula-de-informatica-scaled-rm576tkydnabw4yndw0yxxf3dyt1ssjf45079nvjrk.jpg\" title=\"Instructor helping students in computer class\" alt=\"Instructor helping students in computer class. Man and women sitting and standing at desk, using desktop, pointing at monitor and talking. Training course concept\" loading=\"lazy\" \/>\t\t\t\t\t\t\t\t\t\t\t\t\t\t\t<\/div>\n\t\t\t\t<\/div>\n\t\t\t\t<\/div>\n\t\t\t\t<\/div>\n\t\t<div class=\"elementor-element elementor-element-99c7547 e-flex e-con-boxed e-con e-parent\" data-id=\"99c7547\" data-element_type=\"container\" data-e-type=\"container\">\n\t\t\t\t\t<div class=\"e-con-inner\">\n\t\t\t\t<div class=\"elementor-element elementor-element-4df8436 elementor-widget elementor-widget-spacer\" data-id=\"4df8436\" data-element_type=\"widget\" data-e-type=\"widget\" data-widget_type=\"spacer.default\">\n\t\t\t\t<div class=\"elementor-widget-container\">\n\t\t\t\t\t\t\t<div class=\"elementor-spacer\">\n\t\t\t<div class=\"elementor-spacer-inner\"><\/div>\n\t\t<\/div>\n\t\t\t\t\t\t<\/div>\n\t\t\t\t<\/div>\n\t\t\t\t\t<\/div>\n\t\t\t\t<\/div>\n\t\t<div class=\"elementor-element elementor-element-5bea04af e-con-full e-flex e-con e-parent\" data-id=\"5bea04af\" data-element_type=\"container\" data-e-type=\"container\">\n\t\t\t\t<div class=\"elementor-element elementor-element-a2137c5 elementor-widget elementor-widget-text-editor\" data-id=\"a2137c5\" data-element_type=\"widget\" data-e-type=\"widget\" data-widget_type=\"text-editor.default\">\n\t\t\t\t<div class=\"elementor-widget-container\">\n\t\t\t\t\t\t\t\t\t<table style=\"height: 473px;\" width=\"258\"><tbody><tr><td width=\"566\"><p><a href=\"https:\/\/www.poli.usp.br\/en\/bibliotecas\/ajuda\/usar-o-acervo\/\">Usar o acervo<\/a><\/p><\/td><\/tr><tr><td width=\"566\"><p><a href=\"https:\/\/www.poli.usp.br\/en\/bibliotecas\/ajuda\/encontrar-uma-revista-cientifica\/\">Encontrar uma revista cient\u00edfica<\/a><\/p><\/td><\/tr><tr><td width=\"566\"><p><a href=\"\/en\/bibliotecas\/ajuda\/encontrar-um-livro.html\/\">Encontrar um livro<\/a><\/p><\/td><\/tr><tr><td width=\"566\"><p><a href=\"https:\/\/www.poli.usp.br\/en\/bibliotecas\/ajuda\/solicitar-um-livro-fora-da-usp\/\">Solicitar um livro fora da USP<\/a><\/p><\/td><\/tr><tr><td width=\"566\"><p><a href=\"https:\/\/www.poli.usp.br\/en\/bibliotecas\/ajuda\/encontrar-dissertacoesteses\/\">Encontrar disserta\u00e7\u00f5es\/teses<\/a><\/p><\/td><\/tr><tr><td width=\"566\"><p><a href=\"https:\/\/www.poli.usp.br\/en\/bibliotecas\/servicos\/\">Fazer doa\u00e7\u00f5es de livros e peri\u00f3dicos<\/a><\/p><\/td><\/tr><tr><td width=\"566\"><p><a href=\"https:\/\/www.poli.usp.br\/en\/bibliotecas\/ajuda\/conexao-fora-do-campus\/\">Conex\u00e3o fora do campus<\/a><\/p><\/td><\/tr><tr><td width=\"566\"><p><a href=\"https:\/\/www.poli.usp.br\/en\/bibliotecas\/ajuda\/rede-sem-fio\/\">Rede sem Fio<\/a><\/p><\/td><\/tr><tr><td width=\"566\"><p><a href=\"https:\/\/www.poli.usp.br\/en\/bibliotecas\/tutoriais\/\">Tutoriais<\/a><\/p><\/td><\/tr><\/tbody><\/table>\t\t\t\t\t\t\t\t<\/div>\n\t\t\t\t<\/div>\n\t\t\t\t<\/div>\n\t\t<div class=\"elementor-element elementor-element-ac5489d e-flex e-con-boxed e-con e-parent\" data-id=\"ac5489d\" data-element_type=\"container\" data-e-type=\"container\">\n\t\t\t\t\t<div class=\"e-con-inner\">\n\t\t\t\t<div class=\"elementor-element elementor-element-66a5b17 elementor-widget elementor-widget-text-editor\" data-id=\"66a5b17\" data-element_type=\"widget\" data-e-type=\"widget\" data-widget_type=\"text-editor.default\">\n\t\t\t\t<div class=\"elementor-widget-container\">\n\t\t\t\t\t\t\t\t\t<p style=\"text-align: center;\">\u00daltima atualiza\u00e7\u00e3o em 29\/10\/2025<\/p>\t\t\t\t\t\t\t\t<\/div>\n\t\t\t\t<\/div>\n\t\t\t\t\t<\/div>\n\t\t\t\t<\/div>\n\t\t\t\t<\/div>","protected":false},"excerpt":{"rendered":"<p>In\u00edcio Bibliotecas Quem Somos Bibliotecas Servi\u00e7os Ajuda Apoio Acad\u00eamico aqui voc\u00ea encontra orienta\u00e7\u00f5es para usar o acervo, localizar revistas cient\u00edficas, livros e disserta\u00e7\u00f5es\/teses, al\u00e9m de instru\u00e7\u00f5es para solicitar obras fora [&hellip;]<\/p>\n","protected":false},"author":19,"featured_media":0,"parent":3685,"menu_order":5,"comment_status":"closed","ping_status":"closed","template":"","meta":{"event_title":"","event_details":"","event_timezone":"","event_gmap":"","event_image":"","event_image_url":"","event_calendar_link":"","event_location":"","event_datetime_with_summary":"","event_datetime":"","event_date":"","event_time":"","event_date_type":"","event_rulesummary":"","event_ticket_rsvp":"","event_capacity":"","event_capacity_remaining":"","event_capacity_sold":"","event_sold_out":"","event_low_stock":"","event_ticket_count":"","event_ticket_summary":"","event_sales_start":"","event_sales_end":"","event_ticket_price_from":"","event_ticket_price_to":"","event_ticket_price_range":"","event_date_year":"","event_date_month":"","event_date_month_short":"","event_date_day":"","event_date_day_name":"","event_date_iso":"","event_rsvp_capacity":"","event_rsvp_remaining":"","event_rsvp_going":"","event_rsvp_full":"","footnotes":""},"coauthors":[201,200,1539],"class_list":["post-6374","page","type-page","status-publish","hentry"],"_links":{"self":[{"href":"https:\/\/www.poli.usp.br\/en\/wp-json\/wp\/v2\/pages\/6374","targetHints":{"allow":["GET"]}}],"collection":[{"href":"https:\/\/www.poli.usp.br\/en\/wp-json\/wp\/v2\/pages"}],"about":[{"href":"https:\/\/www.poli.usp.br\/en\/wp-json\/wp\/v2\/types\/page"}],"author":[{"embeddable":true,"href":"https:\/\/www.poli.usp.br\/en\/wp-json\/wp\/v2\/users\/19"}],"replies":[{"embeddable":true,"href":"https:\/\/www.poli.usp.br\/en\/wp-json\/wp\/v2\/comments?post=6374"}],"version-history":[{"count":57,"href":"https:\/\/www.poli.usp.br\/en\/wp-json\/wp\/v2\/pages\/6374\/revisions"}],"predecessor-version":[{"id":146382,"href":"https:\/\/www.poli.usp.br\/en\/wp-json\/wp\/v2\/pages\/6374\/revisions\/146382"}],"up":[{"embeddable":true,"href":"https:\/\/www.poli.usp.br\/en\/wp-json\/wp\/v2\/pages\/3685"}],"wp:attachment":[{"href":"https:\/\/www.poli.usp.br\/en\/wp-json\/wp\/v2\/media?parent=6374"}],"wp:term":[{"taxonomy":"author","embeddable":true,"href":"https:\/\/www.poli.usp.br\/en\/wp-json\/wp\/v2\/coauthors?post=6374"}],"curies":[{"name":"wp","href":"https:\/\/api.w.org\/{rel}","templated":true}]}}