{"id":6441,"date":"2018-10-09T17:50:08","date_gmt":"2018-10-09T20:50:08","guid":{"rendered":"https:\/\/www.poli.usp.br\/?page_id=6441"},"modified":"2026-03-25T09:54:20","modified_gmt":"2026-03-25T12:54:20","slug":"comissao-de-pesquisa","status":"publish","type":"page","link":"https:\/\/www.poli.usp.br\/en\/institucional\/comissoes-centrais\/comissao-de-pesquisa\/","title":{"rendered":"Comiss\u00e3o de Pesquisa"},"content":{"rendered":"\t\t<div data-elementor-type=\"wp-page\" data-elementor-id=\"6441\" class=\"elementor elementor-6441\" data-elementor-post-type=\"page\">\n\t\t\t\t<div class=\"elementor-element elementor-element-be7211b e-flex e-con-boxed e-con e-parent\" data-id=\"be7211b\" data-element_type=\"container\" data-e-type=\"container\" data-settings=\"{&quot;background_background&quot;:&quot;classic&quot;}\">\n\t\t\t\t\t<div class=\"e-con-inner\">\n\t\t<div class=\"elementor-element elementor-element-7001629 e-con-full e-flex e-con e-child\" data-id=\"7001629\" data-element_type=\"container\" data-e-type=\"container\">\n\t\t\t\t<div class=\"elementor-element elementor-element-2f7f3bc elementor-widget elementor-widget-spacer\" data-id=\"2f7f3bc\" data-element_type=\"widget\" data-e-type=\"widget\" data-widget_type=\"spacer.default\">\n\t\t\t\t<div class=\"elementor-widget-container\">\n\t\t\t\t\t\t\t<div class=\"elementor-spacer\">\n\t\t\t<div class=\"elementor-spacer-inner\"><\/div>\n\t\t<\/div>\n\t\t\t\t\t\t<\/div>\n\t\t\t\t<\/div>\n\t\t\t\t<div class=\"elementor-element elementor-element-0511aeb elementor-widget elementor-widget-heading\" data-id=\"0511aeb\" data-element_type=\"widget\" data-e-type=\"widget\" data-widget_type=\"heading.default\">\n\t\t\t\t<div class=\"elementor-widget-container\">\n\t\t\t\t\t<h2 class=\"elementor-heading-title elementor-size-default\">Comiss\u00e3o de Pesquisa e Inova\u00e7\u00e3o<\/h2>\t\t\t\t<\/div>\n\t\t\t\t<\/div>\n\t\t\t\t<div class=\"elementor-element elementor-element-3046123 elementor-widget elementor-widget-spacer\" data-id=\"3046123\" data-element_type=\"widget\" data-e-type=\"widget\" data-widget_type=\"spacer.default\">\n\t\t\t\t<div class=\"elementor-widget-container\">\n\t\t\t\t\t\t\t<div class=\"elementor-spacer\">\n\t\t\t<div class=\"elementor-spacer-inner\"><\/div>\n\t\t<\/div>\n\t\t\t\t\t\t<\/div>\n\t\t\t\t<\/div>\n\t\t\t\t<\/div>\n\t\t<div class=\"elementor-element elementor-element-c80e520 e-con-full e-flex e-con e-child\" data-id=\"c80e520\" data-element_type=\"container\" data-e-type=\"container\" data-settings=\"{&quot;background_background&quot;:&quot;slideshow&quot;,&quot;background_slideshow_gallery&quot;:[{&quot;id&quot;:132413,&quot;url&quot;:&quot;https:\\\/\\\/www.poli.usp.br\\\/wp-content\\\/uploads\\\/2025\\\/06\\\/HDR_DSCO1158-1-1536x1025-1.jpg&quot;}],&quot;background_slideshow_loop&quot;:&quot;yes&quot;,&quot;background_slideshow_slide_duration&quot;:5000,&quot;background_slideshow_slide_transition&quot;:&quot;fade&quot;,&quot;background_slideshow_transition_duration&quot;:500}\">\n\t\t\t\t<\/div>\n\t\t\t\t\t<\/div>\n\t\t\t\t<\/div>\n\t\t<div class=\"elementor-element elementor-element-54eebbf1 e-flex e-con-boxed e-con e-parent\" data-id=\"54eebbf1\" data-element_type=\"container\" data-e-type=\"container\">\n\t\t\t\t\t<div class=\"e-con-inner\">\n\t\t\t\t<div class=\"elementor-element elementor-element-79bb55c5 e-n-tabs-mobile elementor-widget elementor-widget-n-tabs\" data-id=\"79bb55c5\" data-element_type=\"widget\" data-e-type=\"widget\" data-settings=\"{&quot;tabs_justify_horizontal&quot;:&quot;start&quot;,&quot;horizontal_scroll&quot;:&quot;disable&quot;}\" data-widget_type=\"nested-tabs.default\">\n\t\t\t\t<div class=\"elementor-widget-container\">\n\t\t\t\t\t\t\t<div class=\"e-n-tabs\" data-widget-number=\"2042320325\" aria-label=\"Abas. Abra itens com &quot;Enter&quot; ou &quot;Espa\u00e7o&quot;, feche com &quot;Escape&quot; e navegue usando as teclas de &quot;Seta&quot;.\">\n\t\t\t<div class=\"e-n-tabs-heading\" role=\"tablist\">\n\t\t\t\t\t<button id=\"e-n-tab-title-20423203251\" data-tab-title-id=\"e-n-tab-title-20423203251\" class=\"e-n-tab-title\" aria-selected=\"true\" data-tab-index=\"1\" role=\"tab\" tabindex=\"0\" aria-controls=\"e-n-tab-content-20423203251\" style=\"--n-tabs-title-order: 1;\">\n\t\t\t\t\t\t<span class=\"e-n-tab-title-text\">\n\t\t\t\tAtribui\u00e7\u00f5es\t\t\t<\/span>\n\t\t<\/button>\n\t\t\t\t<button id=\"e-n-tab-title-20423203252\" data-tab-title-id=\"e-n-tab-title-20423203252\" class=\"e-n-tab-title\" aria-selected=\"false\" data-tab-index=\"2\" role=\"tab\" tabindex=\"-1\" aria-controls=\"e-n-tab-content-20423203252\" style=\"--n-tabs-title-order: 2;\">\n\t\t\t\t\t\t<span class=\"e-n-tab-title-text\">\n\t\t\t\tMembros\t\t\t<\/span>\n\t\t<\/button>\n\t\t\t\t<button id=\"e-n-tab-title-20423203253\" data-tab-title-id=\"e-n-tab-title-20423203253\" class=\"e-n-tab-title\" aria-selected=\"false\" data-tab-index=\"3\" role=\"tab\" tabindex=\"-1\" aria-controls=\"e-n-tab-content-20423203253\" style=\"--n-tabs-title-order: 3;\">\n\t\t\t\t\t\t<span class=\"e-n-tab-title-text\">\n\t\t\t\tResolu\u00e7\u00f5es\t\t\t<\/span>\n\t\t<\/button>\n\t\t\t\t<button id=\"e-n-tab-title-20423203254\" data-tab-title-id=\"e-n-tab-title-20423203254\" class=\"e-n-tab-title\" aria-selected=\"false\" data-tab-index=\"4\" role=\"tab\" tabindex=\"-1\" aria-controls=\"e-n-tab-content-20423203254\" style=\"--n-tabs-title-order: 4;\">\n\t\t\t\t\t\t<span class=\"e-n-tab-title-text\">\n\t\t\t\tCalend\u00e1rio de Reuni\u00f5es\t\t\t<\/span>\n\t\t<\/button>\n\t\t\t\t<button id=\"e-n-tab-title-20423203255\" data-tab-title-id=\"e-n-tab-title-20423203255\" class=\"e-n-tab-title\" aria-selected=\"false\" data-tab-index=\"5\" role=\"tab\" tabindex=\"-1\" aria-controls=\"e-n-tab-content-20423203255\" style=\"--n-tabs-title-order: 5;\">\n\t\t\t\t\t\t<span class=\"e-n-tab-title-text\">\n\t\t\t\tContato\t\t\t<\/span>\n\t\t<\/button>\n\t\t\t\t\t<\/div>\n\t\t\t<div class=\"e-n-tabs-content\">\n\t\t\t\t<div id=\"e-n-tab-content-20423203251\" role=\"tabpanel\" aria-labelledby=\"e-n-tab-title-20423203251\" data-tab-index=\"1\" style=\"--n-tabs-title-order: 1;\" class=\"e-active elementor-element elementor-element-150d0910 e-con-full e-flex e-con e-child\" data-id=\"150d0910\" data-element_type=\"container\" data-e-type=\"container\">\n\t\t\t\t<div class=\"elementor-element elementor-element-6d1057d elementor-widget elementor-widget-text-editor\" data-id=\"6d1057d\" data-element_type=\"widget\" data-e-type=\"widget\" data-widget_type=\"text-editor.default\">\n\t\t\t\t<div class=\"elementor-widget-container\">\n\t\t\t\t\t\t\t\t\t<p align=\"justify\">Compete \u00e0 Comiss\u00e3o de Pesquisa e Inova\u00e7\u00e3o:\u00a0<\/p><p align=\"justify\">I \u2013 tra\u00e7ar as diretrizes, fomentar e zelar pela execu\u00e7\u00e3o dos programas de pesquisa, obedecida a orienta\u00e7\u00e3o geral da Congrega\u00e7\u00e3o e do Conselho de Pesquisa;<\/p><p align=\"justify\">II \u2013 propor normas para ordena\u00e7\u00e3o de atividades de pesquisa de interesse geral para a Escola Polit\u00e9cnica;<\/p><p align=\"justify\">III \u2013 analisar e encaminhar para aprova\u00e7\u00e3o, os contratos e conv\u00eanios relacionados a atividades de pesquisa;<\/p><p align=\"justify\">IV \u2013 coordenar os trabalhos dos Departamentos no que diz respeito aos programas interdepartamentais e \u00e0 integra\u00e7\u00e3o dos programas;<\/p><p align=\"justify\">V \u2013 promover a an\u00e1lise do funcionamento dos programas de pesquisa da Escola Polit\u00e9cnica;<\/p><p align=\"justify\">VI \u2013 exercer as demais fun\u00e7\u00f5es que lhes forem conferidas pelo Regimento Geral da USP, por este Regimento, bem como pelas normas emanadas do Conselho de Pesquisa.<\/p>\t\t\t\t\t\t\t\t<\/div>\n\t\t\t\t<\/div>\n\t\t\t\t<\/div>\n\t\t<div id=\"e-n-tab-content-20423203252\" role=\"tabpanel\" aria-labelledby=\"e-n-tab-title-20423203252\" data-tab-index=\"2\" style=\"--n-tabs-title-order: 2;\" class=\" elementor-element elementor-element-4a06a11 e-con-full e-flex e-con e-child\" data-id=\"4a06a11\" data-element_type=\"container\" data-e-type=\"container\">\n\t\t<div class=\"elementor-element elementor-element-7b2db496 e-flex e-con-boxed e-con e-child\" data-id=\"7b2db496\" data-element_type=\"container\" data-e-type=\"container\">\n\t\t\t\t\t<div class=\"e-con-inner\">\n\t\t\t\t<div class=\"elementor-element elementor-element-74055dd9 elementor-widget elementor-widget-text-editor\" data-id=\"74055dd9\" data-element_type=\"widget\" data-e-type=\"widget\" data-widget_type=\"text-editor.default\">\n\t\t\t\t<div class=\"elementor-widget-container\">\n\t\t\t\t\t\t\t\t\t<p><span style=\"font-size: 16px;\">A Comiss\u00e3o de Pesquisa e Inova\u00e7\u00e3o \u00e9 formada por um representante de cada Departamento, portador de, no m\u00ednimo, t\u00edtulo de doutor e eleito pelo respectivo Conselho entre os seus docentes; a representa\u00e7\u00e3o discente, eleita proporcionalmente entre os alunos p\u00f3s-gradua\u00e7\u00e3o, n\u00e3o-docentes da Universidade, correspondente a dez por cento do total de docentes da Comiss\u00e3o; e um representante dos p\u00f3s-doutorandos com cadastro ativo no Programa de P\u00f3s-Doutorado da Escola Polit\u00e9cnica, eleito por seus pares, com mandato de um ano e permitidas duas recondu\u00e7\u00f5es, desde que assegurado o percentual m\u00ednimo de 70% de membros docentes na composi\u00e7\u00e3o do colegiado.<\/span><\/p><p><span style=\"font-size: 16px;\"> O Presidente e o Vice-Presidente da Comiss\u00e3o de Pesquisa e Inova\u00e7\u00e3o ser\u00e3o eleitos pela Congrega\u00e7\u00e3o obedecendo ao disposto nos artigos <\/span><a style=\"font-size: 16px;\" href=\"https:\/\/www.leginf.usp.br\/?resolucao=consolidada-resolucao-no-3461-de-7-de-outubro-de-1988#a48\">48<\/a><span style=\"font-size: 16px;\">\u00a0e\u00a0<\/span><a style=\"font-size: 16px;\" href=\"https:\/\/www.leginf.usp.br\/?resolucao=consolidada-resolucao-no-3461-de-7-de-outubro-de-1988#a50\">50<\/a><span style=\"font-size: 16px;\"> do Estatuto da USP.<\/span><\/p><p><a href=\"https:\/\/drive.google.com\/file\/d\/1aLURO2b5o34mEDtp0_4RAf_EGkZz-yIl\/view?usp=drive_link\">Clique Aqui <\/a>para a lista de membros da Comiss\u00e3o de Pesquisa e Inova\u00e7\u00e3o.<\/p>\t\t\t\t\t\t\t\t<\/div>\n\t\t\t\t<\/div>\n\t\t\t\t\t<\/div>\n\t\t\t\t<\/div>\n\t\t\t\t<\/div>\n\t\t<div id=\"e-n-tab-content-20423203253\" role=\"tabpanel\" aria-labelledby=\"e-n-tab-title-20423203253\" data-tab-index=\"3\" style=\"--n-tabs-title-order: 3;\" class=\" elementor-element elementor-element-5e6a986d e-con-full e-flex e-con e-child\" data-id=\"5e6a986d\" data-element_type=\"container\" data-e-type=\"container\">\n\t\t<div class=\"elementor-element elementor-element-431dbb1 e-flex e-con-boxed e-con e-child\" data-id=\"431dbb1\" data-element_type=\"container\" data-e-type=\"container\">\n\t\t\t\t\t<div class=\"e-con-inner\">\n\t\t\t\t<div class=\"elementor-element elementor-element-01ea330 elementor-widget elementor-widget-text-editor\" data-id=\"01ea330\" data-element_type=\"widget\" data-e-type=\"widget\" data-widget_type=\"text-editor.default\">\n\t\t\t\t<div class=\"elementor-widget-container\">\n\t\t\t\t\t\t\t\t\t<div class=\"componentheading\"><p class=\"contentheading\"><a href=\"https:\/\/leginf.usp.br\/?resolucao=resolucao-no-4628-de-04-de-janeiro-de-1999-2\">Res.4628, de 1999 <em>(Alterada pelas Resolu\u00e7\u00f5es <a title=\"RESOLU\u00c7\u00c3O N\u00ba 5309, DE 23 DE MAR\u00c7O DE 2006\" href=\"https:\/\/www.leginf.usp.br\/?resolucao=resolucao-no-5309-de-23-de-marco-de-2006\">5309\/2006<\/a>,\u00a0<a title=\"RESOLU\u00c7\u00c3O N\u00ba 5555, DE 17 DE JUNHO DE 2009\" href=\"https:\/\/www.leginf.usp.br\/?resolucao=resolucao-no-5555-de-17-de-junho-de-2009\">5555\/2009<\/a>,\u00a0<a title=\"RESOLU\u00c7\u00c3O N\u00ba 5835, DE 12 DE ABRIL DE 2010\" href=\"https:\/\/www.leginf.usp.br\/?resolucao=resolucao-no-5835-de-12-de-abril-de-2010\">5835\/2010<\/a>,\u00a0<a href=\"https:\/\/www.leginf.usp.br\/?resolucao=resolucao-no-6306-de-6-de-julho-de-2012\">6306\/2012<\/a>,\u00a0<a title=\"RESOLU\u00c7\u00c3O N\u00ba 6481, DE 21 DE DEZEMBRO DE 2012\" href=\"https:\/\/www.leginf.usp.br\/?resolucao=resolucao-no-6481-de-21-de-dezembro-de-2012\">6481\/2012<\/a>,\u00a0<a href=\"https:\/\/www.leginf.usp.br\/?resolucao=resolucao-no-8105-de-05-de-julho-de-2021\">8105\/2021<\/a>,\u00a0<a href=\"https:\/\/leginf.usp.br\/?resolucao=resolucao-no-8644-de-28-de-maio-de-2024\">8644\/2024<\/a>\u00a0e\u00a0<a href=\"https:\/\/leginf.usp.br\/?resolucao=resolucao-no-8729-de-26-de-novembro-de-2024\">8729\/2024<\/a>)<\/em><\/a><\/p><div class=\"article-content\"><p>\u00a0<\/p><header class=\"entry-header\"><\/header><div class=\"entry-content consolidada\"><p>\u00a0<\/p><\/div><\/div><\/div>\t\t\t\t\t\t\t\t<\/div>\n\t\t\t\t<\/div>\n\t\t\t\t\t<\/div>\n\t\t\t\t<\/div>\n\t\t\t\t<\/div>\n\t\t<div id=\"e-n-tab-content-20423203254\" role=\"tabpanel\" aria-labelledby=\"e-n-tab-title-20423203254\" data-tab-index=\"4\" style=\"--n-tabs-title-order: 4;\" class=\" elementor-element elementor-element-3f5e876e e-con-full e-flex e-con e-child\" data-id=\"3f5e876e\" data-element_type=\"container\" data-e-type=\"container\">\n\t\t<div class=\"elementor-element elementor-element-5335b0c9 e-flex e-con-boxed e-con e-child\" data-id=\"5335b0c9\" data-element_type=\"container\" data-e-type=\"container\">\n\t\t\t\t\t<div class=\"e-con-inner\">\n\t\t\t\t<div class=\"elementor-element elementor-element-756c92e7 elementor-widget elementor-widget-text-editor\" data-id=\"756c92e7\" data-element_type=\"widget\" data-e-type=\"widget\" data-widget_type=\"text-editor.default\">\n\t\t\t\t<div class=\"elementor-widget-container\">\n\t\t\t\t\t\t\t\t\t<p>Confira aqui o calend\u00e1rio de reuni\u00f5es e prazo para entrega de documentos:<\/p><p><a href=\"https:\/\/www.poli.usp.br\/wp-content\/uploads\/2025\/11\/2026_CPqI_Calendario_Aprovado.pdf\">Reuni\u00f5es 2026<\/a><\/p><p>\u00a0<\/p>\t\t\t\t\t\t\t\t<\/div>\n\t\t\t\t<\/div>\n\t\t\t\t\t<\/div>\n\t\t\t\t<\/div>\n\t\t\t\t<\/div>\n\t\t<div id=\"e-n-tab-content-20423203255\" role=\"tabpanel\" aria-labelledby=\"e-n-tab-title-20423203255\" data-tab-index=\"5\" style=\"--n-tabs-title-order: 5;\" class=\" elementor-element elementor-element-7144da1f e-con-full e-flex e-con e-child\" data-id=\"7144da1f\" data-element_type=\"container\" data-e-type=\"container\">\n\t\t\t\t<div class=\"elementor-element elementor-element-370bcd7 elementor-widget elementor-widget-text-editor\" data-id=\"370bcd7\" data-element_type=\"widget\" data-e-type=\"widget\" data-widget_type=\"text-editor.default\">\n\t\t\t\t<div class=\"elementor-widget-container\">\n\t\t\t\t\t\t\t\t\t<p>Entre em contato pelo email pesquisa.poli@usp.br<\/p>\t\t\t\t\t\t\t\t<\/div>\n\t\t\t\t<\/div>\n\t\t\t\t<\/div>\n\t\t\t\t\t<\/div>\n\t\t<\/div>\n\t\t\t\t\t\t<\/div>\n\t\t\t\t<\/div>\n\t\t\t\t\t<\/div>\n\t\t\t\t<\/div>\n\t\t\t\t<\/div>\n\t\t","protected":false},"excerpt":{"rendered":"<p>Comiss\u00e3o de Pesquisa e Inova\u00e7\u00e3o Atribui\u00e7\u00f5es Membros Resolu\u00e7\u00f5es Calend\u00e1rio de Reuni\u00f5es Contato Compete \u00e0 Comiss\u00e3o de Pesquisa e Inova\u00e7\u00e3o:\u00a0 I \u2013 tra\u00e7ar as diretrizes, fomentar e zelar pela execu\u00e7\u00e3o dos [&hellip;]<\/p>\n","protected":false},"author":14,"featured_media":0,"parent":3718,"menu_order":1,"comment_status":"closed","ping_status":"closed","template":"","meta":{"event_title":"","event_details":"","event_timezone":"","event_gmap":"","event_image":"","event_image_url":"","event_calendar_link":"","event_location":"","event_datetime_with_summary":"","event_datetime":"","event_date":"","event_time":"","event_date_type":"","event_rulesummary":"","event_ticket_rsvp":"","event_capacity":"","event_capacity_remaining":"","event_capacity_sold":"","event_sold_out":"","event_low_stock":"","event_ticket_count":"","event_ticket_summary":"","event_sales_start":"","event_sales_end":"","event_ticket_price_from":"","event_ticket_price_to":"","event_ticket_price_range":"","event_date_year":"","event_date_month":"","event_date_month_short":"","event_date_day":"","event_date_day_name":"","event_date_iso":"","event_rsvp_capacity":"","event_rsvp_remaining":"","event_rsvp_going":"","event_rsvp_full":"","footnotes":""},"coauthors":[205,237],"class_list":["post-6441","page","type-page","status-publish","hentry"],"_links":{"self":[{"href":"https:\/\/www.poli.usp.br\/en\/wp-json\/wp\/v2\/pages\/6441","targetHints":{"allow":["GET"]}}],"collection":[{"href":"https:\/\/www.poli.usp.br\/en\/wp-json\/wp\/v2\/pages"}],"about":[{"href":"https:\/\/www.poli.usp.br\/en\/wp-json\/wp\/v2\/types\/page"}],"author":[{"embeddable":true,"href":"https:\/\/www.poli.usp.br\/en\/wp-json\/wp\/v2\/users\/14"}],"replies":[{"embeddable":true,"href":"https:\/\/www.poli.usp.br\/en\/wp-json\/wp\/v2\/comments?post=6441"}],"version-history":[{"count":104,"href":"https:\/\/www.poli.usp.br\/en\/wp-json\/wp\/v2\/pages\/6441\/revisions"}],"predecessor-version":[{"id":149212,"href":"https:\/\/www.poli.usp.br\/en\/wp-json\/wp\/v2\/pages\/6441\/revisions\/149212"}],"up":[{"embeddable":true,"href":"https:\/\/www.poli.usp.br\/en\/wp-json\/wp\/v2\/pages\/3718"}],"wp:attachment":[{"href":"https:\/\/www.poli.usp.br\/en\/wp-json\/wp\/v2\/media?parent=6441"}],"wp:term":[{"taxonomy":"author","embeddable":true,"href":"https:\/\/www.poli.usp.br\/en\/wp-json\/wp\/v2\/coauthors?post=6441"}],"curies":[{"name":"wp","href":"https:\/\/api.w.org\/{rel}","templated":true}]}}