{"id":68,"date":"2010-01-28T18:37:04","date_gmt":"2010-01-28T20:37:04","guid":{"rendered":"https:\/\/www.poli.usp.br\/relacoes-internacionais\/atendimento-ao-aluno\/68-processo-seletivo.html"},"modified":"2024-04-29T10:12:00","modified_gmt":"2024-04-29T13:12:00","slug":"processo-seletivo","status":"publish","type":"page","link":"https:\/\/www.poli.usp.br\/en\/internacional\/intercambios-e-procedimentos\/processo-seletivo\/","title":{"rendered":"Processos Seletivos"},"content":{"rendered":"<div data-elementor-type=\"wp-page\" data-elementor-id=\"68\" class=\"elementor elementor-68\" data-elementor-post-type=\"page\">\n\t\t\t\t<div class=\"elementor-element elementor-element-21d4a72 e-flex e-con-boxed e-con e-parent\" data-id=\"21d4a72\" data-element_type=\"container\" data-e-type=\"container\" data-settings=\"{&quot;background_background&quot;:&quot;classic&quot;}\">\n\t\t\t\t\t<div class=\"e-con-inner\">\n\t\t\t\t<div class=\"elementor-element elementor-element-34a194d elementor-widget elementor-widget-heading\" data-id=\"34a194d\" data-element_type=\"widget\" data-e-type=\"widget\" data-widget_type=\"heading.default\">\n\t\t\t\t<div class=\"elementor-widget-container\">\n\t\t\t\t\t<h2 class=\"elementor-heading-title elementor-size-default\"><a href=\"https:\/\/www.poli.usp.br\/en\/internacional\/\">Internacionaliza\u00e7\u00e3o\u200b<\/a><\/h2>\t\t\t\t<\/div>\n\t\t\t\t<\/div>\n\t\t\t\t\t<\/div>\n\t\t\t\t<\/div>\n\t\t<div class=\"elementor-element elementor-element-807b645 e-flex e-con-boxed e-con e-parent\" data-id=\"807b645\" data-element_type=\"container\" data-e-type=\"container\">\n\t\t\t\t\t<div class=\"e-con-inner\">\n\t\t\t\t<div class=\"elementor-element elementor-element-d35adeb elementor-widget elementor-widget-spacer\" data-id=\"d35adeb\" data-element_type=\"widget\" data-e-type=\"widget\" data-widget_type=\"spacer.default\">\n\t\t\t\t<div class=\"elementor-widget-container\">\n\t\t\t\t\t\t\t<div class=\"elementor-spacer\">\n\t\t\t<div class=\"elementor-spacer-inner\"><\/div>\n\t\t<\/div>\n\t\t\t\t\t\t<\/div>\n\t\t\t\t<\/div>\n\t\t\t\t<div class=\"elementor-element elementor-element-b811c14 elementor-widget elementor-widget-heading\" data-id=\"b811c14\" data-element_type=\"widget\" data-e-type=\"widget\" data-widget_type=\"heading.default\">\n\t\t\t\t<div class=\"elementor-widget-container\">\n\t\t\t\t\t<h2 class=\"elementor-heading-title elementor-size-default\">Processos Seletivos<\/h2>\t\t\t\t<\/div>\n\t\t\t\t<\/div>\n\t\t\t\t<div class=\"elementor-element elementor-element-217757c elementor-widget elementor-widget-spacer\" data-id=\"217757c\" data-element_type=\"widget\" data-e-type=\"widget\" data-widget_type=\"spacer.default\">\n\t\t\t\t<div class=\"elementor-widget-container\">\n\t\t\t\t\t\t\t<div class=\"elementor-spacer\">\n\t\t\t<div class=\"elementor-spacer-inner\"><\/div>\n\t\t<\/div>\n\t\t\t\t\t\t<\/div>\n\t\t\t\t<\/div>\n\t\t\t\t\t<\/div>\n\t\t\t\t<\/div>\n\t\t<div class=\"elementor-element elementor-element-b501821 e-flex e-con-boxed e-con e-parent\" data-id=\"b501821\" data-element_type=\"container\" data-e-type=\"container\">\n\t\t\t\t\t<div class=\"e-con-inner\">\n\t\t<div class=\"elementor-element elementor-element-1cabffe e-con-full e-flex e-con e-child\" data-id=\"1cabffe\" data-element_type=\"container\" data-e-type=\"container\">\n\t\t\t\t<div class=\"elementor-element elementor-element-5bae6836 elementor-icon-list--layout-traditional elementor-list-item-link-full_width elementor-widget elementor-widget-icon-list\" data-id=\"5bae6836\" data-element_type=\"widget\" data-e-type=\"widget\" data-widget_type=\"icon-list.default\">\n\t\t\t\t<div class=\"elementor-widget-container\">\n\t\t\t\t\t\t\t<ul class=\"elementor-icon-list-items\">\n\t\t\t\t\t\t\t<li class=\"elementor-icon-list-item\">\n\t\t\t\t\t\t\t\t\t\t\t<a href=\"https:\/\/www.poli.usp.br\/en\/internacional\/intercambios-e-procedimentos\/processo-seletivo\/duplo-diploma-epusp\/\">\n\n\t\t\t\t\t\t\t\t\t\t\t<span class=\"elementor-icon-list-text\">Duplo Diploma<\/span>\n\t\t\t\t\t\t\t\t\t\t\t<\/a>\n\t\t\t\t\t\t\t\t\t<\/li>\n\t\t\t\t\t\t\t\t<li class=\"elementor-icon-list-item\">\n\t\t\t\t\t\t\t\t\t\t\t<a href=\"https:\/\/www.poli.usp.br\/en\/internacional\/intercambios-e-procedimentos\/processo-seletivo\/aproveitamento-de-estudos-epusp\/\">\n\n\t\t\t\t\t\t\t\t\t\t\t<span class=\"elementor-icon-list-text\">Aproveitamento de Estudos<\/span>\n\t\t\t\t\t\t\t\t\t\t\t<\/a>\n\t\t\t\t\t\t\t\t\t<\/li>\n\t\t\t\t\t\t\t\t<li class=\"elementor-icon-list-item\">\n\t\t\t\t\t\t\t\t\t\t\t<a href=\"https:\/\/uspdigital.usp.br\/mundus\/editalintercambiopublicoListar?nivpbcavo=G&#038;codmnu=9740\">\n\n\t\t\t\t\t\t\t\t\t\t\t<span class=\"elementor-icon-list-text\">Editais da AUCANI<\/span>\n\t\t\t\t\t\t\t\t\t\t\t<\/a>\n\t\t\t\t\t\t\t\t\t<\/li>\n\t\t\t\t\t\t<\/ul>\n\t\t\t\t\t\t<\/div>\n\t\t\t\t<\/div>\n\t\t\t\t<\/div>\n\t\t<div class=\"elementor-element elementor-element-a210e61 e-con-full e-flex e-con e-child\" data-id=\"a210e61\" data-element_type=\"container\" data-e-type=\"container\">\n\t\t\t\t<div class=\"elementor-element elementor-element-29edbffa elementor-widget elementor-widget-text-editor\" data-id=\"29edbffa\" data-element_type=\"widget\" data-e-type=\"widget\" data-widget_type=\"text-editor.default\">\n\t\t\t\t<div class=\"elementor-widget-container\">\n\t\t\t\t\t\t\t\t\t<p>Os Processos Seletivos s\u00e3o realizados em Etapas, todas eliminat\u00f3rias. As duas primeiras etapas s\u00e3o realizadas pela Escola Polit\u00e9cnica, que ao final da 2\u00aa etapa <strong>pr\u00e9-seleciona<\/strong> os alunos que passar\u00e3o para a 3\u00aa etapa. O resultado de cada etapa \u00e9 divulgado somente aos interessados, atrav\u00e9s do e-mail institucional.<\/p><p><img decoding=\"async\" class=\"moldura alignright size-full wp-image-56\" style=\"margin: 2px 0px 15px 15px; float: right;\" src=\"https:\/\/www.poli.usp.br\/wp-content\/uploads\/2010\/01\/media_download_crint_processo-seletivo_poli-io-processo-seletivo-04.png\" alt=\"poli-io-processo-seletivo-04\" width=\"240\" height=\"183\" srcset=\"https:\/\/www.poli.usp.br\/wp-content\/uploads\/2010\/01\/media_download_crint_processo-seletivo_poli-io-processo-seletivo-04.png 616w, https:\/\/www.poli.usp.br\/wp-content\/uploads\/2010\/01\/media_download_crint_processo-seletivo_poli-io-processo-seletivo-04-300x229.png 300w\" sizes=\"(max-width: 240px) 100vw, 240px\" \/>Na 1\u00aa Etapa: <strong>Inscri\u00e7\u00e3o<\/strong>, os alunos se candidatam atrav\u00e9s da <strong>Intranet da Poli e do Sistema Mundus<\/strong> (a partir de julho\/2019) . Nesta primeira etapa s\u00e3o avaliados: \u00edndices acad\u00eamicos como, por exemplo, m\u00e9dia ponderada, n\u00fameros de cr\u00e9ditos cursados, n\u00fameros de cr\u00e9ditos aprovados.<\/p><p>Na 2\u00aa Etapa: Leitura do <strong>Curriculum Vitae e do Projeto Profissional<\/strong>; e realiza\u00e7\u00e3o da <strong>Entrevista<\/strong>, \u00fanica e individual. A banca de entrevistadores \u00e9 constitu\u00edda pelos professores membros da CRInt-da Poli e professores convidados. Ao final da 2\u00aa Etapa o SVREInt-Poli comunica \u00e0s IES conveniadas a lista dos alunos <strong>pr\u00e9-selecionados<\/strong> para a 3\u00aa Etapa.<\/p><p>Na 3\u00aa Etapa: Os candidatos encaminham toda a documenta\u00e7\u00e3o e fazem as inscri\u00e7\u00f5es nos sistemas das escolas do exterior, sendo avaliados por elas.\u00a0Algumas IES conveniadas realizam na 3\u00aa etapa do processo seletivo provas, videoconfer\u00eancias e\/ou entrevistas pessoais.<\/p><p>A <strong>aceita\u00e7\u00e3o final<\/strong> do aluno para a realiza\u00e7\u00e3o do interc\u00e2mbio \u00e9 <strong>de total responsabilidade da IES conveniada do exterior<\/strong>. A sele\u00e7\u00e3o \u00e9 finalizada quando, ap\u00f3s a an\u00e1lise da documenta\u00e7\u00e3o enviada e da realiza\u00e7\u00e3o das provas\/videoconfer\u00eancias\/entrevistas, a IES no exterior comunica ao SVREInt-Poli a lista dos alunos <strong>ACEITOS<\/strong> para realizarem o interc\u00e2mbio e emite a carta de aceite.<\/p><p>Todos os Processos Seletivos realizados pelo SVREInt-Poli <strong>selecionam <\/strong>os alunos somente para <strong>uma vaga <\/strong>nas IES conveniadas. <strong>A sele\u00e7\u00e3o n\u00e3o est\u00e1 atrelada\/relacionada a nenhuma bolsa de estudos.<\/strong><\/p><p>Todos os conv\u00eanios assinados pela EPUSP e as IES no exterior contemplam somente as \u00e1reas de engenharia.<\/p>\t\t\t\t\t\t\t\t<\/div>\n\t\t\t\t<\/div>\n\t\t\t\t<\/div>\n\t\t\t\t\t<\/div>\n\t\t\t\t<\/div>\n\t\t<div class=\"elementor-element elementor-element-70102863 e-flex e-con-boxed e-con e-parent\" data-id=\"70102863\" data-element_type=\"container\" data-e-type=\"container\">\n\t\t\t\t\t<div class=\"e-con-inner\">\n\t\t\t\t<div class=\"elementor-element elementor-element-4d73f81 elementor-widget elementor-widget-text-editor\" data-id=\"4d73f81\" data-element_type=\"widget\" data-e-type=\"widget\" data-widget_type=\"text-editor.default\">\n\t\t\t\t<div class=\"elementor-widget-container\">\n\t\t\t\t\t\t\t\t\t<h4><strong>Calend\u00e1rio dos Processos Seletivos<\/strong><\/h4><p><strong><img decoding=\"async\" class=\"moldura alignleft size-full wp-image-67\" style=\"margin: 2px 15px 15px 0px; float: left;\" src=\"https:\/\/www.poli.usp.br\/wp-content\/uploads\/2010\/01\/media_download_crint_processo-seletivo_poli-io-processo-seletivo-05.png\" alt=\"poli-io-processo-seletivo-05\" width=\"250\" height=\"183\" srcset=\"https:\/\/www.poli.usp.br\/wp-content\/uploads\/2010\/01\/media_download_crint_processo-seletivo_poli-io-processo-seletivo-05.png 551w, https:\/\/www.poli.usp.br\/wp-content\/uploads\/2010\/01\/media_download_crint_processo-seletivo_poli-io-processo-seletivo-05-300x220.png 300w\" sizes=\"(max-width: 250px) 100vw, 250px\" \/><a href=\"https:\/\/www.poli.usp.br\/en\/internacional\/intercambios-e-procedimentos\/processo-seletivo\/duplo-diploma-epusp\/\">Duplo Diploma<\/a><\/strong>: O processo seletivo para o programa de duplo diploma se inicia em Julho\/Agosto de cada ano e o interc\u00e2mbio tem in\u00edcio no segundo semestre do ano seguinte.<\/p><p><a href=\"https:\/\/www.poli.usp.br\/en\/internacional\/intercambios-e-procedimentos\/processo-seletivo\/aproveitamento-de-estudos-epusp\/\"><strong>Aproveitamento de Estudos<\/strong><\/a>: O processo seletivo para o programa de aproveitamento de estudos acontece geralmente em Fevereiro\/Mar\u00e7o e o interc\u00e2mbio tem in\u00edcio no segundo semestre do mesmo ano.<\/p><p>Os editais da AUCANI s\u00e3o publicados no decorrer do ano e podem ser visualizados no <a href=\"https:\/\/uspdigital.usp.br\/mundus\/editalintercambiopublicoListar?nivpbcavo=G&amp;codmnu=9740\">Sistema Mundus<\/a>.<\/p><p>Os editais est\u00e3o sendo publicados no site do Servi\u00e7o de Rela\u00e7\u00f5es Internacionais desde de 2018.<\/p>\t\t\t\t\t\t\t\t<\/div>\n\t\t\t\t<\/div>\n\t\t\t\t\t<\/div>\n\t\t\t\t<\/div>\n\t\t<div class=\"elementor-element elementor-element-66b6176 e-flex e-con-boxed e-con e-parent\" data-id=\"66b6176\" data-element_type=\"container\" data-e-type=\"container\">\n\t\t\t\t\t<div class=\"e-con-inner\">\n\t\t\t\t<div class=\"elementor-element elementor-element-29348d8 elementor-widget elementor-widget-text-editor\" data-id=\"29348d8\" data-element_type=\"widget\" data-e-type=\"widget\" data-widget_type=\"text-editor.default\">\n\t\t\t\t<div class=\"elementor-widget-container\">\n\t\t\t\t\t\t\t\t\t<h4><strong>C\u00e1lculo do \u00cdndice CRINT (para o processo seletivo de DD, AE e bolsas):\u00a0 <a href=\"https:\/\/www.poli.usp.br\/wp-content\/uploads\/2024\/04\/Calculo-iCRINT.pdf\">Clique aqui<\/a><\/strong><\/h4>\t\t\t\t\t\t\t\t<\/div>\n\t\t\t\t<\/div>\n\t\t\t\t\t<\/div>\n\t\t\t\t<\/div>\n\t\t\t\t<\/div>","protected":false},"excerpt":{"rendered":"<p>Internacionaliza\u00e7\u00e3o\u200b Processos Seletivos Duplo Diploma Aproveitamento de Estudos Editais da AUCANI Os Processos Seletivos s\u00e3o realizados em Etapas, todas eliminat\u00f3rias. As duas primeiras etapas s\u00e3o realizadas pela Escola Polit\u00e9cnica, que [&hellip;]<\/p>\n","protected":false},"author":10,"featured_media":0,"parent":5923,"menu_order":0,"comment_status":"closed","ping_status":"closed","template":"","meta":{"event_title":"","event_details":"","event_timezone":"","event_gmap":"","event_image":"","event_image_url":"","event_calendar_link":"","event_location":"","event_datetime_with_summary":"","event_datetime":"","event_date":"","event_time":"","event_date_type":"","event_rulesummary":"","event_ticket_rsvp":"","event_capacity":"","event_capacity_remaining":"","event_capacity_sold":"","event_sold_out":"","event_low_stock":"","event_ticket_count":"","event_ticket_summary":"","event_sales_start":"","event_sales_end":"","event_ticket_price_from":"","event_ticket_price_to":"","event_ticket_price_range":"","event_date_year":"","event_date_month":"","event_date_month_short":"","event_date_day":"","event_date_day_name":"","event_date_iso":"","event_rsvp_capacity":"","event_rsvp_remaining":"","event_rsvp_going":"","event_rsvp_full":"","footnotes":""},"coauthors":[211,233,210],"class_list":["post-68","page","type-page","status-publish","hentry"],"_links":{"self":[{"href":"https:\/\/www.poli.usp.br\/en\/wp-json\/wp\/v2\/pages\/68","targetHints":{"allow":["GET"]}}],"collection":[{"href":"https:\/\/www.poli.usp.br\/en\/wp-json\/wp\/v2\/pages"}],"about":[{"href":"https:\/\/www.poli.usp.br\/en\/wp-json\/wp\/v2\/types\/page"}],"author":[{"embeddable":true,"href":"https:\/\/www.poli.usp.br\/en\/wp-json\/wp\/v2\/users\/10"}],"replies":[{"embeddable":true,"href":"https:\/\/www.poli.usp.br\/en\/wp-json\/wp\/v2\/comments?post=68"}],"version-history":[{"count":26,"href":"https:\/\/www.poli.usp.br\/en\/wp-json\/wp\/v2\/pages\/68\/revisions"}],"predecessor-version":[{"id":105485,"href":"https:\/\/www.poli.usp.br\/en\/wp-json\/wp\/v2\/pages\/68\/revisions\/105485"}],"up":[{"embeddable":true,"href":"https:\/\/www.poli.usp.br\/en\/wp-json\/wp\/v2\/pages\/5923"}],"wp:attachment":[{"href":"https:\/\/www.poli.usp.br\/en\/wp-json\/wp\/v2\/media?parent=68"}],"wp:term":[{"taxonomy":"author","embeddable":true,"href":"https:\/\/www.poli.usp.br\/en\/wp-json\/wp\/v2\/coauthors?post=68"}],"curies":[{"name":"wp","href":"https:\/\/api.w.org\/{rel}","templated":true}]}}