{"id":738,"date":"2010-08-26T13:03:14","date_gmt":"2010-08-26T16:03:14","guid":{"rendered":"https:\/\/www.poli.usp.br\/departamentos\/pmi-engenharia-de-minas-e-de-petroleo\/738-pmi-engenharia-de-minas-e-de-petroleo.html"},"modified":"2025-07-07T16:29:21","modified_gmt":"2025-07-07T19:29:21","slug":"pmi-engenharia-de-minas-e-de-petroleo","status":"publish","type":"page","link":"https:\/\/www.poli.usp.br\/en\/departamentos\/pmi-engenharia-de-minas-e-de-petroleo\/","title":{"rendered":"PMI &#8211; Engenharia de Minas e de Petr\u00f3leo"},"content":{"rendered":"<div data-elementor-type=\"wp-page\" data-elementor-id=\"738\" class=\"elementor elementor-738\" data-elementor-post-type=\"page\">\n\t\t\t\t<div class=\"elementor-element elementor-element-669f3dcd e-flex e-con-boxed e-con e-parent\" data-id=\"669f3dcd\" data-element_type=\"container\" data-e-type=\"container\" data-settings=\"{&quot;background_background&quot;:&quot;classic&quot;}\">\n\t\t\t\t\t<div class=\"e-con-inner\">\n\t\t<div class=\"elementor-element elementor-element-25a092cd e-con-full e-flex e-con e-child\" data-id=\"25a092cd\" data-element_type=\"container\" data-e-type=\"container\">\n\t\t\t\t<div class=\"elementor-element elementor-element-4a481e58 elementor-widget elementor-widget-spacer\" data-id=\"4a481e58\" data-element_type=\"widget\" data-e-type=\"widget\" data-widget_type=\"spacer.default\">\n\t\t\t\t<div class=\"elementor-widget-container\">\n\t\t\t\t\t\t\t<div class=\"elementor-spacer\">\n\t\t\t<div class=\"elementor-spacer-inner\"><\/div>\n\t\t<\/div>\n\t\t\t\t\t\t<\/div>\n\t\t\t\t<\/div>\n\t\t\t\t<div class=\"elementor-element elementor-element-4e8c0522 elementor-widget elementor-widget-heading\" data-id=\"4e8c0522\" data-element_type=\"widget\" data-e-type=\"widget\" data-widget_type=\"heading.default\">\n\t\t\t\t<div class=\"elementor-widget-container\">\n\t\t\t\t\t<h2 class=\"elementor-heading-title elementor-size-default\">Departamento Engenharia de Minas e de Petr\u00f3leo<\/h2>\t\t\t\t<\/div>\n\t\t\t\t<\/div>\n\t\t\t\t<div class=\"elementor-element elementor-element-3ed855df elementor-widget elementor-widget-spacer\" data-id=\"3ed855df\" data-element_type=\"widget\" data-e-type=\"widget\" data-widget_type=\"spacer.default\">\n\t\t\t\t<div class=\"elementor-widget-container\">\n\t\t\t\t\t\t\t<div class=\"elementor-spacer\">\n\t\t\t<div class=\"elementor-spacer-inner\"><\/div>\n\t\t<\/div>\n\t\t\t\t\t\t<\/div>\n\t\t\t\t<\/div>\n\t\t\t\t<div class=\"elementor-element elementor-element-7981775e elementor-widget elementor-widget-text-editor\" data-id=\"7981775e\" data-element_type=\"widget\" data-e-type=\"widget\" data-widget_type=\"text-editor.default\">\n\t\t\t\t<div class=\"elementor-widget-container\">\n\t\t\t\t\t\t\t\t\t<p>O Departamento de Engenharia de Minas e de Petr\u00f3leo da USP, fundado em 1962, \u00e9 um dos quinze departamentos da Escola Polit\u00e9cnica \u2013 USP.\u00a0<\/p><p>Tem como Miss\u00e3o c<span style=\"text-align: var(--text-align); background-color: var( --e-global-color-8a93cef );\">ontribuir para a forma\u00e7\u00e3o de profissionais de Minas e Petr\u00f3leo com excel\u00eancia cient\u00edfica e t\u00e9cnica, que sejam l\u00edderes inovadores e empreendedores; desenvolver pesquisas de alto impacto e prestar servi\u00e7os especializados para a sociedade, em \u00e2mbito nacional e internacional, comprometido com o desenvolvimento sustent\u00e1vel, com a pr\u00e1tica da cidadania e com responsabilidade \u00e9tica, social, econ\u00f4mica e ambiental.<\/span><\/p>\t\t\t\t\t\t\t\t<\/div>\n\t\t\t\t<\/div>\n\t\t\t\t<\/div>\n\t\t<div class=\"elementor-element elementor-element-5c8c90e e-con-full e-flex e-con e-child\" data-id=\"5c8c90e\" data-element_type=\"container\" data-e-type=\"container\" data-settings=\"{&quot;background_background&quot;:&quot;classic&quot;}\">\n\t\t\t\t<\/div>\n\t\t\t\t\t<\/div>\n\t\t\t\t<\/div>\n\t\t<div class=\"elementor-element elementor-element-79131e54 e-flex e-con-boxed e-con e-parent\" data-id=\"79131e54\" data-element_type=\"container\" data-e-type=\"container\">\n\t\t\t\t\t<div class=\"e-con-inner\">\n\t\t\t\t<div class=\"elementor-element elementor-element-679673a3 elementor-widget elementor-widget-spacer\" data-id=\"679673a3\" data-element_type=\"widget\" data-e-type=\"widget\" data-widget_type=\"spacer.default\">\n\t\t\t\t<div class=\"elementor-widget-container\">\n\t\t\t\t\t\t\t<div class=\"elementor-spacer\">\n\t\t\t<div class=\"elementor-spacer-inner\"><\/div>\n\t\t<\/div>\n\t\t\t\t\t\t<\/div>\n\t\t\t\t<\/div>\n\t\t\t\t\t<\/div>\n\t\t\t\t<\/div>\n\t\t<div class=\"elementor-element elementor-element-8f985ff e-flex e-con-boxed e-con e-parent\" data-id=\"8f985ff\" data-element_type=\"container\" data-e-type=\"container\" data-settings=\"{&quot;background_background&quot;:&quot;classic&quot;}\">\n\t\t\t\t\t<div class=\"e-con-inner\">\n\t\t<div class=\"elementor-element elementor-element-18f06fd2 e-con-full e-flex e-con e-child\" data-id=\"18f06fd2\" data-element_type=\"container\" data-e-type=\"container\">\n\t\t\t\t<div class=\"elementor-element elementor-element-67847282 elementor-widget elementor-widget-heading\" data-id=\"67847282\" data-element_type=\"widget\" data-e-type=\"widget\" data-widget_type=\"heading.default\">\n\t\t\t\t<div class=\"elementor-widget-container\">\n\t\t\t\t\t<h2 class=\"elementor-heading-title elementor-size-default\">Contato<\/h2>\t\t\t\t<\/div>\n\t\t\t\t<\/div>\n\t\t\t\t<\/div>\n\t\t<div class=\"elementor-element elementor-element-25f67c68 e-con-full e-flex e-con e-child\" data-id=\"25f67c68\" data-element_type=\"container\" data-e-type=\"container\">\n\t\t<div class=\"elementor-element elementor-element-76f7ce55 e-con-full e-flex e-con e-child\" data-id=\"76f7ce55\" data-element_type=\"container\" data-e-type=\"container\">\n\t\t\t\t<div class=\"elementor-element elementor-element-45441361 elementor-widget__width-inherit elementor-widget elementor-widget-text-editor\" data-id=\"45441361\" data-element_type=\"widget\" data-e-type=\"widget\" data-widget_type=\"text-editor.default\">\n\t\t\t\t<div class=\"elementor-widget-container\">\n\t\t\t\t\t\t\t\t\t<p>Entre em contato com:<\/p><p>\u00a0<\/p><p><strong>Secretaria do PMI<\/strong><\/p><p>Washington Ferreira Canechia<\/p><p>Tel.: +55 11 3091-5435<\/p><p>E-mail: wfcanec@usp.br<\/p><p>\u00a0<\/p><p><strong>Secretaria da CoC-PMI (Gradua\u00e7\u00e3o)<\/strong><\/p><p>Regiane Isabel da Silva<\/p><p>Tel.: + 55 13 3229.2710<\/p><p>E-mail: regianes@usp.br<\/p>\t\t\t\t\t\t\t\t<\/div>\n\t\t\t\t<\/div>\n\t\t\t\t<\/div>\n\t\t\t\t<\/div>\n\t\t<div class=\"elementor-element elementor-element-572afac3 e-con-full e-flex e-con e-child\" data-id=\"572afac3\" data-element_type=\"container\" data-e-type=\"container\">\n\t\t\t\t<div class=\"elementor-element elementor-element-28e3da8b elementor-widget elementor-widget-spacer\" data-id=\"28e3da8b\" data-element_type=\"widget\" data-e-type=\"widget\" data-widget_type=\"spacer.default\">\n\t\t\t\t<div class=\"elementor-widget-container\">\n\t\t\t\t\t\t\t<div class=\"elementor-spacer\">\n\t\t\t<div class=\"elementor-spacer-inner\"><\/div>\n\t\t<\/div>\n\t\t\t\t\t\t<\/div>\n\t\t\t\t<\/div>\n\t\t\t\t<div class=\"elementor-element elementor-element-3e0b89e3 elementor-widget__width-initial elementor-widget elementor-widget-text-editor\" data-id=\"3e0b89e3\" data-element_type=\"widget\" data-e-type=\"widget\" data-widget_type=\"text-editor.default\">\n\t\t\t\t<div class=\"elementor-widget-container\">\n\t\t\t\t\t\t\t\t\t<p><strong>SECRETARIA DE P\u00d3S-GRADUA\u00c7\u00c3O<\/strong><\/p><p>\u00a0<\/p><p>Secretaria de P\u00f3s-Gradua\u00e7\u00e3o do PPGEMin<\/p><p>Elisabete Aparecida Fernandes da Silva Ramos<\/p><p>Tel.: +55 11 2648-1303<\/p><p>E-mail: ppg.mineral@usp.br<\/p>\t\t\t\t\t\t\t\t<\/div>\n\t\t\t\t<\/div>\n\t\t<div class=\"elementor-element elementor-element-65341ac9 e-con-full e-flex e-con e-child\" data-id=\"65341ac9\" data-element_type=\"container\" data-e-type=\"container\">\n\t\t\t\t<div class=\"elementor-element elementor-element-46541403 elementor-widget elementor-widget-spacer\" data-id=\"46541403\" data-element_type=\"widget\" data-e-type=\"widget\" data-widget_type=\"spacer.default\">\n\t\t\t\t<div class=\"elementor-widget-container\">\n\t\t\t\t\t\t\t<div class=\"elementor-spacer\">\n\t\t\t<div class=\"elementor-spacer-inner\"><\/div>\n\t\t<\/div>\n\t\t\t\t\t\t<\/div>\n\t\t\t\t<\/div>\n\t\t\t\t<\/div>\n\t\t\t\t<\/div>\n\t\t<div class=\"elementor-element elementor-element-29dc2b6 e-con-full e-flex e-con e-child\" data-id=\"29dc2b6\" data-element_type=\"container\" data-e-type=\"container\">\n\t\t\t\t<div class=\"elementor-element elementor-element-3a6814dd elementor-widget__width-initial elementor-widget elementor-widget-text-editor\" data-id=\"3a6814dd\" data-element_type=\"widget\" data-e-type=\"widget\" data-widget_type=\"text-editor.default\">\n\t\t\t\t<div class=\"elementor-widget-container\">\n\t\t\t\t\t\t\t\t\t<p><em>ENGENHARIA DE MINAS E PETR\u00d3LEO\u00a0<\/em><\/p><p>\u00a0<\/p><p><strong>Coordenador do Curso<\/strong><\/p><p>Prof. Dr. Eduardo C\u00e9sar Sansone<\/p><p>Tel.: +55 11 30915326<\/p><p>E-mail: <a href=\"mailto:esansone@usp.br\">esansone@usp.br<\/a><\/p><p>\u00a0<\/p><p><strong>Servi\u00e7o de Gradua\u00e7\u00e3o \u2013 PMI<\/strong><\/p><p>Regiane Isabel da Silva<\/p><p>Tel.: + 55 13 3229.2710<\/p><p>E-mail: regianes@usp.br<\/p>\t\t\t\t\t\t\t\t<\/div>\n\t\t\t\t<\/div>\n\t\t\t\t<\/div>\n\t\t\t\t<div class=\"elementor-element elementor-element-ae0777 elementor-widget elementor-widget-spacer\" data-id=\"ae0777\" data-element_type=\"widget\" data-e-type=\"widget\" data-widget_type=\"spacer.default\">\n\t\t\t\t<div class=\"elementor-widget-container\">\n\t\t\t\t\t\t\t<div class=\"elementor-spacer\">\n\t\t\t<div class=\"elementor-spacer-inner\"><\/div>\n\t\t<\/div>\n\t\t\t\t\t\t<\/div>\n\t\t\t\t<\/div>\n\t\t\t\t\t<\/div>\n\t\t\t\t<\/div>\n\t\t<div class=\"elementor-element elementor-element-2665c47c e-flex e-con-boxed e-con e-child\" data-id=\"2665c47c\" data-element_type=\"container\" data-e-type=\"container\">\n\t\t\t\t\t<div class=\"e-con-inner\">\n\t\t<a class=\"eael-wrapper-link-5f4ddb9a --eael-wrapper-link-tag\" href=\"http:\/\/www.pmi.poli.usp.br\/\"><\/a><a data-eael-wrapper-link=\"eael-wrapper-link-5f4ddb9a\" class=\"elementor-element elementor-element-5f4ddb9a e-con-full e-transform e-flex e-con e-child\" data-id=\"5f4ddb9a\" data-element_type=\"container\" data-e-type=\"container\" data-settings=\"{&quot;background_background&quot;:&quot;classic&quot;,&quot;_transform_scale_effect_hover&quot;:{&quot;unit&quot;:&quot;px&quot;,&quot;size&quot;:1.1,&quot;sizes&quot;:[]},&quot;_transform_scale_effect_hover_tablet&quot;:{&quot;unit&quot;:&quot;px&quot;,&quot;size&quot;:&quot;&quot;,&quot;sizes&quot;:[]},&quot;_transform_scale_effect_hover_mobile&quot;:{&quot;unit&quot;:&quot;px&quot;,&quot;size&quot;:&quot;&quot;,&quot;sizes&quot;:[]}}\">\n\t\t\t\t<div class=\"elementor-element elementor-element-447f2267 elementor-widget elementor-widget-heading\" data-id=\"447f2267\" data-element_type=\"widget\" data-e-type=\"widget\" data-widget_type=\"heading.default\">\n\t\t\t\t<div class=\"elementor-widget-container\">\n\t\t\t\t\t<h2 class=\"elementor-heading-title elementor-size-default\">SITE DO DEPARTAMENTO\u200b<\/h2>\t\t\t\t<\/div>\n\t\t\t\t<\/div>\n\t\t\t\t<div class=\"elementor-element elementor-element-51bead20 elementor-view-default elementor-widget elementor-widget-icon\" data-id=\"51bead20\" data-element_type=\"widget\" data-e-type=\"widget\" data-widget_type=\"icon.default\">\n\t\t\t\t<div class=\"elementor-widget-container\">\n\t\t\t\t\t\t\t<div class=\"elementor-icon-wrapper\">\n\t\t\t<div class=\"elementor-icon\">\n\t\t\t<i aria-hidden=\"true\" class=\"icon_plus_alt2\"><\/i>\t\t\t<\/div>\n\t\t<\/div>\n\t\t\t\t\t\t<\/div>\n\t\t\t\t<\/div>\n\t\t\t\t<\/a>\n\t\t<a class=\"eael-wrapper-link-577c469f --eael-wrapper-link-tag\" href=\"https:\/\/uspdigital.usp.br\/jupiterweb\/jupDisciplinaLista?codcg=3&#038;pfxdisval=PMI&#038;tipo=D\"><\/a><div data-eael-wrapper-link=\"eael-wrapper-link-577c469f\" class=\"elementor-element elementor-element-577c469f e-con-full e-transform e-flex e-con e-child\" data-id=\"577c469f\" data-element_type=\"container\" data-e-type=\"container\" data-settings=\"{&quot;background_background&quot;:&quot;classic&quot;,&quot;_transform_scale_effect_hover&quot;:{&quot;unit&quot;:&quot;px&quot;,&quot;size&quot;:1.1,&quot;sizes&quot;:[]},&quot;_transform_scale_effect_hover_tablet&quot;:{&quot;unit&quot;:&quot;px&quot;,&quot;size&quot;:&quot;&quot;,&quot;sizes&quot;:[]},&quot;_transform_scale_effect_hover_mobile&quot;:{&quot;unit&quot;:&quot;px&quot;,&quot;size&quot;:&quot;&quot;,&quot;sizes&quot;:[]}}\">\n\t\t\t\t<div class=\"elementor-element elementor-element-5772caf1 elementor-widget elementor-widget-heading\" data-id=\"5772caf1\" data-element_type=\"widget\" data-e-type=\"widget\" data-widget_type=\"heading.default\">\n\t\t\t\t<div class=\"elementor-widget-container\">\n\t\t\t\t\t<h2 class=\"elementor-heading-title elementor-size-default\">Disciplinas de gradua\u00e7\u00e3o<\/h2>\t\t\t\t<\/div>\n\t\t\t\t<\/div>\n\t\t\t\t<div class=\"elementor-element elementor-element-fe5b664 elementor-view-default elementor-widget elementor-widget-icon\" data-id=\"fe5b664\" data-element_type=\"widget\" data-e-type=\"widget\" data-widget_type=\"icon.default\">\n\t\t\t\t<div class=\"elementor-widget-container\">\n\t\t\t\t\t\t\t<div class=\"elementor-icon-wrapper\">\n\t\t\t<div class=\"elementor-icon\">\n\t\t\t<i aria-hidden=\"true\" class=\"icon_plus_alt2\"><\/i>\t\t\t<\/div>\n\t\t<\/div>\n\t\t\t\t\t\t<\/div>\n\t\t\t\t<\/div>\n\t\t\t\t<\/div>\n\t\t<a class=\"eael-wrapper-link-41c9fe0b --eael-wrapper-link-tag\" href=\"https:\/\/uspdigital.usp.br\/janus\/componente\/catalogoDisciplinasInicial.jsf?action=4&#038;tipo=D&#038;codcpg=3\"><\/a><div data-eael-wrapper-link=\"eael-wrapper-link-41c9fe0b\" class=\"elementor-element elementor-element-41c9fe0b e-con-full e-transform e-flex e-con e-child\" data-id=\"41c9fe0b\" data-element_type=\"container\" data-e-type=\"container\" data-settings=\"{&quot;background_background&quot;:&quot;classic&quot;,&quot;_transform_scale_effect_hover&quot;:{&quot;unit&quot;:&quot;px&quot;,&quot;size&quot;:1.1,&quot;sizes&quot;:[]},&quot;_transform_scale_effect_hover_tablet&quot;:{&quot;unit&quot;:&quot;px&quot;,&quot;size&quot;:&quot;&quot;,&quot;sizes&quot;:[]},&quot;_transform_scale_effect_hover_mobile&quot;:{&quot;unit&quot;:&quot;px&quot;,&quot;size&quot;:&quot;&quot;,&quot;sizes&quot;:[]}}\">\n\t\t\t\t<div class=\"elementor-element elementor-element-7360bc0c elementor-widget elementor-widget-heading\" data-id=\"7360bc0c\" data-element_type=\"widget\" data-e-type=\"widget\" data-widget_type=\"heading.default\">\n\t\t\t\t<div class=\"elementor-widget-container\">\n\t\t\t\t\t<h2 class=\"elementor-heading-title elementor-size-default\">DISCIPLINAS DE P\u00d3S-GRADUA\u00c7\u00c3O\u200b<\/h2>\t\t\t\t<\/div>\n\t\t\t\t<\/div>\n\t\t\t\t<div class=\"elementor-element elementor-element-222d591d elementor-view-default elementor-widget elementor-widget-icon\" data-id=\"222d591d\" data-element_type=\"widget\" data-e-type=\"widget\" data-widget_type=\"icon.default\">\n\t\t\t\t<div class=\"elementor-widget-container\">\n\t\t\t\t\t\t\t<div class=\"elementor-icon-wrapper\">\n\t\t\t<div class=\"elementor-icon\">\n\t\t\t<i aria-hidden=\"true\" class=\"icon_plus_alt2\"><\/i>\t\t\t<\/div>\n\t\t<\/div>\n\t\t\t\t\t\t<\/div>\n\t\t\t\t<\/div>\n\t\t\t\t<\/div>\n\t\t<a class=\"eael-wrapper-link-7f725760 --eael-wrapper-link-tag\" href=\"http:\/\/www.pmi.poli.usp.br\/?page_id=61\"><\/a><div data-eael-wrapper-link=\"eael-wrapper-link-7f725760\" class=\"elementor-element elementor-element-7f725760 e-con-full e-transform e-flex e-con e-child\" data-id=\"7f725760\" data-element_type=\"container\" data-e-type=\"container\" data-settings=\"{&quot;background_background&quot;:&quot;classic&quot;,&quot;_transform_scale_effect_hover&quot;:{&quot;unit&quot;:&quot;px&quot;,&quot;size&quot;:1.1,&quot;sizes&quot;:[]},&quot;_transform_scale_effect_hover_tablet&quot;:{&quot;unit&quot;:&quot;px&quot;,&quot;size&quot;:&quot;&quot;,&quot;sizes&quot;:[]},&quot;_transform_scale_effect_hover_mobile&quot;:{&quot;unit&quot;:&quot;px&quot;,&quot;size&quot;:&quot;&quot;,&quot;sizes&quot;:[]}}\">\n\t\t\t\t<div class=\"elementor-element elementor-element-22a16d1c elementor-widget elementor-widget-heading\" data-id=\"22a16d1c\" data-element_type=\"widget\" data-e-type=\"widget\" data-widget_type=\"heading.default\">\n\t\t\t\t<div class=\"elementor-widget-container\">\n\t\t\t\t\t<h2 class=\"elementor-heading-title elementor-size-default\">PESQUISA<\/h2>\t\t\t\t<\/div>\n\t\t\t\t<\/div>\n\t\t\t\t<div class=\"elementor-element elementor-element-1c1f258d elementor-view-default elementor-widget elementor-widget-icon\" data-id=\"1c1f258d\" data-element_type=\"widget\" data-e-type=\"widget\" data-widget_type=\"icon.default\">\n\t\t\t\t<div class=\"elementor-widget-container\">\n\t\t\t\t\t\t\t<div class=\"elementor-icon-wrapper\">\n\t\t\t<div class=\"elementor-icon\">\n\t\t\t<i aria-hidden=\"true\" class=\"icon_plus_alt2\"><\/i>\t\t\t<\/div>\n\t\t<\/div>\n\t\t\t\t\t\t<\/div>\n\t\t\t\t<\/div>\n\t\t\t\t<\/div>\n\t\t<a class=\"eael-wrapper-link-58e6a44b --eael-wrapper-link-tag\" href=\"http:\/\/www.pmi.poli.usp.br\/?page_id=90\"><\/a><div data-eael-wrapper-link=\"eael-wrapper-link-58e6a44b\" class=\"elementor-element elementor-element-58e6a44b e-con-full e-transform e-flex e-con e-child\" data-id=\"58e6a44b\" data-element_type=\"container\" data-e-type=\"container\" data-settings=\"{&quot;background_background&quot;:&quot;classic&quot;,&quot;_transform_scale_effect_hover&quot;:{&quot;unit&quot;:&quot;px&quot;,&quot;size&quot;:1.1,&quot;sizes&quot;:[]},&quot;_transform_scale_effect_hover_tablet&quot;:{&quot;unit&quot;:&quot;px&quot;,&quot;size&quot;:&quot;&quot;,&quot;sizes&quot;:[]},&quot;_transform_scale_effect_hover_mobile&quot;:{&quot;unit&quot;:&quot;px&quot;,&quot;size&quot;:&quot;&quot;,&quot;sizes&quot;:[]}}\">\n\t\t\t\t<div class=\"elementor-element elementor-element-1e6ccf51 elementor-widget elementor-widget-heading\" data-id=\"1e6ccf51\" data-element_type=\"widget\" data-e-type=\"widget\" data-widget_type=\"heading.default\">\n\t\t\t\t<div class=\"elementor-widget-container\">\n\t\t\t\t\t<h2 class=\"elementor-heading-title elementor-size-default\">EXTENS\u00c3O<\/h2>\t\t\t\t<\/div>\n\t\t\t\t<\/div>\n\t\t\t\t<div class=\"elementor-element elementor-element-6e668a4c elementor-view-default elementor-widget elementor-widget-icon\" data-id=\"6e668a4c\" data-element_type=\"widget\" data-e-type=\"widget\" data-widget_type=\"icon.default\">\n\t\t\t\t<div class=\"elementor-widget-container\">\n\t\t\t\t\t\t\t<div class=\"elementor-icon-wrapper\">\n\t\t\t<div class=\"elementor-icon\">\n\t\t\t<i aria-hidden=\"true\" class=\"icon_plus_alt2\"><\/i>\t\t\t<\/div>\n\t\t<\/div>\n\t\t\t\t\t\t<\/div>\n\t\t\t\t<\/div>\n\t\t\t\t<\/div>\n\t\t\t\t\t<\/div>\n\t\t\t\t<\/div>\n\t\t<div class=\"elementor-element elementor-element-2f675888 e-flex e-con-boxed e-con e-parent\" data-id=\"2f675888\" data-element_type=\"container\" data-e-type=\"container\" data-settings=\"{&quot;background_background&quot;:&quot;classic&quot;}\">\n\t\t\t\t\t<div class=\"e-con-inner\">\n\t\t<div class=\"elementor-element elementor-element-7af9f1e9 e-con-full e-flex e-con e-child\" data-id=\"7af9f1e9\" data-element_type=\"container\" data-e-type=\"container\">\n\t\t\t\t<div class=\"elementor-element elementor-element-2c196c26 elementor-widget elementor-widget-heading\" data-id=\"2c196c26\" data-element_type=\"widget\" data-e-type=\"widget\" data-widget_type=\"heading.default\">\n\t\t\t\t<div class=\"elementor-widget-container\">\n\t\t\t\t\t<h2 class=\"elementor-heading-title elementor-size-default\">Endere\u00e7o<\/h2>\t\t\t\t<\/div>\n\t\t\t\t<\/div>\n\t\t\t\t<\/div>\n\t\t<div class=\"elementor-element elementor-element-2da44e4d e-con-full e-flex e-con e-child\" data-id=\"2da44e4d\" data-element_type=\"container\" data-e-type=\"container\">\n\t\t\t\t<div class=\"elementor-element elementor-element-6206a9ec elementor-view-default elementor-widget elementor-widget-icon\" data-id=\"6206a9ec\" data-element_type=\"widget\" data-e-type=\"widget\" data-widget_type=\"icon.default\">\n\t\t\t\t<div class=\"elementor-widget-container\">\n\t\t\t\t\t\t\t<div class=\"elementor-icon-wrapper\">\n\t\t\t<div class=\"elementor-icon\">\n\t\t\t<i aria-hidden=\"true\" class=\"icons icon-location-pin\"><\/i>\t\t\t<\/div>\n\t\t<\/div>\n\t\t\t\t\t\t<\/div>\n\t\t\t\t<\/div>\n\t\t\t\t<div class=\"elementor-element elementor-element-7f7a2b87 elementor-widget elementor-widget-text-editor\" data-id=\"7f7a2b87\" data-element_type=\"widget\" data-e-type=\"widget\" data-widget_type=\"text-editor.default\">\n\t\t\t\t<div class=\"elementor-widget-container\">\n\t\t\t\t\t\t\t\t\t<p>Endere\u00e7o:<\/p><p>Av. Prof. Mello Moraes, 2373<\/p><p>Pr\u00e9dio de Engenharia de Minas e de Petr\u00f3leo<\/p>\t\t\t\t\t\t\t\t<\/div>\n\t\t\t\t<\/div>\n\t\t\t\t<\/div>\n\t\t\t\t\t<\/div>\n\t\t\t\t<\/div>\n\t\t<div class=\"elementor-element elementor-element-6ee36d04 e-flex e-con-boxed e-con e-parent\" data-id=\"6ee36d04\" data-element_type=\"container\" data-e-type=\"container\">\n\t\t\t\t\t<div class=\"e-con-inner\">\n\t\t\t\t<div class=\"elementor-element elementor-element-27b5a2d0 elementor-widget elementor-widget-google_maps\" data-id=\"27b5a2d0\" data-element_type=\"widget\" data-e-type=\"widget\" data-widget_type=\"google_maps.default\">\n\t\t\t\t<div class=\"elementor-widget-container\">\n\t\t\t\t\t\t\t<div class=\"elementor-custom-embed\">\n\t\t\t<iframe loading=\"lazy\"\n\t\t\t\t\tsrc=\"https:\/\/maps.google.com\/maps?q=Av.%20Prof.%20Mello%20Moraes%2C%202373&#038;t=m&#038;z=15&#038;output=embed&#038;iwloc=near\"\n\t\t\t\t\ttitle=\"Av. Prof. Mello Moraes, 2373\"\n\t\t\t\t\taria-label=\"Av. Prof. Mello Moraes, 2373\"\n\t\t\t><\/iframe>\n\t\t<\/div>\n\t\t\t\t\t\t<\/div>\n\t\t\t\t<\/div>\n\t\t\t\t\t<\/div>\n\t\t\t\t<\/div>\n\t\t<div class=\"elementor-element elementor-element-26767fde e-flex e-con-boxed e-con e-parent\" data-id=\"26767fde\" data-element_type=\"container\" data-e-type=\"container\">\n\t\t\t\t\t<div class=\"e-con-inner\">\n\t\t\t\t<div class=\"elementor-element elementor-element-2b35a6c9 elementor-widget elementor-widget-spacer\" data-id=\"2b35a6c9\" data-element_type=\"widget\" data-e-type=\"widget\" data-widget_type=\"spacer.default\">\n\t\t\t\t<div class=\"elementor-widget-container\">\n\t\t\t\t\t\t\t<div class=\"elementor-spacer\">\n\t\t\t<div class=\"elementor-spacer-inner\"><\/div>\n\t\t<\/div>\n\t\t\t\t\t\t<\/div>\n\t\t\t\t<\/div>\n\t\t\t\t<div class=\"elementor-element elementor-element-cd7a1ce elementor-widget elementor-widget-text-editor\" data-id=\"cd7a1ce\" data-element_type=\"widget\" data-e-type=\"widget\" data-widget_type=\"text-editor.default\">\n\t\t\t\t<div class=\"elementor-widget-container\">\n\t\t\t\t\t\t\t\t\t<p>\u00daltima atualiza\u00e7\u00e3o em 07\/07\/2025<\/p>\t\t\t\t\t\t\t\t<\/div>\n\t\t\t\t<\/div>\n\t\t\t\t\t<\/div>\n\t\t\t\t<\/div>\n\t\t\t\t<\/div>","protected":false},"excerpt":{"rendered":"<p>Departamento Engenharia de Minas e de Petr\u00f3leo O Departamento de Engenharia de Minas e de Petr\u00f3leo da USP, fundado em 1962, \u00e9 um dos quinze departamentos da Escola Polit\u00e9cnica \u2013 [&hellip;]<\/p>\n","protected":false},"author":2,"featured_media":737,"parent":705,"menu_order":1,"comment_status":"closed","ping_status":"open","template":"","meta":{"event_title":"","event_details":"","event_timezone":"","event_gmap":"","event_image":"","event_image_url":"","event_calendar_link":"","event_location":"","event_datetime_with_summary":"","event_datetime":"","event_date":"","event_time":"","event_date_type":"","event_rulesummary":"","event_ticket_rsvp":"","event_capacity":"","event_capacity_remaining":"","event_capacity_sold":"","event_sold_out":"","event_low_stock":"","event_ticket_count":"","event_ticket_summary":"","event_sales_start":"","event_sales_end":"","event_ticket_price_from":"","event_ticket_price_to":"","event_ticket_price_range":"","event_date_year":"","event_date_month":"","event_date_month_short":"","event_date_day":"","event_date_day_name":"","event_date_iso":"","event_rsvp_capacity":"","event_rsvp_remaining":"","event_rsvp_going":"","event_rsvp_full":"","footnotes":""},"coauthors":[],"class_list":["post-738","page","type-page","status-publish","has-post-thumbnail","hentry"],"_links":{"self":[{"href":"https:\/\/www.poli.usp.br\/en\/wp-json\/wp\/v2\/pages\/738","targetHints":{"allow":["GET"]}}],"collection":[{"href":"https:\/\/www.poli.usp.br\/en\/wp-json\/wp\/v2\/pages"}],"about":[{"href":"https:\/\/www.poli.usp.br\/en\/wp-json\/wp\/v2\/types\/page"}],"author":[{"embeddable":true,"href":"https:\/\/www.poli.usp.br\/en\/wp-json\/wp\/v2\/users\/2"}],"replies":[{"embeddable":true,"href":"https:\/\/www.poli.usp.br\/en\/wp-json\/wp\/v2\/comments?post=738"}],"version-history":[{"count":24,"href":"https:\/\/www.poli.usp.br\/en\/wp-json\/wp\/v2\/pages\/738\/revisions"}],"predecessor-version":[{"id":133821,"href":"https:\/\/www.poli.usp.br\/en\/wp-json\/wp\/v2\/pages\/738\/revisions\/133821"}],"up":[{"embeddable":true,"href":"https:\/\/www.poli.usp.br\/en\/wp-json\/wp\/v2\/pages\/705"}],"wp:featuredmedia":[{"embeddable":true,"href":"https:\/\/www.poli.usp.br\/en\/wp-json\/wp\/v2\/media\/737"}],"wp:attachment":[{"href":"https:\/\/www.poli.usp.br\/en\/wp-json\/wp\/v2\/media?parent=738"}],"wp:term":[{"taxonomy":"author","embeddable":true,"href":"https:\/\/www.poli.usp.br\/en\/wp-json\/wp\/v2\/coauthors?post=738"}],"curies":[{"name":"wp","href":"https:\/\/api.w.org\/{rel}","templated":true}]}}