{"id":786,"date":"2010-10-07T13:20:00","date_gmt":"2010-10-07T16:20:00","guid":{"rendered":"https:\/\/www.poli.usp.br\/poli-recicla\/gestao\/786-comissao.html"},"modified":"2023-10-10T09:53:12","modified_gmt":"2023-10-10T12:53:12","slug":"comissaopolirecicla","status":"publish","type":"page","link":"https:\/\/www.poli.usp.br\/en\/institucional\/comissoes-centrais\/comissaopolirecicla\/","title":{"rendered":"Comiss\u00e3o do Poli Recicla"},"content":{"rendered":"<div>Para acessar o conte\u00fado do Programa Poli Recicla, clique <a href=\"https:\/\/www.poli.usp.br\/en\/cultura-e-extensao\/programa-poli-recicla\/\">aqui<\/a>.<\/div>\n<div>\n<p><b>Comiss\u00e3o Poli Recicla<\/b><\/p>\n<p><b>Coordenadores: <\/b><\/p>\n<p><span style=\"font-weight: 400;\">Prof. Dr. Jos\u00e9 Carlos Mierzwa<\/span><\/p>\n<p><span style=\"font-weight: 400;\">Profa. Dra. Amarilis Lucia Casteli Figueiredo Gallardo<\/span><\/p>\n<p><b>Gestora<\/b><span style=\"font-weight: 400;\">: <\/span><\/p>\n<p><span style=\"font-weight: 400;\">Camila E. Marinho<\/span><\/p>\n<p><b>Membros da Comiss\u00e3o:<\/b><\/p>\n<p><span style=\"font-weight: 400;\">Administra\u00e7\u00e3o &#8211; Patr\u00edcia Mauricio Sandes<\/span><\/p>\n<p><span style=\"font-weight: 400;\">Bi\u00eanio &#8211; Anderson Gomes de Melo<\/span><\/p>\n<p><span style=\"font-weight: 400;\">Civil &#8211; Guiomar L. Pereira Leite<\/span><\/p>\n<p><span style=\"font-weight: 400;\">El\u00e9trica &#8211; F\u00e1bio Eduardo Teodoro<\/span><\/p>\n<p><span style=\"font-weight: 400;\">Qu\u00edmica &#8211; Andrea Val\u00e9ria da Silva<\/span><\/p>\n<p><span style=\"font-weight: 400;\">Mec\u00e2nica &#8211; Eric Piaga Pessoa da Lima<\/span><\/p>\n<p><span style=\"font-weight: 400;\">Metal\u00fargica e Materiais &#8211; Prof. Dra.Elizabeth Grillo Fernandes<\/span><\/p>\n<p><span style=\"font-weight: 400;\">Minas &#8211; Prof. Dr. Maur\u00edcio Guimar\u00e3es Bergerman<\/span><\/p>\n<p><span style=\"font-weight: 400;\">Servi\u00e7o Manuten\u00e7\u00e3o &#8211; Marcio Ant\u00f4nio da Silva<\/span><\/p>\n<ul>\n<li><span style=\"font-weight: 400;\"><a href=\"https:\/\/www.poli.usp.br\/wp-content\/uploads\/2018\/10\/PORTARTA-Dl-R-2-280t2018_20180305080431.pdf\">Portaria DIR 2280\/18<\/a> &#8211; Composi\u00e7\u00e3o da Comiss\u00e3o Poli-Recicla<\/span><span style=\"font-weight: 400;\"> em vigor.<\/span><\/li>\n<\/ul>\n<p><b>Membros discentes:<\/b><\/p>\n<p><span style=\"font-weight: 400;\">Alec Shoji Yamamoto Sewell<\/span><\/p>\n<p><span style=\"font-weight: 400;\">Andr\u00e9 Luiz Tiago Soares<\/span><\/p>\n<p><span style=\"font-weight: 400;\">Gabriela de Nicola Nunes<\/span><\/p>\n<p><span style=\"font-weight: 400;\">Giovanna Fabrizia Di Tore Tasso<\/span><\/p>\n<\/div>","protected":false},"excerpt":{"rendered":"<p>Para acessar o conte\u00fado do Programa Poli Recicla, clique aqui. Comiss\u00e3o Poli Recicla Coordenadores: Prof. Dr. Jos\u00e9 Carlos Mierzwa Profa. Dra. Amarilis Lucia Casteli Figueiredo Gallardo Gestora: Camila E. Marinho [&hellip;]<\/p>\n","protected":false},"author":2,"featured_media":0,"parent":3718,"menu_order":8,"comment_status":"closed","ping_status":"open","template":"","meta":{"event_title":"","event_details":"","event_timezone":"","event_gmap":"","event_image":"","event_image_url":"","event_calendar_link":"","event_location":"","event_datetime_with_summary":"","event_datetime":"","event_date":"","event_time":"","event_date_type":"","event_rulesummary":"","event_ticket_rsvp":"","event_capacity":"","event_capacity_remaining":"","event_capacity_sold":"","event_sold_out":"","event_low_stock":"","event_ticket_count":"","event_ticket_summary":"","event_sales_start":"","event_sales_end":"","event_ticket_price_from":"","event_ticket_price_to":"","event_ticket_price_range":"","event_date_year":"","event_date_month":"","event_date_month_short":"","event_date_day":"","event_date_day_name":"","event_date_iso":"","event_rsvp_capacity":"","event_rsvp_remaining":"","event_rsvp_going":"","event_rsvp_full":"","footnotes":""},"coauthors":[206],"class_list":["post-786","page","type-page","status-publish","hentry"],"_links":{"self":[{"href":"https:\/\/www.poli.usp.br\/en\/wp-json\/wp\/v2\/pages\/786","targetHints":{"allow":["GET"]}}],"collection":[{"href":"https:\/\/www.poli.usp.br\/en\/wp-json\/wp\/v2\/pages"}],"about":[{"href":"https:\/\/www.poli.usp.br\/en\/wp-json\/wp\/v2\/types\/page"}],"author":[{"embeddable":true,"href":"https:\/\/www.poli.usp.br\/en\/wp-json\/wp\/v2\/users\/2"}],"replies":[{"embeddable":true,"href":"https:\/\/www.poli.usp.br\/en\/wp-json\/wp\/v2\/comments?post=786"}],"version-history":[{"count":8,"href":"https:\/\/www.poli.usp.br\/en\/wp-json\/wp\/v2\/pages\/786\/revisions"}],"predecessor-version":[{"id":8288,"href":"https:\/\/www.poli.usp.br\/en\/wp-json\/wp\/v2\/pages\/786\/revisions\/8288"}],"up":[{"embeddable":true,"href":"https:\/\/www.poli.usp.br\/en\/wp-json\/wp\/v2\/pages\/3718"}],"wp:attachment":[{"href":"https:\/\/www.poli.usp.br\/en\/wp-json\/wp\/v2\/media?parent=786"}],"wp:term":[{"taxonomy":"author","embeddable":true,"href":"https:\/\/www.poli.usp.br\/en\/wp-json\/wp\/v2\/coauthors?post=786"}],"curies":[{"name":"wp","href":"https:\/\/api.w.org\/{rel}","templated":true}]}}