{"id":8015,"date":"2018-10-23T17:34:18","date_gmt":"2018-10-23T20:34:18","guid":{"rendered":"https:\/\/www.poli.usp.br\/?page_id=8015"},"modified":"2018-10-26T10:58:16","modified_gmt":"2018-10-26T13:58:16","slug":"hotsites","status":"publish","type":"page","link":"https:\/\/www.poli.usp.br\/en\/hotsites\/","title":{"rendered":"Hotsites"},"content":{"rendered":"<figure id=\"attachment_7721\" aria-describedby=\"caption-attachment-7721\" style=\"width: 479px\" class=\"wp-caption aligncenter\"><img fetchpriority=\"high\" decoding=\"async\" class=\"wp-image-7721\" src=\"https:\/\/www.poli.usp.br\/wp-content\/uploads\/2018\/10\/minerva.png\" alt=\"Minerva Big Cinza\" width=\"479\" height=\"546\" srcset=\"https:\/\/www.poli.usp.br\/wp-content\/uploads\/2018\/10\/minerva.png 631w, https:\/\/www.poli.usp.br\/wp-content\/uploads\/2018\/10\/minerva-263x300.png 263w\" sizes=\"(max-width: 479px) 100vw, 479px\" \/><figcaption id=\"caption-attachment-7721\" class=\"wp-caption-text\">Nesta p\u00e1gina est\u00e3o concentradas sites de projetos da Escola destinados \u00e0 prop\u00f3sitos espec\u00edficos de divulga\u00e7\u00e3o.<\/figcaption><\/figure>","protected":false},"excerpt":{"rendered":"","protected":false},"author":2,"featured_media":0,"parent":0,"menu_order":0,"comment_status":"closed","ping_status":"closed","template":"","meta":{"event_title":"","event_details":"","event_timezone":"","event_gmap":"","event_image":"","event_image_url":"","event_calendar_link":"","event_location":"","event_datetime_with_summary":"","event_datetime":"","event_date":"","event_time":"","event_date_type":"","event_rulesummary":"","event_ticket_rsvp":"","event_capacity":"","event_capacity_remaining":"","event_capacity_sold":"","event_sold_out":"","event_low_stock":"","event_ticket_count":"","event_ticket_summary":"","event_sales_start":"","event_sales_end":"","event_ticket_price_from":"","event_ticket_price_to":"","event_ticket_price_range":"","event_date_year":"","event_date_month":"","event_date_month_short":"","event_date_day":"","event_date_day_name":"","event_date_iso":"","event_rsvp_capacity":"","event_rsvp_remaining":"","event_rsvp_going":"","event_rsvp_full":"","footnotes":""},"coauthors":[206],"class_list":["post-8015","page","type-page","status-publish","hentry"],"_links":{"self":[{"href":"https:\/\/www.poli.usp.br\/en\/wp-json\/wp\/v2\/pages\/8015","targetHints":{"allow":["GET"]}}],"collection":[{"href":"https:\/\/www.poli.usp.br\/en\/wp-json\/wp\/v2\/pages"}],"about":[{"href":"https:\/\/www.poli.usp.br\/en\/wp-json\/wp\/v2\/types\/page"}],"author":[{"embeddable":true,"href":"https:\/\/www.poli.usp.br\/en\/wp-json\/wp\/v2\/users\/2"}],"replies":[{"embeddable":true,"href":"https:\/\/www.poli.usp.br\/en\/wp-json\/wp\/v2\/comments?post=8015"}],"version-history":[{"count":3,"href":"https:\/\/www.poli.usp.br\/en\/wp-json\/wp\/v2\/pages\/8015\/revisions"}],"predecessor-version":[{"id":8248,"href":"https:\/\/www.poli.usp.br\/en\/wp-json\/wp\/v2\/pages\/8015\/revisions\/8248"}],"wp:attachment":[{"href":"https:\/\/www.poli.usp.br\/en\/wp-json\/wp\/v2\/media?parent=8015"}],"wp:term":[{"taxonomy":"author","embeddable":true,"href":"https:\/\/www.poli.usp.br\/en\/wp-json\/wp\/v2\/coauthors?post=8015"}],"curies":[{"name":"wp","href":"https:\/\/api.w.org\/{rel}","templated":true}]}}