{"id":96,"date":"2010-01-29T15:37:28","date_gmt":"2010-01-29T17:37:28","guid":{"rendered":"https:\/\/www.poli.usp.br\/a-poli\/mapas-e-direcoes\/96-como-chegar.html"},"modified":"2022-09-05T14:45:10","modified_gmt":"2022-09-05T17:45:10","slug":"como-chegar","status":"publish","type":"page","link":"https:\/\/www.poli.usp.br\/en\/a-poli-2\/como-chegar\/","title":{"rendered":"Como chegar na Poli-USP"},"content":{"rendered":"\t\t<div data-elementor-type=\"wp-page\" data-elementor-id=\"96\" class=\"elementor elementor-96\" data-elementor-post-type=\"page\">\n\t\t\t\t\t\t<section class=\"elementor-section elementor-top-section elementor-element elementor-element-101a86fc elementor-section-full_width elementor-section-height-default elementor-section-height-default\" data-id=\"101a86fc\" data-element_type=\"section\" data-e-type=\"section\">\n\t\t\t\t\t\t<div class=\"elementor-container elementor-column-gap-default\">\n\t\t\t\t\t<div class=\"elementor-column elementor-col-100 elementor-top-column elementor-element elementor-element-5682cce7\" data-id=\"5682cce7\" data-element_type=\"column\" data-e-type=\"column\">\n\t\t\t<div class=\"elementor-widget-wrap elementor-element-populated\">\n\t\t\t\t\t\t<section class=\"elementor-section elementor-inner-section elementor-element elementor-element-425d56f elementor-section-full_width elementor-section-height-default elementor-section-height-default\" data-id=\"425d56f\" data-element_type=\"section\" data-e-type=\"section\">\n\t\t\t\t\t\t<div class=\"elementor-container elementor-column-gap-default\">\n\t\t\t\t\t<div class=\"elementor-column elementor-col-50 elementor-inner-column elementor-element elementor-element-ade7e76\" data-id=\"ade7e76\" data-element_type=\"column\" data-e-type=\"column\">\n\t\t\t<div class=\"elementor-widget-wrap elementor-element-populated\">\n\t\t\t\t\t\t<div class=\"elementor-element elementor-element-7a074cb elementor-widget elementor-widget-toggle\" data-id=\"7a074cb\" data-element_type=\"widget\" data-e-type=\"widget\" data-widget_type=\"toggle.default\">\n\t\t\t\t<div class=\"elementor-widget-container\">\n\t\t\t\t\t\t\t<div class=\"elementor-toggle\">\n\t\t\t\t\t\t\t<div class=\"elementor-toggle-item\">\n\t\t\t\t\t<div id=\"elementor-tab-title-1271\" class=\"elementor-tab-title\" data-tab=\"1\" role=\"button\" aria-controls=\"elementor-tab-content-1271\" aria-expanded=\"false\">\n\t\t\t\t\t\t\t\t\t\t\t\t<span class=\"elementor-toggle-icon elementor-toggle-icon-left\" aria-hidden=\"true\">\n\t\t\t\t\t\t\t\t\t\t\t\t\t\t\t<span class=\"elementor-toggle-icon-closed\"><i class=\"fas fa-caret-right\"><\/i><\/span>\n\t\t\t\t\t\t\t\t<span class=\"elementor-toggle-icon-opened\"><i class=\"elementor-toggle-icon-opened fas fa-caret-up\"><\/i><\/span>\n\t\t\t\t\t\t\t\t\t\t\t\t\t<\/span>\n\t\t\t\t\t\t\t\t\t\t\t\t<a class=\"elementor-toggle-title\" tabindex=\"0\">Metr\u00f4 e Circulares da USP<\/a>\n\t\t\t\t\t<\/div>\n\n\t\t\t\t\t<div id=\"elementor-tab-content-1271\" class=\"elementor-tab-content elementor-clearfix\" data-tab=\"1\" role=\"region\" aria-labelledby=\"elementor-tab-title-1271\"><p>A Esta\u00e7\u00e3o de Metr\u00f4 mais pr\u00f3xima da Cidade Universit\u00e1ria, o Campus de S\u00e3o Paulo da USP, \u00e9 a\u00a0<a href=\"https:\/\/goo.gl\/maps\/wma6uiREQ4DU1EQK8\" target=\"_blank\" rel=\"noopener\">Esta\u00e7\u00e3o Butant\u00e3<\/a>, da linha 4 \u2013 Amarela.<\/p><p><a href=\"https:\/\/goo.gl\/maps\/it7pPbHWuLnyu4v37\">O trajeto da Esta\u00e7\u00e3o Butant\u00e3 \u00e0 Escola Polit\u00e9cnica da USP tem aproximadamente 4 quil\u00f4metros.<\/a><\/p><p>H\u00e1 tr\u00eas linhas de \u00f4nibus que ligam a Esta\u00e7\u00e3o Butant\u00e3 ao Campus, confira abaixo:<\/p><p>\u2013<a href=\"http:\/\/www.puspc.usp.br\/wp-content\/uploads\/sites\/159\/2016\/08\/Circular-3-Nova-Linha.pdf\"> Itiner\u00e1rios das Linhas Circulares 1, 2 e 3.<\/a><\/p><p><a href=\"http:\/\/www.metro.sp.gov.br\/pdf\/mapa-da-rede-metro.pdf\">Confira aqui o Mapa do\u00a0Metr\u00f4 de S\u00e3o Paulo.<\/a><\/p><\/div>\n\t\t\t\t<\/div>\n\t\t\t\t\t\t\t<div class=\"elementor-toggle-item\">\n\t\t\t\t\t<div id=\"elementor-tab-title-1272\" class=\"elementor-tab-title\" data-tab=\"2\" role=\"button\" aria-controls=\"elementor-tab-content-1272\" aria-expanded=\"false\">\n\t\t\t\t\t\t\t\t\t\t\t\t<span class=\"elementor-toggle-icon elementor-toggle-icon-left\" aria-hidden=\"true\">\n\t\t\t\t\t\t\t\t\t\t\t\t\t\t\t<span class=\"elementor-toggle-icon-closed\"><i class=\"fas fa-caret-right\"><\/i><\/span>\n\t\t\t\t\t\t\t\t<span class=\"elementor-toggle-icon-opened\"><i class=\"elementor-toggle-icon-opened fas fa-caret-up\"><\/i><\/span>\n\t\t\t\t\t\t\t\t\t\t\t\t\t<\/span>\n\t\t\t\t\t\t\t\t\t\t\t\t<a class=\"elementor-toggle-title\" tabindex=\"0\">Mapas da USP disponibilizados pela Prefeitura do Campus da Capital<\/a>\n\t\t\t\t\t<\/div>\n\n\t\t\t\t\t<div id=\"elementor-tab-content-1272\" class=\"elementor-tab-content elementor-clearfix\" data-tab=\"2\" role=\"region\" aria-labelledby=\"elementor-tab-title-1272\"><p>\u2013\u00a0<a style=\"background-color: #f5f5f5;\" href=\"https:\/\/puspc.usp.br\/wp-content\/uploads\/sites\/159\/2016\/08\/Mapa-USP_Camadas_v4_Basico-e1495414174984.jpg\" target=\"_blank\" rel=\"lightbox[2677] noopener noreferrer\">Unidades da CUASO<\/a>;<\/p><p>\u2013\u00a0<a style=\"background-color: #f5f5f5;\" href=\"https:\/\/puspc.usp.br\/wp-content\/uploads\/sites\/159\/2016\/08\/Mapa-USP_Camadas_v4_Pontos-de-Alimenta%C3%A7%C3%A3o-e1495414347509.jpg\" target=\"_blank\" rel=\"lightbox[2677] noopener noreferrer\">Pontos de Alimenta\u00e7\u00e3o<\/a>;<\/p><p>\u2013<a href=\"http:\/\/www.puspc.usp.br\/wp-content\/uploads\/sites\/159\/2016\/08\/Circular-3-Nova-Linha.pdf\">\u00a0Itiner\u00e1rios das Linhas Circulares 1, 2 e 3;<\/a><\/p><p>\u2013\u00a0<a href=\"https:\/\/puspc.usp.br\/wp-content\/uploads\/sites\/159\/2016\/08\/Mapa-USP_Camadas_v4_Bols%C3%B5es-de-Estacionamento-e1495414246592.jpg\" target=\"_blank\" rel=\"lightbox[2677] noopener noreferrer\">Bols\u00f5es de Estacionamento<\/a>;<\/p><p>\u2013\u00a0<a href=\"https:\/\/puspc.usp.br\/wp-content\/uploads\/sites\/159\/2016\/08\/Mapa-USP_Camadas_v4_Cond%C3%B4minos-e1495414317732.jpg\" target=\"_blank\" rel=\"lightbox[2677] noopener noreferrer\">Cond\u00f4minos<\/a>;<\/p><p><a href=\"http:\/\/www.puspc.usp.br\/wp-content\/uploads\/sites\/159\/2016\/08\/Mapa-do-Campus-abril-de-2019.pdf\">\u2013 Mapa CUASO.<\/a><\/p><\/div>\n\t\t\t\t<\/div>\n\t\t\t\t\t\t\t<div class=\"elementor-toggle-item\">\n\t\t\t\t\t<div id=\"elementor-tab-title-1273\" class=\"elementor-tab-title\" data-tab=\"3\" role=\"button\" aria-controls=\"elementor-tab-content-1273\" aria-expanded=\"false\">\n\t\t\t\t\t\t\t\t\t\t\t\t<span class=\"elementor-toggle-icon elementor-toggle-icon-left\" aria-hidden=\"true\">\n\t\t\t\t\t\t\t\t\t\t\t\t\t\t\t<span class=\"elementor-toggle-icon-closed\"><i class=\"fas fa-caret-right\"><\/i><\/span>\n\t\t\t\t\t\t\t\t<span class=\"elementor-toggle-icon-opened\"><i class=\"elementor-toggle-icon-opened fas fa-caret-up\"><\/i><\/span>\n\t\t\t\t\t\t\t\t\t\t\t\t\t<\/span>\n\t\t\t\t\t\t\t\t\t\t\t\t<a class=\"elementor-toggle-title\" tabindex=\"0\">Transportes no Campus da Capital da USP<\/a>\n\t\t\t\t\t<\/div>\n\n\t\t\t\t\t<div id=\"elementor-tab-content-1273\" class=\"elementor-tab-content elementor-clearfix\" data-tab=\"3\" role=\"region\" aria-labelledby=\"elementor-tab-title-1273\"><p><a href=\"https:\/\/puspc.usp.br\/2017\/04\/05\/transportes-3\/\">Transportes no <em>Campus<\/em> da Capital da USP<\/a><\/p><\/div>\n\t\t\t\t<\/div>\n\t\t\t\t\t\t\t<div class=\"elementor-toggle-item\">\n\t\t\t\t\t<div id=\"elementor-tab-title-1274\" class=\"elementor-tab-title\" data-tab=\"4\" role=\"button\" aria-controls=\"elementor-tab-content-1274\" aria-expanded=\"false\">\n\t\t\t\t\t\t\t\t\t\t\t\t<span class=\"elementor-toggle-icon elementor-toggle-icon-left\" aria-hidden=\"true\">\n\t\t\t\t\t\t\t\t\t\t\t\t\t\t\t<span class=\"elementor-toggle-icon-closed\"><i class=\"fas fa-caret-right\"><\/i><\/span>\n\t\t\t\t\t\t\t\t<span class=\"elementor-toggle-icon-opened\"><i class=\"elementor-toggle-icon-opened fas fa-caret-up\"><\/i><\/span>\n\t\t\t\t\t\t\t\t\t\t\t\t\t<\/span>\n\t\t\t\t\t\t\t\t\t\t\t\t<a class=\"elementor-toggle-title\" tabindex=\"0\">Trajetos dos aeroportos para Poli-USP<\/a>\n\t\t\t\t\t<\/div>\n\n\t\t\t\t\t<div id=\"elementor-tab-content-1274\" class=\"elementor-tab-content elementor-clearfix\" data-tab=\"4\" role=\"region\" aria-labelledby=\"elementor-tab-title-1274\"><p><strong>Aeroporto de S\u00e3o Paulo \/ Congonhas<\/strong><\/p><p><a href=\"https:\/\/www.google.com.br\/maps\/dir\/Aeroporto+de+S%C3%A3o+Paulo%2FCongonhas,+Av.+Washington+Lu%C3%ADs,+s%2Fn%C2%BA+-+Vila+Congonhas,+S%C3%A3o+Paulo+-+SP,+04626-911\/Audit%C3%B3rio+Prof.+Francisco+Romeu+Landi+-+Avenida+Professor+Luciano+Gualberto+-+Butant%C3%A3,+S%C3%A3o+Paulo+-+SP\/@-23.5859073,-46.7676923,12z\/data=!3m1!4b1!4m14!4m13!1m5!1m1!1s0x94ce5a7ab9d400f3:0x3ae70697e64d7085!2m2!1d-46.6565842!2d-23.6273246!1m5!1m1!1s0x94ce56164bea4a65:0xfc69bb5b96d0158!2m2!1d-46.7299531!2d-23.5551835!3e0?hl=pt-BR\">Acesse aqui o trajeto via Google maps.<\/a><\/p><p>Av. Washington Lu\u00eds, s\/n\u00ba \u2013 Vila Congonhas<br \/>S\u00e3o Paulo \u2013 SP<br \/>04626-911<\/p><p>Tel:(11) 5090-9000<\/p><p><strong>Aeroporto Internacional de Guarulhos \/ S\u00e3o Paulo<\/strong><\/p><p><a href=\"https:\/\/www.google.com.br\/maps\/dir\/Ac.+Aeroporto+Internacional+de+Cumbica+-+Aeroporto,+Guarulhos+-+SP,+07190-100\/Audit%C3%B3rio+Prof.+Francisco+Romeu+Landi+-+Avenida+Professor+Luciano+Gualberto+-+Butant%C3%A3,+S%C3%A3o+Paulo+-+SP\/@-23.488399,-46.7557498,11z\/data=!3m1!4b1!4m14!4m13!1m5!1m1!1s0x94ce8aff1feb07fb:0x747d91c04ebc3f38!2m2!1d-46.4801288!2d-23.4220754!1m5!1m1!1s0x94ce56164bea4a65:0xfc69bb5b96d0158!2m2!1d-46.7299531!2d-23.5551835!3e0?hl=pt-BR\">Acesse aqui o trajeto via Google maps.<\/a><\/p><p>Rod. H\u00e9lio Smidt, s\/n\u00ba \u2013 Cumbica<br \/>Guarulhos \u2013 SP<br \/>07190-100<\/p><p>Tel: (11) 2445-2945<\/p><p>Acesso pelas rodovias Dutra (BR-116) ou Ayrton Senna (SP-70)<\/p><p><strong>Aeroporto Internacional de Viracopos \/ S\u00e3o Paulo<\/strong><\/p><p><a href=\"https:\/\/www.google.com.br\/maps\/dir\/Viracopos+International+Airport+(VCP)+-+Rodovia+Santos+Dumont+-+Parque+Viracopos,+Campinas+-+SP\/Audit%C3%B3rio+Prof.+Francisco+Romeu+Landi+-+Avenida+Professor+Luciano+Gualberto+-+Butant%C3%A3,+S%C3%A3o+Paulo+-+SP\/@-23.2753909,-47.2157795,10z\/data=!3m1!4b1!4m14!4m13!1m5!1m1!1s0x94c8ca7445c3047b:0x88a68ef7d857f2a3!2m2!1d-47.1375685!2d-23.008205!1m5!1m1!1s0x94ce56164bea4a65:0xfc69bb5b96d0158!2m2!1d-46.7299531!2d-23.5551835!3e0?hl=pt-BR\">Acesse aqui o trajeto via Google maps.<\/a><\/p><p>Aeroporto Internacional de Viracopos<br \/>Rodovia Santos Dumont, km 66 \u2013 Parque Viracopos<br \/>Campinas \u2013 SP<br \/>13055-900<\/p><p>(19) 3725-5000<\/p><p>Acesso pelas rodovias dos Bandeirantes (SP-346) ou Anhanguera (SP-330)<\/p><\/div>\n\t\t\t\t<\/div>\n\t\t\t\t\t\t\t<div class=\"elementor-toggle-item\">\n\t\t\t\t\t<div id=\"elementor-tab-title-1275\" class=\"elementor-tab-title\" data-tab=\"5\" role=\"button\" aria-controls=\"elementor-tab-content-1275\" aria-expanded=\"false\">\n\t\t\t\t\t\t\t\t\t\t\t\t<span class=\"elementor-toggle-icon elementor-toggle-icon-left\" aria-hidden=\"true\">\n\t\t\t\t\t\t\t\t\t\t\t\t\t\t\t<span class=\"elementor-toggle-icon-closed\"><i class=\"fas fa-caret-right\"><\/i><\/span>\n\t\t\t\t\t\t\t\t<span class=\"elementor-toggle-icon-opened\"><i class=\"elementor-toggle-icon-opened fas fa-caret-up\"><\/i><\/span>\n\t\t\t\t\t\t\t\t\t\t\t\t\t<\/span>\n\t\t\t\t\t\t\t\t\t\t\t\t<a class=\"elementor-toggle-title\" tabindex=\"0\">Rodovi\u00e1rias de S\u00e3o Paulo<\/a>\n\t\t\t\t\t<\/div>\n\n\t\t\t\t\t<div id=\"elementor-tab-content-1275\" class=\"elementor-tab-content elementor-clearfix\" data-tab=\"5\" role=\"region\" aria-labelledby=\"elementor-tab-title-1275\"><p><a href=\"http:\/\/www.capital.sp.gov.br\/turista\/informacoes\/como-chegar-e-sair\/terminais-de-onibus\">Veja aqui os Terminais de \u00f4nibus de S\u00e3o Paulo.<\/a><\/p><\/div>\n\t\t\t\t<\/div>\n\t\t\t\t\t\t\t<div class=\"elementor-toggle-item\">\n\t\t\t\t\t<div id=\"elementor-tab-title-1276\" class=\"elementor-tab-title\" data-tab=\"6\" role=\"button\" aria-controls=\"elementor-tab-content-1276\" aria-expanded=\"false\">\n\t\t\t\t\t\t\t\t\t\t\t\t<span class=\"elementor-toggle-icon elementor-toggle-icon-left\" aria-hidden=\"true\">\n\t\t\t\t\t\t\t\t\t\t\t\t\t\t\t<span class=\"elementor-toggle-icon-closed\"><i class=\"fas fa-caret-right\"><\/i><\/span>\n\t\t\t\t\t\t\t\t<span class=\"elementor-toggle-icon-opened\"><i class=\"elementor-toggle-icon-opened fas fa-caret-up\"><\/i><\/span>\n\t\t\t\t\t\t\t\t\t\t\t\t\t<\/span>\n\t\t\t\t\t\t\t\t\t\t\t\t<a class=\"elementor-toggle-title\" tabindex=\"0\">Outros Mapas<\/a>\n\t\t\t\t\t<\/div>\n\n\t\t\t\t\t<div id=\"elementor-tab-content-1276\" class=\"elementor-tab-content elementor-clearfix\" data-tab=\"6\" role=\"region\" aria-labelledby=\"elementor-tab-title-1276\"><ul><li><a style=\"background-color: #f5f5f5;\" href=\"https:\/\/www.poli.usp.br\/wp-content\/uploads\/2022\/09\/Mapa-do-Campus-abril-de-2019.pdf\">Mapa da USP detalhado em PDF<\/a><\/li><li><a href=\"https:\/\/www.poli.usp.br\/wp-content\/uploads\/2010\/03\/media_images_poli_PosterUSP.jpg\" target=\"_blank\" rel=\"noopener\">Mapa ilustrado comemorativo USP 75 anos<\/a><\/li><\/ul><\/div>\n\t\t\t\t<\/div>\n\t\t\t\t\t\t\t\t<\/div>\n\t\t\t\t\t\t<\/div>\n\t\t\t\t<\/div>\n\t\t\t\t\t<\/div>\n\t\t<\/div>\n\t\t\t\t<div class=\"elementor-column elementor-col-50 elementor-inner-column elementor-element elementor-element-adf5033\" data-id=\"adf5033\" data-element_type=\"column\" data-e-type=\"column\">\n\t\t\t<div class=\"elementor-widget-wrap elementor-element-populated\">\n\t\t\t\t\t\t<div class=\"elementor-element elementor-element-ea3b372 elementor-widget elementor-widget-text-editor\" data-id=\"ea3b372\" data-element_type=\"widget\" data-e-type=\"widget\" data-widget_type=\"text-editor.default\">\n\t\t\t\t<div class=\"elementor-widget-container\">\n\t\t\t\t\t\t\t\t\t<p><b>Edif\u00edcio M\u00e1rio Covas J\u00fanior \u2013 Administra\u00e7\u00e3o<br \/><\/b>Av. Prof. Luciano Gualberto, trav. do Polit\u00e9cnico, 380<br \/>05508-080 \u2013 Cidade Universit\u00e1ria,\u00a0S\u00e3o Paulo \u2013 SP<\/p><p><a style=\"color: #bb1919; outline: 0px;\" href=\"https:\/\/www.google.com.br\/maps\/dir\/\/-23.5548921,-46.7301195\/@-23.5551018,-46.730519,18z?hl=pt-BR\" target=\"_blank\" rel=\"noopener\">Tra\u00e7ar rota para o Pr\u00e9dio da Administra\u00e7\u00e3o da Poli-USP<\/a><\/p>\t\t\t\t\t\t\t\t<\/div>\n\t\t\t\t<\/div>\n\t\t\t\t<div class=\"elementor-element elementor-element-d0d8e4a elementor-widget elementor-widget-google_maps\" data-id=\"d0d8e4a\" data-element_type=\"widget\" data-e-type=\"widget\" data-widget_type=\"google_maps.default\">\n\t\t\t\t<div class=\"elementor-widget-container\">\n\t\t\t\t\t\t\t<div class=\"elementor-custom-embed\">\n\t\t\t<iframe loading=\"lazy\"\n\t\t\t\t\tsrc=\"https:\/\/maps.google.com\/maps?q=escola%20polit%C3%A9cnica%20da%20USP&#038;t=m&#038;z=12&#038;output=embed&#038;iwloc=near\"\n\t\t\t\t\ttitle=\"escola polit\u00e9cnica da USP\"\n\t\t\t\t\taria-label=\"escola polit\u00e9cnica da USP\"\n\t\t\t><\/iframe>\n\t\t<\/div>\n\t\t\t\t\t\t<\/div>\n\t\t\t\t<\/div>\n\t\t\t\t<div class=\"elementor-element elementor-element-6141e2c elementor-widget elementor-widget-heading\" data-id=\"6141e2c\" data-element_type=\"widget\" data-e-type=\"widget\" data-widget_type=\"heading.default\">\n\t\t\t\t<div class=\"elementor-widget-container\">\n\t\t\t\t\t<h2 class=\"elementor-heading-title elementor-size-default\">Endere\u00e7o dos edif\u00edcios da Poli<\/h2>\t\t\t\t<\/div>\n\t\t\t\t<\/div>\n\t\t\t\t<div class=\"elementor-element elementor-element-f320570 elementor-widget elementor-widget-text-editor\" data-id=\"f320570\" data-element_type=\"widget\" data-e-type=\"widget\" data-widget_type=\"text-editor.default\">\n\t\t\t\t<div class=\"elementor-widget-container\">\n\t\t\t\t\t\t\t\t\t<p><b style=\"color: var( --e-global-color-text );\">Pr\u00e9dio de Engenharia El\u00e9trica<\/b><\/p><p>Av. Prof. Luciano Gualberto, trav. do Polit\u00e9cnico, 158<br \/>05508-080 \u2013 Cidade Universit\u00e1ria,\u00a0S\u00e3o Paulo \u2013 SP<\/p><p><b>Pr\u00e9dio do Bi\u00eanio e Cirquinho<br \/><\/b>Av. Prof. Almeida Prado, trav. do Bi\u00eanio, 128<br \/>05508-080 \u2013 Cidade Universit\u00e1ria,\u00a0S\u00e3o Paulo \u2013 SP<\/p><p><b>J. O. Monteiro de Camargo \u2013 Produ\u00e7\u00e3o<br \/><\/b>Av. Prof. Almeida Prado, trav. do Polit\u00e9cnico, 128<br \/>05508-080 \u2013 Cidade Universit\u00e1ria,\u00a0S\u00e3o Paulo \u2013 SP<\/p><p><b>Edif\u00edcio Paula Souza \u2013 Engenharia Civil<br \/><\/b>Av. Prof. Almeida Prado, trav. do Bi\u00eanio, 83<br \/>05508-080 \u2013 Cidade Universit\u00e1ria,\u00a0S\u00e3o Paulo \u2013 SP<\/p><p><b>Pr\u00e9dio da Eng. Metal\u00fargica e Materiais<br \/><\/b>Av. Prof. Mello Moraes, 2463<br \/>05508-080 \u2013 Cidade Universit\u00e1ria,\u00a0S\u00e3o Paulo \u2013 SP<\/p><p><b>Pr\u00e9dio da Engenharia de Minas<br \/><\/b>Av. Prof. Mello Moraes, 2373<br \/>05508-080 \u2013 Cidade Universit\u00e1ria,\u00a0S\u00e3o Paulo \u2013 SP<\/p><p><b>Edif\u00edcio da Engenharia Mec\u00e2nica<br \/><\/b>Av. Prof. Mello Moraes, 2231<br \/>05508-080 \u2013 Cidade Universit\u00e1ria, S\u00e3o Paulo \u2013 SP<\/p><p><b>Pr\u00e9dio da Engenharia Qu\u00edmica<\/b><br \/>Av. Prof. Lineu Prestes, 580, Conj. Qu\u00edmicas, Bl. 18<br \/>05508-080 \u2013 Cidade Universit\u00e1ria,\u00a0S\u00e3o Paulo \u2013 SP<\/p><p><b>Poli-Santos<br \/><\/b>Pra\u00e7a Cel. Narciso Andrade, s\/n\u00ba<br \/>11013-560 \u2013 Vila Matias, Santos \u2013 SP<br \/>Fone: (13) 3223-1176<\/p><p><b>Centro de Capacita\u00e7\u00e3o e Pesquisa em Meio Ambiente (CEPEMA)<br \/><\/b>Rodovia C\u00f4nego Dom\u00eanico Rangoni, Km 270<br \/>Cubat\u00e3o \u2013 SP<br \/>Fone: (13) 3326-9350 ou 3362-7363<\/p>\t\t\t\t\t\t\t\t<\/div>\n\t\t\t\t<\/div>\n\t\t\t\t\t<\/div>\n\t\t<\/div>\n\t\t\t\t\t<\/div>\n\t\t<\/section>\n\t\t\t\t\t<\/div>\n\t\t<\/div>\n\t\t\t\t\t<\/div>\n\t\t<\/section>\n\t\t\t\t<\/div>\n\t\t","protected":false},"excerpt":{"rendered":"<p>Metr\u00f4 e Circulares da USP A Esta\u00e7\u00e3o de Metr\u00f4 mais pr\u00f3xima da Cidade Universit\u00e1ria, o Campus de S\u00e3o Paulo da USP, \u00e9 a\u00a0Esta\u00e7\u00e3o Butant\u00e3, da linha 4 \u2013 Amarela. O [&hellip;]<\/p>\n","protected":false},"author":2,"featured_media":63541,"parent":3691,"menu_order":3,"comment_status":"closed","ping_status":"open","template":"elementor_header_footer","meta":{"event_title":"","event_details":"","event_timezone":"","event_gmap":"","event_image":"","event_image_url":"","event_calendar_link":"","event_location":"","event_datetime_with_summary":"","event_datetime":"","event_date":"","event_time":"","event_date_type":"","event_rulesummary":"","event_ticket_rsvp":"","event_capacity":"","event_capacity_remaining":"","event_capacity_sold":"","event_sold_out":"","event_low_stock":"","event_ticket_count":"","event_ticket_summary":"","event_sales_start":"","event_sales_end":"","event_ticket_price_from":"","event_ticket_price_to":"","event_ticket_price_range":"","event_date_year":"","event_date_month":"","event_date_month_short":"","event_date_day":"","event_date_day_name":"","event_date_iso":"","event_rsvp_capacity":"","event_rsvp_remaining":"","event_rsvp_going":"","event_rsvp_full":"","footnotes":""},"coauthors":[206],"class_list":["post-96","page","type-page","status-publish","has-post-thumbnail","hentry"],"_links":{"self":[{"href":"https:\/\/www.poli.usp.br\/en\/wp-json\/wp\/v2\/pages\/96","targetHints":{"allow":["GET"]}}],"collection":[{"href":"https:\/\/www.poli.usp.br\/en\/wp-json\/wp\/v2\/pages"}],"about":[{"href":"https:\/\/www.poli.usp.br\/en\/wp-json\/wp\/v2\/types\/page"}],"author":[{"embeddable":true,"href":"https:\/\/www.poli.usp.br\/en\/wp-json\/wp\/v2\/users\/2"}],"replies":[{"embeddable":true,"href":"https:\/\/www.poli.usp.br\/en\/wp-json\/wp\/v2\/comments?post=96"}],"version-history":[{"count":15,"href":"https:\/\/www.poli.usp.br\/en\/wp-json\/wp\/v2\/pages\/96\/revisions"}],"predecessor-version":[{"id":74303,"href":"https:\/\/www.poli.usp.br\/en\/wp-json\/wp\/v2\/pages\/96\/revisions\/74303"}],"up":[{"embeddable":true,"href":"https:\/\/www.poli.usp.br\/en\/wp-json\/wp\/v2\/pages\/3691"}],"wp:featuredmedia":[{"embeddable":true,"href":"https:\/\/www.poli.usp.br\/en\/wp-json\/wp\/v2\/media\/63541"}],"wp:attachment":[{"href":"https:\/\/www.poli.usp.br\/en\/wp-json\/wp\/v2\/media?parent=96"}],"wp:term":[{"taxonomy":"author","embeddable":true,"href":"https:\/\/www.poli.usp.br\/en\/wp-json\/wp\/v2\/coauthors?post=96"}],"curies":[{"name":"wp","href":"https:\/\/api.w.org\/{rel}","templated":true}]}}